{"id":10616,"date":"2021-02-22T17:50:39","date_gmt":"2021-02-22T16:50:39","guid":{"rendered":"https:\/\/www.valeriebarkowski.shop\/?page_id=10616"},"modified":"2021-02-22T17:50:41","modified_gmt":"2021-02-22T16:50:41","slug":"cartes-cadeaux","status":"publish","type":"page","link":"https:\/\/www.old.valeriebarkowski.shop\/fr\/cartes-cadeaux\/","title":{"rendered":"Cartes cadeaux"},"content":{"rendered":"\n<p>Vous souhaitez offrir un cadeau sign\u00e9 Val\u00e9rie Barkowski \u00e0 l\u2019un de vos proches, tout en lui laissant la libert\u00e9 de choisir parmi notre gamme de produits ?<\/p>\n\n\n\n<p>Il vous suffit de nous \u00e9crire sur la <a href=\"https:\/\/www.old.valeriebarkowski.shop\/fr\/contact\/\" target=\"_blank\" rel=\"noreferrer noopener\">page Contact<\/a> , de mentionner l&rsquo;adresse mail du b\u00e9n\u00e9ficiaire, votre \u00e9ventuel message personnel et le montant souhait\u00e9 de la carte. Nous reviendrons vers vous dans les plus brefs d\u00e9lais pour op\u00e9rer au r\u00e8glement et cr\u00e9er un code unique, que recevra le b\u00e9n\u00e9ficiaire. Il aura un an pour profiter de son bon sur notre e-shop.<\/p>\n\n\n\n<p>Conditions d\u2019utilisation des cartes cadeaux<br>Les Cartes Cadeaux sont valables 1 an, \u00e0 compter de la date de la commande et s\u2019utilisent en une fois sur le site www.old.valeriebarkowski.shop.<\/p>\n\n\n\n<p>\u200bLe b\u00e9n\u00e9ficiaire devra alors indiquer le num\u00e9ro de carte dans la rubrique CODE PROMO au moment de valider son panier, et compl\u00e9ter si n\u00e9cessaire avec un moyen de paiement de son choix accept\u00e9 par www.old.valeriebarkowski.shop.\u200b<\/p>\n\n\n\n<p>Les cartes cadeaux Val\u00e9rie Barkowski ne peut \u00eatre ni \u00e9chang\u00e9es, ni revendues, ni rembours\u00e9es, m\u00eame partiellement, ni port\u00e9es au cr\u00e9dit d\u2019une carte ou d\u2019un compte bancaire ou d\u2019une autre carte cadeau, ni faire l\u2019objet d\u2019un escompte et ne peuvent donner lieu \u00e0 aucun rendu de monnaie. Elles ne sont ni remplac\u00e9es, ni rembours\u00e9es en cas de perte ou de p\u00e9remption.<\/p>\n","protected":false},"excerpt":{"rendered":"<p>Vous souhaitez offrir un cadeau sign\u00e9 Val\u00e9rie Barkowski \u00e0 l\u2019un de vos proches, tout en lui laissant la libert\u00e9 de choisir parmi notre gamme de produits ? Il vous suffit de nous \u00e9crire sur la page Contact , de mentionner l&rsquo;adresse mail du b\u00e9n\u00e9ficiaire, votre \u00e9ventuel message personnel et le montant souhait\u00e9 de la carte. [&hellip;]<\/p>\n","protected":false},"author":18,"featured_media":0,"parent":0,"menu_order":0,"comment_status":"closed","ping_status":"closed","template":"","meta":{"footnotes":""},"class_list":["post-10616","page","type-page","status-publish","hentry"],"yoast_head":"<!-- This site is optimized with the Yoast SEO plugin v27.3 - https:\/\/yoast.com\/product\/yoast-seo-wordpress\/ -->\n<title>Cartes cadeaux linge de maison - The shop by Valerie Barkowski<\/title>\n<meta name=\"description\" content=\"Les cartes cadeaux : une d\u00e9licate attention permettant de choisir parmi les collections brod\u00e9es main sign\u00e9es Val\u00e9rie Barkowski\" \/>\n<meta name=\"robots\" content=\"noindex, follow, max-snippet:-1, max-image-preview:large, max-video-preview:-1\" \/>\n<meta property=\"og:locale\" content=\"fr_FR\" \/>\n<meta property=\"og:type\" content=\"article\" \/>\n<meta property=\"og:title\" content=\"Cartes cadeaux linge de maison - The shop by Valerie Barkowski\" \/>\n<meta property=\"og:description\" content=\"Les cartes cadeaux : une d\u00e9licate attention permettant de choisir parmi les collections brod\u00e9es main sign\u00e9es Val\u00e9rie Barkowski\" \/>\n<meta property=\"og:url\" content=\"https:\/\/www.old.valeriebarkowski.shop\/fr\/cartes-cadeaux\/\" \/>\n<meta property=\"og:site_name\" content=\"The shop by Valerie Barkowski\" \/>\n<meta property=\"article:publisher\" content=\"https:\/\/www.facebook.com\/valerie.barkowski\" \/>\n<meta property=\"article:modified_time\" content=\"2021-02-22T16:50:41+00:00\" \/>\n<meta name=\"twitter:card\" content=\"summary_large_image\" \/>\n<meta name=\"twitter:label1\" content=\"Dur\u00e9e de lecture estim\u00e9e\" \/>\n\t<meta name=\"twitter:data1\" content=\"1 minute\" \/>\n<script type=\"application\/ld+json\" class=\"yoast-schema-graph\">{\"@context\":\"https:\\\/\\\/schema.org\",\"@graph\":[{\"@type\":\"WebPage\",\"@id\":\"https:\\\/\\\/www.old.valeriebarkowski.shop\\\/fr\\\/cartes-cadeaux\\\/\",\"url\":\"https:\\\/\\\/www.old.valeriebarkowski.shop\\\/fr\\\/cartes-cadeaux\\\/\",\"name\":\"Cartes cadeaux linge de maison - The shop by Valerie Barkowski\",\"isPartOf\":{\"@id\":\"https:\\\/\\\/www.old.valeriebarkowski.shop\\\/en\\\/#website\"},\"datePublished\":\"2021-02-22T16:50:39+00:00\",\"dateModified\":\"2021-02-22T16:50:41+00:00\",\"description\":\"Les cartes cadeaux : une d\u00e9licate attention permettant de choisir parmi les collections brod\u00e9es main sign\u00e9es Val\u00e9rie Barkowski\",\"breadcrumb\":{\"@id\":\"https:\\\/\\\/www.old.valeriebarkowski.shop\\\/fr\\\/cartes-cadeaux\\\/#breadcrumb\"},\"inLanguage\":\"fr-FR\",\"potentialAction\":[{\"@type\":\"ReadAction\",\"target\":[\"https:\\\/\\\/www.old.valeriebarkowski.shop\\\/fr\\\/cartes-cadeaux\\\/\"]}]},{\"@type\":\"BreadcrumbList\",\"@id\":\"https:\\\/\\\/www.old.valeriebarkowski.shop\\\/fr\\\/cartes-cadeaux\\\/#breadcrumb\",\"itemListElement\":[{\"@type\":\"ListItem\",\"position\":1,\"name\":\"Home\",\"item\":\"https:\\\/\\\/www.old.valeriebarkowski.shop\\\/fr\\\/\"},{\"@type\":\"ListItem\",\"position\":2,\"name\":\"Cartes cadeaux\"}]},{\"@type\":\"WebSite\",\"@id\":\"https:\\\/\\\/www.old.valeriebarkowski.shop\\\/en\\\/#website\",\"url\":\"https:\\\/\\\/www.old.valeriebarkowski.shop\\\/en\\\/\",\"name\":\"The shop by Valerie Barkowski\",\"description\":\"\",\"publisher\":{\"@id\":\"https:\\\/\\\/www.old.valeriebarkowski.shop\\\/en\\\/#organization\"},\"potentialAction\":[{\"@type\":\"SearchAction\",\"target\":{\"@type\":\"EntryPoint\",\"urlTemplate\":\"https:\\\/\\\/www.old.valeriebarkowski.shop\\\/en\\\/?s={search_term_string}\"},\"query-input\":{\"@type\":\"PropertyValueSpecification\",\"valueRequired\":true,\"valueName\":\"search_term_string\"}}],\"inLanguage\":\"fr-FR\"},{\"@type\":\"Organization\",\"@id\":\"https:\\\/\\\/www.old.valeriebarkowski.shop\\\/en\\\/#organization\",\"name\":\"valerie barkowski\",\"url\":\"https:\\\/\\\/www.old.valeriebarkowski.shop\\\/en\\\/\",\"logo\":{\"@type\":\"ImageObject\",\"inLanguage\":\"fr-FR\",\"@id\":\"https:\\\/\\\/www.old.valeriebarkowski.shop\\\/en\\\/#\\\/schema\\\/logo\\\/image\\\/\",\"url\":\"https:\\\/\\\/www.old.valeriebarkowski.shop\\\/wp-content\\\/uploads\\\/2017\\\/02\\\/logo-vb-the-shop-4.png\",\"contentUrl\":\"https:\\\/\\\/www.old.valeriebarkowski.shop\\\/wp-content\\\/uploads\\\/2017\\\/02\\\/logo-vb-the-shop-4.png\",\"width\":437,\"height\":125,\"caption\":\"valerie barkowski\"},\"image\":{\"@id\":\"https:\\\/\\\/www.old.valeriebarkowski.shop\\\/en\\\/#\\\/schema\\\/logo\\\/image\\\/\"},\"sameAs\":[\"https:\\\/\\\/www.facebook.com\\\/valerie.barkowski\",\"https:\\\/\\\/www.instagram.com\\\/webbarkowski\\\/\",\"https:\\\/\\\/fr.pinterest.com\\\/vbarkowski\\\/\"]}]}<\/script>\n<!-- \/ Yoast SEO plugin. -->","yoast_head_json":{"title":"Cartes cadeaux linge de maison - The shop by Valerie Barkowski","description":"Les cartes cadeaux : une d\u00e9licate attention permettant de choisir parmi les collections brod\u00e9es main sign\u00e9es Val\u00e9rie Barkowski","robots":{"index":"noindex","follow":"follow","max-snippet":"max-snippet:-1","max-image-preview":"max-image-preview:large","max-video-preview":"max-video-preview:-1"},"og_locale":"fr_FR","og_type":"article","og_title":"Cartes cadeaux linge de maison - The shop by Valerie Barkowski","og_description":"Les cartes cadeaux : une d\u00e9licate attention permettant de choisir parmi les collections brod\u00e9es main sign\u00e9es Val\u00e9rie Barkowski","og_url":"https:\/\/www.old.valeriebarkowski.shop\/fr\/cartes-cadeaux\/","og_site_name":"The shop by Valerie Barkowski","article_publisher":"https:\/\/www.facebook.com\/valerie.barkowski","article_modified_time":"2021-02-22T16:50:41+00:00","twitter_card":"summary_large_image","twitter_misc":{"Dur\u00e9e de lecture estim\u00e9e":"1 minute"},"schema":{"@context":"https:\/\/schema.org","@graph":[{"@type":"WebPage","@id":"https:\/\/www.old.valeriebarkowski.shop\/fr\/cartes-cadeaux\/","url":"https:\/\/www.old.valeriebarkowski.shop\/fr\/cartes-cadeaux\/","name":"Cartes cadeaux linge de maison - The shop by Valerie Barkowski","isPartOf":{"@id":"https:\/\/www.old.valeriebarkowski.shop\/en\/#website"},"datePublished":"2021-02-22T16:50:39+00:00","dateModified":"2021-02-22T16:50:41+00:00","description":"Les cartes cadeaux : une d\u00e9licate attention permettant de choisir parmi les collections brod\u00e9es main sign\u00e9es Val\u00e9rie Barkowski","breadcrumb":{"@id":"https:\/\/www.old.valeriebarkowski.shop\/fr\/cartes-cadeaux\/#breadcrumb"},"inLanguage":"fr-FR","potentialAction":[{"@type":"ReadAction","target":["https:\/\/www.old.valeriebarkowski.shop\/fr\/cartes-cadeaux\/"]}]},{"@type":"BreadcrumbList","@id":"https:\/\/www.old.valeriebarkowski.shop\/fr\/cartes-cadeaux\/#breadcrumb","itemListElement":[{"@type":"ListItem","position":1,"name":"Home","item":"https:\/\/www.old.valeriebarkowski.shop\/fr\/"},{"@type":"ListItem","position":2,"name":"Cartes cadeaux"}]},{"@type":"WebSite","@id":"https:\/\/www.old.valeriebarkowski.shop\/en\/#website","url":"https:\/\/www.old.valeriebarkowski.shop\/en\/","name":"The shop by Valerie Barkowski","description":"","publisher":{"@id":"https:\/\/www.old.valeriebarkowski.shop\/en\/#organization"},"potentialAction":[{"@type":"SearchAction","target":{"@type":"EntryPoint","urlTemplate":"https:\/\/www.old.valeriebarkowski.shop\/en\/?s={search_term_string}"},"query-input":{"@type":"PropertyValueSpecification","valueRequired":true,"valueName":"search_term_string"}}],"inLanguage":"fr-FR"},{"@type":"Organization","@id":"https:\/\/www.old.valeriebarkowski.shop\/en\/#organization","name":"valerie barkowski","url":"https:\/\/www.old.valeriebarkowski.shop\/en\/","logo":{"@type":"ImageObject","inLanguage":"fr-FR","@id":"https:\/\/www.old.valeriebarkowski.shop\/en\/#\/schema\/logo\/image\/","url":"https:\/\/www.old.valeriebarkowski.shop\/wp-content\/uploads\/2017\/02\/logo-vb-the-shop-4.png","contentUrl":"https:\/\/www.old.valeriebarkowski.shop\/wp-content\/uploads\/2017\/02\/logo-vb-the-shop-4.png","width":437,"height":125,"caption":"valerie barkowski"},"image":{"@id":"https:\/\/www.old.valeriebarkowski.shop\/en\/#\/schema\/logo\/image\/"},"sameAs":["https:\/\/www.facebook.com\/valerie.barkowski","https:\/\/www.instagram.com\/webbarkowski\/","https:\/\/fr.pinterest.com\/vbarkowski\/"]}]}},"_links":{"self":[{"href":"https:\/\/www.old.valeriebarkowski.shop\/fr\/wp-json\/wp\/v2\/pages\/10616","targetHints":{"allow":["GET"]}}],"collection":[{"href":"https:\/\/www.old.valeriebarkowski.shop\/fr\/wp-json\/wp\/v2\/pages"}],"about":[{"href":"https:\/\/www.old.valeriebarkowski.shop\/fr\/wp-json\/wp\/v2\/types\/page"}],"author":[{"embeddable":true,"href":"https:\/\/www.old.valeriebarkowski.shop\/fr\/wp-json\/wp\/v2\/users\/18"}],"replies":[{"embeddable":true,"href":"https:\/\/www.old.valeriebarkowski.shop\/fr\/wp-json\/wp\/v2\/comments?post=10616"}],"version-history":[{"count":0,"href":"https:\/\/www.old.valeriebarkowski.shop\/fr\/wp-json\/wp\/v2\/pages\/10616\/revisions"}],"wp:attachment":[{"href":"https:\/\/www.old.valeriebarkowski.shop\/fr\/wp-json\/wp\/v2\/media?parent=10616"}],"curies":[{"name":"wp","href":"https:\/\/api.w.org\/{rel}","templated":true}]}}