{"id":44,"date":"2017-01-09T11:09:46","date_gmt":"2017-01-09T10:09:46","guid":{"rendered":"http:\/\/www.valeriebarkowski.shop\/?page_id=44\/"},"modified":"2022-10-20T13:49:49","modified_gmt":"2022-10-20T11:49:49","slug":"magasin-linge-de-maison-raffine-intemporel","status":"publish","type":"page","link":"https:\/\/www.old.valeriebarkowski.shop\/fr\/","title":{"rendered":"The shop by Val\u00e9rie Barkowski"},"content":{"rendered":"<h3><img loading=\"lazy\" decoding=\"async\" class=\"alignnone wp-image-11580 size-full\" src=\"https:\/\/www.old.valeriebarkowski.shop\/wp-content\/uploads\/2022\/10\/press_international_logos_vbarkowski.jpg\" alt=\"press international logos\" width=\"1024\" height=\"271\" srcset=\"https:\/\/www.old.valeriebarkowski.shop\/wp-content\/uploads\/2022\/10\/press_international_logos_vbarkowski.jpg 1024w, https:\/\/www.old.valeriebarkowski.shop\/wp-content\/uploads\/2022\/10\/press_international_logos_vbarkowski-300x79.jpg 300w, https:\/\/www.old.valeriebarkowski.shop\/wp-content\/uploads\/2022\/10\/press_international_logos_vbarkowski-768x203.jpg 768w, https:\/\/www.old.valeriebarkowski.shop\/wp-content\/uploads\/2022\/10\/press_international_logos_vbarkowski-416x110.jpg 416w\" sizes=\"auto, (max-width: 1024px) 100vw, 1024px\" \/><\/h3>\n<h3><img loading=\"lazy\" decoding=\"async\" class=\"alignnone wp-image-10830 size-large\" src=\"https:\/\/www.old.valeriebarkowski.shop\/wp-content\/uploads\/2021\/04\/yumi-multi-1024x683.jpg\" alt=\"\" width=\"980\" height=\"654\" srcset=\"https:\/\/www.old.valeriebarkowski.shop\/wp-content\/uploads\/2021\/04\/yumi-multi-1024x683.jpg 1024w, https:\/\/www.old.valeriebarkowski.shop\/wp-content\/uploads\/2021\/04\/yumi-multi-300x200.jpg 300w, https:\/\/www.old.valeriebarkowski.shop\/wp-content\/uploads\/2021\/04\/yumi-multi-768x512.jpg 768w, https:\/\/www.old.valeriebarkowski.shop\/wp-content\/uploads\/2021\/04\/yumi-multi-1536x1024.jpg 1536w, https:\/\/www.old.valeriebarkowski.shop\/wp-content\/uploads\/2021\/04\/yumi-multi-2048x1365.jpg 2048w, https:\/\/www.old.valeriebarkowski.shop\/wp-content\/uploads\/2021\/04\/yumi-multi-416x277.jpg 416w\" sizes=\"auto, (max-width: 980px) 100vw, 980px\" \/><\/h3>\n<h3 style=\"text-align: center;\">Linge de maison raffin\u00e9 et intemporel<\/h3>\n<p>Aujourd\u2019hui, j\u2019ai 50 ans et plus de 20 ann\u00e9es de m\u00e9tier derri\u00e8re moi. Mon parcours est riche de cr\u00e9ation, de rencontres, de sinc\u00e9rit\u00e9. <strong>V.Barkowski<\/strong>\u00a0<span style=\"font-weight: 400;\">et le <strong>magasin de linge de maison \u00e0 Marrakech<\/strong><\/span>, Mia Zia, Bandit Queen, No-Mad 97% India sont autant de marques que j\u2019ai faites na\u00eetre \u00e0 partir <span style=\"color: #000000;\">d\u2019une<\/span> page blanche. Ma vie professionnelle est plurielle et jalonn\u00e9e de belles collaborations aussi. Mais le fil rouge qui associe tous mes projets les uns avec les autres est <strong>l\u2019amour de la mati\u00e8re premi\u00e8re et le respect pour le travail des artisans<\/strong>. Je travaille <strong>l\u2019authenticit\u00e9<\/strong>, le <strong>fait-main<\/strong>, la <strong>qualit\u00e9<\/strong> pour le <strong>linge de maison raffin\u00e9 et intemporel V.Barkowski<\/strong>.<\/p>\n<p>Ces valeurs de cr\u00e9ation m\u2019ont permis de tisser au fil des ann\u00e9es, des liens de fid\u00e9lit\u00e9 avec ma client\u00e8le. Pour elle, mais aussi pour toute autre personne int\u00e9ress\u00e9e par mon travail, j\u2019ai cr\u00e9\u00e9 un projet qui me semble empli de justesse : le <strong>V.Barkowski store \u00e0 Marrakech<\/strong>. Pour lui, j\u2019ai puis\u00e9 dans l\u2019essence qui m\u2019a toujours anim\u00e9e. <strong>L\u2019intemporel<\/strong>, force de cr\u00e9ation. J\u2019aime voir que mes produits d\u2019hier plaisent encore aujourd\u2019hui et sont toujours si actuels. J\u2019aime prendre le temps de cr\u00e9er, d\u2019\u00e9changer, de vendre de mani\u00e8re particuli\u00e8re et de savoir o\u00f9 vont mes produits, pourquoi ils sont achet\u00e9s.<\/p>\n<p>D\u00e9sormais, je suis mon instinct fortifi\u00e9 de mon exp\u00e9rience et tout cela m\u2019a amen\u00e9e \u00e0 faire na\u00eetre un <strong>e-shop<\/strong> : un espace o\u00f9 mon c\u0153ur de cr\u00e9ation bat comme il l\u2019entend. Moi, je cherche le sens, le respect pour mon travail, mes collaborateurs, ma famille, mon \u00e9panouissement. Tout est en balance, en \u00e9quilibre entre cr\u00e9ation, contacts et sinc\u00e9rit\u00e9. Tous mes projets se d\u00e9couvrent sur <strong><a href=\"https:\/\/valeriebarkowski.com\/\" target=\"_blank\" rel=\"noopener noreferrer\"><span style=\"color: #333333;\">mon<\/span> <span style=\"color: #333333;\">site vitrine.<\/span><\/a><\/strong><\/p>\n<h3 style=\"text-align: center;\">D\u00e9couvrir l&rsquo;univers de Val\u00e9rie Barkowski: <br \/>le magasin de linge de maison au Maroc et le riad Dar Kawa<\/h3>\n<p>La <strong>marque de linge de maison intemporel et raffin\u00e9 V.Barkowski<\/strong> est n\u00e9e en 1997, ann\u00e9e de mon arriv\u00e9e au <strong>Maroc<\/strong>.\u00a0\u00a0<span style=\"font-weight: 400;\">Avec mes cr\u00e9ations de <a href=\"https:\/\/www.old.valeriebarkowski.shop\/fr\/linge-de-lit-haut-de-gamme-brode-main\/\">linge de lit<\/a><\/span><span style=\"font-weight: 400;\">, <a href=\"https:\/\/www.old.valeriebarkowski.shop\/fr\/linge-bain-personnalisable-haut-de-gamme\/\">linge de bain <\/a><\/span><span style=\"font-weight: 400;\">\u00a0et <a href=\"https:\/\/www.old.valeriebarkowski.shop\/fr\/arts-de-la-table-linge-de-table-brode-main\/\">linge de table<\/a><\/span><span style=\"font-weight: 400;\">, je propose des <strong>collections de linge de maison raffin\u00e9es et intemporelles<\/strong> qui s\u2019assemblent et se compl\u00e8tent<\/span><span style=\"font-weight: 400;\">. <\/span><\/p>\n<p>L&rsquo;adresse du<strong> magasin de linge de maison V.Barkowski<\/strong> store \u00e0 <strong>Marrakech<\/strong> est : Arset AOuzel 142 \u00e0 Dar Bacha dans la m\u00e9dina. Entre le restaurant Dar Marjana et le bazar de Mustapha Blaoui.<\/p>\n<p>Il vous est possible aussi de vivre une exp\u00e9rience \u00e0 360\u00b0 en s\u00e9journant dans notre <a href=\"http:\/\/www.darkawa.net\" target=\"_blank\" rel=\"noopener noreferrer\"><span style=\"color: #333333;\"><strong>riad Dar Kawa<\/strong><\/span><\/a>.\u00a0 Un havre de paix nich\u00e9 au coeur de la <strong>m\u00e9dina de Marrakech<\/strong>.<\/p>\n\n\n<h3 class=\"has-text-align-center wp-block-heading\">Confection linge de maison sur-mesure<\/h3>\n\n\n\n<p>Nos collections offrent des possibilit\u00e9s de cr\u00e9ation infinies et illimit\u00e9es. Elles sont <strong>faites \u00e0 la main<\/strong> dans notre <strong>atelier<\/strong> situ\u00e9 \u00e0 <strong>Marrakech<\/strong>. Nous pouvons cr\u00e9er des mod\u00e8les sp\u00e9ciaux \u00e0 <strong>dimension sur-mesure <\/strong>selon votre demande. D\u00e9couvrez la proc\u00e9dure pour commander votre<strong> linge de maison<\/strong> <a href=\"https:\/\/www.old.valeriebarkowski.shop\/fr\/confection-linge-de-maison-sur-mesure\/\" target=\"_blank\" rel=\"noreferrer noopener\">sur-mesure<\/a> .<\/p>\n","protected":false},"excerpt":{"rendered":"<p>Linge de maison raffin\u00e9 et intemporel Aujourd\u2019hui, j\u2019ai 50 ans et plus de 20 ann\u00e9es de m\u00e9tier derri\u00e8re moi. Mon parcours est riche de cr\u00e9ation, de rencontres, de sinc\u00e9rit\u00e9. V.Barkowski\u00a0et le magasin de linge de maison \u00e0 Marrakech, Mia Zia, Bandit Queen, No-Mad 97% India sont autant de marques que j\u2019ai faites na\u00eetre \u00e0 partir [&hellip;]<\/p>\n","protected":false},"author":1,"featured_media":0,"parent":0,"menu_order":0,"comment_status":"closed","ping_status":"closed","template":"template-homepage.php","meta":{"footnotes":""},"class_list":["post-44","page","type-page","status-publish","hentry"],"yoast_head":"<!-- This site is optimized with the Yoast SEO plugin v27.3 - https:\/\/yoast.com\/product\/yoast-seo-wordpress\/ -->\n<title>Magasin de linge de maison raffin\u00e9 et intemporel sign\u00e9 V. Barkowski<\/title>\n<meta name=\"description\" content=\"Magasin de linge de maison raffin\u00e9 et intemporel V.Barkowski. Broderie main, passementerie et pompons de qualit\u00e9, souvent copi\u00e9, jamais \u00e9gal\u00e9.\" \/>\n<meta name=\"robots\" content=\"noindex, follow, max-snippet:-1, max-image-preview:large, max-video-preview:-1\" \/>\n<meta property=\"og:locale\" content=\"fr_FR\" \/>\n<meta property=\"og:type\" content=\"article\" \/>\n<meta property=\"og:title\" content=\"Magasin de linge de maison raffin\u00e9 et intemporel sign\u00e9 V. Barkowski\" \/>\n<meta property=\"og:description\" content=\"Magasin de linge de maison raffin\u00e9 et intemporel V.Barkowski. Broderie main, passementerie et pompons de qualit\u00e9, souvent copi\u00e9, jamais \u00e9gal\u00e9.\" \/>\n<meta property=\"og:url\" content=\"https:\/\/www.old.valeriebarkowski.shop\/fr\/\" \/>\n<meta property=\"og:site_name\" content=\"The shop by Valerie Barkowski\" \/>\n<meta property=\"article:publisher\" content=\"https:\/\/www.facebook.com\/valerie.barkowski\" \/>\n<meta property=\"article:modified_time\" content=\"2022-10-20T11:49:49+00:00\" \/>\n<meta property=\"og:image\" content=\"https:\/\/www.old.valeriebarkowski.shop\/wp-content\/uploads\/2022\/10\/press_international_logos_vbarkowski.jpg\" \/>\n<meta name=\"twitter:card\" content=\"summary_large_image\" \/>\n<meta name=\"twitter:label1\" content=\"Dur\u00e9e de lecture estim\u00e9e\" \/>\n\t<meta name=\"twitter:data1\" content=\"3 minutes\" \/>\n<script type=\"application\/ld+json\" class=\"yoast-schema-graph\">{\"@context\":\"https:\\\/\\\/schema.org\",\"@graph\":[{\"@type\":\"WebPage\",\"@id\":\"https:\\\/\\\/www.old.valeriebarkowski.shop\\\/fr\\\/\",\"url\":\"https:\\\/\\\/www.old.valeriebarkowski.shop\\\/fr\\\/\",\"name\":\"Magasin de linge de maison raffin\u00e9 et intemporel sign\u00e9 V. Barkowski\",\"isPartOf\":{\"@id\":\"https:\\\/\\\/www.old.valeriebarkowski.shop\\\/en\\\/#website\"},\"primaryImageOfPage\":{\"@id\":\"https:\\\/\\\/www.old.valeriebarkowski.shop\\\/fr\\\/#primaryimage\"},\"image\":{\"@id\":\"https:\\\/\\\/www.old.valeriebarkowski.shop\\\/fr\\\/#primaryimage\"},\"thumbnailUrl\":\"https:\\\/\\\/www.old.valeriebarkowski.shop\\\/wp-content\\\/uploads\\\/2022\\\/10\\\/press_international_logos_vbarkowski.jpg\",\"datePublished\":\"2017-01-09T10:09:46+00:00\",\"dateModified\":\"2022-10-20T11:49:49+00:00\",\"description\":\"Magasin de linge de maison raffin\u00e9 et intemporel V.Barkowski. Broderie main, passementerie et pompons de qualit\u00e9, souvent copi\u00e9, jamais \u00e9gal\u00e9.\",\"breadcrumb\":{\"@id\":\"https:\\\/\\\/www.old.valeriebarkowski.shop\\\/fr\\\/#breadcrumb\"},\"inLanguage\":\"fr-FR\",\"potentialAction\":[{\"@type\":\"ReadAction\",\"target\":[\"https:\\\/\\\/www.old.valeriebarkowski.shop\\\/fr\\\/\"]}]},{\"@type\":\"ImageObject\",\"inLanguage\":\"fr-FR\",\"@id\":\"https:\\\/\\\/www.old.valeriebarkowski.shop\\\/fr\\\/#primaryimage\",\"url\":\"https:\\\/\\\/www.old.valeriebarkowski.shop\\\/wp-content\\\/uploads\\\/2022\\\/10\\\/press_international_logos_vbarkowski.jpg\",\"contentUrl\":\"https:\\\/\\\/www.old.valeriebarkowski.shop\\\/wp-content\\\/uploads\\\/2022\\\/10\\\/press_international_logos_vbarkowski.jpg\"},{\"@type\":\"BreadcrumbList\",\"@id\":\"https:\\\/\\\/www.old.valeriebarkowski.shop\\\/fr\\\/#breadcrumb\",\"itemListElement\":[{\"@type\":\"ListItem\",\"position\":1,\"name\":\"Home\",\"item\":\"https:\\\/\\\/www.old.valeriebarkowski.shop\\\/fr\\\/\"},{\"@type\":\"ListItem\",\"position\":2,\"name\":\"The shop by Val\u00e9rie Barkowski\"}]},{\"@type\":\"WebSite\",\"@id\":\"https:\\\/\\\/www.old.valeriebarkowski.shop\\\/en\\\/#website\",\"url\":\"https:\\\/\\\/www.old.valeriebarkowski.shop\\\/en\\\/\",\"name\":\"The shop by Valerie Barkowski\",\"description\":\"\",\"publisher\":{\"@id\":\"https:\\\/\\\/www.old.valeriebarkowski.shop\\\/en\\\/#organization\"},\"potentialAction\":[{\"@type\":\"SearchAction\",\"target\":{\"@type\":\"EntryPoint\",\"urlTemplate\":\"https:\\\/\\\/www.old.valeriebarkowski.shop\\\/en\\\/?s={search_term_string}\"},\"query-input\":{\"@type\":\"PropertyValueSpecification\",\"valueRequired\":true,\"valueName\":\"search_term_string\"}}],\"inLanguage\":\"fr-FR\"},{\"@type\":\"Organization\",\"@id\":\"https:\\\/\\\/www.old.valeriebarkowski.shop\\\/en\\\/#organization\",\"name\":\"valerie barkowski\",\"url\":\"https:\\\/\\\/www.old.valeriebarkowski.shop\\\/en\\\/\",\"logo\":{\"@type\":\"ImageObject\",\"inLanguage\":\"fr-FR\",\"@id\":\"https:\\\/\\\/www.old.valeriebarkowski.shop\\\/en\\\/#\\\/schema\\\/logo\\\/image\\\/\",\"url\":\"https:\\\/\\\/www.old.valeriebarkowski.shop\\\/wp-content\\\/uploads\\\/2017\\\/02\\\/logo-vb-the-shop-4.png\",\"contentUrl\":\"https:\\\/\\\/www.old.valeriebarkowski.shop\\\/wp-content\\\/uploads\\\/2017\\\/02\\\/logo-vb-the-shop-4.png\",\"width\":437,\"height\":125,\"caption\":\"valerie barkowski\"},\"image\":{\"@id\":\"https:\\\/\\\/www.old.valeriebarkowski.shop\\\/en\\\/#\\\/schema\\\/logo\\\/image\\\/\"},\"sameAs\":[\"https:\\\/\\\/www.facebook.com\\\/valerie.barkowski\",\"https:\\\/\\\/www.instagram.com\\\/webbarkowski\\\/\",\"https:\\\/\\\/fr.pinterest.com\\\/vbarkowski\\\/\"]}]}<\/script>\n<!-- \/ Yoast SEO plugin. -->","yoast_head_json":{"title":"Magasin de linge de maison raffin\u00e9 et intemporel sign\u00e9 V. Barkowski","description":"Magasin de linge de maison raffin\u00e9 et intemporel V.Barkowski. Broderie main, passementerie et pompons de qualit\u00e9, souvent copi\u00e9, jamais \u00e9gal\u00e9.","robots":{"index":"noindex","follow":"follow","max-snippet":"max-snippet:-1","max-image-preview":"max-image-preview:large","max-video-preview":"max-video-preview:-1"},"og_locale":"fr_FR","og_type":"article","og_title":"Magasin de linge de maison raffin\u00e9 et intemporel sign\u00e9 V. Barkowski","og_description":"Magasin de linge de maison raffin\u00e9 et intemporel V.Barkowski. Broderie main, passementerie et pompons de qualit\u00e9, souvent copi\u00e9, jamais \u00e9gal\u00e9.","og_url":"https:\/\/www.old.valeriebarkowski.shop\/fr\/","og_site_name":"The shop by Valerie Barkowski","article_publisher":"https:\/\/www.facebook.com\/valerie.barkowski","article_modified_time":"2022-10-20T11:49:49+00:00","og_image":[{"url":"https:\/\/www.old.valeriebarkowski.shop\/wp-content\/uploads\/2022\/10\/press_international_logos_vbarkowski.jpg","type":"","width":"","height":""}],"twitter_card":"summary_large_image","twitter_misc":{"Dur\u00e9e de lecture estim\u00e9e":"3 minutes"},"schema":{"@context":"https:\/\/schema.org","@graph":[{"@type":"WebPage","@id":"https:\/\/www.old.valeriebarkowski.shop\/fr\/","url":"https:\/\/www.old.valeriebarkowski.shop\/fr\/","name":"Magasin de linge de maison raffin\u00e9 et intemporel sign\u00e9 V. Barkowski","isPartOf":{"@id":"https:\/\/www.old.valeriebarkowski.shop\/en\/#website"},"primaryImageOfPage":{"@id":"https:\/\/www.old.valeriebarkowski.shop\/fr\/#primaryimage"},"image":{"@id":"https:\/\/www.old.valeriebarkowski.shop\/fr\/#primaryimage"},"thumbnailUrl":"https:\/\/www.old.valeriebarkowski.shop\/wp-content\/uploads\/2022\/10\/press_international_logos_vbarkowski.jpg","datePublished":"2017-01-09T10:09:46+00:00","dateModified":"2022-10-20T11:49:49+00:00","description":"Magasin de linge de maison raffin\u00e9 et intemporel V.Barkowski. Broderie main, passementerie et pompons de qualit\u00e9, souvent copi\u00e9, jamais \u00e9gal\u00e9.","breadcrumb":{"@id":"https:\/\/www.old.valeriebarkowski.shop\/fr\/#breadcrumb"},"inLanguage":"fr-FR","potentialAction":[{"@type":"ReadAction","target":["https:\/\/www.old.valeriebarkowski.shop\/fr\/"]}]},{"@type":"ImageObject","inLanguage":"fr-FR","@id":"https:\/\/www.old.valeriebarkowski.shop\/fr\/#primaryimage","url":"https:\/\/www.old.valeriebarkowski.shop\/wp-content\/uploads\/2022\/10\/press_international_logos_vbarkowski.jpg","contentUrl":"https:\/\/www.old.valeriebarkowski.shop\/wp-content\/uploads\/2022\/10\/press_international_logos_vbarkowski.jpg"},{"@type":"BreadcrumbList","@id":"https:\/\/www.old.valeriebarkowski.shop\/fr\/#breadcrumb","itemListElement":[{"@type":"ListItem","position":1,"name":"Home","item":"https:\/\/www.old.valeriebarkowski.shop\/fr\/"},{"@type":"ListItem","position":2,"name":"The shop by Val\u00e9rie Barkowski"}]},{"@type":"WebSite","@id":"https:\/\/www.old.valeriebarkowski.shop\/en\/#website","url":"https:\/\/www.old.valeriebarkowski.shop\/en\/","name":"The shop by Valerie Barkowski","description":"","publisher":{"@id":"https:\/\/www.old.valeriebarkowski.shop\/en\/#organization"},"potentialAction":[{"@type":"SearchAction","target":{"@type":"EntryPoint","urlTemplate":"https:\/\/www.old.valeriebarkowski.shop\/en\/?s={search_term_string}"},"query-input":{"@type":"PropertyValueSpecification","valueRequired":true,"valueName":"search_term_string"}}],"inLanguage":"fr-FR"},{"@type":"Organization","@id":"https:\/\/www.old.valeriebarkowski.shop\/en\/#organization","name":"valerie barkowski","url":"https:\/\/www.old.valeriebarkowski.shop\/en\/","logo":{"@type":"ImageObject","inLanguage":"fr-FR","@id":"https:\/\/www.old.valeriebarkowski.shop\/en\/#\/schema\/logo\/image\/","url":"https:\/\/www.old.valeriebarkowski.shop\/wp-content\/uploads\/2017\/02\/logo-vb-the-shop-4.png","contentUrl":"https:\/\/www.old.valeriebarkowski.shop\/wp-content\/uploads\/2017\/02\/logo-vb-the-shop-4.png","width":437,"height":125,"caption":"valerie barkowski"},"image":{"@id":"https:\/\/www.old.valeriebarkowski.shop\/en\/#\/schema\/logo\/image\/"},"sameAs":["https:\/\/www.facebook.com\/valerie.barkowski","https:\/\/www.instagram.com\/webbarkowski\/","https:\/\/fr.pinterest.com\/vbarkowski\/"]}]}},"_links":{"self":[{"href":"https:\/\/www.old.valeriebarkowski.shop\/fr\/wp-json\/wp\/v2\/pages\/44","targetHints":{"allow":["GET"]}}],"collection":[{"href":"https:\/\/www.old.valeriebarkowski.shop\/fr\/wp-json\/wp\/v2\/pages"}],"about":[{"href":"https:\/\/www.old.valeriebarkowski.shop\/fr\/wp-json\/wp\/v2\/types\/page"}],"author":[{"embeddable":true,"href":"https:\/\/www.old.valeriebarkowski.shop\/fr\/wp-json\/wp\/v2\/users\/1"}],"replies":[{"embeddable":true,"href":"https:\/\/www.old.valeriebarkowski.shop\/fr\/wp-json\/wp\/v2\/comments?post=44"}],"version-history":[{"count":5,"href":"https:\/\/www.old.valeriebarkowski.shop\/fr\/wp-json\/wp\/v2\/pages\/44\/revisions"}],"predecessor-version":[{"id":11589,"href":"https:\/\/www.old.valeriebarkowski.shop\/fr\/wp-json\/wp\/v2\/pages\/44\/revisions\/11589"}],"wp:attachment":[{"href":"https:\/\/www.old.valeriebarkowski.shop\/fr\/wp-json\/wp\/v2\/media?parent=44"}],"curies":[{"name":"wp","href":"https:\/\/api.w.org\/{rel}","templated":true}]}}