{"id":4539,"date":"2018-07-21T21:28:21","date_gmt":"2018-07-21T19:28:21","guid":{"rendered":"http:\/\/www.valeriebarkowski.shop\/?page_id=4539"},"modified":"2020-10-23T12:43:53","modified_gmt":"2020-10-23T10:43:53","slug":"confection-linge-de-maison-sur-mesure","status":"publish","type":"page","link":"https:\/\/www.old.valeriebarkowski.shop\/fr\/confection-linge-de-maison-sur-mesure\/","title":{"rendered":"Sur-mesure"},"content":{"rendered":"<p style=\"text-align: justify\">La collection V.Barkowski est compos\u00e9e de mod\u00e8les intemporels dont les premiers ont vu le jour il y a plus de 20 ans. Les finitions (broderies, pompons, passementerie) sont faites \u00e0 la main dans nos ateliers \u00e0 Marrakech. Ce sont des familles de produits qui ont des possibilit\u00e9s illimit\u00e9es, ce qui nous permet de cr\u00e9er des mod\u00e8les sp\u00e9ciaux et sur mesure \u00e0 la demande. En revanche il nous est impossible de vous pr\u00e9senter l&rsquo;int\u00e9gralit\u00e9 des possibilit\u00e9s sur le site, ni d&rsquo;avoir toutes les options en stock. Notre boutique en ligne propose une s\u00e9lection des mod\u00e8les, tailles et coloris les plus courants, que nous pr\u00e9voyons de compl\u00e9ter au fil du temps.<\/p>\n<p style=\"text-align: justify\">Pour pouvoir r\u00e9pondre au mieux et au plus vite \u00e0 vos demandes, toute commande est mise en production d\u00e8s que nous la r\u00e9ceptionnons. Le temps de production est de 2 \u00e0 4 semaines selon le mod\u00e8le. Les articles vous seront envoy\u00e9s d\u00e8s qu&rsquo;ils seront pr\u00eats. C\u2019est la beaut\u00e9 du travail sur mesure\u2026<\/p>\n<p style=\"text-align: justify\">Si il s\u2019agit de votre premi\u00e8re commande V.Barkowski, sachez que tous les fils utilis\u00e9s pour nos broderies, pompons et passementerie sont des fils \u00ab grand teint \u00bb. Ils ne d\u00e9teignent pas. Nous avons des clients qui utilisent nos produits depuis 20 ans.<\/p>\n<h2 style=\"text-align: justify\">Mode d\u2019emploi, linge de maison sur mesure<\/h2>\n<ul style=\"text-align: justify\">\n<li>\n<h4>Tailles des produits<\/h4>\n<\/li>\n<\/ul>\n<p style=\"text-align: justify\">Tout notre linge de lit peut \u00eatre produit sur-mesure et \u00e0 la demande. Il vous suffit de nous envoyer vos mesures, la finition souhait\u00e9e et le coloris de la finition, ainsi que les quantit\u00e9s en utilisant le <span style=\"color: #333333\"><a style=\"color: #333333\" href=\"https:\/\/www.old.valeriebarkowski.shop\/fr\/contact\/\" target=\"_blank\" rel=\"noopener noreferrer\"><em>formulaire<\/em> de contact<\/a><\/span>, ou par mail.<\/p>\n<p style=\"text-align: justify\">La collection de linge de bain a des mesures standard, mais toutes les finitions et coloris sont personnalisables.<\/p>\n<p style=\"text-align: justify\">Pour le linge de table tous les articles peuvent \u00eatre produits sur-mesure et \u00e0 la demande. Sur le site nous proposons des sets et serviettes de table. Nous pouvons aussi produire des nappes dans tous les formats. Des sets et serviettes de table avec les mesures de votre choix.<\/p>\n<p style=\"text-align: justify\">Tous produits command\u00e9s avec des tailles sur mesure feront l\u2019objet d\u2019un devis.<\/p>\n<ul style=\"text-align: justify\">\n<li>\n<h4>Coloris<\/h4>\n<\/li>\n<\/ul>\n<p style=\"text-align: justify\">Si vous souhaitez&nbsp; un produit personnalis\u00e9, il vous suffit de vous r\u00e9f\u00e9rer aux gammes de coloris pr\u00e9sent\u00e9es ci-dessous et de nous contacter avec les coloris et dimensions souhait\u00e9s. Il vous est \u00e9galement possible de commander des coloris sp\u00e9ciaux. Pour cela il vous suffit de nous envoyer une r\u00e9f\u00e9rence Pantone.<\/p>\n<p style=\"text-align: justify\">Pour les coloris unis \u00ab&nbsp;hors gamme&nbsp;\u00bb le prix des produits reste inchang\u00e9.<\/p>\n<p style=\"text-align: justify\">Les coloris multi colores sont standard et ne peuvent \u00eatre modifi\u00e9s ou personnalis\u00e9s.<\/p>\n<p style=\"text-align: justify\"><img loading=\"lazy\" decoding=\"async\" class=\"alignnone wp-image-2967 size-large\" src=\"https:\/\/www.old.valeriebarkowski.shop\/wp-content\/uploads\/2017\/11\/vbarkowski-fil-coloris-uni-788x1024.jpg\" alt=\"linge de maison sur mesure coloris unis V.Barkowski \" width=\"788\" height=\"1024\" srcset=\"https:\/\/www.old.valeriebarkowski.shop\/wp-content\/uploads\/2017\/11\/vbarkowski-fil-coloris-uni-788x1024.jpg 788w, https:\/\/www.old.valeriebarkowski.shop\/wp-content\/uploads\/2017\/11\/vbarkowski-fil-coloris-uni-416x541.jpg 416w, https:\/\/www.old.valeriebarkowski.shop\/wp-content\/uploads\/2017\/11\/vbarkowski-fil-coloris-uni-231x300.jpg 231w, https:\/\/www.old.valeriebarkowski.shop\/wp-content\/uploads\/2017\/11\/vbarkowski-fil-coloris-uni-768x998.jpg 768w, https:\/\/www.old.valeriebarkowski.shop\/wp-content\/uploads\/2017\/11\/vbarkowski-fil-coloris-uni.jpg 1200w\" sizes=\"auto, (max-width: 788px) 100vw, 788px\" \/><\/p>\n<p style=\"text-align: justify\"><img loading=\"lazy\" decoding=\"async\" class=\"alignnone wp-image-2965 size-large\" src=\"https:\/\/www.old.valeriebarkowski.shop\/wp-content\/uploads\/2017\/11\/vbarkowski-fil-coloris-multi-1010x1024.jpg\" alt=\"linge de maison sur mesure gamme de couleurs V.Barkowski\" width=\"980\" height=\"994\" srcset=\"https:\/\/www.old.valeriebarkowski.shop\/wp-content\/uploads\/2017\/11\/vbarkowski-fil-coloris-multi-1010x1024.jpg 1010w, https:\/\/www.old.valeriebarkowski.shop\/wp-content\/uploads\/2017\/11\/vbarkowski-fil-coloris-multi-100x100.jpg 100w, https:\/\/www.old.valeriebarkowski.shop\/wp-content\/uploads\/2017\/11\/vbarkowski-fil-coloris-multi-416x422.jpg 416w, https:\/\/www.old.valeriebarkowski.shop\/wp-content\/uploads\/2017\/11\/vbarkowski-fil-coloris-multi-296x300.jpg 296w, https:\/\/www.old.valeriebarkowski.shop\/wp-content\/uploads\/2017\/11\/vbarkowski-fil-coloris-multi-768x779.jpg 768w, https:\/\/www.old.valeriebarkowski.shop\/wp-content\/uploads\/2017\/11\/vbarkowski-fil-coloris-multi.jpg 1200w\" sizes=\"auto, (max-width: 980px) 100vw, 980px\" \/><\/p>\n<ul style=\"text-align: justify\">\n<li>\n<h4>Livraison commandes produits standard et sur mesure<\/h4>\n<\/li>\n<\/ul>\n<p style=\"text-align: justify\">Les frais de port sont calcul\u00e9s sur la base de votre commande. Sur le site le prix du transport s\u2019affiche en bas de votre commande et pour toute commande sp\u00e9ciale pass\u00e9e par mail nous calculerons le co\u00fbt qui vous sera communiqu\u00e9 en m\u00eame temps que le prix des articles avec mesures sp\u00e9ciales. Vous trouverez plus d&rsquo;informations sur la livraison <a href=\"http:\/\/www.old.valeriebarkowski.shop\/fr\/livraisons\/\">ici<\/a>.<\/p>\n<ul style=\"text-align: justify\">\n<li>\n<h4>Comment proc\u00e9der pour passer une commande sur mesure<\/h4>\n<\/li>\n<\/ul>\n<p style=\"text-align: justify\">Pour toutes les commandes personnalis\u00e9es nous vous prions de bien vouloir nous contacter par le <em><span style=\"color: #333333\"><a style=\"color: #333333\" href=\"https:\/\/www.old.valeriebarkowski.shop\/fr\/contact\/\">formulaire de contact<\/a>, <\/span><\/em><span style=\"color: #333333\">ou de nous envoyer un mail en pr\u00e9cisant bien<\/span><em><span style=\"color: #333333\"> :<\/span><\/em><\/p>\n<p style=\"text-align: justify\">&#8211; Produit souhait\u00e9 (drap de lit, housse coussin, serviette de bain ou autre)<br>&#8211; Taille souhait\u00e9e pour votre produit<br>&#8211; Couleur souhait\u00e9e de votre produit. Blanc ou gris fonc\u00e9 pour le linge de lit. Pour le linge de bain : blanc, gris, water ou ambre. Et pour la collection de linge de table : blanc ou gris)<br>&#8211; Finition souhait\u00e9e (pompon, lamu, baldo, trass ou autre)<br>&#8211; Couleur de la finition souhait\u00e9e (choisie parmi la gamme multi ou les coloris uni ci-dessus)<br>&#8211; Quantit\u00e9 souhait\u00e9e par article<br>&#8211; Votre adresse de livraison compl\u00e8te<\/p>\n<p>Pour d\u00e9couvrir tout le travail et les projets de Val\u00e9rie Barkowski c&rsquo;est <strong><span style=\"color: #000000\"><a style=\"color: #000000\" href=\"http:\/\/www.valeriebarkowski.com\" target=\"_blank\" rel=\"noopener noreferrer\">ici<\/a><\/span><\/strong>.<\/p>\n\n\n<p><\/p>\n","protected":false},"excerpt":{"rendered":"<p>La collection V.Barkowski est compos\u00e9e de mod\u00e8les intemporels dont les premiers ont vu le jour il y a plus de 20 ans. Les finitions (broderies, pompons, passementerie) sont faites \u00e0 la main dans nos ateliers \u00e0 Marrakech. Ce sont des familles de produits qui ont des possibilit\u00e9s illimit\u00e9es, ce qui nous permet de cr\u00e9er des [&hellip;]<\/p>\n","protected":false},"author":1,"featured_media":0,"parent":0,"menu_order":0,"comment_status":"closed","ping_status":"closed","template":"","meta":{"footnotes":""},"class_list":["post-4539","page","type-page","status-publish","hentry"],"yoast_head":"<!-- This site is optimized with the Yoast SEO plugin v27.3 - https:\/\/yoast.com\/product\/yoast-seo-wordpress\/ -->\n<title>Linge de maison sur mesure,V.Barkowski intemporel et durable.<\/title>\n<meta name=\"description\" content=\"Linge de maison sur mesure V.Barkowski, nos collectionsnt se personnalise selon vos besoins et envies. - The shop by Valerie Barkowski\" \/>\n<meta name=\"robots\" content=\"noindex, follow, max-snippet:-1, max-image-preview:large, max-video-preview:-1\" \/>\n<meta property=\"og:locale\" content=\"fr_FR\" \/>\n<meta property=\"og:type\" content=\"article\" \/>\n<meta property=\"og:title\" content=\"Linge de maison sur mesure,V.Barkowski intemporel et durable.\" \/>\n<meta property=\"og:description\" content=\"Linge de maison sur mesure V.Barkowski, nos collectionsnt se personnalise selon vos besoins et envies. - The shop by Valerie Barkowski\" \/>\n<meta property=\"og:url\" content=\"https:\/\/www.old.valeriebarkowski.shop\/fr\/confection-linge-de-maison-sur-mesure\/\" \/>\n<meta property=\"og:site_name\" content=\"The shop by Valerie Barkowski\" \/>\n<meta property=\"article:publisher\" content=\"https:\/\/www.facebook.com\/valerie.barkowski\" \/>\n<meta property=\"article:modified_time\" content=\"2020-10-23T10:43:53+00:00\" \/>\n<meta property=\"og:image\" content=\"https:\/\/www.old.valeriebarkowski.shop\/wp-content\/uploads\/2017\/11\/vbarkowski-fil-coloris-uni-788x1024.jpg\" \/>\n<meta name=\"twitter:card\" content=\"summary_large_image\" \/>\n<meta name=\"twitter:label1\" content=\"Dur\u00e9e de lecture estim\u00e9e\" \/>\n\t<meta name=\"twitter:data1\" content=\"3 minutes\" \/>\n<script type=\"application\/ld+json\" class=\"yoast-schema-graph\">{\"@context\":\"https:\\\/\\\/schema.org\",\"@graph\":[{\"@type\":\"WebPage\",\"@id\":\"https:\\\/\\\/www.old.valeriebarkowski.shop\\\/fr\\\/confection-linge-de-maison-sur-mesure\\\/\",\"url\":\"https:\\\/\\\/www.old.valeriebarkowski.shop\\\/fr\\\/confection-linge-de-maison-sur-mesure\\\/\",\"name\":\"Linge de maison sur mesure,V.Barkowski intemporel et durable.\",\"isPartOf\":{\"@id\":\"https:\\\/\\\/www.old.valeriebarkowski.shop\\\/en\\\/#website\"},\"primaryImageOfPage\":{\"@id\":\"https:\\\/\\\/www.old.valeriebarkowski.shop\\\/fr\\\/confection-linge-de-maison-sur-mesure\\\/#primaryimage\"},\"image\":{\"@id\":\"https:\\\/\\\/www.old.valeriebarkowski.shop\\\/fr\\\/confection-linge-de-maison-sur-mesure\\\/#primaryimage\"},\"thumbnailUrl\":\"https:\\\/\\\/www.old.valeriebarkowski.shop\\\/wp-content\\\/uploads\\\/2017\\\/11\\\/vbarkowski-fil-coloris-uni-788x1024.jpg\",\"datePublished\":\"2018-07-21T19:28:21+00:00\",\"dateModified\":\"2020-10-23T10:43:53+00:00\",\"description\":\"Linge de maison sur mesure V.Barkowski, nos collectionsnt se personnalise selon vos besoins et envies. - The shop by Valerie Barkowski\",\"breadcrumb\":{\"@id\":\"https:\\\/\\\/www.old.valeriebarkowski.shop\\\/fr\\\/confection-linge-de-maison-sur-mesure\\\/#breadcrumb\"},\"inLanguage\":\"fr-FR\",\"potentialAction\":[{\"@type\":\"ReadAction\",\"target\":[\"https:\\\/\\\/www.old.valeriebarkowski.shop\\\/fr\\\/confection-linge-de-maison-sur-mesure\\\/\"]}]},{\"@type\":\"ImageObject\",\"inLanguage\":\"fr-FR\",\"@id\":\"https:\\\/\\\/www.old.valeriebarkowski.shop\\\/fr\\\/confection-linge-de-maison-sur-mesure\\\/#primaryimage\",\"url\":\"https:\\\/\\\/www.old.valeriebarkowski.shop\\\/wp-content\\\/uploads\\\/2017\\\/11\\\/vbarkowski-fil-coloris-uni-788x1024.jpg\",\"contentUrl\":\"https:\\\/\\\/www.old.valeriebarkowski.shop\\\/wp-content\\\/uploads\\\/2017\\\/11\\\/vbarkowski-fil-coloris-uni-788x1024.jpg\"},{\"@type\":\"BreadcrumbList\",\"@id\":\"https:\\\/\\\/www.old.valeriebarkowski.shop\\\/fr\\\/confection-linge-de-maison-sur-mesure\\\/#breadcrumb\",\"itemListElement\":[{\"@type\":\"ListItem\",\"position\":1,\"name\":\"Home\",\"item\":\"https:\\\/\\\/www.old.valeriebarkowski.shop\\\/fr\\\/\"},{\"@type\":\"ListItem\",\"position\":2,\"name\":\"Sur-mesure\"}]},{\"@type\":\"WebSite\",\"@id\":\"https:\\\/\\\/www.old.valeriebarkowski.shop\\\/en\\\/#website\",\"url\":\"https:\\\/\\\/www.old.valeriebarkowski.shop\\\/en\\\/\",\"name\":\"The shop by Valerie Barkowski\",\"description\":\"\",\"publisher\":{\"@id\":\"https:\\\/\\\/www.old.valeriebarkowski.shop\\\/en\\\/#organization\"},\"potentialAction\":[{\"@type\":\"SearchAction\",\"target\":{\"@type\":\"EntryPoint\",\"urlTemplate\":\"https:\\\/\\\/www.old.valeriebarkowski.shop\\\/en\\\/?s={search_term_string}\"},\"query-input\":{\"@type\":\"PropertyValueSpecification\",\"valueRequired\":true,\"valueName\":\"search_term_string\"}}],\"inLanguage\":\"fr-FR\"},{\"@type\":\"Organization\",\"@id\":\"https:\\\/\\\/www.old.valeriebarkowski.shop\\\/en\\\/#organization\",\"name\":\"valerie barkowski\",\"url\":\"https:\\\/\\\/www.old.valeriebarkowski.shop\\\/en\\\/\",\"logo\":{\"@type\":\"ImageObject\",\"inLanguage\":\"fr-FR\",\"@id\":\"https:\\\/\\\/www.old.valeriebarkowski.shop\\\/en\\\/#\\\/schema\\\/logo\\\/image\\\/\",\"url\":\"https:\\\/\\\/www.old.valeriebarkowski.shop\\\/wp-content\\\/uploads\\\/2017\\\/02\\\/logo-vb-the-shop-4.png\",\"contentUrl\":\"https:\\\/\\\/www.old.valeriebarkowski.shop\\\/wp-content\\\/uploads\\\/2017\\\/02\\\/logo-vb-the-shop-4.png\",\"width\":437,\"height\":125,\"caption\":\"valerie barkowski\"},\"image\":{\"@id\":\"https:\\\/\\\/www.old.valeriebarkowski.shop\\\/en\\\/#\\\/schema\\\/logo\\\/image\\\/\"},\"sameAs\":[\"https:\\\/\\\/www.facebook.com\\\/valerie.barkowski\",\"https:\\\/\\\/www.instagram.com\\\/webbarkowski\\\/\",\"https:\\\/\\\/fr.pinterest.com\\\/vbarkowski\\\/\"]}]}<\/script>\n<!-- \/ Yoast SEO plugin. -->","yoast_head_json":{"title":"Linge de maison sur mesure,V.Barkowski intemporel et durable.","description":"Linge de maison sur mesure V.Barkowski, nos collectionsnt se personnalise selon vos besoins et envies. - The shop by Valerie Barkowski","robots":{"index":"noindex","follow":"follow","max-snippet":"max-snippet:-1","max-image-preview":"max-image-preview:large","max-video-preview":"max-video-preview:-1"},"og_locale":"fr_FR","og_type":"article","og_title":"Linge de maison sur mesure,V.Barkowski intemporel et durable.","og_description":"Linge de maison sur mesure V.Barkowski, nos collectionsnt se personnalise selon vos besoins et envies. - The shop by Valerie Barkowski","og_url":"https:\/\/www.old.valeriebarkowski.shop\/fr\/confection-linge-de-maison-sur-mesure\/","og_site_name":"The shop by Valerie Barkowski","article_publisher":"https:\/\/www.facebook.com\/valerie.barkowski","article_modified_time":"2020-10-23T10:43:53+00:00","og_image":[{"url":"https:\/\/www.old.valeriebarkowski.shop\/wp-content\/uploads\/2017\/11\/vbarkowski-fil-coloris-uni-788x1024.jpg","type":"","width":"","height":""}],"twitter_card":"summary_large_image","twitter_misc":{"Dur\u00e9e de lecture estim\u00e9e":"3 minutes"},"schema":{"@context":"https:\/\/schema.org","@graph":[{"@type":"WebPage","@id":"https:\/\/www.old.valeriebarkowski.shop\/fr\/confection-linge-de-maison-sur-mesure\/","url":"https:\/\/www.old.valeriebarkowski.shop\/fr\/confection-linge-de-maison-sur-mesure\/","name":"Linge de maison sur mesure,V.Barkowski intemporel et durable.","isPartOf":{"@id":"https:\/\/www.old.valeriebarkowski.shop\/en\/#website"},"primaryImageOfPage":{"@id":"https:\/\/www.old.valeriebarkowski.shop\/fr\/confection-linge-de-maison-sur-mesure\/#primaryimage"},"image":{"@id":"https:\/\/www.old.valeriebarkowski.shop\/fr\/confection-linge-de-maison-sur-mesure\/#primaryimage"},"thumbnailUrl":"https:\/\/www.old.valeriebarkowski.shop\/wp-content\/uploads\/2017\/11\/vbarkowski-fil-coloris-uni-788x1024.jpg","datePublished":"2018-07-21T19:28:21+00:00","dateModified":"2020-10-23T10:43:53+00:00","description":"Linge de maison sur mesure V.Barkowski, nos collectionsnt se personnalise selon vos besoins et envies. - The shop by Valerie Barkowski","breadcrumb":{"@id":"https:\/\/www.old.valeriebarkowski.shop\/fr\/confection-linge-de-maison-sur-mesure\/#breadcrumb"},"inLanguage":"fr-FR","potentialAction":[{"@type":"ReadAction","target":["https:\/\/www.old.valeriebarkowski.shop\/fr\/confection-linge-de-maison-sur-mesure\/"]}]},{"@type":"ImageObject","inLanguage":"fr-FR","@id":"https:\/\/www.old.valeriebarkowski.shop\/fr\/confection-linge-de-maison-sur-mesure\/#primaryimage","url":"https:\/\/www.old.valeriebarkowski.shop\/wp-content\/uploads\/2017\/11\/vbarkowski-fil-coloris-uni-788x1024.jpg","contentUrl":"https:\/\/www.old.valeriebarkowski.shop\/wp-content\/uploads\/2017\/11\/vbarkowski-fil-coloris-uni-788x1024.jpg"},{"@type":"BreadcrumbList","@id":"https:\/\/www.old.valeriebarkowski.shop\/fr\/confection-linge-de-maison-sur-mesure\/#breadcrumb","itemListElement":[{"@type":"ListItem","position":1,"name":"Home","item":"https:\/\/www.old.valeriebarkowski.shop\/fr\/"},{"@type":"ListItem","position":2,"name":"Sur-mesure"}]},{"@type":"WebSite","@id":"https:\/\/www.old.valeriebarkowski.shop\/en\/#website","url":"https:\/\/www.old.valeriebarkowski.shop\/en\/","name":"The shop by Valerie Barkowski","description":"","publisher":{"@id":"https:\/\/www.old.valeriebarkowski.shop\/en\/#organization"},"potentialAction":[{"@type":"SearchAction","target":{"@type":"EntryPoint","urlTemplate":"https:\/\/www.old.valeriebarkowski.shop\/en\/?s={search_term_string}"},"query-input":{"@type":"PropertyValueSpecification","valueRequired":true,"valueName":"search_term_string"}}],"inLanguage":"fr-FR"},{"@type":"Organization","@id":"https:\/\/www.old.valeriebarkowski.shop\/en\/#organization","name":"valerie barkowski","url":"https:\/\/www.old.valeriebarkowski.shop\/en\/","logo":{"@type":"ImageObject","inLanguage":"fr-FR","@id":"https:\/\/www.old.valeriebarkowski.shop\/en\/#\/schema\/logo\/image\/","url":"https:\/\/www.old.valeriebarkowski.shop\/wp-content\/uploads\/2017\/02\/logo-vb-the-shop-4.png","contentUrl":"https:\/\/www.old.valeriebarkowski.shop\/wp-content\/uploads\/2017\/02\/logo-vb-the-shop-4.png","width":437,"height":125,"caption":"valerie barkowski"},"image":{"@id":"https:\/\/www.old.valeriebarkowski.shop\/en\/#\/schema\/logo\/image\/"},"sameAs":["https:\/\/www.facebook.com\/valerie.barkowski","https:\/\/www.instagram.com\/webbarkowski\/","https:\/\/fr.pinterest.com\/vbarkowski\/"]}]}},"_links":{"self":[{"href":"https:\/\/www.old.valeriebarkowski.shop\/fr\/wp-json\/wp\/v2\/pages\/4539","targetHints":{"allow":["GET"]}}],"collection":[{"href":"https:\/\/www.old.valeriebarkowski.shop\/fr\/wp-json\/wp\/v2\/pages"}],"about":[{"href":"https:\/\/www.old.valeriebarkowski.shop\/fr\/wp-json\/wp\/v2\/types\/page"}],"author":[{"embeddable":true,"href":"https:\/\/www.old.valeriebarkowski.shop\/fr\/wp-json\/wp\/v2\/users\/1"}],"replies":[{"embeddable":true,"href":"https:\/\/www.old.valeriebarkowski.shop\/fr\/wp-json\/wp\/v2\/comments?post=4539"}],"version-history":[{"count":0,"href":"https:\/\/www.old.valeriebarkowski.shop\/fr\/wp-json\/wp\/v2\/pages\/4539\/revisions"}],"wp:attachment":[{"href":"https:\/\/www.old.valeriebarkowski.shop\/fr\/wp-json\/wp\/v2\/media?parent=4539"}],"curies":[{"name":"wp","href":"https:\/\/api.w.org\/{rel}","templated":true}]}}