{"id":6443,"date":"2019-11-01T16:23:06","date_gmt":"2019-11-01T15:23:06","guid":{"rendered":"https:\/\/www.valeriebarkowski.shop\/?page_id=6443"},"modified":"2021-04-26T13:16:09","modified_gmt":"2021-04-26T11:16:09","slug":"mentions-legales","status":"publish","type":"page","link":"https:\/\/www.old.valeriebarkowski.shop\/fr\/mentions-legales\/","title":{"rendered":"Mentions l\u00e9gales"},"content":{"rendered":"\n<h4 class=\"wp-block-heading\">Pr\u00e9sentation du site<\/h4>\n\n\n\n<p>En vertu de l\u2019article 6 de la loi n\u00b0 2004-575 du 21 juin 2004 pour la confiance dans l\u2019\u00e9conomie num\u00e9rique, il est pr\u00e9cis\u00e9 aux utilisateurs du site https:\/\/www.old.valeriebarkowski.shop, l\u2019identit\u00e9 des diff\u00e9rents intervenants dans le cadre de sa r\u00e9alisation et de son suivi :<br> <br> Responsable publication : Val\u00e9rie Barkowski, EGGS SPRL, 22, avenue des scarab\u00e9es \u2013 1000 Bruxelles. E-mail :&nbsp;contact@valeriebarkowski.com<\/p>\n\n\n\n<p>Cr\u00e9dits photos : Val\u00e9rie Barkowski, Tania Panova, Delphine Warin, Marie Bastide<br> H\u00e9bergeur : OVH, sise 2 rue Kellermann \u2013 59100 Roubaix \u2013 France<br> Agence : Bertrand Dilly<\/p>\n\n\n\n<h4 class=\"wp-block-heading\">1.\nConditions g\u00e9n\u00e9rales d\u2019utilisation du site et des services propos\u00e9s<\/h4>\n\n\n\n<p>L\u2019utilisation du site https:\/\/www.old.valeriebarkowski.shop implique l\u2019acceptation pleine et enti\u00e8re des conditions g\u00e9n\u00e9rales d\u2019utilisation ci-apr\u00e8s d\u00e9crites. Ces conditions d\u2019utilisation sont susceptibles d\u2019\u00eatre modifi\u00e9es ou compl\u00e9t\u00e9es \u00e0 tout moment, les utilisateurs du site https:\/\/www.old.valeriebarkowski.shop sont donc invit\u00e9s \u00e0 les consulter de mani\u00e8re r\u00e9guli\u00e8re. Ce site est normalement accessible \u00e0 tout moment aux utilisateurs. Une interruption pour raison de maintenance technique peut \u00eatre toutefois d\u00e9cid\u00e9e par https:\/\/www.old.valeriebarkowski.shop, qui s\u2019efforcera alors de communiquer pr\u00e9alablement aux utilisateurs les dates et heures de l\u2019intervention. Le site https:\/\/www.old.valeriebarkowski.shop est mis \u00e0 jour r\u00e9guli\u00e8rement par EGGS SPRL. De la m\u00eame fa\u00e7on, les mentions l\u00e9gales peuvent \u00eatre modifi\u00e9es \u00e0 tout moment : elles s\u2019imposent n\u00e9anmoins \u00e0 l\u2019utilisateur qui est invit\u00e9 \u00e0 s\u2019y r\u00e9f\u00e9rer le plus souvent possible afin d\u2019en prendre connaissance.<\/p>\n\n\n\n<h4 class=\"wp-block-heading\">2.\nDescription des services fournis<\/h4>\n\n\n\n<p> Le site https:\/\/www.old.valeriebarkowski.shop a pour objet de fournir une information concernant les produits fabriqu\u00e9s par la soci\u00e9t\u00e9 EGGS SPRL qui s\u2019efforce de fournir sur le site des informations aussi pr\u00e9cises que possible. Toutefois, elle ne pourra \u00eatre tenue responsable des omissions, des inexactitudes et des carences dans la mise \u00e0 jour. Toutes les informations indiqu\u00e9es sur le site https:\/\/www.old.valeriebarkowski.shop sont donn\u00e9es \u00e0 titre indicatif, et sont susceptibles d\u2019\u00e9voluer. Par ailleurs, les renseignements figurant sur le site https:\/\/www.old.valeriebarkowski.shop ne sont pas exhaustifs. Ils sont donn\u00e9s sous r\u00e9serve de modifications ayant \u00e9t\u00e9 apport\u00e9es depuis leur mise en ligne.<\/p>\n\n\n\n<h4 class=\"wp-block-heading\">3. Propri\u00e9t\u00e9 intellectuelle et contrefa\u00e7ons <\/h4>\n\n\n\n<p>Tous les \u00e9l\u00e9ments du site\nhttps:\/\/www.old.valeriebarkowski.shop, qu\u2019ils soient visuels ou sonores, y compris\nla technologie sous-jacente, sont prot\u00e9g\u00e9s par le droit d\u2019auteur, des marques\nou des brevets et plus g\u00e9n\u00e9ralement par la propri\u00e9t\u00e9 intellectuelle.<\/p>\n\n\n\n<p>Les informations, logos, dessins, marques,\nmod\u00e8les, slogans, chartes graphiques, et d\u2019une mani\u00e8re g\u00e9n\u00e9rale, les annonces\net leur contenu etc. accessibles au travers du site web sont prot\u00e9g\u00e9s par le\ndroit de la propri\u00e9t\u00e9 intellectuelle et sont la propri\u00e9t\u00e9 exclusive de Val\u00e9rie\nBarkowski.<\/p>\n\n\n\n<p>Sauf express\u00e9ment autoris\u00e9 \u00e0 cet effet par le\nVendeur et\/ou le tiers concern\u00e9, le Client n\u2019est pas autoris\u00e9 \u00e0 modifier,\nreproduire, louer, emprunter, vendre, distribuer ou cr\u00e9er d\u2019\u0153uvres d\u00e9riv\u00e9es\nbas\u00e9es en tout ou partie sur les \u00e9l\u00e9ments pr\u00e9sents sur le site web. Il est par\ncons\u00e9quent interdit (et le Client ne peut accorder \u00e0 autrui l\u2019autorisation) de\ncopier, modifier, cr\u00e9er une \u0153uvre d\u00e9riv\u00e9e, inverser la conception ou\nl\u2019assemblage ou de toute autre mani\u00e8re tenter de trouver le code source,\nvendre, attribuer, sous-licencier ou transf\u00e9rer de quelque mani\u00e8re que se soit\ntout droit aff\u00e9rent au site web et \u00e0 son contenu.<\/p>\n\n\n\n<p>Le Client qui dispose d\u2019un site Internet \u00e0\ntitre personnel et qui d\u00e9sire placer, pour un usage personnel, sur son site un\nlien simple renvoyant directement \u00e0 la home page du site du Vendeur, doit\nobligatoirement en demander l\u2019autorisation au Vendeur.<\/p>\n\n\n\n<p>Il ne s\u2019agira pas dans ce cas d\u2019une convention\nimplicite d\u2019affiliation.<\/p>\n\n\n\n<p>En revanche, tout lien hyper-texte renvoyant au site du Vendeur et utilisant la technique du framing ou du in-line linking est formellement interdit. Dans tous les cas, tout lien, m\u00eame tacitement autoris\u00e9, devra \u00eatre retir\u00e9 sur simple demande du Vendeur. Toute reproduction, repr\u00e9sentation, modification, publication, adaptation de tout ou partie des \u00e9l\u00e9ments du site, quel que soit le moyen ou le proc\u00e9d\u00e9 utilis\u00e9, est interdite. Toute exploitation non autoris\u00e9e du site ou de l\u2019un quelconque des \u00e9l\u00e9ments qu\u2019il contient sera consid\u00e9r\u00e9e comme constitutive d\u2019une contrefa\u00e7on et poursuivie conform\u00e9ment aux dispositions des articles L.335-2 et suivants du Code de Propri\u00e9t\u00e9 Intellectuelle. <\/p>\n\n\n\n<h4 class=\"wp-block-heading\">4.\nLimitations de responsabilit\u00e9<\/h4>\n\n\n\n<p>EGGS SPRL ne pourra \u00eatre tenue responsable des dommages directs et indirects caus\u00e9s au mat\u00e9riel de l\u2019utilisateur, lors de l\u2019acc\u00e8s au site https:\/\/www.old.valeriebarkowski.shop, et r\u00e9sultant soit de l\u2019utilisation d\u2019un mat\u00e9riel ne r\u00e9pondant pas aux sp\u00e9cifications, soit de l\u2019apparition d\u2019un bug ou d\u2019une incompatibilit\u00e9. EGGS SPRL ne pourra \u00e9galement \u00eatre tenue responsable des dommages indirects (tels par exemple qu\u2019une perte de march\u00e9 ou perte d\u2019une chance) cons\u00e9cutifs \u00e0 l\u2019utilisation du site https:\/\/www.old.valeriebarkowski.shop. Des espaces interactifs (possibilit\u00e9 de poser des questions dans l\u2019espace contact) sont \u00e0 la disposition des utilisateurs. EGGS SPRL se r\u00e9serve le droit de supprimer, sans mise en demeure pr\u00e9alable, tout contenu d\u00e9pos\u00e9 dans cet espace qui contreviendrait \u00e0 la l\u00e9gislation applicable au Maroc, en particulier aux dispositions relatives \u00e0 la protection des donn\u00e9es. Le cas \u00e9ch\u00e9ant, EGGS SPRL se r\u00e9serve \u00e9galement la possibilit\u00e9 de mettre en cause la responsabilit\u00e9 civile et\/ou p\u00e9nale de l\u2019utilisateur, notamment en cas de message \u00e0 caract\u00e8re raciste, injurieux, diffamant, ou pornographique, quel que soit le support utilis\u00e9 (texte, photographie\u2026).<\/p>\n\n\n\n<h4 class=\"wp-block-heading\">5.\nGestion des donn\u00e9es personnelles<\/h4>\n\n\n\n<p>A l\u2019occasion de l\u2019utilisation du site\nhttps:\/\/www.old.valeriebarkowski.shop, des donn\u00e9es peuvent \u00eatres recueillies :\nl\u2019URL des liens par l\u2019interm\u00e9diaire desquels l\u2019utilisateur a acc\u00e9d\u00e9 au site\nhttps:\/\/www.old.valeriebarkowski.shop, le fournisseur d\u2019acc\u00e8s de l\u2019utilisateur,\nl\u2019adresse de protocole Internet (IP) de l\u2019utilisateur. En tout \u00e9tat de cause EGGS SPRL ne collecte des informations personnelles relatives \u00e0 l\u2019utilisateur\nque pour le besoin de certains services propos\u00e9s par le site\nhttps:\/\/www.old.valeriebarkowski.shop. L\u2019utilisateur fournit ces informations en\ntoute connaissance de cause, notamment lorsqu\u2019il proc\u00e8de par lui-m\u00eame \u00e0 leur\nsaisie. Il est alors pr\u00e9cis\u00e9 \u00e0 l\u2019utilisateur du site\nhttps:\/\/www.old.valeriebarkowski.shop l\u2019obligation ou non de fournir ces\ninformations.<\/p>\n\n\n\n<p>Tout utilisateur dispose d\u2019un droit d\u2019acc\u00e8s,\nde rectification et d\u2019opposition aux donn\u00e9es personnelles le concernant, en\neffectuant sa demande \u00e9crite et sign\u00e9e, accompagn\u00e9e d\u2019une copie du titre\nd\u2019identit\u00e9 avec signature du titulaire de la pi\u00e8ce, en pr\u00e9cisant l\u2019adresse \u00e0\nlaquelle la r\u00e9ponse doit \u00eatre envoy\u00e9e, \u00e0 l\u2019attention de EGGS SPRL \u2013 22, avenue des scarab\u00e9es, 1000 Bruxelles \u2013 Belgique. Tout utilisateur pourra\n\u00e9galement, pour des motifs l\u00e9gitimes, s\u2019opposer au traitement des donn\u00e9es le\nconcernant.<\/p>\n\n\n\n<p>Aucune information personnelle de\nl\u2019utilisateur du site https:\/\/www.old.valeriebarkowski.shop n\u2019est publi\u00e9e \u00e0 l\u2019insu\nde l\u2019utilisateur, \u00e9chang\u00e9e, transf\u00e9r\u00e9e, c\u00e9d\u00e9e ou vendue sur un support\nquelconque \u00e0 des tiers, <\/p>\n\n\n\n<p>Mise \u00e0 jour du 25 mai 2018 \u2013 RGPD \u2013 PROTECTION DES DONN\u00c9ES PERSONNELLES En application du R\u00e8glement relatif \u00e0 la protection des personnes physiques \u00e0 l\u2019\u00e9gard du traitement des donn\u00e9es \u00e0 caract\u00e8re personnel et la libre circulation des donn\u00e9es R.2016\/679 du Parlement europ\u00e9en et du Conseil du 27 avril 2016, applicable au 25 mai 2018, EGGS SPRL assure la confidentialit\u00e9 des donn\u00e9es personnelles qui lui sont confi\u00e9es dans le respect des dispositions l\u00e9gales et r\u00e9glementaires en vigueur. Le fichier des utilisateurs constitu\u00e9 par EGGS SPRL a pour principale finalit\u00e9 le bon fonctionnement de ses activit\u00e9s professionnelles. En particulier, les coordonn\u00e9es de l\u2019Internaute ne seront jamais vendues ni lou\u00e9es \u00e0 d\u2019\u00e9ventuels partenaires.<\/p>\n\n\n\n<h4 class=\"wp-block-heading\">6.\nLiens hypertextes et cookies<\/h4>\n\n\n\n<p>Le site https:\/\/www.old.valeriebarkowski.shop contient un certain nombre de liens hypertextes vers d\u2019autres sites, mis en place avec l\u2019autorisation de EGGS SPRL. Cependant, EGGS SPRL n\u2019a pas la possibilit\u00e9 de v\u00e9rifier le contenu des sites ainsi visit\u00e9s, et n\u2019assumera en cons\u00e9quence aucune responsabilit\u00e9 de ce fait.<\/p>\n\n\n\n<p>La navigation sur le site https:\/\/www. valeriebarkowski.shop est susceptible de provoquer l\u2019installation de cookie(s) sur l\u2019ordinateur de l\u2019utilisateur. Un cookie est un fichier de petite taille, qui ne permet pas l\u2019identification de l\u2019utilisateur, mais qui enregistre des informations relatives \u00e0 la navigation d\u2019un ordinateur sur un site. Les donn\u00e9es ainsi obtenues visent \u00e0 faciliter la navigation ult\u00e9rieure sur le site, et ont \u00e9galement vocation \u00e0 permettre diverses mesures de fr\u00e9quentation. Le refus d\u2019installation d\u2019un cookie peut entra\u00eener l\u2019impossibilit\u00e9 d\u2019acc\u00e9der \u00e0 certains services. L\u2019utilisateur peut toutefois configurer son ordinateur de la mani\u00e8re suivante, pour refuser l\u2019installation des cookies : Sous Internet Explorer : onglet outil \/ options internet. Cliquez sur Confidentialit\u00e9 et choisissez Bloquer tous les cookies. Validez sur Ok. Sous Netscape : onglet \u00e9dition \/ pr\u00e9f\u00e9rences. Cliquez sur Avanc\u00e9es et choisissez D\u00e9sactiver les cookies. Validez sur Ok.<\/p>\n\n\n\n<h4 class=\"wp-block-heading\">7.\nDroit applicable et attribution de juridiction<\/h4>\n\n\n\n<p>Les pr\u00e9sentes conditions sont soumises \u00e0 la loi belge. En cas de litige, le droit belge est d\u2019application et seuls les tribunaux de l\u2019arrondissement judiciaire de Bruxelles sont comp\u00e9tents..<\/p>\n","protected":false},"excerpt":{"rendered":"<p>Pr\u00e9sentation du site En vertu de l\u2019article 6 de la loi n\u00b0 2004-575 du 21 juin 2004 pour la confiance dans l\u2019\u00e9conomie num\u00e9rique, il est pr\u00e9cis\u00e9 aux utilisateurs du site https:\/\/www.old.valeriebarkowski.shop, l\u2019identit\u00e9 des diff\u00e9rents intervenants dans le cadre de sa r\u00e9alisation et de son suivi : Responsable publication : Val\u00e9rie Barkowski, EGGS SPRL, 22, avenue [&hellip;]<\/p>\n","protected":false},"author":1,"featured_media":0,"parent":0,"menu_order":0,"comment_status":"closed","ping_status":"closed","template":"","meta":{"footnotes":""},"class_list":["post-6443","page","type-page","status-publish","hentry"],"yoast_head":"<!-- This site is optimized with the Yoast SEO plugin v27.3 - https:\/\/yoast.com\/product\/yoast-seo-wordpress\/ -->\n<title>Mentions l\u00e9gales - The shop by Valerie Barkowski<\/title>\n<meta name=\"robots\" content=\"noindex, follow, max-snippet:-1, max-image-preview:large, max-video-preview:-1\" \/>\n<meta property=\"og:locale\" content=\"fr_FR\" \/>\n<meta property=\"og:type\" content=\"article\" \/>\n<meta property=\"og:title\" content=\"Mentions l\u00e9gales - The shop by Valerie Barkowski\" \/>\n<meta property=\"og:description\" content=\"Pr\u00e9sentation du site En vertu de l\u2019article 6 de la loi n\u00b0 2004-575 du 21 juin 2004 pour la confiance dans l\u2019\u00e9conomie num\u00e9rique, il est pr\u00e9cis\u00e9 aux utilisateurs du site https:\/\/www.old.valeriebarkowski.shop, l\u2019identit\u00e9 des diff\u00e9rents intervenants dans le cadre de sa r\u00e9alisation et de son suivi : Responsable publication : Val\u00e9rie Barkowski, EGGS SPRL, 22, avenue [&hellip;]\" \/>\n<meta property=\"og:url\" content=\"https:\/\/www.old.valeriebarkowski.shop\/fr\/mentions-legales\/\" \/>\n<meta property=\"og:site_name\" content=\"The shop by Valerie Barkowski\" \/>\n<meta property=\"article:publisher\" content=\"https:\/\/www.facebook.com\/valerie.barkowski\" \/>\n<meta property=\"article:modified_time\" content=\"2021-04-26T11:16:09+00:00\" \/>\n<meta name=\"twitter:card\" content=\"summary_large_image\" \/>\n<meta name=\"twitter:label1\" content=\"Dur\u00e9e de lecture estim\u00e9e\" \/>\n\t<meta name=\"twitter:data1\" content=\"6 minutes\" \/>\n<script type=\"application\/ld+json\" class=\"yoast-schema-graph\">{\"@context\":\"https:\\\/\\\/schema.org\",\"@graph\":[{\"@type\":\"WebPage\",\"@id\":\"https:\\\/\\\/www.old.valeriebarkowski.shop\\\/fr\\\/mentions-legales\\\/\",\"url\":\"https:\\\/\\\/www.old.valeriebarkowski.shop\\\/fr\\\/mentions-legales\\\/\",\"name\":\"Mentions l\u00e9gales - The shop by Valerie Barkowski\",\"isPartOf\":{\"@id\":\"https:\\\/\\\/www.old.valeriebarkowski.shop\\\/en\\\/#website\"},\"datePublished\":\"2019-11-01T15:23:06+00:00\",\"dateModified\":\"2021-04-26T11:16:09+00:00\",\"breadcrumb\":{\"@id\":\"https:\\\/\\\/www.old.valeriebarkowski.shop\\\/fr\\\/mentions-legales\\\/#breadcrumb\"},\"inLanguage\":\"fr-FR\",\"potentialAction\":[{\"@type\":\"ReadAction\",\"target\":[\"https:\\\/\\\/www.old.valeriebarkowski.shop\\\/fr\\\/mentions-legales\\\/\"]}]},{\"@type\":\"BreadcrumbList\",\"@id\":\"https:\\\/\\\/www.old.valeriebarkowski.shop\\\/fr\\\/mentions-legales\\\/#breadcrumb\",\"itemListElement\":[{\"@type\":\"ListItem\",\"position\":1,\"name\":\"Home\",\"item\":\"https:\\\/\\\/www.old.valeriebarkowski.shop\\\/fr\\\/\"},{\"@type\":\"ListItem\",\"position\":2,\"name\":\"Mentions l\u00e9gales\"}]},{\"@type\":\"WebSite\",\"@id\":\"https:\\\/\\\/www.old.valeriebarkowski.shop\\\/en\\\/#website\",\"url\":\"https:\\\/\\\/www.old.valeriebarkowski.shop\\\/en\\\/\",\"name\":\"The shop by Valerie Barkowski\",\"description\":\"\",\"publisher\":{\"@id\":\"https:\\\/\\\/www.old.valeriebarkowski.shop\\\/en\\\/#organization\"},\"potentialAction\":[{\"@type\":\"SearchAction\",\"target\":{\"@type\":\"EntryPoint\",\"urlTemplate\":\"https:\\\/\\\/www.old.valeriebarkowski.shop\\\/en\\\/?s={search_term_string}\"},\"query-input\":{\"@type\":\"PropertyValueSpecification\",\"valueRequired\":true,\"valueName\":\"search_term_string\"}}],\"inLanguage\":\"fr-FR\"},{\"@type\":\"Organization\",\"@id\":\"https:\\\/\\\/www.old.valeriebarkowski.shop\\\/en\\\/#organization\",\"name\":\"valerie barkowski\",\"url\":\"https:\\\/\\\/www.old.valeriebarkowski.shop\\\/en\\\/\",\"logo\":{\"@type\":\"ImageObject\",\"inLanguage\":\"fr-FR\",\"@id\":\"https:\\\/\\\/www.old.valeriebarkowski.shop\\\/en\\\/#\\\/schema\\\/logo\\\/image\\\/\",\"url\":\"https:\\\/\\\/www.old.valeriebarkowski.shop\\\/wp-content\\\/uploads\\\/2017\\\/02\\\/logo-vb-the-shop-4.png\",\"contentUrl\":\"https:\\\/\\\/www.old.valeriebarkowski.shop\\\/wp-content\\\/uploads\\\/2017\\\/02\\\/logo-vb-the-shop-4.png\",\"width\":437,\"height\":125,\"caption\":\"valerie barkowski\"},\"image\":{\"@id\":\"https:\\\/\\\/www.old.valeriebarkowski.shop\\\/en\\\/#\\\/schema\\\/logo\\\/image\\\/\"},\"sameAs\":[\"https:\\\/\\\/www.facebook.com\\\/valerie.barkowski\",\"https:\\\/\\\/www.instagram.com\\\/webbarkowski\\\/\",\"https:\\\/\\\/fr.pinterest.com\\\/vbarkowski\\\/\"]}]}<\/script>\n<!-- \/ Yoast SEO plugin. -->","yoast_head_json":{"title":"Mentions l\u00e9gales - The shop by Valerie Barkowski","robots":{"index":"noindex","follow":"follow","max-snippet":"max-snippet:-1","max-image-preview":"max-image-preview:large","max-video-preview":"max-video-preview:-1"},"og_locale":"fr_FR","og_type":"article","og_title":"Mentions l\u00e9gales - The shop by Valerie Barkowski","og_description":"Pr\u00e9sentation du site En vertu de l\u2019article 6 de la loi n\u00b0 2004-575 du 21 juin 2004 pour la confiance dans l\u2019\u00e9conomie num\u00e9rique, il est pr\u00e9cis\u00e9 aux utilisateurs du site https:\/\/www.old.valeriebarkowski.shop, l\u2019identit\u00e9 des diff\u00e9rents intervenants dans le cadre de sa r\u00e9alisation et de son suivi : Responsable publication : Val\u00e9rie Barkowski, EGGS SPRL, 22, avenue [&hellip;]","og_url":"https:\/\/www.old.valeriebarkowski.shop\/fr\/mentions-legales\/","og_site_name":"The shop by Valerie Barkowski","article_publisher":"https:\/\/www.facebook.com\/valerie.barkowski","article_modified_time":"2021-04-26T11:16:09+00:00","twitter_card":"summary_large_image","twitter_misc":{"Dur\u00e9e de lecture estim\u00e9e":"6 minutes"},"schema":{"@context":"https:\/\/schema.org","@graph":[{"@type":"WebPage","@id":"https:\/\/www.old.valeriebarkowski.shop\/fr\/mentions-legales\/","url":"https:\/\/www.old.valeriebarkowski.shop\/fr\/mentions-legales\/","name":"Mentions l\u00e9gales - The shop by Valerie Barkowski","isPartOf":{"@id":"https:\/\/www.old.valeriebarkowski.shop\/en\/#website"},"datePublished":"2019-11-01T15:23:06+00:00","dateModified":"2021-04-26T11:16:09+00:00","breadcrumb":{"@id":"https:\/\/www.old.valeriebarkowski.shop\/fr\/mentions-legales\/#breadcrumb"},"inLanguage":"fr-FR","potentialAction":[{"@type":"ReadAction","target":["https:\/\/www.old.valeriebarkowski.shop\/fr\/mentions-legales\/"]}]},{"@type":"BreadcrumbList","@id":"https:\/\/www.old.valeriebarkowski.shop\/fr\/mentions-legales\/#breadcrumb","itemListElement":[{"@type":"ListItem","position":1,"name":"Home","item":"https:\/\/www.old.valeriebarkowski.shop\/fr\/"},{"@type":"ListItem","position":2,"name":"Mentions l\u00e9gales"}]},{"@type":"WebSite","@id":"https:\/\/www.old.valeriebarkowski.shop\/en\/#website","url":"https:\/\/www.old.valeriebarkowski.shop\/en\/","name":"The shop by Valerie Barkowski","description":"","publisher":{"@id":"https:\/\/www.old.valeriebarkowski.shop\/en\/#organization"},"potentialAction":[{"@type":"SearchAction","target":{"@type":"EntryPoint","urlTemplate":"https:\/\/www.old.valeriebarkowski.shop\/en\/?s={search_term_string}"},"query-input":{"@type":"PropertyValueSpecification","valueRequired":true,"valueName":"search_term_string"}}],"inLanguage":"fr-FR"},{"@type":"Organization","@id":"https:\/\/www.old.valeriebarkowski.shop\/en\/#organization","name":"valerie barkowski","url":"https:\/\/www.old.valeriebarkowski.shop\/en\/","logo":{"@type":"ImageObject","inLanguage":"fr-FR","@id":"https:\/\/www.old.valeriebarkowski.shop\/en\/#\/schema\/logo\/image\/","url":"https:\/\/www.old.valeriebarkowski.shop\/wp-content\/uploads\/2017\/02\/logo-vb-the-shop-4.png","contentUrl":"https:\/\/www.old.valeriebarkowski.shop\/wp-content\/uploads\/2017\/02\/logo-vb-the-shop-4.png","width":437,"height":125,"caption":"valerie barkowski"},"image":{"@id":"https:\/\/www.old.valeriebarkowski.shop\/en\/#\/schema\/logo\/image\/"},"sameAs":["https:\/\/www.facebook.com\/valerie.barkowski","https:\/\/www.instagram.com\/webbarkowski\/","https:\/\/fr.pinterest.com\/vbarkowski\/"]}]}},"_links":{"self":[{"href":"https:\/\/www.old.valeriebarkowski.shop\/fr\/wp-json\/wp\/v2\/pages\/6443","targetHints":{"allow":["GET"]}}],"collection":[{"href":"https:\/\/www.old.valeriebarkowski.shop\/fr\/wp-json\/wp\/v2\/pages"}],"about":[{"href":"https:\/\/www.old.valeriebarkowski.shop\/fr\/wp-json\/wp\/v2\/types\/page"}],"author":[{"embeddable":true,"href":"https:\/\/www.old.valeriebarkowski.shop\/fr\/wp-json\/wp\/v2\/users\/1"}],"replies":[{"embeddable":true,"href":"https:\/\/www.old.valeriebarkowski.shop\/fr\/wp-json\/wp\/v2\/comments?post=6443"}],"version-history":[{"count":0,"href":"https:\/\/www.old.valeriebarkowski.shop\/fr\/wp-json\/wp\/v2\/pages\/6443\/revisions"}],"wp:attachment":[{"href":"https:\/\/www.old.valeriebarkowski.shop\/fr\/wp-json\/wp\/v2\/media?parent=6443"}],"curies":[{"name":"wp","href":"https:\/\/api.w.org\/{rel}","templated":true}]}}