{"id":1050,"date":"2017-06-16T09:03:49","date_gmt":"2017-06-16T07:03:49","guid":{"rendered":"http:\/\/www.valeriebarkowski.shop\/fr\/produit\/trass-broderies-carmin-lb01\/"},"modified":"2023-04-20T10:48:09","modified_gmt":"2023-04-20T08:48:09","slug":"linge-bain-broderie-main-carmin-trass","status":"publish","type":"product","link":"https:\/\/www.old.valeriebarkowski.shop\/fr\/produit\/linge-bain-broderie-main-carmin-trass\/","title":{"rendered":"Linge de bain blanc LB01 broderie TRASS carmin"},"content":{"rendered":"<h2>Linge de bain blanc broderie main carmin TRASS<\/h2>\n<p>La broderie main carmin borde les quatre c\u00f4t\u00e9s des serviettes de bain blanches Trass.\u00a0 Le fil \u00e0 broder que nous utilisons est tr\u00e8s r\u00e9sistant \u00e0 la d\u00e9coloration. Nous l&rsquo;utilisons depuis de nombreuses ann\u00e9es pour toutes nos broderies, finitions et pompons \u00e9ponymes. L&rsquo;\u00e9ponge blanche \u00e9paisse a un poids de 700gr\/m2, c&rsquo;est un coton de qualit\u00e9 doux et absorbant.<\/p>\n<p>\u201cC\u2019est l\u2019Inde qui m\u2019a inspir\u00e9 cette finition. Ce point de broderie est beaucoup utilis\u00e9 l\u00e0-bas. J\u2019ai eu envie de l\u2019utiliser car il s\u2019associe bien avec les autres mod\u00e8les de ma collection de linge de bain haut de gamme. Simple, intemporel, de qualit\u00e9, fait main comme toujours. Ce point offre des possibilit\u00e9s infinies. Je vous invite aussi \u00e0 vous promener sur mon site-vitrine <em><span style=\"color: #000000;\"><a style=\"color: #000000;\" href=\"http:\/\/valeriebarkowski.com\/\" target=\"_blank\" rel=\"noopener noreferrer\">www.valeriebarkowski.com<\/a><\/span><\/em> \u201d . L&rsquo;ensemble de mon travail y est consign\u00e9.<\/p>\n<h3>Dimensions du linge de bain blanc haut de gamme TRASS carmin :<\/h3>\n<p><strong>Drap\u00a0de bain 100cm x 150cm<\/strong><br \/>\n<strong>Serviette de bain\u00a050cm x 100cm<\/strong><br \/>\n<strong>Serviette invit\u00e9 30cm x 50cm<\/strong><br \/>\n<strong>Tapis de bain 54cm x 90cm<\/strong><\/p>\n<p>Le linge de bain blanc broderie main TRASS s&rsquo;assemble bien avec toutes les finitions : Soulayman, Memba et Pollux. La beaut\u00e9 de nos collections est que tous les mod\u00e8les s&rsquo;assemblent et s&rsquo;accordent en fonction de la personnalit\u00e9 de votre int\u00e9rieur.<\/p>\n<p>Les finitions de cette collection de serviettes de bain haut de gamme sont r\u00e9alis\u00e9es dans notre atelier\u00a0 \u00e0 Marrakech par des artisans qualifi\u00e9s qui depuis des ann\u00e9es travaillent nos produits de qualit\u00e9 avec soin et dext\u00e9rit\u00e9.<\/p>\n<p>Un service de commande \u00ab\u00a0<a href=\"https:\/\/www.old.valeriebarkowski.shop\/fr\/sur-mesure\/\" target=\"_blank\" rel=\"noopener\">sur mesure<\/a>\u00a0\u00bb est aussi \u00e0 votre service. Tout notre linge de maison personnalisable est fait main.\u00a0<span style=\"color: #333333;\">N<\/span>ous sommes aussi \u00e0 votre disposition \u00e0 sales@valeriebarkowski.com.<\/p>\n<p>La collection TRASS est disponible en linge de table. Sur ce shop nous vous proposons des sets et serviettes de table mais il vous est possible aussi de commander des nappes\u00a0 en coton ou en lin sur mesure. Les coloris actuellement disponibles sont le blanc et le gris.<\/p>\n","protected":false},"excerpt":{"rendered":"<h3><strong>Serviettes de bain<\/strong><\/h3>\n<p>Brod\u00e9 \u00e0 la main sur chaque c\u00f4t\u00e9 de la serviette, le linge de bain Trass est en \u00e9ponge blanche \u00e9paisse 100% coton peign\u00e9, longues fibres 700gr\/m2.<\/p>\n<p>Ce mod\u00e8le est propos\u00e9 en 4 tailles :<\/p>\n","protected":false},"featured_media":7984,"comment_status":"closed","ping_status":"closed","template":"","meta":[],"product_cat":[1585,16,101,111,1211,937,938],"product_tag":[957,928,949,927,926,1541,929,967,951],"class_list":{"0":"post-1050","1":"product","2":"type-product","3":"status-publish","4":"has-post-thumbnail","6":"product_cat-broderies","7":"product_cat-linge-de-bain-raffine","8":"product_cat-en-eponge-blanche","9":"product_cat-trass-broderies","10":"product_cat-linge-de-bain","11":"product_cat-linge-broderies","12":"product_cat-linge-broderies-coloris-unis","13":"product_tag-carmin","14":"product_tag-drap-de-bain-100x150","15":"product_tag-eponge-blanche","16":"product_tag-serviette-de-bain-50x100","17":"product_tag-serviette-invite-30x50","18":"product_tag-tapis-de-bain","19":"product_tag-tapis-de-bain-54x90","20":"product_tag-trass","21":"product_tag-uni-rouge","23":"first","24":"instock","25":"taxable","26":"shipping-taxable","27":"purchasable","28":"product-type-variable","29":"has-default-attributes"},"yoast_head":"<!-- This site is optimized with the Yoast SEO plugin v27.3 - https:\/\/yoast.com\/product\/yoast-seo-wordpress\/ -->\n<title>Linge de bain blanc broderie main carmin pour la finition TRASS<\/title>\n<meta name=\"description\" content=\"Linge de bain blanc broderie main carmin TRASS. Serviettes en \u00e9ponge \u00e9paisse blanche, 700 grammes par m\u00e8tre carr\u00e9, douce et tr\u00e8s absorbante.\" \/>\n<meta name=\"robots\" content=\"noindex, follow, max-snippet:-1, max-image-preview:large, max-video-preview:-1\" \/>\n<meta property=\"og:locale\" content=\"fr_FR\" \/>\n<meta property=\"og:type\" content=\"article\" \/>\n<meta property=\"og:title\" content=\"Linge de bain blanc broderie main carmin pour la finition TRASS\" \/>\n<meta property=\"og:description\" content=\"Linge de bain blanc broderie main carmin TRASS. Serviettes en \u00e9ponge \u00e9paisse blanche, 700 grammes par m\u00e8tre carr\u00e9, douce et tr\u00e8s absorbante.\" \/>\n<meta property=\"og:url\" content=\"https:\/\/www.old.valeriebarkowski.shop\/fr\/produit\/linge-bain-broderie-main-carmin-trass\/\" \/>\n<meta property=\"og:site_name\" content=\"The shop by Valerie Barkowski\" \/>\n<meta property=\"article:publisher\" content=\"https:\/\/www.facebook.com\/valerie.barkowski\" \/>\n<meta property=\"article:modified_time\" content=\"2023-04-20T08:48:09+00:00\" \/>\n<meta property=\"og:image\" content=\"https:\/\/www.old.valeriebarkowski.shop\/wp-content\/uploads\/2017\/06\/trass-carmin.jpg\" \/>\n\t<meta property=\"og:image:width\" content=\"720\" \/>\n\t<meta property=\"og:image:height\" content=\"720\" \/>\n\t<meta property=\"og:image:type\" content=\"image\/jpeg\" \/>\n<meta name=\"twitter:card\" content=\"summary_large_image\" \/>\n<meta name=\"twitter:label1\" content=\"Dur\u00e9e de lecture estim\u00e9e\" \/>\n\t<meta name=\"twitter:data1\" content=\"2 minutes\" \/>\n<script type=\"application\/ld+json\" class=\"yoast-schema-graph\">{\"@context\":\"https:\\\/\\\/schema.org\",\"@graph\":[{\"@type\":\"WebPage\",\"@id\":\"https:\\\/\\\/www.old.valeriebarkowski.shop\\\/fr\\\/produit\\\/linge-bain-broderie-main-carmin-trass\\\/\",\"url\":\"https:\\\/\\\/www.old.valeriebarkowski.shop\\\/fr\\\/produit\\\/linge-bain-broderie-main-carmin-trass\\\/\",\"name\":\"Linge de bain blanc broderie main carmin pour la finition TRASS\",\"isPartOf\":{\"@id\":\"https:\\\/\\\/www.old.valeriebarkowski.shop\\\/en\\\/#website\"},\"primaryImageOfPage\":{\"@id\":\"https:\\\/\\\/www.old.valeriebarkowski.shop\\\/fr\\\/produit\\\/linge-bain-broderie-main-carmin-trass\\\/#primaryimage\"},\"image\":{\"@id\":\"https:\\\/\\\/www.old.valeriebarkowski.shop\\\/fr\\\/produit\\\/linge-bain-broderie-main-carmin-trass\\\/#primaryimage\"},\"thumbnailUrl\":\"https:\\\/\\\/www.old.valeriebarkowski.shop\\\/wp-content\\\/uploads\\\/2017\\\/06\\\/trass-carmin.jpg\",\"datePublished\":\"2017-06-16T07:03:49+00:00\",\"dateModified\":\"2023-04-20T08:48:09+00:00\",\"description\":\"Linge de bain blanc broderie main carmin TRASS. Serviettes en \u00e9ponge \u00e9paisse blanche, 700 grammes par m\u00e8tre carr\u00e9, douce et tr\u00e8s absorbante.\",\"breadcrumb\":{\"@id\":\"https:\\\/\\\/www.old.valeriebarkowski.shop\\\/fr\\\/produit\\\/linge-bain-broderie-main-carmin-trass\\\/#breadcrumb\"},\"inLanguage\":\"fr-FR\",\"potentialAction\":[{\"@type\":\"ReadAction\",\"target\":[\"https:\\\/\\\/www.old.valeriebarkowski.shop\\\/fr\\\/produit\\\/linge-bain-broderie-main-carmin-trass\\\/\"]}]},{\"@type\":\"ImageObject\",\"inLanguage\":\"fr-FR\",\"@id\":\"https:\\\/\\\/www.old.valeriebarkowski.shop\\\/fr\\\/produit\\\/linge-bain-broderie-main-carmin-trass\\\/#primaryimage\",\"url\":\"https:\\\/\\\/www.old.valeriebarkowski.shop\\\/wp-content\\\/uploads\\\/2017\\\/06\\\/trass-carmin.jpg\",\"contentUrl\":\"https:\\\/\\\/www.old.valeriebarkowski.shop\\\/wp-content\\\/uploads\\\/2017\\\/06\\\/trass-carmin.jpg\",\"width\":720,\"height\":720,\"caption\":\"linge de bain blanc broderie main haut de gamme rouge\"},{\"@type\":\"BreadcrumbList\",\"@id\":\"https:\\\/\\\/www.old.valeriebarkowski.shop\\\/fr\\\/produit\\\/linge-bain-broderie-main-carmin-trass\\\/#breadcrumb\",\"itemListElement\":[{\"@type\":\"ListItem\",\"position\":1,\"name\":\"Home\",\"item\":\"https:\\\/\\\/www.old.valeriebarkowski.shop\\\/fr\\\/\"},{\"@type\":\"ListItem\",\"position\":2,\"name\":\"Boutique\",\"item\":\"https:\\\/\\\/www.old.valeriebarkowski.shop\\\/fr\\\/boutique\\\/\"},{\"@type\":\"ListItem\",\"position\":3,\"name\":\"Linge de bain blanc LB01 broderie TRASS carmin\"}]},{\"@type\":\"WebSite\",\"@id\":\"https:\\\/\\\/www.old.valeriebarkowski.shop\\\/en\\\/#website\",\"url\":\"https:\\\/\\\/www.old.valeriebarkowski.shop\\\/en\\\/\",\"name\":\"The shop by Valerie Barkowski\",\"description\":\"\",\"publisher\":{\"@id\":\"https:\\\/\\\/www.old.valeriebarkowski.shop\\\/en\\\/#organization\"},\"potentialAction\":[{\"@type\":\"SearchAction\",\"target\":{\"@type\":\"EntryPoint\",\"urlTemplate\":\"https:\\\/\\\/www.old.valeriebarkowski.shop\\\/en\\\/?s={search_term_string}\"},\"query-input\":{\"@type\":\"PropertyValueSpecification\",\"valueRequired\":true,\"valueName\":\"search_term_string\"}}],\"inLanguage\":\"fr-FR\"},{\"@type\":\"Organization\",\"@id\":\"https:\\\/\\\/www.old.valeriebarkowski.shop\\\/en\\\/#organization\",\"name\":\"valerie barkowski\",\"url\":\"https:\\\/\\\/www.old.valeriebarkowski.shop\\\/en\\\/\",\"logo\":{\"@type\":\"ImageObject\",\"inLanguage\":\"fr-FR\",\"@id\":\"https:\\\/\\\/www.old.valeriebarkowski.shop\\\/en\\\/#\\\/schema\\\/logo\\\/image\\\/\",\"url\":\"https:\\\/\\\/www.old.valeriebarkowski.shop\\\/wp-content\\\/uploads\\\/2017\\\/02\\\/logo-vb-the-shop-4.png\",\"contentUrl\":\"https:\\\/\\\/www.old.valeriebarkowski.shop\\\/wp-content\\\/uploads\\\/2017\\\/02\\\/logo-vb-the-shop-4.png\",\"width\":437,\"height\":125,\"caption\":\"valerie barkowski\"},\"image\":{\"@id\":\"https:\\\/\\\/www.old.valeriebarkowski.shop\\\/en\\\/#\\\/schema\\\/logo\\\/image\\\/\"},\"sameAs\":[\"https:\\\/\\\/www.facebook.com\\\/valerie.barkowski\",\"https:\\\/\\\/www.instagram.com\\\/webbarkowski\\\/\",\"https:\\\/\\\/fr.pinterest.com\\\/vbarkowski\\\/\"]}]}<\/script>\n<!-- \/ Yoast SEO plugin. -->","yoast_head_json":{"title":"Linge de bain blanc broderie main carmin pour la finition TRASS","description":"Linge de bain blanc broderie main carmin TRASS. Serviettes en \u00e9ponge \u00e9paisse blanche, 700 grammes par m\u00e8tre carr\u00e9, douce et tr\u00e8s absorbante.","robots":{"index":"noindex","follow":"follow","max-snippet":"max-snippet:-1","max-image-preview":"max-image-preview:large","max-video-preview":"max-video-preview:-1"},"og_locale":"fr_FR","og_type":"article","og_title":"Linge de bain blanc broderie main carmin pour la finition TRASS","og_description":"Linge de bain blanc broderie main carmin TRASS. Serviettes en \u00e9ponge \u00e9paisse blanche, 700 grammes par m\u00e8tre carr\u00e9, douce et tr\u00e8s absorbante.","og_url":"https:\/\/www.old.valeriebarkowski.shop\/fr\/produit\/linge-bain-broderie-main-carmin-trass\/","og_site_name":"The shop by Valerie Barkowski","article_publisher":"https:\/\/www.facebook.com\/valerie.barkowski","article_modified_time":"2023-04-20T08:48:09+00:00","og_image":[{"width":720,"height":720,"url":"https:\/\/www.old.valeriebarkowski.shop\/wp-content\/uploads\/2017\/06\/trass-carmin.jpg","type":"image\/jpeg"}],"twitter_card":"summary_large_image","twitter_misc":{"Dur\u00e9e de lecture estim\u00e9e":"2 minutes"},"schema":{"@context":"https:\/\/schema.org","@graph":[{"@type":"WebPage","@id":"https:\/\/www.old.valeriebarkowski.shop\/fr\/produit\/linge-bain-broderie-main-carmin-trass\/","url":"https:\/\/www.old.valeriebarkowski.shop\/fr\/produit\/linge-bain-broderie-main-carmin-trass\/","name":"Linge de bain blanc broderie main carmin pour la finition TRASS","isPartOf":{"@id":"https:\/\/www.old.valeriebarkowski.shop\/en\/#website"},"primaryImageOfPage":{"@id":"https:\/\/www.old.valeriebarkowski.shop\/fr\/produit\/linge-bain-broderie-main-carmin-trass\/#primaryimage"},"image":{"@id":"https:\/\/www.old.valeriebarkowski.shop\/fr\/produit\/linge-bain-broderie-main-carmin-trass\/#primaryimage"},"thumbnailUrl":"https:\/\/www.old.valeriebarkowski.shop\/wp-content\/uploads\/2017\/06\/trass-carmin.jpg","datePublished":"2017-06-16T07:03:49+00:00","dateModified":"2023-04-20T08:48:09+00:00","description":"Linge de bain blanc broderie main carmin TRASS. Serviettes en \u00e9ponge \u00e9paisse blanche, 700 grammes par m\u00e8tre carr\u00e9, douce et tr\u00e8s absorbante.","breadcrumb":{"@id":"https:\/\/www.old.valeriebarkowski.shop\/fr\/produit\/linge-bain-broderie-main-carmin-trass\/#breadcrumb"},"inLanguage":"fr-FR","potentialAction":[{"@type":"ReadAction","target":["https:\/\/www.old.valeriebarkowski.shop\/fr\/produit\/linge-bain-broderie-main-carmin-trass\/"]}]},{"@type":"ImageObject","inLanguage":"fr-FR","@id":"https:\/\/www.old.valeriebarkowski.shop\/fr\/produit\/linge-bain-broderie-main-carmin-trass\/#primaryimage","url":"https:\/\/www.old.valeriebarkowski.shop\/wp-content\/uploads\/2017\/06\/trass-carmin.jpg","contentUrl":"https:\/\/www.old.valeriebarkowski.shop\/wp-content\/uploads\/2017\/06\/trass-carmin.jpg","width":720,"height":720,"caption":"linge de bain blanc broderie main haut de gamme rouge"},{"@type":"BreadcrumbList","@id":"https:\/\/www.old.valeriebarkowski.shop\/fr\/produit\/linge-bain-broderie-main-carmin-trass\/#breadcrumb","itemListElement":[{"@type":"ListItem","position":1,"name":"Home","item":"https:\/\/www.old.valeriebarkowski.shop\/fr\/"},{"@type":"ListItem","position":2,"name":"Boutique","item":"https:\/\/www.old.valeriebarkowski.shop\/fr\/boutique\/"},{"@type":"ListItem","position":3,"name":"Linge de bain blanc LB01 broderie TRASS carmin"}]},{"@type":"WebSite","@id":"https:\/\/www.old.valeriebarkowski.shop\/en\/#website","url":"https:\/\/www.old.valeriebarkowski.shop\/en\/","name":"The shop by Valerie Barkowski","description":"","publisher":{"@id":"https:\/\/www.old.valeriebarkowski.shop\/en\/#organization"},"potentialAction":[{"@type":"SearchAction","target":{"@type":"EntryPoint","urlTemplate":"https:\/\/www.old.valeriebarkowski.shop\/en\/?s={search_term_string}"},"query-input":{"@type":"PropertyValueSpecification","valueRequired":true,"valueName":"search_term_string"}}],"inLanguage":"fr-FR"},{"@type":"Organization","@id":"https:\/\/www.old.valeriebarkowski.shop\/en\/#organization","name":"valerie barkowski","url":"https:\/\/www.old.valeriebarkowski.shop\/en\/","logo":{"@type":"ImageObject","inLanguage":"fr-FR","@id":"https:\/\/www.old.valeriebarkowski.shop\/en\/#\/schema\/logo\/image\/","url":"https:\/\/www.old.valeriebarkowski.shop\/wp-content\/uploads\/2017\/02\/logo-vb-the-shop-4.png","contentUrl":"https:\/\/www.old.valeriebarkowski.shop\/wp-content\/uploads\/2017\/02\/logo-vb-the-shop-4.png","width":437,"height":125,"caption":"valerie barkowski"},"image":{"@id":"https:\/\/www.old.valeriebarkowski.shop\/en\/#\/schema\/logo\/image\/"},"sameAs":["https:\/\/www.facebook.com\/valerie.barkowski","https:\/\/www.instagram.com\/webbarkowski\/","https:\/\/fr.pinterest.com\/vbarkowski\/"]}]}},"_links":{"self":[{"href":"https:\/\/www.old.valeriebarkowski.shop\/fr\/wp-json\/wp\/v2\/product\/1050","targetHints":{"allow":["GET"]}}],"collection":[{"href":"https:\/\/www.old.valeriebarkowski.shop\/fr\/wp-json\/wp\/v2\/product"}],"about":[{"href":"https:\/\/www.old.valeriebarkowski.shop\/fr\/wp-json\/wp\/v2\/types\/product"}],"replies":[{"embeddable":true,"href":"https:\/\/www.old.valeriebarkowski.shop\/fr\/wp-json\/wp\/v2\/comments?post=1050"}],"wp:featuredmedia":[{"embeddable":true,"href":"https:\/\/www.old.valeriebarkowski.shop\/fr\/wp-json\/wp\/v2\/media\/7984"}],"wp:attachment":[{"href":"https:\/\/www.old.valeriebarkowski.shop\/fr\/wp-json\/wp\/v2\/media?parent=1050"}],"wp:term":[{"taxonomy":"product_cat","embeddable":true,"href":"https:\/\/www.old.valeriebarkowski.shop\/fr\/wp-json\/wp\/v2\/product_cat?post=1050"},{"taxonomy":"product_tag","embeddable":true,"href":"https:\/\/www.old.valeriebarkowski.shop\/fr\/wp-json\/wp\/v2\/product_tag?post=1050"}],"curies":[{"name":"wp","href":"https:\/\/api.w.org\/{rel}","templated":true}]}}