{"id":1054,"date":"2017-06-16T09:10:36","date_gmt":"2017-06-16T07:10:36","guid":{"rendered":"http:\/\/www.valeriebarkowski.shop\/fr\/produit\/trass-broderies-gris-lb01\/"},"modified":"2021-04-26T18:59:51","modified_gmt":"2021-04-26T16:59:51","slug":"eponge-blanche-broderie-trass-gris","status":"publish","type":"product","link":"https:\/\/www.old.valeriebarkowski.shop\/fr\/produit\/eponge-blanche-broderie-trass-gris\/","title":{"rendered":"Linge de bain blanc LB01 broderie TRASS grise"},"content":{"rendered":"<h2>Serviette \u00e9ponge blanche broderie grise TRASS<\/h2>\n<p>La broderie TRASS est r\u00e9alis\u00e9e \u00e0 la main dans nos ateliers \u00e0 Marrakech. La serviette \u00e9ponge blanche broderie grise Trass est orn\u00e9e d&rsquo;une finition au point avant qui borde les 4 c\u00f4tes du linge de bain. Le fil de la broderie en couleur est tr\u00e8s r\u00e9sistant \u00e0 la d\u00e9coloration. Notre \u00e9ponge douce et tr\u00e8s absorbante a un poids de 700gr\/m2.<\/p>\n<p>\u201cC\u2019est l\u2019Inde qui m\u2019a inspir\u00e9 cette finition. Ce point de broderie est beaucoup utilis\u00e9\u00a0l\u00e0-bas. J\u2019ai eu envie de l\u2019utiliser car il s\u2019associe bien avec les autres mod\u00e8les de\u00a0ma collection de linge de bain. Simple, intemporel, de qualit\u00e9, fait main comme toujours.\u201d<\/p>\n<p>Le linge de bain en \u00e9ponge blanche brod\u00e9 main Trass gris existe aussi en 4 tailles :<\/p>\n<p><strong>Drap de bain 100cm x 150cm<\/strong><br \/>\n<strong>Serviette de bain\u00a050cm x 100cm<\/strong><br \/>\n<strong>Serviette invit\u00e9 30cm x 50cm<\/strong><br \/>\n<strong>Tapis de bain 54cm x 90cm<\/strong><\/p>\n<p>Le linge de bain TRASS s&rsquo;assemble bien avec toutes les autres finitions :<span style=\"color: #333333;\"><a style=\"color: #333333;\" href=\"https:\/\/www.old.valeriebarkowski.shop\/fr\/produit\/linge-bain-lamu-pompons-gris-lb01\/\" target=\"_blank\" rel=\"noopener noreferrer\"><strong> Il<\/strong><strong>ias<\/strong><\/a><\/span>, <span style=\"color: #333333;\"><strong><a style=\"color: #333333;\" href=\"https:\/\/www.old.valeriebarkowski.shop\/fr\/produit\/linge-bain-memba-broderies-gris-lb01\/\" target=\"_blank\" rel=\"noopener noreferrer\">Memba<\/a><\/strong><\/span>, <span style=\"color: #333333;\"><strong><a style=\"color: #333333;\" href=\"https:\/\/www.old.valeriebarkowski.shop\/fr\/produit\/linge-bain-pollux-franges-gris-lb01\/\" target=\"_blank\" rel=\"noopener noreferrer\">Pollux<\/a><\/strong><\/span>,&#8230;<\/p>\n<p>Les serviettes en \u00e9ponge haut de gamme, \u00e9ponge douce, \u00e9paisse et tr\u00e8s absorbante, est utilis\u00e9e \u00e0 Dar Kawa, le <a href=\"https:\/\/www.darkawa.net\/life-in-dk\/spa\/\" target=\"_blank\" rel=\"noopener noreferrer\"><span style=\"color: #333333;\"><strong>riad<\/strong><\/span><\/a> de Val\u00e9rie Barkowski \u00e0 Marrakech. Pour r\u00e9server le riad il vous suffit d&rsquo;envoyer un mail \u00e0 info@darkawa.net. (les r\u00e9servations ne se font PAS via booking).<\/p>\n<p>Notre service de confection \u00ab\u00a0sur mesure\u00a0\u00bb vous permet aussi de choisir la couleur de votre finition brod\u00e9e main. Vous trouverez le mode d&#8217;emploi \u00e0 l&rsquo;<a href=\"https:\/\/www.old.valeriebarkowski.shop\/fr\/sur-mesure\/\" target=\"_blank\" rel=\"noopener\">onglet \u00ab\u00a0sur-mesure\u00a0\u00bb<\/a>\u00a0mais il vous est aussi possible de nous contacter par mail \u00e0 sales@valeriebarkowski.com. Nous sommes \u00e0 votre disposition pour tout renseignement ou assistance dont vous pourriez avoir besoin pour votre projet personnalis\u00e9.<\/p>\n<p>Si vous souhaitez en savoir plus sur le travail de Val\u00e9rie Barkowski il vous est possible de visiter son site <span style=\"color: #333333;\"><strong><a style=\"color: #333333;\" href=\"http:\/\/www.valeriebarkowski.com\" target=\"_blank\" rel=\"noopener noreferrer\">ici<\/a><\/strong><\/span>. Plus de 20 ans de projets cr\u00e9atifs, prenez le temps de vous promener dans toutes les sections, c&rsquo;est un vrai voyage.<\/p>\n","protected":false},"excerpt":{"rendered":"<h3><strong>Serviettes de bain<\/strong><\/h3>\n<p>Serviettes en \u00e9ponge blanche, brod\u00e9es \u00e0 la main avec un fil de couleur sur les 4 c\u00f4t\u00e9s.<br \/>\n100% coton peign\u00e9, 700gr\/m2<\/p>\n<p>Ce mod\u00e8le est propos\u00e9 en 4 tailles :<\/p>\n","protected":false},"featured_media":7860,"comment_status":"closed","ping_status":"closed","template":"","meta":[],"product_cat":[1585,16,101,111,1211,937,938],"product_tag":[928,949,965,927,926,1541,929,967,930],"class_list":{"0":"post-1054","1":"product","2":"type-product","3":"status-publish","4":"has-post-thumbnail","6":"product_cat-broderies","7":"product_cat-linge-de-bain-raffine","8":"product_cat-en-eponge-blanche","9":"product_cat-trass-broderies","10":"product_cat-linge-de-bain","11":"product_cat-linge-broderies","12":"product_cat-linge-broderies-coloris-unis","13":"product_tag-drap-de-bain-100x150","14":"product_tag-eponge-blanche","15":"product_tag-gris","16":"product_tag-serviette-de-bain-50x100","17":"product_tag-serviette-invite-30x50","18":"product_tag-tapis-de-bain","19":"product_tag-tapis-de-bain-54x90","20":"product_tag-trass","21":"product_tag-uni-gris","23":"first","24":"instock","25":"taxable","26":"shipping-taxable","27":"purchasable","28":"product-type-variable","29":"has-default-attributes"},"yoast_head":"<!-- This site is optimized with the Yoast SEO plugin v27.3 - https:\/\/yoast.com\/product\/yoast-seo-wordpress\/ -->\n<title>Serviette \u00e9ponge blanche broderie grise TRASS faite \u00e0 la main<\/title>\n<meta name=\"description\" content=\"La serviette \u00e9ponge blanche broderie grise TRASS est un mod\u00e8le de linge de bain haut de gamme et ultra absorbant de la marque V. Barkowski\" \/>\n<meta name=\"robots\" content=\"noindex, follow, max-snippet:-1, max-image-preview:large, max-video-preview:-1\" \/>\n<meta property=\"og:locale\" content=\"fr_FR\" \/>\n<meta property=\"og:type\" content=\"article\" \/>\n<meta property=\"og:title\" content=\"Serviette \u00e9ponge blanche broderie grise TRASS faite \u00e0 la main\" \/>\n<meta property=\"og:description\" content=\"La serviette \u00e9ponge blanche broderie grise TRASS est un mod\u00e8le de linge de bain haut de gamme et ultra absorbant de la marque V. Barkowski\" \/>\n<meta property=\"og:url\" content=\"https:\/\/www.old.valeriebarkowski.shop\/fr\/produit\/eponge-blanche-broderie-trass-gris\/\" \/>\n<meta property=\"og:site_name\" content=\"The shop by Valerie Barkowski\" \/>\n<meta property=\"article:publisher\" content=\"https:\/\/www.facebook.com\/valerie.barkowski\" \/>\n<meta property=\"article:modified_time\" content=\"2021-04-26T16:59:51+00:00\" \/>\n<meta property=\"og:image\" content=\"https:\/\/www.old.valeriebarkowski.shop\/wp-content\/uploads\/2017\/06\/linge-bain-trass.jpg\" \/>\n\t<meta property=\"og:image:width\" content=\"1280\" \/>\n\t<meta property=\"og:image:height\" content=\"960\" \/>\n\t<meta property=\"og:image:type\" content=\"image\/jpeg\" \/>\n<meta name=\"twitter:card\" content=\"summary_large_image\" \/>\n<meta name=\"twitter:label1\" content=\"Dur\u00e9e de lecture estim\u00e9e\" \/>\n\t<meta name=\"twitter:data1\" content=\"2 minutes\" \/>\n<script type=\"application\/ld+json\" class=\"yoast-schema-graph\">{\"@context\":\"https:\\\/\\\/schema.org\",\"@graph\":[{\"@type\":\"WebPage\",\"@id\":\"https:\\\/\\\/www.old.valeriebarkowski.shop\\\/fr\\\/produit\\\/eponge-blanche-broderie-trass-gris\\\/\",\"url\":\"https:\\\/\\\/www.old.valeriebarkowski.shop\\\/fr\\\/produit\\\/eponge-blanche-broderie-trass-gris\\\/\",\"name\":\"Serviette \u00e9ponge blanche broderie grise TRASS faite \u00e0 la main\",\"isPartOf\":{\"@id\":\"https:\\\/\\\/www.old.valeriebarkowski.shop\\\/en\\\/#website\"},\"primaryImageOfPage\":{\"@id\":\"https:\\\/\\\/www.old.valeriebarkowski.shop\\\/fr\\\/produit\\\/eponge-blanche-broderie-trass-gris\\\/#primaryimage\"},\"image\":{\"@id\":\"https:\\\/\\\/www.old.valeriebarkowski.shop\\\/fr\\\/produit\\\/eponge-blanche-broderie-trass-gris\\\/#primaryimage\"},\"thumbnailUrl\":\"https:\\\/\\\/www.old.valeriebarkowski.shop\\\/wp-content\\\/uploads\\\/2017\\\/06\\\/linge-bain-trass.jpg\",\"datePublished\":\"2017-06-16T07:10:36+00:00\",\"dateModified\":\"2021-04-26T16:59:51+00:00\",\"description\":\"La serviette \u00e9ponge blanche broderie grise TRASS est un mod\u00e8le de linge de bain haut de gamme et ultra absorbant de la marque V. Barkowski\",\"breadcrumb\":{\"@id\":\"https:\\\/\\\/www.old.valeriebarkowski.shop\\\/fr\\\/produit\\\/eponge-blanche-broderie-trass-gris\\\/#breadcrumb\"},\"inLanguage\":\"fr-FR\",\"potentialAction\":[{\"@type\":\"ReadAction\",\"target\":[\"https:\\\/\\\/www.old.valeriebarkowski.shop\\\/fr\\\/produit\\\/eponge-blanche-broderie-trass-gris\\\/\"]}]},{\"@type\":\"ImageObject\",\"inLanguage\":\"fr-FR\",\"@id\":\"https:\\\/\\\/www.old.valeriebarkowski.shop\\\/fr\\\/produit\\\/eponge-blanche-broderie-trass-gris\\\/#primaryimage\",\"url\":\"https:\\\/\\\/www.old.valeriebarkowski.shop\\\/wp-content\\\/uploads\\\/2017\\\/06\\\/linge-bain-trass.jpg\",\"contentUrl\":\"https:\\\/\\\/www.old.valeriebarkowski.shop\\\/wp-content\\\/uploads\\\/2017\\\/06\\\/linge-bain-trass.jpg\",\"width\":1280,\"height\":960,\"caption\":\"serviette invit\u00e9 \u00e9ponge blanche broderie main grise point avant moderne et original\"},{\"@type\":\"BreadcrumbList\",\"@id\":\"https:\\\/\\\/www.old.valeriebarkowski.shop\\\/fr\\\/produit\\\/eponge-blanche-broderie-trass-gris\\\/#breadcrumb\",\"itemListElement\":[{\"@type\":\"ListItem\",\"position\":1,\"name\":\"Home\",\"item\":\"https:\\\/\\\/www.old.valeriebarkowski.shop\\\/fr\\\/\"},{\"@type\":\"ListItem\",\"position\":2,\"name\":\"Boutique\",\"item\":\"https:\\\/\\\/www.old.valeriebarkowski.shop\\\/fr\\\/boutique\\\/\"},{\"@type\":\"ListItem\",\"position\":3,\"name\":\"Linge de bain blanc LB01 broderie TRASS grise\"}]},{\"@type\":\"WebSite\",\"@id\":\"https:\\\/\\\/www.old.valeriebarkowski.shop\\\/en\\\/#website\",\"url\":\"https:\\\/\\\/www.old.valeriebarkowski.shop\\\/en\\\/\",\"name\":\"The shop by Valerie Barkowski\",\"description\":\"\",\"publisher\":{\"@id\":\"https:\\\/\\\/www.old.valeriebarkowski.shop\\\/en\\\/#organization\"},\"potentialAction\":[{\"@type\":\"SearchAction\",\"target\":{\"@type\":\"EntryPoint\",\"urlTemplate\":\"https:\\\/\\\/www.old.valeriebarkowski.shop\\\/en\\\/?s={search_term_string}\"},\"query-input\":{\"@type\":\"PropertyValueSpecification\",\"valueRequired\":true,\"valueName\":\"search_term_string\"}}],\"inLanguage\":\"fr-FR\"},{\"@type\":\"Organization\",\"@id\":\"https:\\\/\\\/www.old.valeriebarkowski.shop\\\/en\\\/#organization\",\"name\":\"valerie barkowski\",\"url\":\"https:\\\/\\\/www.old.valeriebarkowski.shop\\\/en\\\/\",\"logo\":{\"@type\":\"ImageObject\",\"inLanguage\":\"fr-FR\",\"@id\":\"https:\\\/\\\/www.old.valeriebarkowski.shop\\\/en\\\/#\\\/schema\\\/logo\\\/image\\\/\",\"url\":\"https:\\\/\\\/www.old.valeriebarkowski.shop\\\/wp-content\\\/uploads\\\/2017\\\/02\\\/logo-vb-the-shop-4.png\",\"contentUrl\":\"https:\\\/\\\/www.old.valeriebarkowski.shop\\\/wp-content\\\/uploads\\\/2017\\\/02\\\/logo-vb-the-shop-4.png\",\"width\":437,\"height\":125,\"caption\":\"valerie barkowski\"},\"image\":{\"@id\":\"https:\\\/\\\/www.old.valeriebarkowski.shop\\\/en\\\/#\\\/schema\\\/logo\\\/image\\\/\"},\"sameAs\":[\"https:\\\/\\\/www.facebook.com\\\/valerie.barkowski\",\"https:\\\/\\\/www.instagram.com\\\/webbarkowski\\\/\",\"https:\\\/\\\/fr.pinterest.com\\\/vbarkowski\\\/\"]}]}<\/script>\n<!-- \/ Yoast SEO plugin. -->","yoast_head_json":{"title":"Serviette \u00e9ponge blanche broderie grise TRASS faite \u00e0 la main","description":"La serviette \u00e9ponge blanche broderie grise TRASS est un mod\u00e8le de linge de bain haut de gamme et ultra absorbant de la marque V. Barkowski","robots":{"index":"noindex","follow":"follow","max-snippet":"max-snippet:-1","max-image-preview":"max-image-preview:large","max-video-preview":"max-video-preview:-1"},"og_locale":"fr_FR","og_type":"article","og_title":"Serviette \u00e9ponge blanche broderie grise TRASS faite \u00e0 la main","og_description":"La serviette \u00e9ponge blanche broderie grise TRASS est un mod\u00e8le de linge de bain haut de gamme et ultra absorbant de la marque V. Barkowski","og_url":"https:\/\/www.old.valeriebarkowski.shop\/fr\/produit\/eponge-blanche-broderie-trass-gris\/","og_site_name":"The shop by Valerie Barkowski","article_publisher":"https:\/\/www.facebook.com\/valerie.barkowski","article_modified_time":"2021-04-26T16:59:51+00:00","og_image":[{"width":1280,"height":960,"url":"https:\/\/www.old.valeriebarkowski.shop\/wp-content\/uploads\/2017\/06\/linge-bain-trass.jpg","type":"image\/jpeg"}],"twitter_card":"summary_large_image","twitter_misc":{"Dur\u00e9e de lecture estim\u00e9e":"2 minutes"},"schema":{"@context":"https:\/\/schema.org","@graph":[{"@type":"WebPage","@id":"https:\/\/www.old.valeriebarkowski.shop\/fr\/produit\/eponge-blanche-broderie-trass-gris\/","url":"https:\/\/www.old.valeriebarkowski.shop\/fr\/produit\/eponge-blanche-broderie-trass-gris\/","name":"Serviette \u00e9ponge blanche broderie grise TRASS faite \u00e0 la main","isPartOf":{"@id":"https:\/\/www.old.valeriebarkowski.shop\/en\/#website"},"primaryImageOfPage":{"@id":"https:\/\/www.old.valeriebarkowski.shop\/fr\/produit\/eponge-blanche-broderie-trass-gris\/#primaryimage"},"image":{"@id":"https:\/\/www.old.valeriebarkowski.shop\/fr\/produit\/eponge-blanche-broderie-trass-gris\/#primaryimage"},"thumbnailUrl":"https:\/\/www.old.valeriebarkowski.shop\/wp-content\/uploads\/2017\/06\/linge-bain-trass.jpg","datePublished":"2017-06-16T07:10:36+00:00","dateModified":"2021-04-26T16:59:51+00:00","description":"La serviette \u00e9ponge blanche broderie grise TRASS est un mod\u00e8le de linge de bain haut de gamme et ultra absorbant de la marque V. Barkowski","breadcrumb":{"@id":"https:\/\/www.old.valeriebarkowski.shop\/fr\/produit\/eponge-blanche-broderie-trass-gris\/#breadcrumb"},"inLanguage":"fr-FR","potentialAction":[{"@type":"ReadAction","target":["https:\/\/www.old.valeriebarkowski.shop\/fr\/produit\/eponge-blanche-broderie-trass-gris\/"]}]},{"@type":"ImageObject","inLanguage":"fr-FR","@id":"https:\/\/www.old.valeriebarkowski.shop\/fr\/produit\/eponge-blanche-broderie-trass-gris\/#primaryimage","url":"https:\/\/www.old.valeriebarkowski.shop\/wp-content\/uploads\/2017\/06\/linge-bain-trass.jpg","contentUrl":"https:\/\/www.old.valeriebarkowski.shop\/wp-content\/uploads\/2017\/06\/linge-bain-trass.jpg","width":1280,"height":960,"caption":"serviette invit\u00e9 \u00e9ponge blanche broderie main grise point avant moderne et original"},{"@type":"BreadcrumbList","@id":"https:\/\/www.old.valeriebarkowski.shop\/fr\/produit\/eponge-blanche-broderie-trass-gris\/#breadcrumb","itemListElement":[{"@type":"ListItem","position":1,"name":"Home","item":"https:\/\/www.old.valeriebarkowski.shop\/fr\/"},{"@type":"ListItem","position":2,"name":"Boutique","item":"https:\/\/www.old.valeriebarkowski.shop\/fr\/boutique\/"},{"@type":"ListItem","position":3,"name":"Linge de bain blanc LB01 broderie TRASS grise"}]},{"@type":"WebSite","@id":"https:\/\/www.old.valeriebarkowski.shop\/en\/#website","url":"https:\/\/www.old.valeriebarkowski.shop\/en\/","name":"The shop by Valerie Barkowski","description":"","publisher":{"@id":"https:\/\/www.old.valeriebarkowski.shop\/en\/#organization"},"potentialAction":[{"@type":"SearchAction","target":{"@type":"EntryPoint","urlTemplate":"https:\/\/www.old.valeriebarkowski.shop\/en\/?s={search_term_string}"},"query-input":{"@type":"PropertyValueSpecification","valueRequired":true,"valueName":"search_term_string"}}],"inLanguage":"fr-FR"},{"@type":"Organization","@id":"https:\/\/www.old.valeriebarkowski.shop\/en\/#organization","name":"valerie barkowski","url":"https:\/\/www.old.valeriebarkowski.shop\/en\/","logo":{"@type":"ImageObject","inLanguage":"fr-FR","@id":"https:\/\/www.old.valeriebarkowski.shop\/en\/#\/schema\/logo\/image\/","url":"https:\/\/www.old.valeriebarkowski.shop\/wp-content\/uploads\/2017\/02\/logo-vb-the-shop-4.png","contentUrl":"https:\/\/www.old.valeriebarkowski.shop\/wp-content\/uploads\/2017\/02\/logo-vb-the-shop-4.png","width":437,"height":125,"caption":"valerie barkowski"},"image":{"@id":"https:\/\/www.old.valeriebarkowski.shop\/en\/#\/schema\/logo\/image\/"},"sameAs":["https:\/\/www.facebook.com\/valerie.barkowski","https:\/\/www.instagram.com\/webbarkowski\/","https:\/\/fr.pinterest.com\/vbarkowski\/"]}]}},"_links":{"self":[{"href":"https:\/\/www.old.valeriebarkowski.shop\/fr\/wp-json\/wp\/v2\/product\/1054","targetHints":{"allow":["GET"]}}],"collection":[{"href":"https:\/\/www.old.valeriebarkowski.shop\/fr\/wp-json\/wp\/v2\/product"}],"about":[{"href":"https:\/\/www.old.valeriebarkowski.shop\/fr\/wp-json\/wp\/v2\/types\/product"}],"replies":[{"embeddable":true,"href":"https:\/\/www.old.valeriebarkowski.shop\/fr\/wp-json\/wp\/v2\/comments?post=1054"}],"wp:featuredmedia":[{"embeddable":true,"href":"https:\/\/www.old.valeriebarkowski.shop\/fr\/wp-json\/wp\/v2\/media\/7860"}],"wp:attachment":[{"href":"https:\/\/www.old.valeriebarkowski.shop\/fr\/wp-json\/wp\/v2\/media?parent=1054"}],"wp:term":[{"taxonomy":"product_cat","embeddable":true,"href":"https:\/\/www.old.valeriebarkowski.shop\/fr\/wp-json\/wp\/v2\/product_cat?post=1054"},{"taxonomy":"product_tag","embeddable":true,"href":"https:\/\/www.old.valeriebarkowski.shop\/fr\/wp-json\/wp\/v2\/product_tag?post=1054"}],"curies":[{"name":"wp","href":"https:\/\/api.w.org\/{rel}","templated":true}]}}