{"id":11347,"date":"2021-10-21T13:18:42","date_gmt":"2021-10-21T11:18:42","guid":{"rendered":"https:\/\/www.valeriebarkowski.shop\/?post_type=product&#038;p=11347"},"modified":"2023-04-20T10:44:22","modified_gmt":"2023-04-20T08:44:22","slug":"linge-de-bain-blanc-lb01-broderie-cali-carmin","status":"publish","type":"product","link":"https:\/\/www.old.valeriebarkowski.shop\/fr\/produit\/linge-de-bain-blanc-lb01-broderie-cali-carmin\/","title":{"rendered":"Linge de bain blanc LB01 broderie CALI carmin"},"content":{"rendered":"<h2>Linge de bain blanc \u00e0 broderie carmin<\/h2>\n<p>La finition Cali carmin est brod\u00e9e sur les 4 c\u00f4t\u00e9s de la serviette invit\u00e9, de la serviette de bain et du drap de bain. Chaque c\u00f4t\u00e9 brod\u00e9 est fini avec un point irr\u00e9gulier qui dessine un zig-zag.. La broderie carmin se place de fa\u00e7on al\u00e9atoire. Le tout pour un linge de bain blanc brod\u00e9 avec une broderie rouge carmin raffin\u00e9e, unique et intemporelle.<\/p>\n<h2>Cali Carmin, une broderie haut de gamme qui se d\u00e9cline en draps de bain, serviettes de bain et serviettes invit\u00e9.<\/h2>\n<p>Il existe 4 dimensions pour ce mod\u00e8le :<\/p>\n<p><strong>Drap\u00a0de bain 100cm x 150cm<\/strong><br \/>\n<strong>Serviette de bain 50cm x 100cm<\/strong><br \/>\n<strong>Serviette invit\u00e9 30cmx 50cm<\/strong><br \/>\n<strong>Tapis de bain 54cmx 90cm<\/strong><\/p>\n<p>Notez toutefois qu\u2019il vous est possible de choisir la couleur de la broderie de votre linge de bain sur demande. Faites nous parvenir votre demande par mail via la rubrique de contact. Le linge de bain haut de gamme V. Barkowski est brod\u00e9 dans notre atelier au Maroc.<\/p>\n<h2>Linge de bain blanc \u00e0 broderie carmin<\/h2>\n<p class=\"normal\">Le linge de bain \u00e0 broderie carmin Cali est en \u00e9ponge blanche de coton.<\/p>\n<p class=\"normal\">V. Barkowski propose des draps de bain, serviettes de bain et serviettes invit\u00e9 lavables en machine en programme d\u00e9licat \u00e0 40 degr\u00e9s.<\/p>\n<p>Le linge de bain Cali s\u2019assemble bien avec les finitions\u00a0MEMBA\u00a0et\u00a0TRASS.<\/p>\n","protected":false},"excerpt":{"rendered":"<h3>Linge de bain Cali &#8211; serviettes<\/h3>\n<p>Linge de bain Cali en \u00e9ponge blanche, brod\u00e9 main.<br \/>\nServiette \u00e9ponge 100% coton peign\u00e9, 700gr\/m2.<\/p>\n<p>Ce mod\u00e8le existe en 4 tailles :<\/p>\n","protected":false},"featured_media":11324,"comment_status":"closed","ping_status":"closed","template":"","meta":[],"product_cat":[1585,1419,16,101],"product_tag":[1559,928,949,927,926,1541],"class_list":{"0":"post-11347","1":"product","2":"type-product","3":"status-publish","4":"has-post-thumbnail","6":"product_cat-broderies","7":"product_cat-cali-broderies","8":"product_cat-linge-de-bain-raffine","9":"product_cat-en-eponge-blanche","10":"product_tag-broderie-carmin","11":"product_tag-drap-de-bain-100x150","12":"product_tag-eponge-blanche","13":"product_tag-serviette-de-bain-50x100","14":"product_tag-serviette-invite-30x50","15":"product_tag-tapis-de-bain","17":"first","18":"instock","19":"taxable","20":"shipping-taxable","21":"purchasable","22":"product-type-variable","23":"has-default-attributes"},"yoast_head":"<!-- This site is optimized with the Yoast SEO plugin v27.3 - https:\/\/yoast.com\/product\/yoast-seo-wordpress\/ -->\n<title>Serviette de bain Cali, bord\u00e9e de zig-zag carmin<\/title>\n<meta name=\"description\" content=\"Serviette de bain Cali, brod\u00e9e de zig-zag carmin en \u00e9ponge blanche. Finition by V.Barkowski, faite \u00e0 la main dans nos ateliers par des artisans qualifi\u00e9s.\" \/>\n<meta name=\"robots\" content=\"noindex, follow, max-snippet:-1, max-image-preview:large, max-video-preview:-1\" \/>\n<meta property=\"og:locale\" content=\"fr_FR\" \/>\n<meta property=\"og:type\" content=\"article\" \/>\n<meta property=\"og:title\" content=\"Serviette de bain Cali, bord\u00e9e de zig-zag carmin\" \/>\n<meta property=\"og:description\" content=\"Serviette de bain Cali, brod\u00e9e de zig-zag carmin en \u00e9ponge blanche. Finition by V.Barkowski, faite \u00e0 la main dans nos ateliers par des artisans qualifi\u00e9s.\" \/>\n<meta property=\"og:url\" content=\"https:\/\/www.old.valeriebarkowski.shop\/fr\/produit\/linge-de-bain-blanc-lb01-broderie-cali-carmin\/\" \/>\n<meta property=\"og:site_name\" content=\"The shop by Valerie Barkowski\" \/>\n<meta property=\"article:publisher\" content=\"https:\/\/www.facebook.com\/valerie.barkowski\" \/>\n<meta property=\"article:modified_time\" content=\"2023-04-20T08:44:22+00:00\" \/>\n<meta property=\"og:image\" content=\"https:\/\/www.old.valeriebarkowski.shop\/wp-content\/uploads\/2021\/10\/CALI-linge-bain-eponge-blanc-finition-carmin-serviette-invite\u0301-vbarkowski-photo-delphine-warin.jpg\" \/>\n\t<meta property=\"og:image:width\" content=\"1181\" \/>\n\t<meta property=\"og:image:height\" content=\"1181\" \/>\n\t<meta property=\"og:image:type\" content=\"image\/jpeg\" \/>\n<meta name=\"twitter:card\" content=\"summary_large_image\" \/>\n<meta name=\"twitter:label1\" content=\"Dur\u00e9e de lecture estim\u00e9e\" \/>\n\t<meta name=\"twitter:data1\" content=\"1 minute\" \/>\n<script type=\"application\/ld+json\" class=\"yoast-schema-graph\">{\"@context\":\"https:\\\/\\\/schema.org\",\"@graph\":[{\"@type\":\"WebPage\",\"@id\":\"https:\\\/\\\/www.old.valeriebarkowski.shop\\\/fr\\\/produit\\\/linge-de-bain-blanc-lb01-broderie-cali-carmin\\\/\",\"url\":\"https:\\\/\\\/www.old.valeriebarkowski.shop\\\/fr\\\/produit\\\/linge-de-bain-blanc-lb01-broderie-cali-carmin\\\/\",\"name\":\"Serviette de bain Cali, bord\u00e9e de zig-zag carmin\",\"isPartOf\":{\"@id\":\"https:\\\/\\\/www.old.valeriebarkowski.shop\\\/en\\\/#website\"},\"primaryImageOfPage\":{\"@id\":\"https:\\\/\\\/www.old.valeriebarkowski.shop\\\/fr\\\/produit\\\/linge-de-bain-blanc-lb01-broderie-cali-carmin\\\/#primaryimage\"},\"image\":{\"@id\":\"https:\\\/\\\/www.old.valeriebarkowski.shop\\\/fr\\\/produit\\\/linge-de-bain-blanc-lb01-broderie-cali-carmin\\\/#primaryimage\"},\"thumbnailUrl\":\"https:\\\/\\\/www.old.valeriebarkowski.shop\\\/wp-content\\\/uploads\\\/2021\\\/10\\\/CALI-linge-bain-eponge-blanc-finition-carmin-serviette-invite\u0301-vbarkowski-photo-delphine-warin.jpg\",\"datePublished\":\"2021-10-21T11:18:42+00:00\",\"dateModified\":\"2023-04-20T08:44:22+00:00\",\"description\":\"Serviette de bain Cali, brod\u00e9e de zig-zag carmin en \u00e9ponge blanche. Finition by V.Barkowski, faite \u00e0 la main dans nos ateliers par des artisans qualifi\u00e9s.\",\"breadcrumb\":{\"@id\":\"https:\\\/\\\/www.old.valeriebarkowski.shop\\\/fr\\\/produit\\\/linge-de-bain-blanc-lb01-broderie-cali-carmin\\\/#breadcrumb\"},\"inLanguage\":\"fr-FR\",\"potentialAction\":[{\"@type\":\"ReadAction\",\"target\":[\"https:\\\/\\\/www.old.valeriebarkowski.shop\\\/fr\\\/produit\\\/linge-de-bain-blanc-lb01-broderie-cali-carmin\\\/\"]}]},{\"@type\":\"ImageObject\",\"inLanguage\":\"fr-FR\",\"@id\":\"https:\\\/\\\/www.old.valeriebarkowski.shop\\\/fr\\\/produit\\\/linge-de-bain-blanc-lb01-broderie-cali-carmin\\\/#primaryimage\",\"url\":\"https:\\\/\\\/www.old.valeriebarkowski.shop\\\/wp-content\\\/uploads\\\/2021\\\/10\\\/CALI-linge-bain-eponge-blanc-finition-carmin-serviette-invite\u0301-vbarkowski-photo-delphine-warin.jpg\",\"contentUrl\":\"https:\\\/\\\/www.old.valeriebarkowski.shop\\\/wp-content\\\/uploads\\\/2021\\\/10\\\/CALI-linge-bain-eponge-blanc-finition-carmin-serviette-invite\u0301-vbarkowski-photo-delphine-warin.jpg\",\"width\":1181,\"height\":1181},{\"@type\":\"BreadcrumbList\",\"@id\":\"https:\\\/\\\/www.old.valeriebarkowski.shop\\\/fr\\\/produit\\\/linge-de-bain-blanc-lb01-broderie-cali-carmin\\\/#breadcrumb\",\"itemListElement\":[{\"@type\":\"ListItem\",\"position\":1,\"name\":\"Home\",\"item\":\"https:\\\/\\\/www.old.valeriebarkowski.shop\\\/fr\\\/\"},{\"@type\":\"ListItem\",\"position\":2,\"name\":\"Boutique\",\"item\":\"https:\\\/\\\/www.old.valeriebarkowski.shop\\\/fr\\\/boutique\\\/\"},{\"@type\":\"ListItem\",\"position\":3,\"name\":\"Linge de bain blanc LB01 broderie CALI carmin\"}]},{\"@type\":\"WebSite\",\"@id\":\"https:\\\/\\\/www.old.valeriebarkowski.shop\\\/en\\\/#website\",\"url\":\"https:\\\/\\\/www.old.valeriebarkowski.shop\\\/en\\\/\",\"name\":\"The shop by Valerie Barkowski\",\"description\":\"\",\"publisher\":{\"@id\":\"https:\\\/\\\/www.old.valeriebarkowski.shop\\\/en\\\/#organization\"},\"potentialAction\":[{\"@type\":\"SearchAction\",\"target\":{\"@type\":\"EntryPoint\",\"urlTemplate\":\"https:\\\/\\\/www.old.valeriebarkowski.shop\\\/en\\\/?s={search_term_string}\"},\"query-input\":{\"@type\":\"PropertyValueSpecification\",\"valueRequired\":true,\"valueName\":\"search_term_string\"}}],\"inLanguage\":\"fr-FR\"},{\"@type\":\"Organization\",\"@id\":\"https:\\\/\\\/www.old.valeriebarkowski.shop\\\/en\\\/#organization\",\"name\":\"valerie barkowski\",\"url\":\"https:\\\/\\\/www.old.valeriebarkowski.shop\\\/en\\\/\",\"logo\":{\"@type\":\"ImageObject\",\"inLanguage\":\"fr-FR\",\"@id\":\"https:\\\/\\\/www.old.valeriebarkowski.shop\\\/en\\\/#\\\/schema\\\/logo\\\/image\\\/\",\"url\":\"https:\\\/\\\/www.old.valeriebarkowski.shop\\\/wp-content\\\/uploads\\\/2017\\\/02\\\/logo-vb-the-shop-4.png\",\"contentUrl\":\"https:\\\/\\\/www.old.valeriebarkowski.shop\\\/wp-content\\\/uploads\\\/2017\\\/02\\\/logo-vb-the-shop-4.png\",\"width\":437,\"height\":125,\"caption\":\"valerie barkowski\"},\"image\":{\"@id\":\"https:\\\/\\\/www.old.valeriebarkowski.shop\\\/en\\\/#\\\/schema\\\/logo\\\/image\\\/\"},\"sameAs\":[\"https:\\\/\\\/www.facebook.com\\\/valerie.barkowski\",\"https:\\\/\\\/www.instagram.com\\\/webbarkowski\\\/\",\"https:\\\/\\\/fr.pinterest.com\\\/vbarkowski\\\/\"]}]}<\/script>\n<!-- \/ Yoast SEO plugin. -->","yoast_head_json":{"title":"Serviette de bain Cali, bord\u00e9e de zig-zag carmin","description":"Serviette de bain Cali, brod\u00e9e de zig-zag carmin en \u00e9ponge blanche. Finition by V.Barkowski, faite \u00e0 la main dans nos ateliers par des artisans qualifi\u00e9s.","robots":{"index":"noindex","follow":"follow","max-snippet":"max-snippet:-1","max-image-preview":"max-image-preview:large","max-video-preview":"max-video-preview:-1"},"og_locale":"fr_FR","og_type":"article","og_title":"Serviette de bain Cali, bord\u00e9e de zig-zag carmin","og_description":"Serviette de bain Cali, brod\u00e9e de zig-zag carmin en \u00e9ponge blanche. Finition by V.Barkowski, faite \u00e0 la main dans nos ateliers par des artisans qualifi\u00e9s.","og_url":"https:\/\/www.old.valeriebarkowski.shop\/fr\/produit\/linge-de-bain-blanc-lb01-broderie-cali-carmin\/","og_site_name":"The shop by Valerie Barkowski","article_publisher":"https:\/\/www.facebook.com\/valerie.barkowski","article_modified_time":"2023-04-20T08:44:22+00:00","og_image":[{"width":1181,"height":1181,"url":"https:\/\/www.old.valeriebarkowski.shop\/wp-content\/uploads\/2021\/10\/CALI-linge-bain-eponge-blanc-finition-carmin-serviette-invite\u0301-vbarkowski-photo-delphine-warin.jpg","type":"image\/jpeg"}],"twitter_card":"summary_large_image","twitter_misc":{"Dur\u00e9e de lecture estim\u00e9e":"1 minute"},"schema":{"@context":"https:\/\/schema.org","@graph":[{"@type":"WebPage","@id":"https:\/\/www.old.valeriebarkowski.shop\/fr\/produit\/linge-de-bain-blanc-lb01-broderie-cali-carmin\/","url":"https:\/\/www.old.valeriebarkowski.shop\/fr\/produit\/linge-de-bain-blanc-lb01-broderie-cali-carmin\/","name":"Serviette de bain Cali, bord\u00e9e de zig-zag carmin","isPartOf":{"@id":"https:\/\/www.old.valeriebarkowski.shop\/en\/#website"},"primaryImageOfPage":{"@id":"https:\/\/www.old.valeriebarkowski.shop\/fr\/produit\/linge-de-bain-blanc-lb01-broderie-cali-carmin\/#primaryimage"},"image":{"@id":"https:\/\/www.old.valeriebarkowski.shop\/fr\/produit\/linge-de-bain-blanc-lb01-broderie-cali-carmin\/#primaryimage"},"thumbnailUrl":"https:\/\/www.old.valeriebarkowski.shop\/wp-content\/uploads\/2021\/10\/CALI-linge-bain-eponge-blanc-finition-carmin-serviette-invite\u0301-vbarkowski-photo-delphine-warin.jpg","datePublished":"2021-10-21T11:18:42+00:00","dateModified":"2023-04-20T08:44:22+00:00","description":"Serviette de bain Cali, brod\u00e9e de zig-zag carmin en \u00e9ponge blanche. Finition by V.Barkowski, faite \u00e0 la main dans nos ateliers par des artisans qualifi\u00e9s.","breadcrumb":{"@id":"https:\/\/www.old.valeriebarkowski.shop\/fr\/produit\/linge-de-bain-blanc-lb01-broderie-cali-carmin\/#breadcrumb"},"inLanguage":"fr-FR","potentialAction":[{"@type":"ReadAction","target":["https:\/\/www.old.valeriebarkowski.shop\/fr\/produit\/linge-de-bain-blanc-lb01-broderie-cali-carmin\/"]}]},{"@type":"ImageObject","inLanguage":"fr-FR","@id":"https:\/\/www.old.valeriebarkowski.shop\/fr\/produit\/linge-de-bain-blanc-lb01-broderie-cali-carmin\/#primaryimage","url":"https:\/\/www.old.valeriebarkowski.shop\/wp-content\/uploads\/2021\/10\/CALI-linge-bain-eponge-blanc-finition-carmin-serviette-invite\u0301-vbarkowski-photo-delphine-warin.jpg","contentUrl":"https:\/\/www.old.valeriebarkowski.shop\/wp-content\/uploads\/2021\/10\/CALI-linge-bain-eponge-blanc-finition-carmin-serviette-invite\u0301-vbarkowski-photo-delphine-warin.jpg","width":1181,"height":1181},{"@type":"BreadcrumbList","@id":"https:\/\/www.old.valeriebarkowski.shop\/fr\/produit\/linge-de-bain-blanc-lb01-broderie-cali-carmin\/#breadcrumb","itemListElement":[{"@type":"ListItem","position":1,"name":"Home","item":"https:\/\/www.old.valeriebarkowski.shop\/fr\/"},{"@type":"ListItem","position":2,"name":"Boutique","item":"https:\/\/www.old.valeriebarkowski.shop\/fr\/boutique\/"},{"@type":"ListItem","position":3,"name":"Linge de bain blanc LB01 broderie CALI carmin"}]},{"@type":"WebSite","@id":"https:\/\/www.old.valeriebarkowski.shop\/en\/#website","url":"https:\/\/www.old.valeriebarkowski.shop\/en\/","name":"The shop by Valerie Barkowski","description":"","publisher":{"@id":"https:\/\/www.old.valeriebarkowski.shop\/en\/#organization"},"potentialAction":[{"@type":"SearchAction","target":{"@type":"EntryPoint","urlTemplate":"https:\/\/www.old.valeriebarkowski.shop\/en\/?s={search_term_string}"},"query-input":{"@type":"PropertyValueSpecification","valueRequired":true,"valueName":"search_term_string"}}],"inLanguage":"fr-FR"},{"@type":"Organization","@id":"https:\/\/www.old.valeriebarkowski.shop\/en\/#organization","name":"valerie barkowski","url":"https:\/\/www.old.valeriebarkowski.shop\/en\/","logo":{"@type":"ImageObject","inLanguage":"fr-FR","@id":"https:\/\/www.old.valeriebarkowski.shop\/en\/#\/schema\/logo\/image\/","url":"https:\/\/www.old.valeriebarkowski.shop\/wp-content\/uploads\/2017\/02\/logo-vb-the-shop-4.png","contentUrl":"https:\/\/www.old.valeriebarkowski.shop\/wp-content\/uploads\/2017\/02\/logo-vb-the-shop-4.png","width":437,"height":125,"caption":"valerie barkowski"},"image":{"@id":"https:\/\/www.old.valeriebarkowski.shop\/en\/#\/schema\/logo\/image\/"},"sameAs":["https:\/\/www.facebook.com\/valerie.barkowski","https:\/\/www.instagram.com\/webbarkowski\/","https:\/\/fr.pinterest.com\/vbarkowski\/"]}]}},"_links":{"self":[{"href":"https:\/\/www.old.valeriebarkowski.shop\/fr\/wp-json\/wp\/v2\/product\/11347","targetHints":{"allow":["GET"]}}],"collection":[{"href":"https:\/\/www.old.valeriebarkowski.shop\/fr\/wp-json\/wp\/v2\/product"}],"about":[{"href":"https:\/\/www.old.valeriebarkowski.shop\/fr\/wp-json\/wp\/v2\/types\/product"}],"replies":[{"embeddable":true,"href":"https:\/\/www.old.valeriebarkowski.shop\/fr\/wp-json\/wp\/v2\/comments?post=11347"}],"wp:featuredmedia":[{"embeddable":true,"href":"https:\/\/www.old.valeriebarkowski.shop\/fr\/wp-json\/wp\/v2\/media\/11324"}],"wp:attachment":[{"href":"https:\/\/www.old.valeriebarkowski.shop\/fr\/wp-json\/wp\/v2\/media?parent=11347"}],"wp:term":[{"taxonomy":"product_cat","embeddable":true,"href":"https:\/\/www.old.valeriebarkowski.shop\/fr\/wp-json\/wp\/v2\/product_cat?post=11347"},{"taxonomy":"product_tag","embeddable":true,"href":"https:\/\/www.old.valeriebarkowski.shop\/fr\/wp-json\/wp\/v2\/product_tag?post=11347"}],"curies":[{"name":"wp","href":"https:\/\/api.w.org\/{rel}","templated":true}]}}