{"id":12509,"date":"2023-04-26T18:16:16","date_gmt":"2023-04-26T16:16:16","guid":{"rendered":"https:\/\/www.valeriebarkowski.shop\/?post_type=product&#038;p=12509"},"modified":"2025-04-17T15:42:42","modified_gmt":"2025-04-17T13:42:42","slug":"linge-de-bain-lb01-cali-prune","status":"publish","type":"product","link":"https:\/\/www.old.valeriebarkowski.shop\/fr\/produit\/linge-de-bain-lb01-cali-prune\/","title":{"rendered":"Linge de bain blanc LB01 broderie CALI prune"},"content":{"rendered":"<h3>Linge de bain blanc \u00e0 broderie prune<\/h3>\n<p>Le linge de bain CALI en \u00e9ponge blanche brod\u00e9 sur les 4 bords avec un zig zag irr\u00e9gulier couleur prune est un choix \u00e9l\u00e9gant pour tous ceux qui cherchent \u00e0 ajouter une touche de sophistication \u00e0 leur salle de bain. Fabriqu\u00e9 \u00e0 partir de mat\u00e9riaux de haute qualit\u00e9, ce linge de bain est doux et moelleux au toucher, offrant une exp\u00e9rience de s\u00e9chage confortable apr\u00e8s une douche ou un bain.<\/p>\n<p>La broderie CALI ajoute une touche de style contemporain \u00e0 la simplicit\u00e9 intemporelle de l&rsquo;\u00e9ponge blanche, cr\u00e9ant une belle combinaison de textures et de couleurs. Les bords brod\u00e9s ajoutent \u00e9galement une touche de sophistication et de finition \u00e0 l&rsquo;ensemble.<\/p>\n<p>Ce linge de bain est \u00e9galement tr\u00e8s pratique et facile \u00e0 entretenir. Il peut \u00eatre lav\u00e9 en machine en programme d\u00e9licat \u00e0 40\u00b0. De plus, gr\u00e2ce \u00e0 sa couleur blanche et \u00e0 sa broderie prune, il est facile de l&rsquo;assortir \u00e0 d&rsquo;autres produits de nos collections tels que le linge de bain <a href=\"https:\/\/www.old.valeriebarkowski.shop\/fr\/produit\/linge-de-bain-lb01-lamu-prune\/\">LAMU<\/a> ou encore nos babouches <a href=\"https:\/\/www.old.valeriebarkowski.shop\/en\/product\/babouches-off-white-embroidery-spiral-plum\/\">SPIRAL<\/a>.<\/p>\n<p>Cali prune, une broderie haut de gamme qui se d\u00e9cline en draps de bain, serviettes de bain, serviettes invit\u00e9 et tapis de bain.<\/p>\n<p>Ce linge de bain \u00e0 broderie prune est disponible en diff\u00e9rentes tailles pour r\u00e9pondre \u00e0 tous les besoins. De la petite serviett\u00e9 invit\u00e9 au grand drap de bain, mais aussi la taille interm\u00e9diaire qui convient parfaitement pour une utilisation en voyage ou pour les moments de d\u00e9tente au spa.<\/p>\n<p>Enfin, le linge de bain CALI en \u00e9ponge blanche brod\u00e9 sur les 4 bords avec un zig zag irr\u00e9gulier prune est un cadeau parfait pour toutes les occasions. El\u00e9gant, pratique et facile \u00e0 entretenir, et il est certain de plaire \u00e0 tous ceux qui aiment les produits de qualit\u00e9 sup\u00e9rieure pour leur int\u00e9rieur. Pour une exp\u00e9rience de bain luxueuse et confortable.<\/p>\n","protected":false},"excerpt":{"rendered":"<h3>Linge de bain Cali<\/h3>\n<p>Linge de bain Cali en \u00e9ponge blanche brod\u00e9e.<\/p>\n<p>Serviettes \u00e9ponge 100% coton peign\u00e9, 700gr\/m2.<\/p>\n<p>Ce mod\u00e8le existe en 4 tailles :<\/p>\n","protected":false},"featured_media":12510,"comment_status":"closed","ping_status":"closed","template":"","meta":[],"product_cat":[1419,16,101],"product_tag":[1243,1248,1430,1339,1711],"class_list":{"0":"post-12509","1":"product","2":"type-product","3":"status-publish","4":"has-post-thumbnail","6":"product_cat-cali-broderies","7":"product_cat-linge-de-bain-raffine","8":"product_cat-en-eponge-blanche","9":"product_tag-broderies","10":"product_tag-fait-main","11":"product_tag-linge-de-bain","12":"product_tag-prune","13":"product_tag-zigzag","15":"first","16":"instock","17":"taxable","18":"shipping-taxable","19":"purchasable","20":"product-type-variable"},"yoast_head":"<!-- This site is optimized with the Yoast SEO plugin v27.3 - https:\/\/yoast.com\/product\/yoast-seo-wordpress\/ -->\n<title>Serviette de bain Cali, bord\u00e9e de zig zag prune<\/title>\n<meta name=\"description\" content=\"Linge de bain blanc Cali \u00e0 broderie prune. Finition by Val\u00e9rie Barkowski, faite \u00e0 la main dans nos ateliers par des artisans qualifi\u00e9s.\" \/>\n<meta name=\"robots\" content=\"noindex, follow, max-snippet:-1, max-image-preview:large, max-video-preview:-1\" \/>\n<meta property=\"og:locale\" content=\"fr_FR\" \/>\n<meta property=\"og:type\" content=\"article\" \/>\n<meta property=\"og:title\" content=\"Serviette de bain Cali, bord\u00e9e de zig zag prune\" \/>\n<meta property=\"og:description\" content=\"Linge de bain blanc Cali \u00e0 broderie prune. Finition by Val\u00e9rie Barkowski, faite \u00e0 la main dans nos ateliers par des artisans qualifi\u00e9s.\" \/>\n<meta property=\"og:url\" content=\"https:\/\/www.old.valeriebarkowski.shop\/fr\/produit\/linge-de-bain-lb01-cali-prune\/\" \/>\n<meta property=\"og:site_name\" content=\"The shop by Valerie Barkowski\" \/>\n<meta property=\"article:publisher\" content=\"https:\/\/www.facebook.com\/valerie.barkowski\" \/>\n<meta property=\"article:modified_time\" content=\"2025-04-17T13:42:42+00:00\" \/>\n<meta property=\"og:image\" content=\"https:\/\/www.old.valeriebarkowski.shop\/wp-content\/uploads\/2023\/04\/CALI-linge-bain-eponge-blanc-finition-plum-vbarkowski-photo-manon-de-clercq-6.jpg\" \/>\n\t<meta property=\"og:image:width\" content=\"1181\" \/>\n\t<meta property=\"og:image:height\" content=\"1181\" \/>\n\t<meta property=\"og:image:type\" content=\"image\/jpeg\" \/>\n<meta name=\"twitter:card\" content=\"summary_large_image\" \/>\n<meta name=\"twitter:label1\" content=\"Dur\u00e9e de lecture estim\u00e9e\" \/>\n\t<meta name=\"twitter:data1\" content=\"2 minutes\" \/>\n<script type=\"application\/ld+json\" class=\"yoast-schema-graph\">{\"@context\":\"https:\\\/\\\/schema.org\",\"@graph\":[{\"@type\":\"WebPage\",\"@id\":\"https:\\\/\\\/www.old.valeriebarkowski.shop\\\/fr\\\/produit\\\/linge-de-bain-lb01-cali-prune\\\/\",\"url\":\"https:\\\/\\\/www.old.valeriebarkowski.shop\\\/fr\\\/produit\\\/linge-de-bain-lb01-cali-prune\\\/\",\"name\":\"Serviette de bain Cali, bord\u00e9e de zig zag prune\",\"isPartOf\":{\"@id\":\"https:\\\/\\\/www.old.valeriebarkowski.shop\\\/en\\\/#website\"},\"primaryImageOfPage\":{\"@id\":\"https:\\\/\\\/www.old.valeriebarkowski.shop\\\/fr\\\/produit\\\/linge-de-bain-lb01-cali-prune\\\/#primaryimage\"},\"image\":{\"@id\":\"https:\\\/\\\/www.old.valeriebarkowski.shop\\\/fr\\\/produit\\\/linge-de-bain-lb01-cali-prune\\\/#primaryimage\"},\"thumbnailUrl\":\"https:\\\/\\\/www.old.valeriebarkowski.shop\\\/wp-content\\\/uploads\\\/2023\\\/04\\\/CALI-linge-bain-eponge-blanc-finition-plum-vbarkowski-photo-manon-de-clercq-6.jpg\",\"datePublished\":\"2023-04-26T16:16:16+00:00\",\"dateModified\":\"2025-04-17T13:42:42+00:00\",\"description\":\"Linge de bain blanc Cali \u00e0 broderie prune. Finition by Val\u00e9rie Barkowski, faite \u00e0 la main dans nos ateliers par des artisans qualifi\u00e9s.\",\"breadcrumb\":{\"@id\":\"https:\\\/\\\/www.old.valeriebarkowski.shop\\\/fr\\\/produit\\\/linge-de-bain-lb01-cali-prune\\\/#breadcrumb\"},\"inLanguage\":\"fr-FR\",\"potentialAction\":[{\"@type\":\"ReadAction\",\"target\":[\"https:\\\/\\\/www.old.valeriebarkowski.shop\\\/fr\\\/produit\\\/linge-de-bain-lb01-cali-prune\\\/\"]}]},{\"@type\":\"ImageObject\",\"inLanguage\":\"fr-FR\",\"@id\":\"https:\\\/\\\/www.old.valeriebarkowski.shop\\\/fr\\\/produit\\\/linge-de-bain-lb01-cali-prune\\\/#primaryimage\",\"url\":\"https:\\\/\\\/www.old.valeriebarkowski.shop\\\/wp-content\\\/uploads\\\/2023\\\/04\\\/CALI-linge-bain-eponge-blanc-finition-plum-vbarkowski-photo-manon-de-clercq-6.jpg\",\"contentUrl\":\"https:\\\/\\\/www.old.valeriebarkowski.shop\\\/wp-content\\\/uploads\\\/2023\\\/04\\\/CALI-linge-bain-eponge-blanc-finition-plum-vbarkowski-photo-manon-de-clercq-6.jpg\",\"width\":1181,\"height\":1181},{\"@type\":\"BreadcrumbList\",\"@id\":\"https:\\\/\\\/www.old.valeriebarkowski.shop\\\/fr\\\/produit\\\/linge-de-bain-lb01-cali-prune\\\/#breadcrumb\",\"itemListElement\":[{\"@type\":\"ListItem\",\"position\":1,\"name\":\"Home\",\"item\":\"https:\\\/\\\/www.old.valeriebarkowski.shop\\\/fr\\\/\"},{\"@type\":\"ListItem\",\"position\":2,\"name\":\"Boutique\",\"item\":\"https:\\\/\\\/www.old.valeriebarkowski.shop\\\/fr\\\/boutique\\\/\"},{\"@type\":\"ListItem\",\"position\":3,\"name\":\"Linge de bain blanc LB01 broderie CALI prune\"}]},{\"@type\":\"WebSite\",\"@id\":\"https:\\\/\\\/www.old.valeriebarkowski.shop\\\/en\\\/#website\",\"url\":\"https:\\\/\\\/www.old.valeriebarkowski.shop\\\/en\\\/\",\"name\":\"The shop by Valerie Barkowski\",\"description\":\"\",\"publisher\":{\"@id\":\"https:\\\/\\\/www.old.valeriebarkowski.shop\\\/en\\\/#organization\"},\"potentialAction\":[{\"@type\":\"SearchAction\",\"target\":{\"@type\":\"EntryPoint\",\"urlTemplate\":\"https:\\\/\\\/www.old.valeriebarkowski.shop\\\/en\\\/?s={search_term_string}\"},\"query-input\":{\"@type\":\"PropertyValueSpecification\",\"valueRequired\":true,\"valueName\":\"search_term_string\"}}],\"inLanguage\":\"fr-FR\"},{\"@type\":\"Organization\",\"@id\":\"https:\\\/\\\/www.old.valeriebarkowski.shop\\\/en\\\/#organization\",\"name\":\"valerie barkowski\",\"url\":\"https:\\\/\\\/www.old.valeriebarkowski.shop\\\/en\\\/\",\"logo\":{\"@type\":\"ImageObject\",\"inLanguage\":\"fr-FR\",\"@id\":\"https:\\\/\\\/www.old.valeriebarkowski.shop\\\/en\\\/#\\\/schema\\\/logo\\\/image\\\/\",\"url\":\"https:\\\/\\\/www.old.valeriebarkowski.shop\\\/wp-content\\\/uploads\\\/2017\\\/02\\\/logo-vb-the-shop-4.png\",\"contentUrl\":\"https:\\\/\\\/www.old.valeriebarkowski.shop\\\/wp-content\\\/uploads\\\/2017\\\/02\\\/logo-vb-the-shop-4.png\",\"width\":437,\"height\":125,\"caption\":\"valerie barkowski\"},\"image\":{\"@id\":\"https:\\\/\\\/www.old.valeriebarkowski.shop\\\/en\\\/#\\\/schema\\\/logo\\\/image\\\/\"},\"sameAs\":[\"https:\\\/\\\/www.facebook.com\\\/valerie.barkowski\",\"https:\\\/\\\/www.instagram.com\\\/webbarkowski\\\/\",\"https:\\\/\\\/fr.pinterest.com\\\/vbarkowski\\\/\"]}]}<\/script>\n<!-- \/ Yoast SEO plugin. -->","yoast_head_json":{"title":"Serviette de bain Cali, bord\u00e9e de zig zag prune","description":"Linge de bain blanc Cali \u00e0 broderie prune. Finition by Val\u00e9rie Barkowski, faite \u00e0 la main dans nos ateliers par des artisans qualifi\u00e9s.","robots":{"index":"noindex","follow":"follow","max-snippet":"max-snippet:-1","max-image-preview":"max-image-preview:large","max-video-preview":"max-video-preview:-1"},"og_locale":"fr_FR","og_type":"article","og_title":"Serviette de bain Cali, bord\u00e9e de zig zag prune","og_description":"Linge de bain blanc Cali \u00e0 broderie prune. Finition by Val\u00e9rie Barkowski, faite \u00e0 la main dans nos ateliers par des artisans qualifi\u00e9s.","og_url":"https:\/\/www.old.valeriebarkowski.shop\/fr\/produit\/linge-de-bain-lb01-cali-prune\/","og_site_name":"The shop by Valerie Barkowski","article_publisher":"https:\/\/www.facebook.com\/valerie.barkowski","article_modified_time":"2025-04-17T13:42:42+00:00","og_image":[{"width":1181,"height":1181,"url":"https:\/\/www.old.valeriebarkowski.shop\/wp-content\/uploads\/2023\/04\/CALI-linge-bain-eponge-blanc-finition-plum-vbarkowski-photo-manon-de-clercq-6.jpg","type":"image\/jpeg"}],"twitter_card":"summary_large_image","twitter_misc":{"Dur\u00e9e de lecture estim\u00e9e":"2 minutes"},"schema":{"@context":"https:\/\/schema.org","@graph":[{"@type":"WebPage","@id":"https:\/\/www.old.valeriebarkowski.shop\/fr\/produit\/linge-de-bain-lb01-cali-prune\/","url":"https:\/\/www.old.valeriebarkowski.shop\/fr\/produit\/linge-de-bain-lb01-cali-prune\/","name":"Serviette de bain Cali, bord\u00e9e de zig zag prune","isPartOf":{"@id":"https:\/\/www.old.valeriebarkowski.shop\/en\/#website"},"primaryImageOfPage":{"@id":"https:\/\/www.old.valeriebarkowski.shop\/fr\/produit\/linge-de-bain-lb01-cali-prune\/#primaryimage"},"image":{"@id":"https:\/\/www.old.valeriebarkowski.shop\/fr\/produit\/linge-de-bain-lb01-cali-prune\/#primaryimage"},"thumbnailUrl":"https:\/\/www.old.valeriebarkowski.shop\/wp-content\/uploads\/2023\/04\/CALI-linge-bain-eponge-blanc-finition-plum-vbarkowski-photo-manon-de-clercq-6.jpg","datePublished":"2023-04-26T16:16:16+00:00","dateModified":"2025-04-17T13:42:42+00:00","description":"Linge de bain blanc Cali \u00e0 broderie prune. Finition by Val\u00e9rie Barkowski, faite \u00e0 la main dans nos ateliers par des artisans qualifi\u00e9s.","breadcrumb":{"@id":"https:\/\/www.old.valeriebarkowski.shop\/fr\/produit\/linge-de-bain-lb01-cali-prune\/#breadcrumb"},"inLanguage":"fr-FR","potentialAction":[{"@type":"ReadAction","target":["https:\/\/www.old.valeriebarkowski.shop\/fr\/produit\/linge-de-bain-lb01-cali-prune\/"]}]},{"@type":"ImageObject","inLanguage":"fr-FR","@id":"https:\/\/www.old.valeriebarkowski.shop\/fr\/produit\/linge-de-bain-lb01-cali-prune\/#primaryimage","url":"https:\/\/www.old.valeriebarkowski.shop\/wp-content\/uploads\/2023\/04\/CALI-linge-bain-eponge-blanc-finition-plum-vbarkowski-photo-manon-de-clercq-6.jpg","contentUrl":"https:\/\/www.old.valeriebarkowski.shop\/wp-content\/uploads\/2023\/04\/CALI-linge-bain-eponge-blanc-finition-plum-vbarkowski-photo-manon-de-clercq-6.jpg","width":1181,"height":1181},{"@type":"BreadcrumbList","@id":"https:\/\/www.old.valeriebarkowski.shop\/fr\/produit\/linge-de-bain-lb01-cali-prune\/#breadcrumb","itemListElement":[{"@type":"ListItem","position":1,"name":"Home","item":"https:\/\/www.old.valeriebarkowski.shop\/fr\/"},{"@type":"ListItem","position":2,"name":"Boutique","item":"https:\/\/www.old.valeriebarkowski.shop\/fr\/boutique\/"},{"@type":"ListItem","position":3,"name":"Linge de bain blanc LB01 broderie CALI prune"}]},{"@type":"WebSite","@id":"https:\/\/www.old.valeriebarkowski.shop\/en\/#website","url":"https:\/\/www.old.valeriebarkowski.shop\/en\/","name":"The shop by Valerie Barkowski","description":"","publisher":{"@id":"https:\/\/www.old.valeriebarkowski.shop\/en\/#organization"},"potentialAction":[{"@type":"SearchAction","target":{"@type":"EntryPoint","urlTemplate":"https:\/\/www.old.valeriebarkowski.shop\/en\/?s={search_term_string}"},"query-input":{"@type":"PropertyValueSpecification","valueRequired":true,"valueName":"search_term_string"}}],"inLanguage":"fr-FR"},{"@type":"Organization","@id":"https:\/\/www.old.valeriebarkowski.shop\/en\/#organization","name":"valerie barkowski","url":"https:\/\/www.old.valeriebarkowski.shop\/en\/","logo":{"@type":"ImageObject","inLanguage":"fr-FR","@id":"https:\/\/www.old.valeriebarkowski.shop\/en\/#\/schema\/logo\/image\/","url":"https:\/\/www.old.valeriebarkowski.shop\/wp-content\/uploads\/2017\/02\/logo-vb-the-shop-4.png","contentUrl":"https:\/\/www.old.valeriebarkowski.shop\/wp-content\/uploads\/2017\/02\/logo-vb-the-shop-4.png","width":437,"height":125,"caption":"valerie barkowski"},"image":{"@id":"https:\/\/www.old.valeriebarkowski.shop\/en\/#\/schema\/logo\/image\/"},"sameAs":["https:\/\/www.facebook.com\/valerie.barkowski","https:\/\/www.instagram.com\/webbarkowski\/","https:\/\/fr.pinterest.com\/vbarkowski\/"]}]}},"_links":{"self":[{"href":"https:\/\/www.old.valeriebarkowski.shop\/fr\/wp-json\/wp\/v2\/product\/12509","targetHints":{"allow":["GET"]}}],"collection":[{"href":"https:\/\/www.old.valeriebarkowski.shop\/fr\/wp-json\/wp\/v2\/product"}],"about":[{"href":"https:\/\/www.old.valeriebarkowski.shop\/fr\/wp-json\/wp\/v2\/types\/product"}],"replies":[{"embeddable":true,"href":"https:\/\/www.old.valeriebarkowski.shop\/fr\/wp-json\/wp\/v2\/comments?post=12509"}],"wp:featuredmedia":[{"embeddable":true,"href":"https:\/\/www.old.valeriebarkowski.shop\/fr\/wp-json\/wp\/v2\/media\/12510"}],"wp:attachment":[{"href":"https:\/\/www.old.valeriebarkowski.shop\/fr\/wp-json\/wp\/v2\/media?parent=12509"}],"wp:term":[{"taxonomy":"product_cat","embeddable":true,"href":"https:\/\/www.old.valeriebarkowski.shop\/fr\/wp-json\/wp\/v2\/product_cat?post=12509"},{"taxonomy":"product_tag","embeddable":true,"href":"https:\/\/www.old.valeriebarkowski.shop\/fr\/wp-json\/wp\/v2\/product_tag?post=12509"}],"curies":[{"name":"wp","href":"https:\/\/api.w.org\/{rel}","templated":true}]}}