{"id":12571,"date":"2023-06-22T19:27:49","date_gmt":"2023-06-22T17:27:49","guid":{"rendered":"https:\/\/www.valeriebarkowski.shop\/?post_type=product&#038;p=12571"},"modified":"2024-11-15T13:41:56","modified_gmt":"2024-11-15T12:41:56","slug":"linge-de-bain-blanc-lb01-broderie-cali-water","status":"publish","type":"product","link":"https:\/\/www.old.valeriebarkowski.shop\/fr\/produit\/linge-de-bain-blanc-lb01-broderie-cali-water\/","title":{"rendered":"Linge de bain blanc LB01 broderie CALI water"},"content":{"rendered":"<h2>Linge de bain blanc \u00e0 broderie water<\/h2>\n<p>La finition Cali water est brod\u00e9e sur les 4 c\u00f4t\u00e9s de la serviette invit\u00e9, de la serviette de bain et du drap de bain. Chaque c\u00f4t\u00e9 brod\u00e9 est fini avec un point irr\u00e9gulier qui dessine un zig-zag.. La broderie water se place de fa\u00e7on al\u00e9atoire. Le tout pour un linge de bain blanc brod\u00e9 avec une broderie bleu water raffin\u00e9e, unique et intemporelle.<\/p>\n<h2>Cali water, une broderie haut de gamme qui se d\u00e9cline en draps de bain, serviettes de bain et serviettes invit\u00e9.<\/h2>\n<p>Il existe 4 dimensions pour ce mod\u00e8le :<\/p>\n<p><strong>Drap\u00a0de bain 100cm x 150cm<\/strong><br \/>\n<strong>Serviette de bain 50cm x 100cm<\/strong><br \/>\n<strong>Serviette invit\u00e9 30cmx 50cm<\/strong><br \/>\n<strong>Tapis de bain 54cmx 90cm<\/strong><\/p>\n<p>Notez toutefois qu\u2019il vous est possible de choisir la couleur de la broderie de votre linge de bain sur demande. Faites nous parvenir votre demande par mail via la rubrique de contact. Le linge de bain haut de gamme V. Barkowski est brod\u00e9 dans notre atelier au Maroc.<\/p>\n<h2>Linge de bain blanc \u00e0 broderie water<\/h2>\n<p class=\"normal\">Le linge de bain \u00e0 broderie water Cali est en \u00e9ponge blanche de coton.<\/p>\n<p class=\"normal\">V. Barkowski propose des draps de bain, serviettes de bain et serviettes invit\u00e9 lavables en machine en programme d\u00e9licat \u00e0 40 degr\u00e9s.<\/p>\n<p>Le linge de bain Cali s\u2019assemble bien avec les finitions\u00a0MEMBA\u00a0et\u00a0TRASS.<\/p>\n","protected":false},"excerpt":{"rendered":"<h3>Linge de bain Cali &#8211; serviettes<\/h3>\n<p>Linge de bain Cali en \u00e9ponge blanche, brod\u00e9 main.<br \/>\nServiette \u00e9ponge 100% coton peign\u00e9, 700gr\/m2.<\/p>\n<p>Ce mod\u00e8le existe en 4 tailles :<\/p>\n","protected":false},"featured_media":12592,"comment_status":"closed","ping_status":"closed","template":"","meta":[],"product_cat":[1585,1419,16,101],"product_tag":[1712,928,949,927,926,1541],"class_list":{"0":"post-12571","1":"product","2":"type-product","3":"status-publish","4":"has-post-thumbnail","6":"product_cat-broderies","7":"product_cat-cali-broderies","8":"product_cat-linge-de-bain-raffine","9":"product_cat-en-eponge-blanche","10":"product_tag-bleu-water","11":"product_tag-drap-de-bain-100x150","12":"product_tag-eponge-blanche","13":"product_tag-serviette-de-bain-50x100","14":"product_tag-serviette-invite-30x50","15":"product_tag-tapis-de-bain","17":"first","18":"instock","19":"taxable","20":"shipping-taxable","21":"purchasable","22":"product-type-variable","23":"has-default-attributes"},"yoast_head":"<!-- This site is optimized with the Yoast SEO plugin v27.3 - https:\/\/yoast.com\/product\/yoast-seo-wordpress\/ -->\n<title>Serviette de bain Cali, bord\u00e9e de zig-zag water<\/title>\n<meta name=\"description\" content=\"Serviette de bain Cali, brod\u00e9e de zig-zag water en \u00e9ponge blanche. Finition by V.Barkowski, faite \u00e0 la main dans nos ateliers par des artisans qualifi\u00e9s.\" \/>\n<meta name=\"robots\" content=\"noindex, follow, max-snippet:-1, max-image-preview:large, max-video-preview:-1\" \/>\n<meta property=\"og:locale\" content=\"fr_FR\" \/>\n<meta property=\"og:type\" content=\"article\" \/>\n<meta property=\"og:title\" content=\"Serviette de bain Cali, bord\u00e9e de zig-zag water\" \/>\n<meta property=\"og:description\" content=\"Serviette de bain Cali, brod\u00e9e de zig-zag water en \u00e9ponge blanche. Finition by V.Barkowski, faite \u00e0 la main dans nos ateliers par des artisans qualifi\u00e9s.\" \/>\n<meta property=\"og:url\" content=\"https:\/\/www.old.valeriebarkowski.shop\/fr\/produit\/linge-de-bain-blanc-lb01-broderie-cali-water\/\" \/>\n<meta property=\"og:site_name\" content=\"The shop by Valerie Barkowski\" \/>\n<meta property=\"article:publisher\" content=\"https:\/\/www.facebook.com\/valerie.barkowski\" \/>\n<meta property=\"article:modified_time\" content=\"2024-11-15T12:41:56+00:00\" \/>\n<meta property=\"og:image\" content=\"https:\/\/www.old.valeriebarkowski.shop\/wp-content\/uploads\/2023\/06\/CALI-linge-bain-eponge-blanc-finition-water-vbarkowski-photo-manon-de-clercq-7.jpg\" \/>\n\t<meta property=\"og:image:width\" content=\"1181\" \/>\n\t<meta property=\"og:image:height\" content=\"1181\" \/>\n\t<meta property=\"og:image:type\" content=\"image\/jpeg\" \/>\n<meta name=\"twitter:card\" content=\"summary_large_image\" \/>\n<meta name=\"twitter:label1\" content=\"Dur\u00e9e de lecture estim\u00e9e\" \/>\n\t<meta name=\"twitter:data1\" content=\"1 minute\" \/>\n<script type=\"application\/ld+json\" class=\"yoast-schema-graph\">{\"@context\":\"https:\\\/\\\/schema.org\",\"@graph\":[{\"@type\":\"WebPage\",\"@id\":\"https:\\\/\\\/www.old.valeriebarkowski.shop\\\/fr\\\/produit\\\/linge-de-bain-blanc-lb01-broderie-cali-water\\\/\",\"url\":\"https:\\\/\\\/www.old.valeriebarkowski.shop\\\/fr\\\/produit\\\/linge-de-bain-blanc-lb01-broderie-cali-water\\\/\",\"name\":\"Serviette de bain Cali, bord\u00e9e de zig-zag water\",\"isPartOf\":{\"@id\":\"https:\\\/\\\/www.old.valeriebarkowski.shop\\\/en\\\/#website\"},\"primaryImageOfPage\":{\"@id\":\"https:\\\/\\\/www.old.valeriebarkowski.shop\\\/fr\\\/produit\\\/linge-de-bain-blanc-lb01-broderie-cali-water\\\/#primaryimage\"},\"image\":{\"@id\":\"https:\\\/\\\/www.old.valeriebarkowski.shop\\\/fr\\\/produit\\\/linge-de-bain-blanc-lb01-broderie-cali-water\\\/#primaryimage\"},\"thumbnailUrl\":\"https:\\\/\\\/www.old.valeriebarkowski.shop\\\/wp-content\\\/uploads\\\/2023\\\/06\\\/CALI-linge-bain-eponge-blanc-finition-water-vbarkowski-photo-manon-de-clercq-7.jpg\",\"datePublished\":\"2023-06-22T17:27:49+00:00\",\"dateModified\":\"2024-11-15T12:41:56+00:00\",\"description\":\"Serviette de bain Cali, brod\u00e9e de zig-zag water en \u00e9ponge blanche. Finition by V.Barkowski, faite \u00e0 la main dans nos ateliers par des artisans qualifi\u00e9s.\",\"breadcrumb\":{\"@id\":\"https:\\\/\\\/www.old.valeriebarkowski.shop\\\/fr\\\/produit\\\/linge-de-bain-blanc-lb01-broderie-cali-water\\\/#breadcrumb\"},\"inLanguage\":\"fr-FR\",\"potentialAction\":[{\"@type\":\"ReadAction\",\"target\":[\"https:\\\/\\\/www.old.valeriebarkowski.shop\\\/fr\\\/produit\\\/linge-de-bain-blanc-lb01-broderie-cali-water\\\/\"]}]},{\"@type\":\"ImageObject\",\"inLanguage\":\"fr-FR\",\"@id\":\"https:\\\/\\\/www.old.valeriebarkowski.shop\\\/fr\\\/produit\\\/linge-de-bain-blanc-lb01-broderie-cali-water\\\/#primaryimage\",\"url\":\"https:\\\/\\\/www.old.valeriebarkowski.shop\\\/wp-content\\\/uploads\\\/2023\\\/06\\\/CALI-linge-bain-eponge-blanc-finition-water-vbarkowski-photo-manon-de-clercq-7.jpg\",\"contentUrl\":\"https:\\\/\\\/www.old.valeriebarkowski.shop\\\/wp-content\\\/uploads\\\/2023\\\/06\\\/CALI-linge-bain-eponge-blanc-finition-water-vbarkowski-photo-manon-de-clercq-7.jpg\",\"width\":1181,\"height\":1181},{\"@type\":\"BreadcrumbList\",\"@id\":\"https:\\\/\\\/www.old.valeriebarkowski.shop\\\/fr\\\/produit\\\/linge-de-bain-blanc-lb01-broderie-cali-water\\\/#breadcrumb\",\"itemListElement\":[{\"@type\":\"ListItem\",\"position\":1,\"name\":\"Home\",\"item\":\"https:\\\/\\\/www.old.valeriebarkowski.shop\\\/fr\\\/\"},{\"@type\":\"ListItem\",\"position\":2,\"name\":\"Boutique\",\"item\":\"https:\\\/\\\/www.old.valeriebarkowski.shop\\\/fr\\\/boutique\\\/\"},{\"@type\":\"ListItem\",\"position\":3,\"name\":\"Linge de bain blanc LB01 broderie CALI water\"}]},{\"@type\":\"WebSite\",\"@id\":\"https:\\\/\\\/www.old.valeriebarkowski.shop\\\/en\\\/#website\",\"url\":\"https:\\\/\\\/www.old.valeriebarkowski.shop\\\/en\\\/\",\"name\":\"The shop by Valerie Barkowski\",\"description\":\"\",\"publisher\":{\"@id\":\"https:\\\/\\\/www.old.valeriebarkowski.shop\\\/en\\\/#organization\"},\"potentialAction\":[{\"@type\":\"SearchAction\",\"target\":{\"@type\":\"EntryPoint\",\"urlTemplate\":\"https:\\\/\\\/www.old.valeriebarkowski.shop\\\/en\\\/?s={search_term_string}\"},\"query-input\":{\"@type\":\"PropertyValueSpecification\",\"valueRequired\":true,\"valueName\":\"search_term_string\"}}],\"inLanguage\":\"fr-FR\"},{\"@type\":\"Organization\",\"@id\":\"https:\\\/\\\/www.old.valeriebarkowski.shop\\\/en\\\/#organization\",\"name\":\"valerie barkowski\",\"url\":\"https:\\\/\\\/www.old.valeriebarkowski.shop\\\/en\\\/\",\"logo\":{\"@type\":\"ImageObject\",\"inLanguage\":\"fr-FR\",\"@id\":\"https:\\\/\\\/www.old.valeriebarkowski.shop\\\/en\\\/#\\\/schema\\\/logo\\\/image\\\/\",\"url\":\"https:\\\/\\\/www.old.valeriebarkowski.shop\\\/wp-content\\\/uploads\\\/2017\\\/02\\\/logo-vb-the-shop-4.png\",\"contentUrl\":\"https:\\\/\\\/www.old.valeriebarkowski.shop\\\/wp-content\\\/uploads\\\/2017\\\/02\\\/logo-vb-the-shop-4.png\",\"width\":437,\"height\":125,\"caption\":\"valerie barkowski\"},\"image\":{\"@id\":\"https:\\\/\\\/www.old.valeriebarkowski.shop\\\/en\\\/#\\\/schema\\\/logo\\\/image\\\/\"},\"sameAs\":[\"https:\\\/\\\/www.facebook.com\\\/valerie.barkowski\",\"https:\\\/\\\/www.instagram.com\\\/webbarkowski\\\/\",\"https:\\\/\\\/fr.pinterest.com\\\/vbarkowski\\\/\"]}]}<\/script>\n<!-- \/ Yoast SEO plugin. -->","yoast_head_json":{"title":"Serviette de bain Cali, bord\u00e9e de zig-zag water","description":"Serviette de bain Cali, brod\u00e9e de zig-zag water en \u00e9ponge blanche. Finition by V.Barkowski, faite \u00e0 la main dans nos ateliers par des artisans qualifi\u00e9s.","robots":{"index":"noindex","follow":"follow","max-snippet":"max-snippet:-1","max-image-preview":"max-image-preview:large","max-video-preview":"max-video-preview:-1"},"og_locale":"fr_FR","og_type":"article","og_title":"Serviette de bain Cali, bord\u00e9e de zig-zag water","og_description":"Serviette de bain Cali, brod\u00e9e de zig-zag water en \u00e9ponge blanche. Finition by V.Barkowski, faite \u00e0 la main dans nos ateliers par des artisans qualifi\u00e9s.","og_url":"https:\/\/www.old.valeriebarkowski.shop\/fr\/produit\/linge-de-bain-blanc-lb01-broderie-cali-water\/","og_site_name":"The shop by Valerie Barkowski","article_publisher":"https:\/\/www.facebook.com\/valerie.barkowski","article_modified_time":"2024-11-15T12:41:56+00:00","og_image":[{"width":1181,"height":1181,"url":"https:\/\/www.old.valeriebarkowski.shop\/wp-content\/uploads\/2023\/06\/CALI-linge-bain-eponge-blanc-finition-water-vbarkowski-photo-manon-de-clercq-7.jpg","type":"image\/jpeg"}],"twitter_card":"summary_large_image","twitter_misc":{"Dur\u00e9e de lecture estim\u00e9e":"1 minute"},"schema":{"@context":"https:\/\/schema.org","@graph":[{"@type":"WebPage","@id":"https:\/\/www.old.valeriebarkowski.shop\/fr\/produit\/linge-de-bain-blanc-lb01-broderie-cali-water\/","url":"https:\/\/www.old.valeriebarkowski.shop\/fr\/produit\/linge-de-bain-blanc-lb01-broderie-cali-water\/","name":"Serviette de bain Cali, bord\u00e9e de zig-zag water","isPartOf":{"@id":"https:\/\/www.old.valeriebarkowski.shop\/en\/#website"},"primaryImageOfPage":{"@id":"https:\/\/www.old.valeriebarkowski.shop\/fr\/produit\/linge-de-bain-blanc-lb01-broderie-cali-water\/#primaryimage"},"image":{"@id":"https:\/\/www.old.valeriebarkowski.shop\/fr\/produit\/linge-de-bain-blanc-lb01-broderie-cali-water\/#primaryimage"},"thumbnailUrl":"https:\/\/www.old.valeriebarkowski.shop\/wp-content\/uploads\/2023\/06\/CALI-linge-bain-eponge-blanc-finition-water-vbarkowski-photo-manon-de-clercq-7.jpg","datePublished":"2023-06-22T17:27:49+00:00","dateModified":"2024-11-15T12:41:56+00:00","description":"Serviette de bain Cali, brod\u00e9e de zig-zag water en \u00e9ponge blanche. Finition by V.Barkowski, faite \u00e0 la main dans nos ateliers par des artisans qualifi\u00e9s.","breadcrumb":{"@id":"https:\/\/www.old.valeriebarkowski.shop\/fr\/produit\/linge-de-bain-blanc-lb01-broderie-cali-water\/#breadcrumb"},"inLanguage":"fr-FR","potentialAction":[{"@type":"ReadAction","target":["https:\/\/www.old.valeriebarkowski.shop\/fr\/produit\/linge-de-bain-blanc-lb01-broderie-cali-water\/"]}]},{"@type":"ImageObject","inLanguage":"fr-FR","@id":"https:\/\/www.old.valeriebarkowski.shop\/fr\/produit\/linge-de-bain-blanc-lb01-broderie-cali-water\/#primaryimage","url":"https:\/\/www.old.valeriebarkowski.shop\/wp-content\/uploads\/2023\/06\/CALI-linge-bain-eponge-blanc-finition-water-vbarkowski-photo-manon-de-clercq-7.jpg","contentUrl":"https:\/\/www.old.valeriebarkowski.shop\/wp-content\/uploads\/2023\/06\/CALI-linge-bain-eponge-blanc-finition-water-vbarkowski-photo-manon-de-clercq-7.jpg","width":1181,"height":1181},{"@type":"BreadcrumbList","@id":"https:\/\/www.old.valeriebarkowski.shop\/fr\/produit\/linge-de-bain-blanc-lb01-broderie-cali-water\/#breadcrumb","itemListElement":[{"@type":"ListItem","position":1,"name":"Home","item":"https:\/\/www.old.valeriebarkowski.shop\/fr\/"},{"@type":"ListItem","position":2,"name":"Boutique","item":"https:\/\/www.old.valeriebarkowski.shop\/fr\/boutique\/"},{"@type":"ListItem","position":3,"name":"Linge de bain blanc LB01 broderie CALI water"}]},{"@type":"WebSite","@id":"https:\/\/www.old.valeriebarkowski.shop\/en\/#website","url":"https:\/\/www.old.valeriebarkowski.shop\/en\/","name":"The shop by Valerie Barkowski","description":"","publisher":{"@id":"https:\/\/www.old.valeriebarkowski.shop\/en\/#organization"},"potentialAction":[{"@type":"SearchAction","target":{"@type":"EntryPoint","urlTemplate":"https:\/\/www.old.valeriebarkowski.shop\/en\/?s={search_term_string}"},"query-input":{"@type":"PropertyValueSpecification","valueRequired":true,"valueName":"search_term_string"}}],"inLanguage":"fr-FR"},{"@type":"Organization","@id":"https:\/\/www.old.valeriebarkowski.shop\/en\/#organization","name":"valerie barkowski","url":"https:\/\/www.old.valeriebarkowski.shop\/en\/","logo":{"@type":"ImageObject","inLanguage":"fr-FR","@id":"https:\/\/www.old.valeriebarkowski.shop\/en\/#\/schema\/logo\/image\/","url":"https:\/\/www.old.valeriebarkowski.shop\/wp-content\/uploads\/2017\/02\/logo-vb-the-shop-4.png","contentUrl":"https:\/\/www.old.valeriebarkowski.shop\/wp-content\/uploads\/2017\/02\/logo-vb-the-shop-4.png","width":437,"height":125,"caption":"valerie barkowski"},"image":{"@id":"https:\/\/www.old.valeriebarkowski.shop\/en\/#\/schema\/logo\/image\/"},"sameAs":["https:\/\/www.facebook.com\/valerie.barkowski","https:\/\/www.instagram.com\/webbarkowski\/","https:\/\/fr.pinterest.com\/vbarkowski\/"]}]}},"_links":{"self":[{"href":"https:\/\/www.old.valeriebarkowski.shop\/fr\/wp-json\/wp\/v2\/product\/12571","targetHints":{"allow":["GET"]}}],"collection":[{"href":"https:\/\/www.old.valeriebarkowski.shop\/fr\/wp-json\/wp\/v2\/product"}],"about":[{"href":"https:\/\/www.old.valeriebarkowski.shop\/fr\/wp-json\/wp\/v2\/types\/product"}],"replies":[{"embeddable":true,"href":"https:\/\/www.old.valeriebarkowski.shop\/fr\/wp-json\/wp\/v2\/comments?post=12571"}],"wp:featuredmedia":[{"embeddable":true,"href":"https:\/\/www.old.valeriebarkowski.shop\/fr\/wp-json\/wp\/v2\/media\/12592"}],"wp:attachment":[{"href":"https:\/\/www.old.valeriebarkowski.shop\/fr\/wp-json\/wp\/v2\/media?parent=12571"}],"wp:term":[{"taxonomy":"product_cat","embeddable":true,"href":"https:\/\/www.old.valeriebarkowski.shop\/fr\/wp-json\/wp\/v2\/product_cat?post=12571"},{"taxonomy":"product_tag","embeddable":true,"href":"https:\/\/www.old.valeriebarkowski.shop\/fr\/wp-json\/wp\/v2\/product_tag?post=12571"}],"curies":[{"name":"wp","href":"https:\/\/api.w.org\/{rel}","templated":true}]}}