{"id":12792,"date":"2024-05-06T18:44:11","date_gmt":"2024-05-06T16:44:11","guid":{"rendered":"https:\/\/www.valeriebarkowski.shop\/?post_type=product&#038;p=12792"},"modified":"2025-04-17T15:38:15","modified_gmt":"2025-04-17T13:38:15","slug":"linge-de-lit-blanc-ll01-broderie-dots-olive","status":"publish","type":"product","link":"https:\/\/www.old.valeriebarkowski.shop\/fr\/produit\/linge-de-lit-blanc-ll01-broderie-dots-olive\/","title":{"rendered":"Linge de lit blanc LL01 broderie DOTS olive"},"content":{"rendered":"<h2>Parure de lit en coton peign\u00e9 merceris\u00e9 avec broderie artisanale<\/h2>\n<p>Cette parure de lit combine avec raffinement qualit\u00e9 et savoir-faire artisanal.<br \/>\nConfectionn\u00e9e en coton peign\u00e9 merceris\u00e9, elle se distingue par une douceur incomparable et un \u00e9clat subtil qui illuminera votre int\u00e9rieur. Chaque pi\u00e8ce est orn\u00e9e d\u2019une broderie r\u00e9alis\u00e9e \u00e0 la machine \u00e0 coudre, guid\u00e9e par une main experte. Ce travail artisanal donne vie \u00e0 des motifs uniques, t\u00e9moins d\u2019une pr\u00e9cision et d\u2019un souci du d\u00e9tail exceptionnels.<br \/>\nPens\u00e9e pour une client\u00e8le exigeante, cette parure de lit allie traditions ancestrales et design contemporain. Elle s\u2019int\u00e8gre harmonieusement dans un int\u00e9rieur \u00e9l\u00e9gant, tout en c\u00e9l\u00e9brant la beaut\u00e9 des mat\u00e9riaux naturels et des techniques artisanales.<\/p>\n<p>Le fait de m\u2019\u00eatre impr\u00e9gn\u00e9e des savoir-faire marocains, mais aussi d\u2019ailleurs, m\u2019a donn\u00e9 l\u2019envie de d\u00e9velopper de nouveaux jeux de fils. Je gribouille des jeux de lignes dans mes carnets depuis des ann\u00e9es. C\u2019est cela que j\u2019ai voulu transposer sur le mod\u00e8le DOTS. \u00bb \u00a0<a href=\"http:\/\/valeriebarkowski.com\/category\/valerie-barkowski\/\" target=\"_blank\" rel=\"noopener noreferrer\">www.valeriebarkowski.com<\/a><\/p>\n<p>Caract\u00e9ristiques du produit :<\/p>\n<p>Mati\u00e8re :\u00a0100 % coton peign\u00e9 merceris\u00e9, doux et r\u00e9sistant<br \/>\nFinitions :\u00a0Broderie artisanale pr\u00e9cise et soign\u00e9e<br \/>\nDisponibilit\u00e9 :\u00a0Plusieurs dimensions au choix<br \/>\nEntretien : Lavage d\u00e9licat conseill\u00e9 pour pr\u00e9server la qualit\u00e9 du coton et des broderies<\/p>\n<h2>Tailles disponibles<\/h2>\n<p>Nous proposons cette parure de lit haut de gamme en diff\u00e9rentes tailles pour r\u00e9pondre \u00e0 vos besoins :<br \/>\n<strong>Taie d\u2019oreiller 70cm x 50cm<\/strong><br \/>\n<strong>Taie d\u2019oreiller 65cm x 65cm<\/strong><\/p>\n<p><strong>Single : Housse de couette 140cm x 200cm<\/strong><br \/>\n<strong>Queen : Housse de couette 240cm x 220cm<\/strong><br \/>\n<strong>King : Housse de couette 260cm x 240cm<\/strong><\/p>\n<p>En outre, notre linge de lit ne se contente pas d&rsquo;\u00eatre esth\u00e9tique. Il allie style et praticit\u00e9, assurant un entretien facile et un confort durable. Chaque article est m\u00e9ticuleusement con\u00e7u pour r\u00e9pondre aux normes les plus \u00e9lev\u00e9es, offrant bien plus que de simples literies \u2014 il am\u00e9liore votre qualit\u00e9 de vie gr\u00e2ce \u00e0 un design soign\u00e9.<\/p>\n<p>Pour plus d&rsquo;informations sur nos services sur mesure et pour explorer notre gamme compl\u00e8te de linge de lit de luxe, visitez notre site web. Nous r\u00e9pondons rapidement \u00e0 vos demandes, vous aidant \u00e0 cr\u00e9er un environnement de chambre personnalis\u00e9 et esth\u00e9tiquement plaisant.<\/p>\n<p>Pensez \u00e9galement \u00e0 compl\u00e9ter cette parure avec nos <a href=\"https:\/\/www.old.valeriebarkowski.shop\/fr\/produit\/drap-housse-ll01\/\">drap-housses<\/a> intemporels. Ils sont con\u00e7us pour compl\u00e9ter le ressenti luxueux de nos parures de lit, transformant votre chambre en un espace raffin\u00e9 et confortable.<\/p>\n","protected":false},"excerpt":{"rendered":"<h4>Linge de lit Dots<\/h4>\n<p>\u00c9levez votre chambre avec notre parure de lit haut de gamme, caract\u00e9ris\u00e9e par de gros points organiques \u00e9l\u00e9gants.<br \/>\nCon\u00e7ue pour allier esth\u00e9tique et confort, cette collection transforme votre espace de repos en un sanctuaire de style et de luxe.<br \/>\n100% coton peign\u00e9, merceris\u00e9.<br \/>\nTous les produits se ferment avec des lichettes.<\/p>\n","protected":false},"featured_media":12804,"comment_status":"closed","ping_status":"closed","template":"","meta":[],"product_cat":[1554,1733,17,20,938],"product_tag":[976,1730,980,981,982,997,1731,984,983],"class_list":{"0":"post-12792","1":"product","2":"type-product","3":"status-publish","4":"has-post-thumbnail","6":"product_cat-linge-de-lit-blanc-broderie","7":"product_cat-dots-blanc-broderies-lit","8":"product_cat-linge-de-lit-intemporel-brode-main","9":"product_cat-en-coton-blanc","10":"product_cat-linge-broderies-coloris-unis","11":"product_tag-coton-peigne-mercerise","12":"product_tag-haut-de-gamme","13":"product_tag-housse-de-couette-140x200cm","14":"product_tag-housse-de-couette-240x220cm","15":"product_tag-housse-de-couette-260x240cm","16":"product_tag-olive","17":"product_tag-parure","18":"product_tag-taie-doreiller-65x65cm","19":"product_tag-taie-doreiller-70x50cm","21":"first","22":"instock","23":"featured","24":"taxable","25":"shipping-taxable","26":"purchasable","27":"product-type-variable","28":"has-default-attributes"},"yoast_head":"<!-- This site is optimized with the Yoast SEO plugin v27.3 - https:\/\/yoast.com\/product\/yoast-seo-wordpress\/ -->\n<title>Broderie Dots olive, un linge de lit entrelac\u00e9 de po\u00e9sie<\/title>\n<meta name=\"description\" content=\"La broderie Dots olive est r\u00e9alis\u00e9e dans nos ateliers au Maroc. Parure de lit haut de gamme brod\u00e9e avec de gros points organiques en fil olive.\" \/>\n<meta name=\"robots\" content=\"noindex, follow, max-snippet:-1, max-image-preview:large, max-video-preview:-1\" \/>\n<meta property=\"og:locale\" content=\"fr_FR\" \/>\n<meta property=\"og:type\" content=\"article\" \/>\n<meta property=\"og:title\" content=\"Broderie Dots olive, un linge de lit entrelac\u00e9 de po\u00e9sie\" \/>\n<meta property=\"og:description\" content=\"La broderie Dots olive est r\u00e9alis\u00e9e dans nos ateliers au Maroc. Parure de lit haut de gamme brod\u00e9e avec de gros points organiques en fil olive.\" \/>\n<meta property=\"og:url\" content=\"https:\/\/www.old.valeriebarkowski.shop\/fr\/produit\/linge-de-lit-blanc-ll01-broderie-dots-olive\/\" \/>\n<meta property=\"og:site_name\" content=\"The shop by Valerie Barkowski\" \/>\n<meta property=\"article:publisher\" content=\"https:\/\/www.facebook.com\/valerie.barkowski\" \/>\n<meta property=\"article:modified_time\" content=\"2025-04-17T13:38:15+00:00\" \/>\n<meta property=\"og:image\" content=\"https:\/\/www.old.valeriebarkowski.shop\/wp-content\/uploads\/2024\/05\/dots-linge-lit-oreiller-vbarkowski-olive.jpg\" \/>\n\t<meta property=\"og:image:width\" content=\"823\" \/>\n\t<meta property=\"og:image:height\" content=\"823\" \/>\n\t<meta property=\"og:image:type\" content=\"image\/jpeg\" \/>\n<meta name=\"twitter:card\" content=\"summary_large_image\" \/>\n<meta name=\"twitter:label1\" content=\"Dur\u00e9e de lecture estim\u00e9e\" \/>\n\t<meta name=\"twitter:data1\" content=\"2 minutes\" \/>\n<script type=\"application\/ld+json\" class=\"yoast-schema-graph\">{\"@context\":\"https:\\\/\\\/schema.org\",\"@graph\":[{\"@type\":\"WebPage\",\"@id\":\"https:\\\/\\\/www.old.valeriebarkowski.shop\\\/fr\\\/produit\\\/linge-de-lit-blanc-ll01-broderie-dots-olive\\\/\",\"url\":\"https:\\\/\\\/www.old.valeriebarkowski.shop\\\/fr\\\/produit\\\/linge-de-lit-blanc-ll01-broderie-dots-olive\\\/\",\"name\":\"Broderie Dots olive, un linge de lit entrelac\u00e9 de po\u00e9sie\",\"isPartOf\":{\"@id\":\"https:\\\/\\\/www.old.valeriebarkowski.shop\\\/en\\\/#website\"},\"primaryImageOfPage\":{\"@id\":\"https:\\\/\\\/www.old.valeriebarkowski.shop\\\/fr\\\/produit\\\/linge-de-lit-blanc-ll01-broderie-dots-olive\\\/#primaryimage\"},\"image\":{\"@id\":\"https:\\\/\\\/www.old.valeriebarkowski.shop\\\/fr\\\/produit\\\/linge-de-lit-blanc-ll01-broderie-dots-olive\\\/#primaryimage\"},\"thumbnailUrl\":\"https:\\\/\\\/www.old.valeriebarkowski.shop\\\/wp-content\\\/uploads\\\/2024\\\/05\\\/dots-linge-lit-oreiller-vbarkowski-olive.jpg\",\"datePublished\":\"2024-05-06T16:44:11+00:00\",\"dateModified\":\"2025-04-17T13:38:15+00:00\",\"description\":\"La broderie Dots olive est r\u00e9alis\u00e9e dans nos ateliers au Maroc. Parure de lit haut de gamme brod\u00e9e avec de gros points organiques en fil olive.\",\"breadcrumb\":{\"@id\":\"https:\\\/\\\/www.old.valeriebarkowski.shop\\\/fr\\\/produit\\\/linge-de-lit-blanc-ll01-broderie-dots-olive\\\/#breadcrumb\"},\"inLanguage\":\"fr-FR\",\"potentialAction\":[{\"@type\":\"ReadAction\",\"target\":[\"https:\\\/\\\/www.old.valeriebarkowski.shop\\\/fr\\\/produit\\\/linge-de-lit-blanc-ll01-broderie-dots-olive\\\/\"]}]},{\"@type\":\"ImageObject\",\"inLanguage\":\"fr-FR\",\"@id\":\"https:\\\/\\\/www.old.valeriebarkowski.shop\\\/fr\\\/produit\\\/linge-de-lit-blanc-ll01-broderie-dots-olive\\\/#primaryimage\",\"url\":\"https:\\\/\\\/www.old.valeriebarkowski.shop\\\/wp-content\\\/uploads\\\/2024\\\/05\\\/dots-linge-lit-oreiller-vbarkowski-olive.jpg\",\"contentUrl\":\"https:\\\/\\\/www.old.valeriebarkowski.shop\\\/wp-content\\\/uploads\\\/2024\\\/05\\\/dots-linge-lit-oreiller-vbarkowski-olive.jpg\",\"width\":823,\"height\":823,\"caption\":\"broderie dots olive\"},{\"@type\":\"BreadcrumbList\",\"@id\":\"https:\\\/\\\/www.old.valeriebarkowski.shop\\\/fr\\\/produit\\\/linge-de-lit-blanc-ll01-broderie-dots-olive\\\/#breadcrumb\",\"itemListElement\":[{\"@type\":\"ListItem\",\"position\":1,\"name\":\"Home\",\"item\":\"https:\\\/\\\/www.old.valeriebarkowski.shop\\\/fr\\\/\"},{\"@type\":\"ListItem\",\"position\":2,\"name\":\"Boutique\",\"item\":\"https:\\\/\\\/www.old.valeriebarkowski.shop\\\/fr\\\/boutique\\\/\"},{\"@type\":\"ListItem\",\"position\":3,\"name\":\"Linge de lit blanc LL01 broderie DOTS olive\"}]},{\"@type\":\"WebSite\",\"@id\":\"https:\\\/\\\/www.old.valeriebarkowski.shop\\\/en\\\/#website\",\"url\":\"https:\\\/\\\/www.old.valeriebarkowski.shop\\\/en\\\/\",\"name\":\"The shop by Valerie Barkowski\",\"description\":\"\",\"publisher\":{\"@id\":\"https:\\\/\\\/www.old.valeriebarkowski.shop\\\/en\\\/#organization\"},\"potentialAction\":[{\"@type\":\"SearchAction\",\"target\":{\"@type\":\"EntryPoint\",\"urlTemplate\":\"https:\\\/\\\/www.old.valeriebarkowski.shop\\\/en\\\/?s={search_term_string}\"},\"query-input\":{\"@type\":\"PropertyValueSpecification\",\"valueRequired\":true,\"valueName\":\"search_term_string\"}}],\"inLanguage\":\"fr-FR\"},{\"@type\":\"Organization\",\"@id\":\"https:\\\/\\\/www.old.valeriebarkowski.shop\\\/en\\\/#organization\",\"name\":\"valerie barkowski\",\"url\":\"https:\\\/\\\/www.old.valeriebarkowski.shop\\\/en\\\/\",\"logo\":{\"@type\":\"ImageObject\",\"inLanguage\":\"fr-FR\",\"@id\":\"https:\\\/\\\/www.old.valeriebarkowski.shop\\\/en\\\/#\\\/schema\\\/logo\\\/image\\\/\",\"url\":\"https:\\\/\\\/www.old.valeriebarkowski.shop\\\/wp-content\\\/uploads\\\/2017\\\/02\\\/logo-vb-the-shop-4.png\",\"contentUrl\":\"https:\\\/\\\/www.old.valeriebarkowski.shop\\\/wp-content\\\/uploads\\\/2017\\\/02\\\/logo-vb-the-shop-4.png\",\"width\":437,\"height\":125,\"caption\":\"valerie barkowski\"},\"image\":{\"@id\":\"https:\\\/\\\/www.old.valeriebarkowski.shop\\\/en\\\/#\\\/schema\\\/logo\\\/image\\\/\"},\"sameAs\":[\"https:\\\/\\\/www.facebook.com\\\/valerie.barkowski\",\"https:\\\/\\\/www.instagram.com\\\/webbarkowski\\\/\",\"https:\\\/\\\/fr.pinterest.com\\\/vbarkowski\\\/\"]}]}<\/script>\n<!-- \/ Yoast SEO plugin. -->","yoast_head_json":{"title":"Broderie Dots olive, un linge de lit entrelac\u00e9 de po\u00e9sie","description":"La broderie Dots olive est r\u00e9alis\u00e9e dans nos ateliers au Maroc. Parure de lit haut de gamme brod\u00e9e avec de gros points organiques en fil olive.","robots":{"index":"noindex","follow":"follow","max-snippet":"max-snippet:-1","max-image-preview":"max-image-preview:large","max-video-preview":"max-video-preview:-1"},"og_locale":"fr_FR","og_type":"article","og_title":"Broderie Dots olive, un linge de lit entrelac\u00e9 de po\u00e9sie","og_description":"La broderie Dots olive est r\u00e9alis\u00e9e dans nos ateliers au Maroc. Parure de lit haut de gamme brod\u00e9e avec de gros points organiques en fil olive.","og_url":"https:\/\/www.old.valeriebarkowski.shop\/fr\/produit\/linge-de-lit-blanc-ll01-broderie-dots-olive\/","og_site_name":"The shop by Valerie Barkowski","article_publisher":"https:\/\/www.facebook.com\/valerie.barkowski","article_modified_time":"2025-04-17T13:38:15+00:00","og_image":[{"width":823,"height":823,"url":"https:\/\/www.old.valeriebarkowski.shop\/wp-content\/uploads\/2024\/05\/dots-linge-lit-oreiller-vbarkowski-olive.jpg","type":"image\/jpeg"}],"twitter_card":"summary_large_image","twitter_misc":{"Dur\u00e9e de lecture estim\u00e9e":"2 minutes"},"schema":{"@context":"https:\/\/schema.org","@graph":[{"@type":"WebPage","@id":"https:\/\/www.old.valeriebarkowski.shop\/fr\/produit\/linge-de-lit-blanc-ll01-broderie-dots-olive\/","url":"https:\/\/www.old.valeriebarkowski.shop\/fr\/produit\/linge-de-lit-blanc-ll01-broderie-dots-olive\/","name":"Broderie Dots olive, un linge de lit entrelac\u00e9 de po\u00e9sie","isPartOf":{"@id":"https:\/\/www.old.valeriebarkowski.shop\/en\/#website"},"primaryImageOfPage":{"@id":"https:\/\/www.old.valeriebarkowski.shop\/fr\/produit\/linge-de-lit-blanc-ll01-broderie-dots-olive\/#primaryimage"},"image":{"@id":"https:\/\/www.old.valeriebarkowski.shop\/fr\/produit\/linge-de-lit-blanc-ll01-broderie-dots-olive\/#primaryimage"},"thumbnailUrl":"https:\/\/www.old.valeriebarkowski.shop\/wp-content\/uploads\/2024\/05\/dots-linge-lit-oreiller-vbarkowski-olive.jpg","datePublished":"2024-05-06T16:44:11+00:00","dateModified":"2025-04-17T13:38:15+00:00","description":"La broderie Dots olive est r\u00e9alis\u00e9e dans nos ateliers au Maroc. Parure de lit haut de gamme brod\u00e9e avec de gros points organiques en fil olive.","breadcrumb":{"@id":"https:\/\/www.old.valeriebarkowski.shop\/fr\/produit\/linge-de-lit-blanc-ll01-broderie-dots-olive\/#breadcrumb"},"inLanguage":"fr-FR","potentialAction":[{"@type":"ReadAction","target":["https:\/\/www.old.valeriebarkowski.shop\/fr\/produit\/linge-de-lit-blanc-ll01-broderie-dots-olive\/"]}]},{"@type":"ImageObject","inLanguage":"fr-FR","@id":"https:\/\/www.old.valeriebarkowski.shop\/fr\/produit\/linge-de-lit-blanc-ll01-broderie-dots-olive\/#primaryimage","url":"https:\/\/www.old.valeriebarkowski.shop\/wp-content\/uploads\/2024\/05\/dots-linge-lit-oreiller-vbarkowski-olive.jpg","contentUrl":"https:\/\/www.old.valeriebarkowski.shop\/wp-content\/uploads\/2024\/05\/dots-linge-lit-oreiller-vbarkowski-olive.jpg","width":823,"height":823,"caption":"broderie dots olive"},{"@type":"BreadcrumbList","@id":"https:\/\/www.old.valeriebarkowski.shop\/fr\/produit\/linge-de-lit-blanc-ll01-broderie-dots-olive\/#breadcrumb","itemListElement":[{"@type":"ListItem","position":1,"name":"Home","item":"https:\/\/www.old.valeriebarkowski.shop\/fr\/"},{"@type":"ListItem","position":2,"name":"Boutique","item":"https:\/\/www.old.valeriebarkowski.shop\/fr\/boutique\/"},{"@type":"ListItem","position":3,"name":"Linge de lit blanc LL01 broderie DOTS olive"}]},{"@type":"WebSite","@id":"https:\/\/www.old.valeriebarkowski.shop\/en\/#website","url":"https:\/\/www.old.valeriebarkowski.shop\/en\/","name":"The shop by Valerie Barkowski","description":"","publisher":{"@id":"https:\/\/www.old.valeriebarkowski.shop\/en\/#organization"},"potentialAction":[{"@type":"SearchAction","target":{"@type":"EntryPoint","urlTemplate":"https:\/\/www.old.valeriebarkowski.shop\/en\/?s={search_term_string}"},"query-input":{"@type":"PropertyValueSpecification","valueRequired":true,"valueName":"search_term_string"}}],"inLanguage":"fr-FR"},{"@type":"Organization","@id":"https:\/\/www.old.valeriebarkowski.shop\/en\/#organization","name":"valerie barkowski","url":"https:\/\/www.old.valeriebarkowski.shop\/en\/","logo":{"@type":"ImageObject","inLanguage":"fr-FR","@id":"https:\/\/www.old.valeriebarkowski.shop\/en\/#\/schema\/logo\/image\/","url":"https:\/\/www.old.valeriebarkowski.shop\/wp-content\/uploads\/2017\/02\/logo-vb-the-shop-4.png","contentUrl":"https:\/\/www.old.valeriebarkowski.shop\/wp-content\/uploads\/2017\/02\/logo-vb-the-shop-4.png","width":437,"height":125,"caption":"valerie barkowski"},"image":{"@id":"https:\/\/www.old.valeriebarkowski.shop\/en\/#\/schema\/logo\/image\/"},"sameAs":["https:\/\/www.facebook.com\/valerie.barkowski","https:\/\/www.instagram.com\/webbarkowski\/","https:\/\/fr.pinterest.com\/vbarkowski\/"]}]}},"_links":{"self":[{"href":"https:\/\/www.old.valeriebarkowski.shop\/fr\/wp-json\/wp\/v2\/product\/12792","targetHints":{"allow":["GET"]}}],"collection":[{"href":"https:\/\/www.old.valeriebarkowski.shop\/fr\/wp-json\/wp\/v2\/product"}],"about":[{"href":"https:\/\/www.old.valeriebarkowski.shop\/fr\/wp-json\/wp\/v2\/types\/product"}],"replies":[{"embeddable":true,"href":"https:\/\/www.old.valeriebarkowski.shop\/fr\/wp-json\/wp\/v2\/comments?post=12792"}],"wp:featuredmedia":[{"embeddable":true,"href":"https:\/\/www.old.valeriebarkowski.shop\/fr\/wp-json\/wp\/v2\/media\/12804"}],"wp:attachment":[{"href":"https:\/\/www.old.valeriebarkowski.shop\/fr\/wp-json\/wp\/v2\/media?parent=12792"}],"wp:term":[{"taxonomy":"product_cat","embeddable":true,"href":"https:\/\/www.old.valeriebarkowski.shop\/fr\/wp-json\/wp\/v2\/product_cat?post=12792"},{"taxonomy":"product_tag","embeddable":true,"href":"https:\/\/www.old.valeriebarkowski.shop\/fr\/wp-json\/wp\/v2\/product_tag?post=12792"}],"curies":[{"name":"wp","href":"https:\/\/api.w.org\/{rel}","templated":true}]}}