{"id":1400,"date":"2017-07-13T18:11:08","date_gmt":"2017-07-13T16:11:08","guid":{"rendered":"http:\/\/www.valeriebarkowski.shop\/fr\/produit\/linge-de-lit-ll01-hajibaba-broderie-sol\/"},"modified":"2025-04-17T15:41:43","modified_gmt":"2025-04-17T13:41:43","slug":"linge-lit-aya-passementerie-sol-ll01","status":"publish","type":"product","link":"https:\/\/www.old.valeriebarkowski.shop\/fr\/produit\/linge-lit-aya-passementerie-sol-ll01\/","title":{"rendered":"Linge de lit blanc LL01 passementerie AYA sol"},"content":{"rendered":"<h2>Linge de lit blanc de qualit\u00e9 Aya passementerie multicolore sol<\/h2>\n<p>Parure de lit brod\u00e9e \u00e0 la main, le linge de lit blanc de qualit\u00e9 Aya est en coton peign\u00e9 et merceris\u00e9. Les boules en passementerie multicolore\u00a0sont faites avec du fil solide et r\u00e9sistant \u00e0 la d\u00e9coloration. Les taies d\u2019oreiller et les housses de couette en passementerie multicolore Sol se ferment avec des lichettes.<\/p>\n<p>\u00ab Le linge de lit, et de table, AYA fait est un de mes premiers mod\u00e8les de linge de lit. D\u00e8s mon arriv\u00e9e \u00e0 Marrakech, en 1996, j\u2019ai \u00e9t\u00e9 fascin\u00e9e par le travail de passementerie. Un savoir-faire ancestral qui reste populaire puisque tous les v\u00eatements traditionnels sont toujours orn\u00e9s de fils tourn\u00e9s, rubans tresses et petites boules de fil qui ont la fonction de bouton. Les femmes confectionnent ces boutons \u00e0 domicile, les hommes travaillent fils et rubans et assemblent les v\u00eatements. Je peux passer des heures \u00e0 les regarder travailler. Tr\u00e8s vite j&rsquo;imagine des interpr\u00e9tations personnelles et les transpose sur mon linge de maison original et intemporel.<\/p>\n<p>Pour en savoir plus sur le travail et les cr\u00e9ations de Val\u00e9rie Barkowski nous vous invitons \u00e0 parcourir son site <a href=\"http:\/\/valeriebarkowski.com\/category\/valerie-barkowski\/\" target=\"_blank\" rel=\"noopener noreferrer\">www.valeriebarkowski.com\u00a0<\/a><\/p>\n<h2>Linge de maison Aya, brod\u00e9 main, produits disponibles :<\/h2>\n<p>Les taies d\u2019oreiller sont disponibles en 2 dimensions :<br \/>\n<strong>Taie d\u2019oreiller 70cm x 50cm<\/strong><br \/>\n<strong>Taie d\u2019oreiller 65cm x 65cm<\/strong><\/p>\n<p>Les draps de lit sont aussi disponibles en 3 dimensions\u00a0:<br \/>\n<strong>Single : Drap le lit 210cm x 300cm<\/strong><br \/>\n<strong>Queen : Drap le lit 280cm x 300cm<\/strong><br \/>\n<strong>King : Drap le lit 300cm x 300cm<\/strong><\/p>\n<p>Les housses de couette sont aussi disponibles en 3 dimensions\u00a0:<br \/>\n<strong>Single : Housse de couette 140cm x 200cm<\/strong><br \/>\n<strong>Queen : Housse de couette 240cm x 220cm<\/strong><br \/>\n<strong>King : Housse de couette 260cm x 240cm<\/strong><\/p>\n<p>Tous nos mod\u00e8les de linge de lit haut de gamme peuvent \u00e9galement \u00eatre produits sur-mesure et \u00e0 la demande.<\/p>\n<p>En compl\u00e9ment du linge de lit en coton peign\u00e9 Aya, retrouvez nos <a href=\"https:\/\/www.old.valeriebarkowski.shop\/fr\/produit\/drap-housse-ll01\/\">drap-housses<\/a> coordonn\u00e9s.<\/p>\n<p>Il vous est possible aussi de vivre pleinement l&rsquo;art de vivre marocain revisit\u00e9 par Val\u00e9rie Barkowski en louant son <span style=\"color: #0000ff;\"><a style=\"color: #0000ff;\" href=\"http:\/\/www.darkawa.net\" target=\"_blank\" rel=\"noopener noreferrer\">riad Dar Kawa<\/a><\/span>. Vous y dormirez dans ses draps, retrouverez son linge de bain moelleux dans les salles de bain et mangerez sur des tables dress\u00e9es avec son linge de table brod\u00e9 main.<\/p>\n","protected":false},"excerpt":{"rendered":"<h4>Linge de lit<\/h4>\n<p>De petites boules multicolores en passementerie enti\u00e8rement faites \u00e0 la main bordent le linge de lit.<br \/>\n100% coton peign\u00e9, merceris\u00e9.<br \/>\nHousses de couette et taies d&rsquo;oreiller se ferment avec des lichettes.<\/p>\n","protected":false},"featured_media":1413,"comment_status":"closed","ping_status":"closed","template":"","meta":[],"product_cat":[1552,17,20,109,955,1009],"product_tag":[976,977,978,979,1465,980,981,982,1466,1469,962,988,963,983,1467,1470],"class_list":{"0":"post-1400","1":"product","2":"type-product","3":"status-publish","4":"has-post-thumbnail","6":"product_cat-linge-de-lit-blanc-passementerie","7":"product_cat-linge-de-lit-intemporel-brode-main","8":"product_cat-en-coton-blanc","9":"product_cat-passementerie-aya","10":"product_cat-linge-passementeries","11":"product_cat-passementeries-coloris-multi","12":"product_tag-coton-peigne-mercerise","13":"product_tag-drap-de-lit-210x300cm","14":"product_tag-drap-de-lit-280x300cm","15":"product_tag-drap-de-lit-300x300cm","16":"product_tag-drap-de-lit-blanc","17":"product_tag-housse-de-couette-140x200cm","18":"product_tag-housse-de-couette-240x220cm","19":"product_tag-housse-de-couette-260x240cm","20":"product_tag-housse-de-couette-blanche","21":"product_tag-linge-de-lit-blanc","22":"product_tag-multicolor-vif","23":"product_tag-popeline-blanche","24":"product_tag-sol","25":"product_tag-taie-doreiller-70x50cm","26":"product_tag-taie-doreiller-blanche","27":"product_tag-taie-oreiller-doreiller-65x65cm","29":"first","30":"instock","31":"featured","32":"taxable","33":"shipping-taxable","34":"purchasable","35":"product-type-variable","36":"has-default-attributes"},"yoast_head":"<!-- This site is optimized with the Yoast SEO plugin v27.3 - https:\/\/yoast.com\/product\/yoast-seo-wordpress\/ -->\n<title>Linge de lit blanc de qualit\u00e9 en coton bord\u00e9 de boules en passementerie<\/title>\n<meta name=\"description\" content=\"Aya, broderie r\u00e9alis\u00e9e avec des boules confectionn\u00e9es \u00e0 la main. Linge de lit blanc de qualit\u00e9 en coton peign\u00e9 et merceris\u00e9 by V.Barkowski\" \/>\n<meta name=\"robots\" content=\"noindex, follow, max-snippet:-1, max-image-preview:large, max-video-preview:-1\" \/>\n<meta property=\"og:locale\" content=\"fr_FR\" \/>\n<meta property=\"og:type\" content=\"article\" \/>\n<meta property=\"og:title\" content=\"Linge de lit blanc de qualit\u00e9 en coton bord\u00e9 de boules en passementerie\" \/>\n<meta property=\"og:description\" content=\"Aya, broderie r\u00e9alis\u00e9e avec des boules confectionn\u00e9es \u00e0 la main. Linge de lit blanc de qualit\u00e9 en coton peign\u00e9 et merceris\u00e9 by V.Barkowski\" \/>\n<meta property=\"og:url\" content=\"https:\/\/www.old.valeriebarkowski.shop\/fr\/produit\/linge-lit-aya-passementerie-sol-ll01\/\" \/>\n<meta property=\"og:site_name\" content=\"The shop by Valerie Barkowski\" \/>\n<meta property=\"article:publisher\" content=\"https:\/\/www.facebook.com\/valerie.barkowski\" \/>\n<meta property=\"article:modified_time\" content=\"2025-04-17T13:41:43+00:00\" \/>\n<meta property=\"og:image\" content=\"https:\/\/www.old.valeriebarkowski.shop\/wp-content\/uploads\/2017\/07\/aya-sol-bed-linen-cotton.jpg\" \/>\n\t<meta property=\"og:image:width\" content=\"790\" \/>\n\t<meta property=\"og:image:height\" content=\"790\" \/>\n\t<meta property=\"og:image:type\" content=\"image\/jpeg\" \/>\n<meta name=\"twitter:card\" content=\"summary_large_image\" \/>\n<meta name=\"twitter:label1\" content=\"Dur\u00e9e de lecture estim\u00e9e\" \/>\n\t<meta name=\"twitter:data1\" content=\"2 minutes\" \/>\n<script type=\"application\/ld+json\" class=\"yoast-schema-graph\">{\"@context\":\"https:\\\/\\\/schema.org\",\"@graph\":[{\"@type\":\"WebPage\",\"@id\":\"https:\\\/\\\/www.old.valeriebarkowski.shop\\\/fr\\\/produit\\\/linge-lit-aya-passementerie-sol-ll01\\\/\",\"url\":\"https:\\\/\\\/www.old.valeriebarkowski.shop\\\/fr\\\/produit\\\/linge-lit-aya-passementerie-sol-ll01\\\/\",\"name\":\"Linge de lit blanc de qualit\u00e9 en coton bord\u00e9 de boules en passementerie\",\"isPartOf\":{\"@id\":\"https:\\\/\\\/www.old.valeriebarkowski.shop\\\/en\\\/#website\"},\"primaryImageOfPage\":{\"@id\":\"https:\\\/\\\/www.old.valeriebarkowski.shop\\\/fr\\\/produit\\\/linge-lit-aya-passementerie-sol-ll01\\\/#primaryimage\"},\"image\":{\"@id\":\"https:\\\/\\\/www.old.valeriebarkowski.shop\\\/fr\\\/produit\\\/linge-lit-aya-passementerie-sol-ll01\\\/#primaryimage\"},\"thumbnailUrl\":\"https:\\\/\\\/www.old.valeriebarkowski.shop\\\/wp-content\\\/uploads\\\/2017\\\/07\\\/aya-sol-bed-linen-cotton.jpg\",\"datePublished\":\"2017-07-13T16:11:08+00:00\",\"dateModified\":\"2025-04-17T13:41:43+00:00\",\"description\":\"Aya, broderie r\u00e9alis\u00e9e avec des boules confectionn\u00e9es \u00e0 la main. Linge de lit blanc de qualit\u00e9 en coton peign\u00e9 et merceris\u00e9 by V.Barkowski\",\"breadcrumb\":{\"@id\":\"https:\\\/\\\/www.old.valeriebarkowski.shop\\\/fr\\\/produit\\\/linge-lit-aya-passementerie-sol-ll01\\\/#breadcrumb\"},\"inLanguage\":\"fr-FR\",\"potentialAction\":[{\"@type\":\"ReadAction\",\"target\":[\"https:\\\/\\\/www.old.valeriebarkowski.shop\\\/fr\\\/produit\\\/linge-lit-aya-passementerie-sol-ll01\\\/\"]}]},{\"@type\":\"ImageObject\",\"inLanguage\":\"fr-FR\",\"@id\":\"https:\\\/\\\/www.old.valeriebarkowski.shop\\\/fr\\\/produit\\\/linge-lit-aya-passementerie-sol-ll01\\\/#primaryimage\",\"url\":\"https:\\\/\\\/www.old.valeriebarkowski.shop\\\/wp-content\\\/uploads\\\/2017\\\/07\\\/aya-sol-bed-linen-cotton.jpg\",\"contentUrl\":\"https:\\\/\\\/www.old.valeriebarkowski.shop\\\/wp-content\\\/uploads\\\/2017\\\/07\\\/aya-sol-bed-linen-cotton.jpg\",\"width\":790,\"height\":790,\"caption\":\"linge de lit blanc de qualit\u00e9 en coton peign\u00e9 merceris\u00e9\"},{\"@type\":\"BreadcrumbList\",\"@id\":\"https:\\\/\\\/www.old.valeriebarkowski.shop\\\/fr\\\/produit\\\/linge-lit-aya-passementerie-sol-ll01\\\/#breadcrumb\",\"itemListElement\":[{\"@type\":\"ListItem\",\"position\":1,\"name\":\"Home\",\"item\":\"https:\\\/\\\/www.old.valeriebarkowski.shop\\\/fr\\\/\"},{\"@type\":\"ListItem\",\"position\":2,\"name\":\"Boutique\",\"item\":\"https:\\\/\\\/www.old.valeriebarkowski.shop\\\/fr\\\/boutique\\\/\"},{\"@type\":\"ListItem\",\"position\":3,\"name\":\"Linge de lit blanc LL01 passementerie AYA sol\"}]},{\"@type\":\"WebSite\",\"@id\":\"https:\\\/\\\/www.old.valeriebarkowski.shop\\\/en\\\/#website\",\"url\":\"https:\\\/\\\/www.old.valeriebarkowski.shop\\\/en\\\/\",\"name\":\"The shop by Valerie Barkowski\",\"description\":\"\",\"publisher\":{\"@id\":\"https:\\\/\\\/www.old.valeriebarkowski.shop\\\/en\\\/#organization\"},\"potentialAction\":[{\"@type\":\"SearchAction\",\"target\":{\"@type\":\"EntryPoint\",\"urlTemplate\":\"https:\\\/\\\/www.old.valeriebarkowski.shop\\\/en\\\/?s={search_term_string}\"},\"query-input\":{\"@type\":\"PropertyValueSpecification\",\"valueRequired\":true,\"valueName\":\"search_term_string\"}}],\"inLanguage\":\"fr-FR\"},{\"@type\":\"Organization\",\"@id\":\"https:\\\/\\\/www.old.valeriebarkowski.shop\\\/en\\\/#organization\",\"name\":\"valerie barkowski\",\"url\":\"https:\\\/\\\/www.old.valeriebarkowski.shop\\\/en\\\/\",\"logo\":{\"@type\":\"ImageObject\",\"inLanguage\":\"fr-FR\",\"@id\":\"https:\\\/\\\/www.old.valeriebarkowski.shop\\\/en\\\/#\\\/schema\\\/logo\\\/image\\\/\",\"url\":\"https:\\\/\\\/www.old.valeriebarkowski.shop\\\/wp-content\\\/uploads\\\/2017\\\/02\\\/logo-vb-the-shop-4.png\",\"contentUrl\":\"https:\\\/\\\/www.old.valeriebarkowski.shop\\\/wp-content\\\/uploads\\\/2017\\\/02\\\/logo-vb-the-shop-4.png\",\"width\":437,\"height\":125,\"caption\":\"valerie barkowski\"},\"image\":{\"@id\":\"https:\\\/\\\/www.old.valeriebarkowski.shop\\\/en\\\/#\\\/schema\\\/logo\\\/image\\\/\"},\"sameAs\":[\"https:\\\/\\\/www.facebook.com\\\/valerie.barkowski\",\"https:\\\/\\\/www.instagram.com\\\/webbarkowski\\\/\",\"https:\\\/\\\/fr.pinterest.com\\\/vbarkowski\\\/\"]}]}<\/script>\n<!-- \/ Yoast SEO plugin. -->","yoast_head_json":{"title":"Linge de lit blanc de qualit\u00e9 en coton bord\u00e9 de boules en passementerie","description":"Aya, broderie r\u00e9alis\u00e9e avec des boules confectionn\u00e9es \u00e0 la main. Linge de lit blanc de qualit\u00e9 en coton peign\u00e9 et merceris\u00e9 by V.Barkowski","robots":{"index":"noindex","follow":"follow","max-snippet":"max-snippet:-1","max-image-preview":"max-image-preview:large","max-video-preview":"max-video-preview:-1"},"og_locale":"fr_FR","og_type":"article","og_title":"Linge de lit blanc de qualit\u00e9 en coton bord\u00e9 de boules en passementerie","og_description":"Aya, broderie r\u00e9alis\u00e9e avec des boules confectionn\u00e9es \u00e0 la main. Linge de lit blanc de qualit\u00e9 en coton peign\u00e9 et merceris\u00e9 by V.Barkowski","og_url":"https:\/\/www.old.valeriebarkowski.shop\/fr\/produit\/linge-lit-aya-passementerie-sol-ll01\/","og_site_name":"The shop by Valerie Barkowski","article_publisher":"https:\/\/www.facebook.com\/valerie.barkowski","article_modified_time":"2025-04-17T13:41:43+00:00","og_image":[{"width":790,"height":790,"url":"https:\/\/www.old.valeriebarkowski.shop\/wp-content\/uploads\/2017\/07\/aya-sol-bed-linen-cotton.jpg","type":"image\/jpeg"}],"twitter_card":"summary_large_image","twitter_misc":{"Dur\u00e9e de lecture estim\u00e9e":"2 minutes"},"schema":{"@context":"https:\/\/schema.org","@graph":[{"@type":"WebPage","@id":"https:\/\/www.old.valeriebarkowski.shop\/fr\/produit\/linge-lit-aya-passementerie-sol-ll01\/","url":"https:\/\/www.old.valeriebarkowski.shop\/fr\/produit\/linge-lit-aya-passementerie-sol-ll01\/","name":"Linge de lit blanc de qualit\u00e9 en coton bord\u00e9 de boules en passementerie","isPartOf":{"@id":"https:\/\/www.old.valeriebarkowski.shop\/en\/#website"},"primaryImageOfPage":{"@id":"https:\/\/www.old.valeriebarkowski.shop\/fr\/produit\/linge-lit-aya-passementerie-sol-ll01\/#primaryimage"},"image":{"@id":"https:\/\/www.old.valeriebarkowski.shop\/fr\/produit\/linge-lit-aya-passementerie-sol-ll01\/#primaryimage"},"thumbnailUrl":"https:\/\/www.old.valeriebarkowski.shop\/wp-content\/uploads\/2017\/07\/aya-sol-bed-linen-cotton.jpg","datePublished":"2017-07-13T16:11:08+00:00","dateModified":"2025-04-17T13:41:43+00:00","description":"Aya, broderie r\u00e9alis\u00e9e avec des boules confectionn\u00e9es \u00e0 la main. Linge de lit blanc de qualit\u00e9 en coton peign\u00e9 et merceris\u00e9 by V.Barkowski","breadcrumb":{"@id":"https:\/\/www.old.valeriebarkowski.shop\/fr\/produit\/linge-lit-aya-passementerie-sol-ll01\/#breadcrumb"},"inLanguage":"fr-FR","potentialAction":[{"@type":"ReadAction","target":["https:\/\/www.old.valeriebarkowski.shop\/fr\/produit\/linge-lit-aya-passementerie-sol-ll01\/"]}]},{"@type":"ImageObject","inLanguage":"fr-FR","@id":"https:\/\/www.old.valeriebarkowski.shop\/fr\/produit\/linge-lit-aya-passementerie-sol-ll01\/#primaryimage","url":"https:\/\/www.old.valeriebarkowski.shop\/wp-content\/uploads\/2017\/07\/aya-sol-bed-linen-cotton.jpg","contentUrl":"https:\/\/www.old.valeriebarkowski.shop\/wp-content\/uploads\/2017\/07\/aya-sol-bed-linen-cotton.jpg","width":790,"height":790,"caption":"linge de lit blanc de qualit\u00e9 en coton peign\u00e9 merceris\u00e9"},{"@type":"BreadcrumbList","@id":"https:\/\/www.old.valeriebarkowski.shop\/fr\/produit\/linge-lit-aya-passementerie-sol-ll01\/#breadcrumb","itemListElement":[{"@type":"ListItem","position":1,"name":"Home","item":"https:\/\/www.old.valeriebarkowski.shop\/fr\/"},{"@type":"ListItem","position":2,"name":"Boutique","item":"https:\/\/www.old.valeriebarkowski.shop\/fr\/boutique\/"},{"@type":"ListItem","position":3,"name":"Linge de lit blanc LL01 passementerie AYA sol"}]},{"@type":"WebSite","@id":"https:\/\/www.old.valeriebarkowski.shop\/en\/#website","url":"https:\/\/www.old.valeriebarkowski.shop\/en\/","name":"The shop by Valerie Barkowski","description":"","publisher":{"@id":"https:\/\/www.old.valeriebarkowski.shop\/en\/#organization"},"potentialAction":[{"@type":"SearchAction","target":{"@type":"EntryPoint","urlTemplate":"https:\/\/www.old.valeriebarkowski.shop\/en\/?s={search_term_string}"},"query-input":{"@type":"PropertyValueSpecification","valueRequired":true,"valueName":"search_term_string"}}],"inLanguage":"fr-FR"},{"@type":"Organization","@id":"https:\/\/www.old.valeriebarkowski.shop\/en\/#organization","name":"valerie barkowski","url":"https:\/\/www.old.valeriebarkowski.shop\/en\/","logo":{"@type":"ImageObject","inLanguage":"fr-FR","@id":"https:\/\/www.old.valeriebarkowski.shop\/en\/#\/schema\/logo\/image\/","url":"https:\/\/www.old.valeriebarkowski.shop\/wp-content\/uploads\/2017\/02\/logo-vb-the-shop-4.png","contentUrl":"https:\/\/www.old.valeriebarkowski.shop\/wp-content\/uploads\/2017\/02\/logo-vb-the-shop-4.png","width":437,"height":125,"caption":"valerie barkowski"},"image":{"@id":"https:\/\/www.old.valeriebarkowski.shop\/en\/#\/schema\/logo\/image\/"},"sameAs":["https:\/\/www.facebook.com\/valerie.barkowski","https:\/\/www.instagram.com\/webbarkowski\/","https:\/\/fr.pinterest.com\/vbarkowski\/"]}]}},"_links":{"self":[{"href":"https:\/\/www.old.valeriebarkowski.shop\/fr\/wp-json\/wp\/v2\/product\/1400","targetHints":{"allow":["GET"]}}],"collection":[{"href":"https:\/\/www.old.valeriebarkowski.shop\/fr\/wp-json\/wp\/v2\/product"}],"about":[{"href":"https:\/\/www.old.valeriebarkowski.shop\/fr\/wp-json\/wp\/v2\/types\/product"}],"replies":[{"embeddable":true,"href":"https:\/\/www.old.valeriebarkowski.shop\/fr\/wp-json\/wp\/v2\/comments?post=1400"}],"wp:featuredmedia":[{"embeddable":true,"href":"https:\/\/www.old.valeriebarkowski.shop\/fr\/wp-json\/wp\/v2\/media\/1413"}],"wp:attachment":[{"href":"https:\/\/www.old.valeriebarkowski.shop\/fr\/wp-json\/wp\/v2\/media?parent=1400"}],"wp:term":[{"taxonomy":"product_cat","embeddable":true,"href":"https:\/\/www.old.valeriebarkowski.shop\/fr\/wp-json\/wp\/v2\/product_cat?post=1400"},{"taxonomy":"product_tag","embeddable":true,"href":"https:\/\/www.old.valeriebarkowski.shop\/fr\/wp-json\/wp\/v2\/product_tag?post=1400"}],"curies":[{"name":"wp","href":"https:\/\/api.w.org\/{rel}","templated":true}]}}