{"id":1543,"date":"2017-07-13T19:00:11","date_gmt":"2017-07-13T17:00:11","guid":{"rendered":"http:\/\/www.valeriebarkowski.shop\/fr\/produit\/linge-de-lit-ll01-skar-passementerie-aqua\/"},"modified":"2025-04-17T15:40:21","modified_gmt":"2025-04-17T13:40:21","slug":"linge-lit-yumi-passementerie-aqua-ll01","status":"publish","type":"product","link":"https:\/\/www.old.valeriebarkowski.shop\/fr\/produit\/linge-lit-yumi-passementerie-aqua-ll01\/","title":{"rendered":"Linge de lit blanc LL01 passementerie YUMI aqua"},"content":{"rendered":"<h2>Broderie Yumi aqua: taies d&rsquo;oreiller et housses de couette avec passementerie<\/h2>\n<p>Taies d&rsquo;oreiller et housses de couette avec passementerie, le linge de lit blanc en coton de qualit\u00e9 sup\u00e9rieure Yumi aqua en coton peign\u00e9 et merceris\u00e9 est brod\u00e9 \u00e0 la main. Des escargots en fils tourn\u00e9s, r\u00e9sistant \u00e0 la d\u00e9coloration, se prolongent par des cordons avec \u00e0 l\u2019extr\u00e9mit\u00e9 un pompon fait main.<\/p>\n<p>\u00ab Comment ne pas s&rsquo;int\u00e9resser \u00e0 la passementerie lorsque l\u2019on vit au Maroc. Avec le mod\u00e8le <a href=\"http:\/\/www.old.valeriebarkowski.shop\/fr\/product-category\/linge-lit\/blanc-linge-lit\/hajibaba-blanc-passementeries-lit\/\" target=\"_blank\" rel=\"noopener noreferrer\">Aya<\/a> je m&rsquo;inspirais des boutons en fils des djellabas traditionnelles. Le mod\u00e8le de linge de lit 100% coton Yumi a aussi \u00e9t\u00e9 imagin\u00e9 avec des composantes utilis\u00e9es pour la confection des djellabas. Un autre regard, une nouvelle interpretation. Je travaillais d\u00e9j\u00e0 les pompons et les fils tourn\u00e9s, l&rsquo;escargot s&rsquo;est impos\u00e9. J&rsquo;aime la simplicit\u00e9 des choses, le mod\u00e8le Yumi en est une repr\u00e9sentation. \u00bb \u00a0Vous trouverez \u00e9galement plus d\u2019informations sur\u00a0<a href=\"http:\/\/valeriebarkowski.com\/category\/valerie-barkowski\/\" target=\"_blank\" rel=\"noopener noreferrer\">www.valeriebarkowski.com<\/a><\/p>\n<p>Les taies d\u2019oreiller blanches avec passementerie sont disponibles en 2 dimensions :<br \/>\n<strong>Taie d\u2019oreiller 70cm x 50cm<\/strong><br \/>\n<strong>Taie d\u2019oreiller 65cm x 65cm<\/strong><\/p>\n<p>Les housses de couette blanches sont disponibles en 3 dimensions\u00a0:<br \/>\n<strong>Single : Housse de couette 140cm x 200cm<\/strong><br \/>\n<strong>Queen : Housse de couette 240cm x 220cm<\/strong><br \/>\n<strong>King : Housse de couette 260cm x 240cm<\/strong><\/p>\n<p>Tous nos mod\u00e8les de linge de lit avec passementerie faite \u00e0 la main peuvent \u00e9galement \u00eatre produits sur-mesure et \u00e0 la demande. Envoyez nous un mail avec votre demande de linge de lit personnalis\u00e9 en coton \u00e0 l&rsquo;adresse sales@valeriebarkowski.com<\/p>\n<p>En compl\u00e9ment, retrouvez nos <a href=\"https:\/\/www.old.valeriebarkowski.shop\/fr\/produit\/drap-housse-ll01\/\">drap-housses<\/a>\u00a0blancs coordonn\u00e9s.<\/p>\n<p>&nbsp;<\/p>\n","protected":false},"excerpt":{"rendered":"<h4>Linge de lit<\/h4>\n<p>Brod\u00e9e \u00e0 la main la fermeture devient finition. Des escargots en fils tourn\u00e9s se prolongent par des cordons dont l\u2019extr\u00e9mit\u00e9 est un pompon.<br \/>\n100% coton peign\u00e9, merceris\u00e9.<\/p>\n","protected":false},"featured_media":1553,"comment_status":"closed","ping_status":"closed","template":"","meta":[],"product_cat":[1552,17,20,165,955,1009],"product_tag":[942,976,980,981,982,941,988,984,983],"class_list":{"0":"post-1543","1":"product","2":"type-product","3":"status-publish","4":"has-post-thumbnail","6":"product_cat-linge-de-lit-blanc-passementerie","7":"product_cat-linge-de-lit-intemporel-brode-main","8":"product_cat-en-coton-blanc","9":"product_cat-yumi-blanc-passementeries-lit","10":"product_cat-linge-passementeries","11":"product_cat-passementeries-coloris-multi","12":"product_tag-aqua","13":"product_tag-coton-peigne-mercerise","14":"product_tag-housse-de-couette-140x200cm","15":"product_tag-housse-de-couette-240x220cm","16":"product_tag-housse-de-couette-260x240cm","17":"product_tag-multicolor-bleu","18":"product_tag-popeline-blanche","19":"product_tag-taie-doreiller-65x65cm","20":"product_tag-taie-doreiller-70x50cm","22":"first","23":"instock","24":"featured","25":"taxable","26":"shipping-taxable","27":"purchasable","28":"product-type-variable","29":"has-default-attributes"},"yoast_head":"<!-- This site is optimized with the Yoast SEO plugin v27.3 - https:\/\/yoast.com\/product\/yoast-seo-wordpress\/ -->\n<title>Housses de couette avec passementerie et taies d&#039;oreiller haut de gamme<\/title>\n<meta name=\"description\" content=\"Linge de lit Yumi 100% coton peign\u00e9, brod\u00e9 \u00e0 la main. Taies d&#039;oreiller et housses de couette avec passementerie multicolore faite \u00e0 la main.\" \/>\n<meta name=\"robots\" content=\"noindex, follow, max-snippet:-1, max-image-preview:large, max-video-preview:-1\" \/>\n<meta property=\"og:locale\" content=\"fr_FR\" \/>\n<meta property=\"og:type\" content=\"article\" \/>\n<meta property=\"og:title\" content=\"Housses de couette avec passementerie et taies d&#039;oreiller haut de gamme\" \/>\n<meta property=\"og:description\" content=\"Linge de lit Yumi 100% coton peign\u00e9, brod\u00e9 \u00e0 la main. Taies d&#039;oreiller et housses de couette avec passementerie multicolore faite \u00e0 la main.\" \/>\n<meta property=\"og:url\" content=\"https:\/\/www.old.valeriebarkowski.shop\/fr\/produit\/linge-lit-yumi-passementerie-aqua-ll01\/\" \/>\n<meta property=\"og:site_name\" content=\"The shop by Valerie Barkowski\" \/>\n<meta property=\"article:publisher\" content=\"https:\/\/www.facebook.com\/valerie.barkowski\" \/>\n<meta property=\"article:modified_time\" content=\"2025-04-17T13:40:21+00:00\" \/>\n<meta property=\"og:image\" content=\"https:\/\/www.old.valeriebarkowski.shop\/wp-content\/uploads\/2017\/07\/yumi-bed-linen-aqua.jpg\" \/>\n\t<meta property=\"og:image:width\" content=\"790\" \/>\n\t<meta property=\"og:image:height\" content=\"790\" \/>\n\t<meta property=\"og:image:type\" content=\"image\/jpeg\" \/>\n<meta name=\"twitter:card\" content=\"summary_large_image\" \/>\n<meta name=\"twitter:label1\" content=\"Dur\u00e9e de lecture estim\u00e9e\" \/>\n\t<meta name=\"twitter:data1\" content=\"2 minutes\" \/>\n<script type=\"application\/ld+json\" class=\"yoast-schema-graph\">{\"@context\":\"https:\\\/\\\/schema.org\",\"@graph\":[{\"@type\":\"WebPage\",\"@id\":\"https:\\\/\\\/www.old.valeriebarkowski.shop\\\/fr\\\/produit\\\/linge-lit-yumi-passementerie-aqua-ll01\\\/\",\"url\":\"https:\\\/\\\/www.old.valeriebarkowski.shop\\\/fr\\\/produit\\\/linge-lit-yumi-passementerie-aqua-ll01\\\/\",\"name\":\"Housses de couette avec passementerie et taies d'oreiller haut de gamme\",\"isPartOf\":{\"@id\":\"https:\\\/\\\/www.old.valeriebarkowski.shop\\\/en\\\/#website\"},\"primaryImageOfPage\":{\"@id\":\"https:\\\/\\\/www.old.valeriebarkowski.shop\\\/fr\\\/produit\\\/linge-lit-yumi-passementerie-aqua-ll01\\\/#primaryimage\"},\"image\":{\"@id\":\"https:\\\/\\\/www.old.valeriebarkowski.shop\\\/fr\\\/produit\\\/linge-lit-yumi-passementerie-aqua-ll01\\\/#primaryimage\"},\"thumbnailUrl\":\"https:\\\/\\\/www.old.valeriebarkowski.shop\\\/wp-content\\\/uploads\\\/2017\\\/07\\\/yumi-bed-linen-aqua.jpg\",\"datePublished\":\"2017-07-13T17:00:11+00:00\",\"dateModified\":\"2025-04-17T13:40:21+00:00\",\"description\":\"Linge de lit Yumi 100% coton peign\u00e9, brod\u00e9 \u00e0 la main. Taies d'oreiller et housses de couette avec passementerie multicolore faite \u00e0 la main.\",\"breadcrumb\":{\"@id\":\"https:\\\/\\\/www.old.valeriebarkowski.shop\\\/fr\\\/produit\\\/linge-lit-yumi-passementerie-aqua-ll01\\\/#breadcrumb\"},\"inLanguage\":\"fr-FR\",\"potentialAction\":[{\"@type\":\"ReadAction\",\"target\":[\"https:\\\/\\\/www.old.valeriebarkowski.shop\\\/fr\\\/produit\\\/linge-lit-yumi-passementerie-aqua-ll01\\\/\"]}]},{\"@type\":\"ImageObject\",\"inLanguage\":\"fr-FR\",\"@id\":\"https:\\\/\\\/www.old.valeriebarkowski.shop\\\/fr\\\/produit\\\/linge-lit-yumi-passementerie-aqua-ll01\\\/#primaryimage\",\"url\":\"https:\\\/\\\/www.old.valeriebarkowski.shop\\\/wp-content\\\/uploads\\\/2017\\\/07\\\/yumi-bed-linen-aqua.jpg\",\"contentUrl\":\"https:\\\/\\\/www.old.valeriebarkowski.shop\\\/wp-content\\\/uploads\\\/2017\\\/07\\\/yumi-bed-linen-aqua.jpg\",\"width\":790,\"height\":790,\"caption\":\"Housses de couette avec passementerie V.Barkowski 2\"},{\"@type\":\"BreadcrumbList\",\"@id\":\"https:\\\/\\\/www.old.valeriebarkowski.shop\\\/fr\\\/produit\\\/linge-lit-yumi-passementerie-aqua-ll01\\\/#breadcrumb\",\"itemListElement\":[{\"@type\":\"ListItem\",\"position\":1,\"name\":\"Home\",\"item\":\"https:\\\/\\\/www.old.valeriebarkowski.shop\\\/fr\\\/\"},{\"@type\":\"ListItem\",\"position\":2,\"name\":\"Boutique\",\"item\":\"https:\\\/\\\/www.old.valeriebarkowski.shop\\\/fr\\\/boutique\\\/\"},{\"@type\":\"ListItem\",\"position\":3,\"name\":\"Linge de lit blanc LL01 passementerie YUMI aqua\"}]},{\"@type\":\"WebSite\",\"@id\":\"https:\\\/\\\/www.old.valeriebarkowski.shop\\\/en\\\/#website\",\"url\":\"https:\\\/\\\/www.old.valeriebarkowski.shop\\\/en\\\/\",\"name\":\"The shop by Valerie Barkowski\",\"description\":\"\",\"publisher\":{\"@id\":\"https:\\\/\\\/www.old.valeriebarkowski.shop\\\/en\\\/#organization\"},\"potentialAction\":[{\"@type\":\"SearchAction\",\"target\":{\"@type\":\"EntryPoint\",\"urlTemplate\":\"https:\\\/\\\/www.old.valeriebarkowski.shop\\\/en\\\/?s={search_term_string}\"},\"query-input\":{\"@type\":\"PropertyValueSpecification\",\"valueRequired\":true,\"valueName\":\"search_term_string\"}}],\"inLanguage\":\"fr-FR\"},{\"@type\":\"Organization\",\"@id\":\"https:\\\/\\\/www.old.valeriebarkowski.shop\\\/en\\\/#organization\",\"name\":\"valerie barkowski\",\"url\":\"https:\\\/\\\/www.old.valeriebarkowski.shop\\\/en\\\/\",\"logo\":{\"@type\":\"ImageObject\",\"inLanguage\":\"fr-FR\",\"@id\":\"https:\\\/\\\/www.old.valeriebarkowski.shop\\\/en\\\/#\\\/schema\\\/logo\\\/image\\\/\",\"url\":\"https:\\\/\\\/www.old.valeriebarkowski.shop\\\/wp-content\\\/uploads\\\/2017\\\/02\\\/logo-vb-the-shop-4.png\",\"contentUrl\":\"https:\\\/\\\/www.old.valeriebarkowski.shop\\\/wp-content\\\/uploads\\\/2017\\\/02\\\/logo-vb-the-shop-4.png\",\"width\":437,\"height\":125,\"caption\":\"valerie barkowski\"},\"image\":{\"@id\":\"https:\\\/\\\/www.old.valeriebarkowski.shop\\\/en\\\/#\\\/schema\\\/logo\\\/image\\\/\"},\"sameAs\":[\"https:\\\/\\\/www.facebook.com\\\/valerie.barkowski\",\"https:\\\/\\\/www.instagram.com\\\/webbarkowski\\\/\",\"https:\\\/\\\/fr.pinterest.com\\\/vbarkowski\\\/\"]}]}<\/script>\n<!-- \/ Yoast SEO plugin. -->","yoast_head_json":{"title":"Housses de couette avec passementerie et taies d'oreiller haut de gamme","description":"Linge de lit Yumi 100% coton peign\u00e9, brod\u00e9 \u00e0 la main. Taies d'oreiller et housses de couette avec passementerie multicolore faite \u00e0 la main.","robots":{"index":"noindex","follow":"follow","max-snippet":"max-snippet:-1","max-image-preview":"max-image-preview:large","max-video-preview":"max-video-preview:-1"},"og_locale":"fr_FR","og_type":"article","og_title":"Housses de couette avec passementerie et taies d'oreiller haut de gamme","og_description":"Linge de lit Yumi 100% coton peign\u00e9, brod\u00e9 \u00e0 la main. Taies d'oreiller et housses de couette avec passementerie multicolore faite \u00e0 la main.","og_url":"https:\/\/www.old.valeriebarkowski.shop\/fr\/produit\/linge-lit-yumi-passementerie-aqua-ll01\/","og_site_name":"The shop by Valerie Barkowski","article_publisher":"https:\/\/www.facebook.com\/valerie.barkowski","article_modified_time":"2025-04-17T13:40:21+00:00","og_image":[{"width":790,"height":790,"url":"https:\/\/www.old.valeriebarkowski.shop\/wp-content\/uploads\/2017\/07\/yumi-bed-linen-aqua.jpg","type":"image\/jpeg"}],"twitter_card":"summary_large_image","twitter_misc":{"Dur\u00e9e de lecture estim\u00e9e":"2 minutes"},"schema":{"@context":"https:\/\/schema.org","@graph":[{"@type":"WebPage","@id":"https:\/\/www.old.valeriebarkowski.shop\/fr\/produit\/linge-lit-yumi-passementerie-aqua-ll01\/","url":"https:\/\/www.old.valeriebarkowski.shop\/fr\/produit\/linge-lit-yumi-passementerie-aqua-ll01\/","name":"Housses de couette avec passementerie et taies d'oreiller haut de gamme","isPartOf":{"@id":"https:\/\/www.old.valeriebarkowski.shop\/en\/#website"},"primaryImageOfPage":{"@id":"https:\/\/www.old.valeriebarkowski.shop\/fr\/produit\/linge-lit-yumi-passementerie-aqua-ll01\/#primaryimage"},"image":{"@id":"https:\/\/www.old.valeriebarkowski.shop\/fr\/produit\/linge-lit-yumi-passementerie-aqua-ll01\/#primaryimage"},"thumbnailUrl":"https:\/\/www.old.valeriebarkowski.shop\/wp-content\/uploads\/2017\/07\/yumi-bed-linen-aqua.jpg","datePublished":"2017-07-13T17:00:11+00:00","dateModified":"2025-04-17T13:40:21+00:00","description":"Linge de lit Yumi 100% coton peign\u00e9, brod\u00e9 \u00e0 la main. Taies d'oreiller et housses de couette avec passementerie multicolore faite \u00e0 la main.","breadcrumb":{"@id":"https:\/\/www.old.valeriebarkowski.shop\/fr\/produit\/linge-lit-yumi-passementerie-aqua-ll01\/#breadcrumb"},"inLanguage":"fr-FR","potentialAction":[{"@type":"ReadAction","target":["https:\/\/www.old.valeriebarkowski.shop\/fr\/produit\/linge-lit-yumi-passementerie-aqua-ll01\/"]}]},{"@type":"ImageObject","inLanguage":"fr-FR","@id":"https:\/\/www.old.valeriebarkowski.shop\/fr\/produit\/linge-lit-yumi-passementerie-aqua-ll01\/#primaryimage","url":"https:\/\/www.old.valeriebarkowski.shop\/wp-content\/uploads\/2017\/07\/yumi-bed-linen-aqua.jpg","contentUrl":"https:\/\/www.old.valeriebarkowski.shop\/wp-content\/uploads\/2017\/07\/yumi-bed-linen-aqua.jpg","width":790,"height":790,"caption":"Housses de couette avec passementerie V.Barkowski 2"},{"@type":"BreadcrumbList","@id":"https:\/\/www.old.valeriebarkowski.shop\/fr\/produit\/linge-lit-yumi-passementerie-aqua-ll01\/#breadcrumb","itemListElement":[{"@type":"ListItem","position":1,"name":"Home","item":"https:\/\/www.old.valeriebarkowski.shop\/fr\/"},{"@type":"ListItem","position":2,"name":"Boutique","item":"https:\/\/www.old.valeriebarkowski.shop\/fr\/boutique\/"},{"@type":"ListItem","position":3,"name":"Linge de lit blanc LL01 passementerie YUMI aqua"}]},{"@type":"WebSite","@id":"https:\/\/www.old.valeriebarkowski.shop\/en\/#website","url":"https:\/\/www.old.valeriebarkowski.shop\/en\/","name":"The shop by Valerie Barkowski","description":"","publisher":{"@id":"https:\/\/www.old.valeriebarkowski.shop\/en\/#organization"},"potentialAction":[{"@type":"SearchAction","target":{"@type":"EntryPoint","urlTemplate":"https:\/\/www.old.valeriebarkowski.shop\/en\/?s={search_term_string}"},"query-input":{"@type":"PropertyValueSpecification","valueRequired":true,"valueName":"search_term_string"}}],"inLanguage":"fr-FR"},{"@type":"Organization","@id":"https:\/\/www.old.valeriebarkowski.shop\/en\/#organization","name":"valerie barkowski","url":"https:\/\/www.old.valeriebarkowski.shop\/en\/","logo":{"@type":"ImageObject","inLanguage":"fr-FR","@id":"https:\/\/www.old.valeriebarkowski.shop\/en\/#\/schema\/logo\/image\/","url":"https:\/\/www.old.valeriebarkowski.shop\/wp-content\/uploads\/2017\/02\/logo-vb-the-shop-4.png","contentUrl":"https:\/\/www.old.valeriebarkowski.shop\/wp-content\/uploads\/2017\/02\/logo-vb-the-shop-4.png","width":437,"height":125,"caption":"valerie barkowski"},"image":{"@id":"https:\/\/www.old.valeriebarkowski.shop\/en\/#\/schema\/logo\/image\/"},"sameAs":["https:\/\/www.facebook.com\/valerie.barkowski","https:\/\/www.instagram.com\/webbarkowski\/","https:\/\/fr.pinterest.com\/vbarkowski\/"]}]}},"_links":{"self":[{"href":"https:\/\/www.old.valeriebarkowski.shop\/fr\/wp-json\/wp\/v2\/product\/1543","targetHints":{"allow":["GET"]}}],"collection":[{"href":"https:\/\/www.old.valeriebarkowski.shop\/fr\/wp-json\/wp\/v2\/product"}],"about":[{"href":"https:\/\/www.old.valeriebarkowski.shop\/fr\/wp-json\/wp\/v2\/types\/product"}],"replies":[{"embeddable":true,"href":"https:\/\/www.old.valeriebarkowski.shop\/fr\/wp-json\/wp\/v2\/comments?post=1543"}],"wp:featuredmedia":[{"embeddable":true,"href":"https:\/\/www.old.valeriebarkowski.shop\/fr\/wp-json\/wp\/v2\/media\/1553"}],"wp:attachment":[{"href":"https:\/\/www.old.valeriebarkowski.shop\/fr\/wp-json\/wp\/v2\/media?parent=1543"}],"wp:term":[{"taxonomy":"product_cat","embeddable":true,"href":"https:\/\/www.old.valeriebarkowski.shop\/fr\/wp-json\/wp\/v2\/product_cat?post=1543"},{"taxonomy":"product_tag","embeddable":true,"href":"https:\/\/www.old.valeriebarkowski.shop\/fr\/wp-json\/wp\/v2\/product_tag?post=1543"}],"curies":[{"name":"wp","href":"https:\/\/api.w.org\/{rel}","templated":true}]}}