{"id":2475,"date":"2017-10-25T13:48:45","date_gmt":"2017-10-25T11:48:45","guid":{"rendered":"http:\/\/www.valeriebarkowski.shop\/?post_type=product&#038;p=2475"},"modified":"2024-05-09T21:51:49","modified_gmt":"2024-05-09T19:51:49","slug":"linge-bain-memba-broderie-aqua-lb50","status":"publish","type":"product","link":"https:\/\/www.old.valeriebarkowski.shop\/fr\/produit\/linge-bain-memba-broderie-aqua-lb50\/","title":{"rendered":"Linge de bain LB50 MEMBA aqua"},"content":{"rendered":"<h2>Linge de bain brod\u00e9 MEMBA aqua<\/h2>\n<p>La serviette de bain \u00e9ponge brod\u00e9e main MEMBA aqua est en coton de qualit\u00e9 tr\u00e8s absorbant. La finition brod\u00e9e \u00e0 la main est plac\u00e9e de mani\u00e8re al\u00e9atoire et borde les quatre c\u00f4t\u00e9s des serviettes et du tapis de bain.<\/p>\n<p>\u201cLe linge de bain MEMBA est n\u00e9 en 2002. J\u2019ai voulu \u00e9toffer ma collection d&rsquo;\u00e9ponges en y ajoutant un mod\u00e8le brod\u00e9. A l&rsquo;origine je travaillais uniquement le linge de bain \u00e0 pompons. La broderie main Memba est plus minimale et masculine.<\/p>\n<p>La marque V.Barkowski est n\u00e9e au Maroc en 1997. 3 longues ann\u00e9es ont \u00e9t\u00e9 n\u00e9cessaires pour mettre au point l&rsquo;ensemble de la collection. La philosophie de Val\u00e9rie Barkowski est toujours la m\u00eame. Aller \u00e0 la rencontre des artisans et mettre des savoir-faire ancestraux \u00e0 l&rsquo;honneur.<\/p>\n<p>Plus d&rsquo;informations sur <a href=\"http:\/\/valeriebarkowski.com\/irma-linge-de-bain\/\" target=\"_blank\" rel=\"noopener noreferrer\">www.valeriebarkowski.com<\/a><\/p>\n<p>Le linge de bain MEMBA existe aussi en 4 tailles :<\/p>\n<p><strong>Drap de bain 100cm x 150cm<\/strong><br \/>\n<strong>Serviette de bain 50cm x 100cm<\/strong><br \/>\n<strong>Serviette invit\u00e9 30cm x 50cm<br \/>\nTapis de bain 54cm x 90cm<\/strong><\/p>\n<p>La serviette en \u00e9ponge brod\u00e9e main Memba d&rsquo;harmonise avec toutes les finitions propos\u00e9es sur le linge de bain water \u00e0 d\u00e9couvrir\u00a0 <a href=\"https:\/\/www.old.valeriebarkowski.shop\/fr\/product-category\/linge-bain\/linge-bain-water\/\" target=\"_blank\" rel=\"noopener noreferrer\">ici<\/a>.<\/p>\n<p>Chez moi, c&rsquo;est avec le mod\u00e8le <a href=\"https:\/\/www.old.valeriebarkowski.shop\/fr\/produit\/linge-bain-lamu-pompons-aqua-lb50\/\" target=\"_blank\" rel=\"noopener noreferrer\">Lamu<\/a> que j&rsquo;harmonise mes serviettes de bain Memba, je garde la m\u00eame gamme de couleurs par contre.\u201d<\/p>\n<p>Notre production est faite au Maroc, \u00e0 Marrakech, dans notre atelier. Nous travaillons avec des artisan(e)s qualifi\u00e9(e) depuis de nombreuses ann\u00e9es. La qualit\u00e9 est notre priorit\u00e9 absolue. Nous aimons l&rsquo;id\u00e9e que notre linge de maison traverse le temps.<\/p>\n","protected":false},"excerpt":{"rendered":"<h3><strong>Serviettes de bain + tapis de bain<\/strong><\/h3>\n<p>En \u00e9ponge \u00ab\u00a0water\u00a0\u00bb \u00e9paisse et absorbante 100% coton peign\u00e9, bouclette haute 700 gr\/m2, les serviettes de bain Memba sont brod\u00e9es \u00e0 la main avec du fil r\u00e9sistant \u00e0 la d\u00e9coloration.<br \/>\nLe tapis de bain est en \u00e9ponge\u00a0100% coton peign\u00e9, 1100 gr\/m2.<\/p>\n<p>Ce mod\u00e8le est propos\u00e9 en 4 tailles :<\/p>\n","protected":false},"featured_media":2480,"comment_status":"closed","ping_status":"closed","template":"","meta":[],"product_cat":[16,918,937,939],"product_tag":[942,928,940,934,941,927,926,929],"class_list":{"0":"post-2475","1":"product","2":"type-product","3":"status-publish","4":"has-post-thumbnail","6":"product_cat-linge-de-bain-raffine","7":"product_cat-linge-bain-water","8":"product_cat-linge-broderies","9":"product_cat-linge-broderies-coloris-multi","10":"product_tag-aqua","11":"product_tag-drap-de-bain-100x150","12":"product_tag-eponge-water","13":"product_tag-irma","14":"product_tag-multicolor-bleu","15":"product_tag-serviette-de-bain-50x100","16":"product_tag-serviette-invite-30x50","17":"product_tag-tapis-de-bain-54x90","19":"first","20":"instock","21":"taxable","22":"shipping-taxable","23":"purchasable","24":"product-type-variable","25":"has-default-attributes"},"yoast_head":"<!-- This site is optimized with the Yoast SEO plugin v27.3 - https:\/\/yoast.com\/product\/yoast-seo-wordpress\/ -->\n<title>Serviette de bain \u00e9ponge brod\u00e9e main MEMBA aqua by V.Barkowski<\/title>\n<meta name=\"description\" content=\"Serviette de bain \u00e9ponge brod\u00e9e main MEMBA aqua by V.Barkowski. Disponible en plusieurs tailles. Linge de bain de qualit\u00e9 intemporel et raffin\u00e9.\" \/>\n<meta name=\"robots\" content=\"noindex, follow, max-snippet:-1, max-image-preview:large, max-video-preview:-1\" \/>\n<meta property=\"og:locale\" content=\"fr_FR\" \/>\n<meta property=\"og:type\" content=\"article\" \/>\n<meta property=\"og:title\" content=\"Serviette de bain \u00e9ponge brod\u00e9e main MEMBA aqua by V.Barkowski\" \/>\n<meta property=\"og:description\" content=\"Serviette de bain \u00e9ponge brod\u00e9e main MEMBA aqua by V.Barkowski. Disponible en plusieurs tailles. Linge de bain de qualit\u00e9 intemporel et raffin\u00e9.\" \/>\n<meta property=\"og:url\" content=\"https:\/\/www.old.valeriebarkowski.shop\/fr\/produit\/linge-bain-memba-broderie-aqua-lb50\/\" \/>\n<meta property=\"og:site_name\" content=\"The shop by Valerie Barkowski\" \/>\n<meta property=\"article:publisher\" content=\"https:\/\/www.facebook.com\/valerie.barkowski\" \/>\n<meta property=\"article:modified_time\" content=\"2024-05-09T19:51:49+00:00\" \/>\n<meta property=\"og:image\" content=\"https:\/\/www.old.valeriebarkowski.shop\/wp-content\/uploads\/2017\/10\/serviette-bain-broderie-memba-water-aqua.jpg\" \/>\n\t<meta property=\"og:image:width\" content=\"709\" \/>\n\t<meta property=\"og:image:height\" content=\"709\" \/>\n\t<meta property=\"og:image:type\" content=\"image\/jpeg\" \/>\n<meta name=\"twitter:card\" content=\"summary_large_image\" \/>\n<meta name=\"twitter:label1\" content=\"Dur\u00e9e de lecture estim\u00e9e\" \/>\n\t<meta name=\"twitter:data1\" content=\"1 minute\" \/>\n<script type=\"application\/ld+json\" class=\"yoast-schema-graph\">{\"@context\":\"https:\\\/\\\/schema.org\",\"@graph\":[{\"@type\":\"WebPage\",\"@id\":\"https:\\\/\\\/www.old.valeriebarkowski.shop\\\/fr\\\/produit\\\/linge-bain-memba-broderie-aqua-lb50\\\/\",\"url\":\"https:\\\/\\\/www.old.valeriebarkowski.shop\\\/fr\\\/produit\\\/linge-bain-memba-broderie-aqua-lb50\\\/\",\"name\":\"Serviette de bain \u00e9ponge brod\u00e9e main MEMBA aqua by V.Barkowski\",\"isPartOf\":{\"@id\":\"https:\\\/\\\/www.old.valeriebarkowski.shop\\\/en\\\/#website\"},\"primaryImageOfPage\":{\"@id\":\"https:\\\/\\\/www.old.valeriebarkowski.shop\\\/fr\\\/produit\\\/linge-bain-memba-broderie-aqua-lb50\\\/#primaryimage\"},\"image\":{\"@id\":\"https:\\\/\\\/www.old.valeriebarkowski.shop\\\/fr\\\/produit\\\/linge-bain-memba-broderie-aqua-lb50\\\/#primaryimage\"},\"thumbnailUrl\":\"https:\\\/\\\/www.old.valeriebarkowski.shop\\\/wp-content\\\/uploads\\\/2017\\\/10\\\/serviette-bain-broderie-memba-water-aqua.jpg\",\"datePublished\":\"2017-10-25T11:48:45+00:00\",\"dateModified\":\"2024-05-09T19:51:49+00:00\",\"description\":\"Serviette de bain \u00e9ponge brod\u00e9e main MEMBA aqua by V.Barkowski. Disponible en plusieurs tailles. Linge de bain de qualit\u00e9 intemporel et raffin\u00e9.\",\"breadcrumb\":{\"@id\":\"https:\\\/\\\/www.old.valeriebarkowski.shop\\\/fr\\\/produit\\\/linge-bain-memba-broderie-aqua-lb50\\\/#breadcrumb\"},\"inLanguage\":\"fr-FR\",\"potentialAction\":[{\"@type\":\"ReadAction\",\"target\":[\"https:\\\/\\\/www.old.valeriebarkowski.shop\\\/fr\\\/produit\\\/linge-bain-memba-broderie-aqua-lb50\\\/\"]}]},{\"@type\":\"ImageObject\",\"inLanguage\":\"fr-FR\",\"@id\":\"https:\\\/\\\/www.old.valeriebarkowski.shop\\\/fr\\\/produit\\\/linge-bain-memba-broderie-aqua-lb50\\\/#primaryimage\",\"url\":\"https:\\\/\\\/www.old.valeriebarkowski.shop\\\/wp-content\\\/uploads\\\/2017\\\/10\\\/serviette-bain-broderie-memba-water-aqua.jpg\",\"contentUrl\":\"https:\\\/\\\/www.old.valeriebarkowski.shop\\\/wp-content\\\/uploads\\\/2017\\\/10\\\/serviette-bain-broderie-memba-water-aqua.jpg\",\"width\":709,\"height\":709,\"caption\":\"serviette de bain en \u00e9ponge brod\u00e9e main\"},{\"@type\":\"BreadcrumbList\",\"@id\":\"https:\\\/\\\/www.old.valeriebarkowski.shop\\\/fr\\\/produit\\\/linge-bain-memba-broderie-aqua-lb50\\\/#breadcrumb\",\"itemListElement\":[{\"@type\":\"ListItem\",\"position\":1,\"name\":\"Home\",\"item\":\"https:\\\/\\\/www.old.valeriebarkowski.shop\\\/fr\\\/\"},{\"@type\":\"ListItem\",\"position\":2,\"name\":\"Boutique\",\"item\":\"https:\\\/\\\/www.old.valeriebarkowski.shop\\\/fr\\\/boutique\\\/\"},{\"@type\":\"ListItem\",\"position\":3,\"name\":\"Linge de bain LB50 MEMBA aqua\"}]},{\"@type\":\"WebSite\",\"@id\":\"https:\\\/\\\/www.old.valeriebarkowski.shop\\\/en\\\/#website\",\"url\":\"https:\\\/\\\/www.old.valeriebarkowski.shop\\\/en\\\/\",\"name\":\"The shop by Valerie Barkowski\",\"description\":\"\",\"publisher\":{\"@id\":\"https:\\\/\\\/www.old.valeriebarkowski.shop\\\/en\\\/#organization\"},\"potentialAction\":[{\"@type\":\"SearchAction\",\"target\":{\"@type\":\"EntryPoint\",\"urlTemplate\":\"https:\\\/\\\/www.old.valeriebarkowski.shop\\\/en\\\/?s={search_term_string}\"},\"query-input\":{\"@type\":\"PropertyValueSpecification\",\"valueRequired\":true,\"valueName\":\"search_term_string\"}}],\"inLanguage\":\"fr-FR\"},{\"@type\":\"Organization\",\"@id\":\"https:\\\/\\\/www.old.valeriebarkowski.shop\\\/en\\\/#organization\",\"name\":\"valerie barkowski\",\"url\":\"https:\\\/\\\/www.old.valeriebarkowski.shop\\\/en\\\/\",\"logo\":{\"@type\":\"ImageObject\",\"inLanguage\":\"fr-FR\",\"@id\":\"https:\\\/\\\/www.old.valeriebarkowski.shop\\\/en\\\/#\\\/schema\\\/logo\\\/image\\\/\",\"url\":\"https:\\\/\\\/www.old.valeriebarkowski.shop\\\/wp-content\\\/uploads\\\/2017\\\/02\\\/logo-vb-the-shop-4.png\",\"contentUrl\":\"https:\\\/\\\/www.old.valeriebarkowski.shop\\\/wp-content\\\/uploads\\\/2017\\\/02\\\/logo-vb-the-shop-4.png\",\"width\":437,\"height\":125,\"caption\":\"valerie barkowski\"},\"image\":{\"@id\":\"https:\\\/\\\/www.old.valeriebarkowski.shop\\\/en\\\/#\\\/schema\\\/logo\\\/image\\\/\"},\"sameAs\":[\"https:\\\/\\\/www.facebook.com\\\/valerie.barkowski\",\"https:\\\/\\\/www.instagram.com\\\/webbarkowski\\\/\",\"https:\\\/\\\/fr.pinterest.com\\\/vbarkowski\\\/\"]}]}<\/script>\n<!-- \/ Yoast SEO plugin. -->","yoast_head_json":{"title":"Serviette de bain \u00e9ponge brod\u00e9e main MEMBA aqua by V.Barkowski","description":"Serviette de bain \u00e9ponge brod\u00e9e main MEMBA aqua by V.Barkowski. Disponible en plusieurs tailles. Linge de bain de qualit\u00e9 intemporel et raffin\u00e9.","robots":{"index":"noindex","follow":"follow","max-snippet":"max-snippet:-1","max-image-preview":"max-image-preview:large","max-video-preview":"max-video-preview:-1"},"og_locale":"fr_FR","og_type":"article","og_title":"Serviette de bain \u00e9ponge brod\u00e9e main MEMBA aqua by V.Barkowski","og_description":"Serviette de bain \u00e9ponge brod\u00e9e main MEMBA aqua by V.Barkowski. Disponible en plusieurs tailles. Linge de bain de qualit\u00e9 intemporel et raffin\u00e9.","og_url":"https:\/\/www.old.valeriebarkowski.shop\/fr\/produit\/linge-bain-memba-broderie-aqua-lb50\/","og_site_name":"The shop by Valerie Barkowski","article_publisher":"https:\/\/www.facebook.com\/valerie.barkowski","article_modified_time":"2024-05-09T19:51:49+00:00","og_image":[{"width":709,"height":709,"url":"https:\/\/www.old.valeriebarkowski.shop\/wp-content\/uploads\/2017\/10\/serviette-bain-broderie-memba-water-aqua.jpg","type":"image\/jpeg"}],"twitter_card":"summary_large_image","twitter_misc":{"Dur\u00e9e de lecture estim\u00e9e":"1 minute"},"schema":{"@context":"https:\/\/schema.org","@graph":[{"@type":"WebPage","@id":"https:\/\/www.old.valeriebarkowski.shop\/fr\/produit\/linge-bain-memba-broderie-aqua-lb50\/","url":"https:\/\/www.old.valeriebarkowski.shop\/fr\/produit\/linge-bain-memba-broderie-aqua-lb50\/","name":"Serviette de bain \u00e9ponge brod\u00e9e main MEMBA aqua by V.Barkowski","isPartOf":{"@id":"https:\/\/www.old.valeriebarkowski.shop\/en\/#website"},"primaryImageOfPage":{"@id":"https:\/\/www.old.valeriebarkowski.shop\/fr\/produit\/linge-bain-memba-broderie-aqua-lb50\/#primaryimage"},"image":{"@id":"https:\/\/www.old.valeriebarkowski.shop\/fr\/produit\/linge-bain-memba-broderie-aqua-lb50\/#primaryimage"},"thumbnailUrl":"https:\/\/www.old.valeriebarkowski.shop\/wp-content\/uploads\/2017\/10\/serviette-bain-broderie-memba-water-aqua.jpg","datePublished":"2017-10-25T11:48:45+00:00","dateModified":"2024-05-09T19:51:49+00:00","description":"Serviette de bain \u00e9ponge brod\u00e9e main MEMBA aqua by V.Barkowski. Disponible en plusieurs tailles. Linge de bain de qualit\u00e9 intemporel et raffin\u00e9.","breadcrumb":{"@id":"https:\/\/www.old.valeriebarkowski.shop\/fr\/produit\/linge-bain-memba-broderie-aqua-lb50\/#breadcrumb"},"inLanguage":"fr-FR","potentialAction":[{"@type":"ReadAction","target":["https:\/\/www.old.valeriebarkowski.shop\/fr\/produit\/linge-bain-memba-broderie-aqua-lb50\/"]}]},{"@type":"ImageObject","inLanguage":"fr-FR","@id":"https:\/\/www.old.valeriebarkowski.shop\/fr\/produit\/linge-bain-memba-broderie-aqua-lb50\/#primaryimage","url":"https:\/\/www.old.valeriebarkowski.shop\/wp-content\/uploads\/2017\/10\/serviette-bain-broderie-memba-water-aqua.jpg","contentUrl":"https:\/\/www.old.valeriebarkowski.shop\/wp-content\/uploads\/2017\/10\/serviette-bain-broderie-memba-water-aqua.jpg","width":709,"height":709,"caption":"serviette de bain en \u00e9ponge brod\u00e9e main"},{"@type":"BreadcrumbList","@id":"https:\/\/www.old.valeriebarkowski.shop\/fr\/produit\/linge-bain-memba-broderie-aqua-lb50\/#breadcrumb","itemListElement":[{"@type":"ListItem","position":1,"name":"Home","item":"https:\/\/www.old.valeriebarkowski.shop\/fr\/"},{"@type":"ListItem","position":2,"name":"Boutique","item":"https:\/\/www.old.valeriebarkowski.shop\/fr\/boutique\/"},{"@type":"ListItem","position":3,"name":"Linge de bain LB50 MEMBA aqua"}]},{"@type":"WebSite","@id":"https:\/\/www.old.valeriebarkowski.shop\/en\/#website","url":"https:\/\/www.old.valeriebarkowski.shop\/en\/","name":"The shop by Valerie Barkowski","description":"","publisher":{"@id":"https:\/\/www.old.valeriebarkowski.shop\/en\/#organization"},"potentialAction":[{"@type":"SearchAction","target":{"@type":"EntryPoint","urlTemplate":"https:\/\/www.old.valeriebarkowski.shop\/en\/?s={search_term_string}"},"query-input":{"@type":"PropertyValueSpecification","valueRequired":true,"valueName":"search_term_string"}}],"inLanguage":"fr-FR"},{"@type":"Organization","@id":"https:\/\/www.old.valeriebarkowski.shop\/en\/#organization","name":"valerie barkowski","url":"https:\/\/www.old.valeriebarkowski.shop\/en\/","logo":{"@type":"ImageObject","inLanguage":"fr-FR","@id":"https:\/\/www.old.valeriebarkowski.shop\/en\/#\/schema\/logo\/image\/","url":"https:\/\/www.old.valeriebarkowski.shop\/wp-content\/uploads\/2017\/02\/logo-vb-the-shop-4.png","contentUrl":"https:\/\/www.old.valeriebarkowski.shop\/wp-content\/uploads\/2017\/02\/logo-vb-the-shop-4.png","width":437,"height":125,"caption":"valerie barkowski"},"image":{"@id":"https:\/\/www.old.valeriebarkowski.shop\/en\/#\/schema\/logo\/image\/"},"sameAs":["https:\/\/www.facebook.com\/valerie.barkowski","https:\/\/www.instagram.com\/webbarkowski\/","https:\/\/fr.pinterest.com\/vbarkowski\/"]}]}},"_links":{"self":[{"href":"https:\/\/www.old.valeriebarkowski.shop\/fr\/wp-json\/wp\/v2\/product\/2475","targetHints":{"allow":["GET"]}}],"collection":[{"href":"https:\/\/www.old.valeriebarkowski.shop\/fr\/wp-json\/wp\/v2\/product"}],"about":[{"href":"https:\/\/www.old.valeriebarkowski.shop\/fr\/wp-json\/wp\/v2\/types\/product"}],"replies":[{"embeddable":true,"href":"https:\/\/www.old.valeriebarkowski.shop\/fr\/wp-json\/wp\/v2\/comments?post=2475"}],"wp:featuredmedia":[{"embeddable":true,"href":"https:\/\/www.old.valeriebarkowski.shop\/fr\/wp-json\/wp\/v2\/media\/2480"}],"wp:attachment":[{"href":"https:\/\/www.old.valeriebarkowski.shop\/fr\/wp-json\/wp\/v2\/media?parent=2475"}],"wp:term":[{"taxonomy":"product_cat","embeddable":true,"href":"https:\/\/www.old.valeriebarkowski.shop\/fr\/wp-json\/wp\/v2\/product_cat?post=2475"},{"taxonomy":"product_tag","embeddable":true,"href":"https:\/\/www.old.valeriebarkowski.shop\/fr\/wp-json\/wp\/v2\/product_tag?post=2475"}],"curies":[{"name":"wp","href":"https:\/\/api.w.org\/{rel}","templated":true}]}}