{"id":2504,"date":"2017-10-25T14:44:31","date_gmt":"2017-10-25T12:44:31","guid":{"rendered":"http:\/\/www.valeriebarkowski.shop\/?post_type=product&#038;p=2504"},"modified":"2025-04-17T15:49:30","modified_gmt":"2025-04-17T13:49:30","slug":"linge-bain-lamu-pompons-aqua-lb50","status":"publish","type":"product","link":"https:\/\/www.old.valeriebarkowski.shop\/fr\/produit\/linge-bain-lamu-pompons-aqua-lb50\/","title":{"rendered":"Linge de bain LB50 LAMU aqua"},"content":{"rendered":"<h2>Lamu, linge de bain pompons aqua.<\/h2>\n<p>Linge de bain pompons aqua. La finition Lamu borde deux c\u00f4t\u00e9s de la serviette de bain en \u00e9ponge water. Composition 100% coton tr\u00e8s absorbant avec un poids de 700 grammes\/m2 pour les serviettes et 1100grammes\/m2 pour le tapis de bain.<\/p>\n<p>\u00ab\u00a0Le linge de bain en \u00e9ponge Lamu \u00e0 pompons multicolores aqua est n\u00e9 en 1997, l&rsquo;ann\u00e9e o\u00f9 je suis venue m&rsquo;installer au Maroc. Il est inspir\u00e9 du \u00abmendil\u00bb, ce tissu \u00e0 rayures tiss\u00e9 \u00e0 la main que les femmes du Rif, r\u00e9gion du nord du Maroc, portent traditionnellement sur leurs hanches quand elles travaillent dans les champs.\u00a0\u00bb . J&rsquo;\u00e9tais en vacances \u00e0 Asilah et ai eu un coup de foudre imm\u00e9diat. J&rsquo;ai voulu en savoir plus et ai parcouru plus de 1000 km dans la r\u00e9gion pour trouver des pi\u00e8ces anciennes, des artisans tisserands, des brodeuses.<\/p>\n<p>Ce pompon se nomme localement \u00ab\u00a0chichiatte\u00a0\u00bb, c&rsquo;est une tradition du nord. Personne ne confectionnait ces pompons \u00e0 Marrakech. Mes premi\u00e8res \u00e9ponges ont voyag\u00e9 du sud au nord pour \u00eatre par\u00e9es de pompons. C&rsquo;est la cuisini\u00e8re d&rsquo;une de mes amies qui organisait la collecte et la confection des pompons.\u00a0 Je repense \u00e0 cette \u00e9poque avec beaucoup de joie et le sourire aux l\u00e8vres.\u00a0\u00bb<\/p>\n<p>Vous trouverez \u00e9galement plus d\u2019informations sur <a href=\"http:\/\/valeriebarkowski.com\/\" target=\"_blank\" rel=\"noopener noreferrer\">www.valeriebarkowski.com<\/a><\/p>\n<p>Il existe aussi 4 dimensions pour ce mod\u00e8le :<\/p>\n<p><strong>Drap\u00a0de bain 100cm x 150cm<\/strong><br \/>\n<strong>Serviette de bain\u00a050cm x 100cm<\/strong><br \/>\n<strong>Serviette invit\u00e9 30cm x 50cm<br \/>\nTapis de bain 54cm x 90cm<\/strong><\/p>\n","protected":false},"excerpt":{"rendered":"<h4>Serviettes de bain + Tapis de bain<\/h4>\n<p>Linge en \u00e9ponge water Lamu, bord\u00e9 sur deux c\u00f4t\u00e9s de pompons unis enti\u00e8rement faits \u00e0 la main.<br \/>\n100% coton peign\u00e9 en 700gr\/m2 pour les serviettes et 1100grs\/m2 pour le tapis de bain.<br \/>\nCe mod\u00e8le existe en 4 tailles :<\/p>\n","protected":false},"featured_media":2509,"comment_status":"closed","ping_status":"closed","template":"","meta":[],"product_cat":[16,918,956,1011],"product_tag":[942,928,948,941,927,926,935,929],"class_list":{"0":"post-2504","1":"product","2":"type-product","3":"status-publish","4":"has-post-thumbnail","6":"product_cat-linge-de-bain-raffine","7":"product_cat-linge-bain-water","8":"product_cat-linge-pompons","9":"product_cat-pompons-coloris-multi","10":"product_tag-aqua","11":"product_tag-drap-de-bain-100x150","12":"product_tag-eponge-bleue","13":"product_tag-multicolor-bleu","14":"product_tag-serviette-de-bain-50x100","15":"product_tag-serviette-invite-30x50","16":"product_tag-soulayman","17":"product_tag-tapis-de-bain-54x90","19":"first","20":"instock","21":"taxable","22":"shipping-taxable","23":"purchasable","24":"product-type-variable","25":"has-default-attributes"},"yoast_head":"<!-- This site is optimized with the Yoast SEO plugin v27.3 - https:\/\/yoast.com\/product\/yoast-seo-wordpress\/ -->\n<title>Linge de bain pompons aqua multicolores faits main by Val\u00e9rie Barkowski<\/title>\n<meta name=\"description\" content=\"Linge de bain pompons aqua faits et brod\u00e9s main. Serviettes de bain en \u00e9ponge intemporelles design Val\u00e9rie Barkowski depuis 1997. Fabrication artisanale.\" \/>\n<meta name=\"robots\" content=\"noindex, follow, max-snippet:-1, max-image-preview:large, max-video-preview:-1\" \/>\n<meta property=\"og:locale\" content=\"fr_FR\" \/>\n<meta property=\"og:type\" content=\"article\" \/>\n<meta property=\"og:title\" content=\"Linge de bain pompons aqua multicolores faits main by Val\u00e9rie Barkowski\" \/>\n<meta property=\"og:description\" content=\"Linge de bain pompons aqua faits et brod\u00e9s main. Serviettes de bain en \u00e9ponge intemporelles design Val\u00e9rie Barkowski depuis 1997. Fabrication artisanale.\" \/>\n<meta property=\"og:url\" content=\"https:\/\/www.old.valeriebarkowski.shop\/fr\/produit\/linge-bain-lamu-pompons-aqua-lb50\/\" \/>\n<meta property=\"og:site_name\" content=\"The shop by Valerie Barkowski\" \/>\n<meta property=\"article:publisher\" content=\"https:\/\/www.facebook.com\/valerie.barkowski\" \/>\n<meta property=\"article:modified_time\" content=\"2025-04-17T13:49:30+00:00\" \/>\n<meta property=\"og:image\" content=\"https:\/\/www.old.valeriebarkowski.shop\/wp-content\/uploads\/2017\/10\/linge-bain-broderie-lamu-eponge-water-aqua.jpg\" \/>\n\t<meta property=\"og:image:width\" content=\"709\" \/>\n\t<meta property=\"og:image:height\" content=\"709\" \/>\n\t<meta property=\"og:image:type\" content=\"image\/jpeg\" \/>\n<meta name=\"twitter:card\" content=\"summary_large_image\" \/>\n<meta name=\"twitter:label1\" content=\"Dur\u00e9e de lecture estim\u00e9e\" \/>\n\t<meta name=\"twitter:data1\" content=\"1 minute\" \/>\n<script type=\"application\/ld+json\" class=\"yoast-schema-graph\">{\"@context\":\"https:\\\/\\\/schema.org\",\"@graph\":[{\"@type\":\"WebPage\",\"@id\":\"https:\\\/\\\/www.old.valeriebarkowski.shop\\\/fr\\\/produit\\\/linge-bain-lamu-pompons-aqua-lb50\\\/\",\"url\":\"https:\\\/\\\/www.old.valeriebarkowski.shop\\\/fr\\\/produit\\\/linge-bain-lamu-pompons-aqua-lb50\\\/\",\"name\":\"Linge de bain pompons aqua multicolores faits main by Val\u00e9rie Barkowski\",\"isPartOf\":{\"@id\":\"https:\\\/\\\/www.old.valeriebarkowski.shop\\\/en\\\/#website\"},\"primaryImageOfPage\":{\"@id\":\"https:\\\/\\\/www.old.valeriebarkowski.shop\\\/fr\\\/produit\\\/linge-bain-lamu-pompons-aqua-lb50\\\/#primaryimage\"},\"image\":{\"@id\":\"https:\\\/\\\/www.old.valeriebarkowski.shop\\\/fr\\\/produit\\\/linge-bain-lamu-pompons-aqua-lb50\\\/#primaryimage\"},\"thumbnailUrl\":\"https:\\\/\\\/www.old.valeriebarkowski.shop\\\/wp-content\\\/uploads\\\/2017\\\/10\\\/linge-bain-broderie-lamu-eponge-water-aqua.jpg\",\"datePublished\":\"2017-10-25T12:44:31+00:00\",\"dateModified\":\"2025-04-17T13:49:30+00:00\",\"description\":\"Linge de bain pompons aqua faits et brod\u00e9s main. Serviettes de bain en \u00e9ponge intemporelles design Val\u00e9rie Barkowski depuis 1997. Fabrication artisanale.\",\"breadcrumb\":{\"@id\":\"https:\\\/\\\/www.old.valeriebarkowski.shop\\\/fr\\\/produit\\\/linge-bain-lamu-pompons-aqua-lb50\\\/#breadcrumb\"},\"inLanguage\":\"fr-FR\",\"potentialAction\":[{\"@type\":\"ReadAction\",\"target\":[\"https:\\\/\\\/www.old.valeriebarkowski.shop\\\/fr\\\/produit\\\/linge-bain-lamu-pompons-aqua-lb50\\\/\"]}]},{\"@type\":\"ImageObject\",\"inLanguage\":\"fr-FR\",\"@id\":\"https:\\\/\\\/www.old.valeriebarkowski.shop\\\/fr\\\/produit\\\/linge-bain-lamu-pompons-aqua-lb50\\\/#primaryimage\",\"url\":\"https:\\\/\\\/www.old.valeriebarkowski.shop\\\/wp-content\\\/uploads\\\/2017\\\/10\\\/linge-bain-broderie-lamu-eponge-water-aqua.jpg\",\"contentUrl\":\"https:\\\/\\\/www.old.valeriebarkowski.shop\\\/wp-content\\\/uploads\\\/2017\\\/10\\\/linge-bain-broderie-lamu-eponge-water-aqua.jpg\",\"width\":709,\"height\":709,\"caption\":\"linge de bain water pompons aqua\"},{\"@type\":\"BreadcrumbList\",\"@id\":\"https:\\\/\\\/www.old.valeriebarkowski.shop\\\/fr\\\/produit\\\/linge-bain-lamu-pompons-aqua-lb50\\\/#breadcrumb\",\"itemListElement\":[{\"@type\":\"ListItem\",\"position\":1,\"name\":\"Home\",\"item\":\"https:\\\/\\\/www.old.valeriebarkowski.shop\\\/fr\\\/\"},{\"@type\":\"ListItem\",\"position\":2,\"name\":\"Boutique\",\"item\":\"https:\\\/\\\/www.old.valeriebarkowski.shop\\\/fr\\\/boutique\\\/\"},{\"@type\":\"ListItem\",\"position\":3,\"name\":\"Linge de bain LB50 LAMU aqua\"}]},{\"@type\":\"WebSite\",\"@id\":\"https:\\\/\\\/www.old.valeriebarkowski.shop\\\/en\\\/#website\",\"url\":\"https:\\\/\\\/www.old.valeriebarkowski.shop\\\/en\\\/\",\"name\":\"The shop by Valerie Barkowski\",\"description\":\"\",\"publisher\":{\"@id\":\"https:\\\/\\\/www.old.valeriebarkowski.shop\\\/en\\\/#organization\"},\"potentialAction\":[{\"@type\":\"SearchAction\",\"target\":{\"@type\":\"EntryPoint\",\"urlTemplate\":\"https:\\\/\\\/www.old.valeriebarkowski.shop\\\/en\\\/?s={search_term_string}\"},\"query-input\":{\"@type\":\"PropertyValueSpecification\",\"valueRequired\":true,\"valueName\":\"search_term_string\"}}],\"inLanguage\":\"fr-FR\"},{\"@type\":\"Organization\",\"@id\":\"https:\\\/\\\/www.old.valeriebarkowski.shop\\\/en\\\/#organization\",\"name\":\"valerie barkowski\",\"url\":\"https:\\\/\\\/www.old.valeriebarkowski.shop\\\/en\\\/\",\"logo\":{\"@type\":\"ImageObject\",\"inLanguage\":\"fr-FR\",\"@id\":\"https:\\\/\\\/www.old.valeriebarkowski.shop\\\/en\\\/#\\\/schema\\\/logo\\\/image\\\/\",\"url\":\"https:\\\/\\\/www.old.valeriebarkowski.shop\\\/wp-content\\\/uploads\\\/2017\\\/02\\\/logo-vb-the-shop-4.png\",\"contentUrl\":\"https:\\\/\\\/www.old.valeriebarkowski.shop\\\/wp-content\\\/uploads\\\/2017\\\/02\\\/logo-vb-the-shop-4.png\",\"width\":437,\"height\":125,\"caption\":\"valerie barkowski\"},\"image\":{\"@id\":\"https:\\\/\\\/www.old.valeriebarkowski.shop\\\/en\\\/#\\\/schema\\\/logo\\\/image\\\/\"},\"sameAs\":[\"https:\\\/\\\/www.facebook.com\\\/valerie.barkowski\",\"https:\\\/\\\/www.instagram.com\\\/webbarkowski\\\/\",\"https:\\\/\\\/fr.pinterest.com\\\/vbarkowski\\\/\"]}]}<\/script>\n<!-- \/ Yoast SEO plugin. -->","yoast_head_json":{"title":"Linge de bain pompons aqua multicolores faits main by Val\u00e9rie Barkowski","description":"Linge de bain pompons aqua faits et brod\u00e9s main. Serviettes de bain en \u00e9ponge intemporelles design Val\u00e9rie Barkowski depuis 1997. Fabrication artisanale.","robots":{"index":"noindex","follow":"follow","max-snippet":"max-snippet:-1","max-image-preview":"max-image-preview:large","max-video-preview":"max-video-preview:-1"},"og_locale":"fr_FR","og_type":"article","og_title":"Linge de bain pompons aqua multicolores faits main by Val\u00e9rie Barkowski","og_description":"Linge de bain pompons aqua faits et brod\u00e9s main. Serviettes de bain en \u00e9ponge intemporelles design Val\u00e9rie Barkowski depuis 1997. Fabrication artisanale.","og_url":"https:\/\/www.old.valeriebarkowski.shop\/fr\/produit\/linge-bain-lamu-pompons-aqua-lb50\/","og_site_name":"The shop by Valerie Barkowski","article_publisher":"https:\/\/www.facebook.com\/valerie.barkowski","article_modified_time":"2025-04-17T13:49:30+00:00","og_image":[{"width":709,"height":709,"url":"https:\/\/www.old.valeriebarkowski.shop\/wp-content\/uploads\/2017\/10\/linge-bain-broderie-lamu-eponge-water-aqua.jpg","type":"image\/jpeg"}],"twitter_card":"summary_large_image","twitter_misc":{"Dur\u00e9e de lecture estim\u00e9e":"1 minute"},"schema":{"@context":"https:\/\/schema.org","@graph":[{"@type":"WebPage","@id":"https:\/\/www.old.valeriebarkowski.shop\/fr\/produit\/linge-bain-lamu-pompons-aqua-lb50\/","url":"https:\/\/www.old.valeriebarkowski.shop\/fr\/produit\/linge-bain-lamu-pompons-aqua-lb50\/","name":"Linge de bain pompons aqua multicolores faits main by Val\u00e9rie Barkowski","isPartOf":{"@id":"https:\/\/www.old.valeriebarkowski.shop\/en\/#website"},"primaryImageOfPage":{"@id":"https:\/\/www.old.valeriebarkowski.shop\/fr\/produit\/linge-bain-lamu-pompons-aqua-lb50\/#primaryimage"},"image":{"@id":"https:\/\/www.old.valeriebarkowski.shop\/fr\/produit\/linge-bain-lamu-pompons-aqua-lb50\/#primaryimage"},"thumbnailUrl":"https:\/\/www.old.valeriebarkowski.shop\/wp-content\/uploads\/2017\/10\/linge-bain-broderie-lamu-eponge-water-aqua.jpg","datePublished":"2017-10-25T12:44:31+00:00","dateModified":"2025-04-17T13:49:30+00:00","description":"Linge de bain pompons aqua faits et brod\u00e9s main. Serviettes de bain en \u00e9ponge intemporelles design Val\u00e9rie Barkowski depuis 1997. Fabrication artisanale.","breadcrumb":{"@id":"https:\/\/www.old.valeriebarkowski.shop\/fr\/produit\/linge-bain-lamu-pompons-aqua-lb50\/#breadcrumb"},"inLanguage":"fr-FR","potentialAction":[{"@type":"ReadAction","target":["https:\/\/www.old.valeriebarkowski.shop\/fr\/produit\/linge-bain-lamu-pompons-aqua-lb50\/"]}]},{"@type":"ImageObject","inLanguage":"fr-FR","@id":"https:\/\/www.old.valeriebarkowski.shop\/fr\/produit\/linge-bain-lamu-pompons-aqua-lb50\/#primaryimage","url":"https:\/\/www.old.valeriebarkowski.shop\/wp-content\/uploads\/2017\/10\/linge-bain-broderie-lamu-eponge-water-aqua.jpg","contentUrl":"https:\/\/www.old.valeriebarkowski.shop\/wp-content\/uploads\/2017\/10\/linge-bain-broderie-lamu-eponge-water-aqua.jpg","width":709,"height":709,"caption":"linge de bain water pompons aqua"},{"@type":"BreadcrumbList","@id":"https:\/\/www.old.valeriebarkowski.shop\/fr\/produit\/linge-bain-lamu-pompons-aqua-lb50\/#breadcrumb","itemListElement":[{"@type":"ListItem","position":1,"name":"Home","item":"https:\/\/www.old.valeriebarkowski.shop\/fr\/"},{"@type":"ListItem","position":2,"name":"Boutique","item":"https:\/\/www.old.valeriebarkowski.shop\/fr\/boutique\/"},{"@type":"ListItem","position":3,"name":"Linge de bain LB50 LAMU aqua"}]},{"@type":"WebSite","@id":"https:\/\/www.old.valeriebarkowski.shop\/en\/#website","url":"https:\/\/www.old.valeriebarkowski.shop\/en\/","name":"The shop by Valerie Barkowski","description":"","publisher":{"@id":"https:\/\/www.old.valeriebarkowski.shop\/en\/#organization"},"potentialAction":[{"@type":"SearchAction","target":{"@type":"EntryPoint","urlTemplate":"https:\/\/www.old.valeriebarkowski.shop\/en\/?s={search_term_string}"},"query-input":{"@type":"PropertyValueSpecification","valueRequired":true,"valueName":"search_term_string"}}],"inLanguage":"fr-FR"},{"@type":"Organization","@id":"https:\/\/www.old.valeriebarkowski.shop\/en\/#organization","name":"valerie barkowski","url":"https:\/\/www.old.valeriebarkowski.shop\/en\/","logo":{"@type":"ImageObject","inLanguage":"fr-FR","@id":"https:\/\/www.old.valeriebarkowski.shop\/en\/#\/schema\/logo\/image\/","url":"https:\/\/www.old.valeriebarkowski.shop\/wp-content\/uploads\/2017\/02\/logo-vb-the-shop-4.png","contentUrl":"https:\/\/www.old.valeriebarkowski.shop\/wp-content\/uploads\/2017\/02\/logo-vb-the-shop-4.png","width":437,"height":125,"caption":"valerie barkowski"},"image":{"@id":"https:\/\/www.old.valeriebarkowski.shop\/en\/#\/schema\/logo\/image\/"},"sameAs":["https:\/\/www.facebook.com\/valerie.barkowski","https:\/\/www.instagram.com\/webbarkowski\/","https:\/\/fr.pinterest.com\/vbarkowski\/"]}]}},"_links":{"self":[{"href":"https:\/\/www.old.valeriebarkowski.shop\/fr\/wp-json\/wp\/v2\/product\/2504","targetHints":{"allow":["GET"]}}],"collection":[{"href":"https:\/\/www.old.valeriebarkowski.shop\/fr\/wp-json\/wp\/v2\/product"}],"about":[{"href":"https:\/\/www.old.valeriebarkowski.shop\/fr\/wp-json\/wp\/v2\/types\/product"}],"replies":[{"embeddable":true,"href":"https:\/\/www.old.valeriebarkowski.shop\/fr\/wp-json\/wp\/v2\/comments?post=2504"}],"wp:featuredmedia":[{"embeddable":true,"href":"https:\/\/www.old.valeriebarkowski.shop\/fr\/wp-json\/wp\/v2\/media\/2509"}],"wp:attachment":[{"href":"https:\/\/www.old.valeriebarkowski.shop\/fr\/wp-json\/wp\/v2\/media?parent=2504"}],"wp:term":[{"taxonomy":"product_cat","embeddable":true,"href":"https:\/\/www.old.valeriebarkowski.shop\/fr\/wp-json\/wp\/v2\/product_cat?post=2504"},{"taxonomy":"product_tag","embeddable":true,"href":"https:\/\/www.old.valeriebarkowski.shop\/fr\/wp-json\/wp\/v2\/product_tag?post=2504"}],"curies":[{"name":"wp","href":"https:\/\/api.w.org\/{rel}","templated":true}]}}