{"id":2637,"date":"2017-07-13T11:31:02","date_gmt":"2017-07-13T09:31:02","guid":{"rendered":"http:\/\/www.valeriebarkowski.shop\/?post_type=product&#038;p=2637"},"modified":"2024-05-09T21:53:55","modified_gmt":"2024-05-09T19:53:55","slug":"linge-lit-ilias-casapiedra-pompons-ll01","status":"publish","type":"product","link":"https:\/\/www.old.valeriebarkowski.shop\/fr\/produit\/linge-lit-ilias-casapiedra-pompons-ll01\/","title":{"rendered":"Linge de lit blanc LL01 pompon ILIAS casapiedra"},"content":{"rendered":"<h2>Linge de lit Ilias pompons multicolores cousus main casapiedra<\/h2>\n<p>Ilias pompons multicolores casapiedra, brod\u00e9s \u00e0 la main sur le linge de lit intemporel Ilias, cousus dans la mati\u00e8re et assembl\u00e9s avec un fil ton sur ton. Les taies d\u2019oreiller sont bord\u00e9es sur les 4 c\u00f4t\u00e9s, cela repr\u00e9sente entre 240 cm et 260 cm de pompons. Les housses de couette, dont les pompons habillent \u00e9galement 4 c\u00f4t\u00e9s, n\u00e9cessitent entre 6,80 m\u00e8tres et 10 m\u00e8tres de pompons. La confection du linge de lit \u00e0 pompons est longue et minutieuse. Un textile intemporel et de qualit\u00e9 qui r\u00e9siste aux lavages et \u00e0 la d\u00e9coloration.<br \/>\nLes taies d\u2019oreiller et les housses de couette se ferment avec des lichettes.<\/p>\n<p>\u00ab\u00a0J\u2019ai cr\u00e9\u00e9 ce mod\u00e8le en 1997, lors de mon arriv\u00e9e \u00e0 Marrakech. Il est inspir\u00e9 du \u00ab\u00a0mendil\u00a0\u00bb, ce tissu traditionnel que les femmes du Rif portent sur leurs hanches quand elles travaillent dans les champs.\u00a0\u00bb Vous trouverez \u00e9galement plus d\u2019informations sur\u00a0<a href=\"http:\/\/valeriebarkowski.com\/\" target=\"_blank\" rel=\"noopener noreferrer\">www.valeriebarkowski.com<\/a><\/p>\n<p>Les taies d\u2019oreiller blanches sont disponibles en 2 dimensions :<br \/>\n<strong>Taie d\u2019oreiller 70cm x 50cm<\/strong><br \/>\n<strong>Taie d\u2019oreiller 65cm x 65cm<\/strong><\/p>\n<p>Les draps de lit blancs sont aussi disponibles en 3 dimensions\u00a0:<br \/>\n<strong>Single : Drap le lit 210cm x 300cm<\/strong><br \/>\n<strong>Queen : Drap le lit 280cm x 300cm<\/strong><br \/>\n<strong>King : Drap le lit 300cm x 300cm<\/strong><\/p>\n<p>Les housses de couette blanches sont aussi disponibles en 3 dimensions\u00a0:<br \/>\n<strong>Single : Housse de couette 140cm x 200cm<\/strong><br \/>\n<strong>Queen : Housse de couette 240cm x 220cm<\/strong><br \/>\n<strong>King : Housse de couette 260cm x 240cm<\/strong><\/p>\n<p>Tous nos mod\u00e8les de linge de lit haut de gamme peuvent \u00e9galement \u00eatre produits sur-mesure et \u00e0 la demande.<\/p>\n<p>En compl\u00e9ment du linge de lit Ilias pompons multicolores casapiedra, retrouvez nos <a href=\"https:\/\/www.old.valeriebarkowski.shop\/fr\/produit\/drap-housse-ll01\/\">drap-housses<\/a> coordonn\u00e9s.<\/p>\n","protected":false},"excerpt":{"rendered":"<h4>Linge de lit<\/h4>\n<p>Des pompons multicolores faits main bordent ce linge de lit en coton peign\u00e9 merceris\u00e9.<br \/>\n100% coton peign\u00e9, merceris\u00e9.<br \/>\nTous les produits se ferment avec des lichettes.<\/p>\n","protected":false},"featured_media":2648,"comment_status":"closed","ping_status":"closed","template":"","meta":[],"product_cat":[1553,17,20,136,956,1011],"product_tag":[989,976,977,978,979,980,981,982,959,962,988,984,983],"class_list":{"0":"post-2637","1":"product","2":"type-product","3":"status-publish","4":"has-post-thumbnail","6":"product_cat-linge-de-lit-blanc-pompons","7":"product_cat-linge-de-lit-intemporel-brode-main","8":"product_cat-en-coton-blanc","9":"product_cat-pompons-ilias","10":"product_cat-linge-pompons","11":"product_cat-pompons-coloris-multi","12":"product_tag-casapiedra","13":"product_tag-coton-peigne-mercerise","14":"product_tag-drap-de-lit-210x300cm","15":"product_tag-drap-de-lit-280x300cm","16":"product_tag-drap-de-lit-300x300cm","17":"product_tag-housse-de-couette-140x200cm","18":"product_tag-housse-de-couette-240x220cm","19":"product_tag-housse-de-couette-260x240cm","20":"product_tag-multicolor-turquoise","21":"product_tag-multicolor-vif","22":"product_tag-popeline-blanche","23":"product_tag-taie-doreiller-65x65cm","24":"product_tag-taie-doreiller-70x50cm","26":"first","27":"instock","28":"featured","29":"taxable","30":"shipping-taxable","31":"purchasable","32":"product-type-variable","33":"has-default-attributes"},"yoast_head":"<!-- This site is optimized with the Yoast SEO plugin v27.3 - https:\/\/yoast.com\/product\/yoast-seo-wordpress\/ -->\n<title>Pompons multicolores cousus main casapiedra, linge de lit intemporel Ilias<\/title>\n<meta name=\"description\" content=\"Le linge de lit Ilias pompons multicolores cousus main casapiedra est n\u00e9 \u00e0 Asilah dans le nord du Maroc en 1997 - V. Barkowski\" \/>\n<meta name=\"robots\" content=\"noindex, follow, max-snippet:-1, max-image-preview:large, max-video-preview:-1\" \/>\n<meta property=\"og:locale\" content=\"fr_FR\" \/>\n<meta property=\"og:type\" content=\"article\" \/>\n<meta property=\"og:title\" content=\"Pompons multicolores cousus main casapiedra, linge de lit intemporel Ilias\" \/>\n<meta property=\"og:description\" content=\"Le linge de lit Ilias pompons multicolores cousus main casapiedra est n\u00e9 \u00e0 Asilah dans le nord du Maroc en 1997 - V. Barkowski\" \/>\n<meta property=\"og:url\" content=\"https:\/\/www.old.valeriebarkowski.shop\/fr\/produit\/linge-lit-ilias-casapiedra-pompons-ll01\/\" \/>\n<meta property=\"og:site_name\" content=\"The shop by Valerie Barkowski\" \/>\n<meta property=\"article:publisher\" content=\"https:\/\/www.facebook.com\/valerie.barkowski\" \/>\n<meta property=\"article:modified_time\" content=\"2024-05-09T19:53:55+00:00\" \/>\n<meta property=\"og:image\" content=\"https:\/\/www.old.valeriebarkowski.shop\/wp-content\/uploads\/2017\/10\/linge-lit-coton-ilias-casapiedra-zoom.jpg\" \/>\n\t<meta property=\"og:image:width\" content=\"778\" \/>\n\t<meta property=\"og:image:height\" content=\"778\" \/>\n\t<meta property=\"og:image:type\" content=\"image\/jpeg\" \/>\n<meta name=\"twitter:card\" content=\"summary_large_image\" \/>\n<meta name=\"twitter:label1\" content=\"Dur\u00e9e de lecture estim\u00e9e\" \/>\n\t<meta name=\"twitter:data1\" content=\"2 minutes\" \/>\n<script type=\"application\/ld+json\" class=\"yoast-schema-graph\">{\"@context\":\"https:\\\/\\\/schema.org\",\"@graph\":[{\"@type\":\"WebPage\",\"@id\":\"https:\\\/\\\/www.old.valeriebarkowski.shop\\\/fr\\\/produit\\\/linge-lit-ilias-casapiedra-pompons-ll01\\\/\",\"url\":\"https:\\\/\\\/www.old.valeriebarkowski.shop\\\/fr\\\/produit\\\/linge-lit-ilias-casapiedra-pompons-ll01\\\/\",\"name\":\"Pompons multicolores cousus main casapiedra, linge de lit intemporel Ilias\",\"isPartOf\":{\"@id\":\"https:\\\/\\\/www.old.valeriebarkowski.shop\\\/en\\\/#website\"},\"primaryImageOfPage\":{\"@id\":\"https:\\\/\\\/www.old.valeriebarkowski.shop\\\/fr\\\/produit\\\/linge-lit-ilias-casapiedra-pompons-ll01\\\/#primaryimage\"},\"image\":{\"@id\":\"https:\\\/\\\/www.old.valeriebarkowski.shop\\\/fr\\\/produit\\\/linge-lit-ilias-casapiedra-pompons-ll01\\\/#primaryimage\"},\"thumbnailUrl\":\"https:\\\/\\\/www.old.valeriebarkowski.shop\\\/wp-content\\\/uploads\\\/2017\\\/10\\\/linge-lit-coton-ilias-casapiedra-zoom.jpg\",\"datePublished\":\"2017-07-13T09:31:02+00:00\",\"dateModified\":\"2024-05-09T19:53:55+00:00\",\"description\":\"Le linge de lit Ilias pompons multicolores cousus main casapiedra est n\u00e9 \u00e0 Asilah dans le nord du Maroc en 1997 - V. Barkowski\",\"breadcrumb\":{\"@id\":\"https:\\\/\\\/www.old.valeriebarkowski.shop\\\/fr\\\/produit\\\/linge-lit-ilias-casapiedra-pompons-ll01\\\/#breadcrumb\"},\"inLanguage\":\"fr-FR\",\"potentialAction\":[{\"@type\":\"ReadAction\",\"target\":[\"https:\\\/\\\/www.old.valeriebarkowski.shop\\\/fr\\\/produit\\\/linge-lit-ilias-casapiedra-pompons-ll01\\\/\"]}]},{\"@type\":\"ImageObject\",\"inLanguage\":\"fr-FR\",\"@id\":\"https:\\\/\\\/www.old.valeriebarkowski.shop\\\/fr\\\/produit\\\/linge-lit-ilias-casapiedra-pompons-ll01\\\/#primaryimage\",\"url\":\"https:\\\/\\\/www.old.valeriebarkowski.shop\\\/wp-content\\\/uploads\\\/2017\\\/10\\\/linge-lit-coton-ilias-casapiedra-zoom.jpg\",\"contentUrl\":\"https:\\\/\\\/www.old.valeriebarkowski.shop\\\/wp-content\\\/uploads\\\/2017\\\/10\\\/linge-lit-coton-ilias-casapiedra-zoom.jpg\",\"width\":778,\"height\":778,\"caption\":\"ilias pompons multicolores casapiedra\"},{\"@type\":\"BreadcrumbList\",\"@id\":\"https:\\\/\\\/www.old.valeriebarkowski.shop\\\/fr\\\/produit\\\/linge-lit-ilias-casapiedra-pompons-ll01\\\/#breadcrumb\",\"itemListElement\":[{\"@type\":\"ListItem\",\"position\":1,\"name\":\"Home\",\"item\":\"https:\\\/\\\/www.old.valeriebarkowski.shop\\\/fr\\\/\"},{\"@type\":\"ListItem\",\"position\":2,\"name\":\"Boutique\",\"item\":\"https:\\\/\\\/www.old.valeriebarkowski.shop\\\/fr\\\/boutique\\\/\"},{\"@type\":\"ListItem\",\"position\":3,\"name\":\"Linge de lit blanc LL01 pompon ILIAS casapiedra\"}]},{\"@type\":\"WebSite\",\"@id\":\"https:\\\/\\\/www.old.valeriebarkowski.shop\\\/en\\\/#website\",\"url\":\"https:\\\/\\\/www.old.valeriebarkowski.shop\\\/en\\\/\",\"name\":\"The shop by Valerie Barkowski\",\"description\":\"\",\"publisher\":{\"@id\":\"https:\\\/\\\/www.old.valeriebarkowski.shop\\\/en\\\/#organization\"},\"potentialAction\":[{\"@type\":\"SearchAction\",\"target\":{\"@type\":\"EntryPoint\",\"urlTemplate\":\"https:\\\/\\\/www.old.valeriebarkowski.shop\\\/en\\\/?s={search_term_string}\"},\"query-input\":{\"@type\":\"PropertyValueSpecification\",\"valueRequired\":true,\"valueName\":\"search_term_string\"}}],\"inLanguage\":\"fr-FR\"},{\"@type\":\"Organization\",\"@id\":\"https:\\\/\\\/www.old.valeriebarkowski.shop\\\/en\\\/#organization\",\"name\":\"valerie barkowski\",\"url\":\"https:\\\/\\\/www.old.valeriebarkowski.shop\\\/en\\\/\",\"logo\":{\"@type\":\"ImageObject\",\"inLanguage\":\"fr-FR\",\"@id\":\"https:\\\/\\\/www.old.valeriebarkowski.shop\\\/en\\\/#\\\/schema\\\/logo\\\/image\\\/\",\"url\":\"https:\\\/\\\/www.old.valeriebarkowski.shop\\\/wp-content\\\/uploads\\\/2017\\\/02\\\/logo-vb-the-shop-4.png\",\"contentUrl\":\"https:\\\/\\\/www.old.valeriebarkowski.shop\\\/wp-content\\\/uploads\\\/2017\\\/02\\\/logo-vb-the-shop-4.png\",\"width\":437,\"height\":125,\"caption\":\"valerie barkowski\"},\"image\":{\"@id\":\"https:\\\/\\\/www.old.valeriebarkowski.shop\\\/en\\\/#\\\/schema\\\/logo\\\/image\\\/\"},\"sameAs\":[\"https:\\\/\\\/www.facebook.com\\\/valerie.barkowski\",\"https:\\\/\\\/www.instagram.com\\\/webbarkowski\\\/\",\"https:\\\/\\\/fr.pinterest.com\\\/vbarkowski\\\/\"]}]}<\/script>\n<!-- \/ Yoast SEO plugin. -->","yoast_head_json":{"title":"Pompons multicolores cousus main casapiedra, linge de lit intemporel Ilias","description":"Le linge de lit Ilias pompons multicolores cousus main casapiedra est n\u00e9 \u00e0 Asilah dans le nord du Maroc en 1997 - V. Barkowski","robots":{"index":"noindex","follow":"follow","max-snippet":"max-snippet:-1","max-image-preview":"max-image-preview:large","max-video-preview":"max-video-preview:-1"},"og_locale":"fr_FR","og_type":"article","og_title":"Pompons multicolores cousus main casapiedra, linge de lit intemporel Ilias","og_description":"Le linge de lit Ilias pompons multicolores cousus main casapiedra est n\u00e9 \u00e0 Asilah dans le nord du Maroc en 1997 - V. Barkowski","og_url":"https:\/\/www.old.valeriebarkowski.shop\/fr\/produit\/linge-lit-ilias-casapiedra-pompons-ll01\/","og_site_name":"The shop by Valerie Barkowski","article_publisher":"https:\/\/www.facebook.com\/valerie.barkowski","article_modified_time":"2024-05-09T19:53:55+00:00","og_image":[{"width":778,"height":778,"url":"https:\/\/www.old.valeriebarkowski.shop\/wp-content\/uploads\/2017\/10\/linge-lit-coton-ilias-casapiedra-zoom.jpg","type":"image\/jpeg"}],"twitter_card":"summary_large_image","twitter_misc":{"Dur\u00e9e de lecture estim\u00e9e":"2 minutes"},"schema":{"@context":"https:\/\/schema.org","@graph":[{"@type":"WebPage","@id":"https:\/\/www.old.valeriebarkowski.shop\/fr\/produit\/linge-lit-ilias-casapiedra-pompons-ll01\/","url":"https:\/\/www.old.valeriebarkowski.shop\/fr\/produit\/linge-lit-ilias-casapiedra-pompons-ll01\/","name":"Pompons multicolores cousus main casapiedra, linge de lit intemporel Ilias","isPartOf":{"@id":"https:\/\/www.old.valeriebarkowski.shop\/en\/#website"},"primaryImageOfPage":{"@id":"https:\/\/www.old.valeriebarkowski.shop\/fr\/produit\/linge-lit-ilias-casapiedra-pompons-ll01\/#primaryimage"},"image":{"@id":"https:\/\/www.old.valeriebarkowski.shop\/fr\/produit\/linge-lit-ilias-casapiedra-pompons-ll01\/#primaryimage"},"thumbnailUrl":"https:\/\/www.old.valeriebarkowski.shop\/wp-content\/uploads\/2017\/10\/linge-lit-coton-ilias-casapiedra-zoom.jpg","datePublished":"2017-07-13T09:31:02+00:00","dateModified":"2024-05-09T19:53:55+00:00","description":"Le linge de lit Ilias pompons multicolores cousus main casapiedra est n\u00e9 \u00e0 Asilah dans le nord du Maroc en 1997 - V. Barkowski","breadcrumb":{"@id":"https:\/\/www.old.valeriebarkowski.shop\/fr\/produit\/linge-lit-ilias-casapiedra-pompons-ll01\/#breadcrumb"},"inLanguage":"fr-FR","potentialAction":[{"@type":"ReadAction","target":["https:\/\/www.old.valeriebarkowski.shop\/fr\/produit\/linge-lit-ilias-casapiedra-pompons-ll01\/"]}]},{"@type":"ImageObject","inLanguage":"fr-FR","@id":"https:\/\/www.old.valeriebarkowski.shop\/fr\/produit\/linge-lit-ilias-casapiedra-pompons-ll01\/#primaryimage","url":"https:\/\/www.old.valeriebarkowski.shop\/wp-content\/uploads\/2017\/10\/linge-lit-coton-ilias-casapiedra-zoom.jpg","contentUrl":"https:\/\/www.old.valeriebarkowski.shop\/wp-content\/uploads\/2017\/10\/linge-lit-coton-ilias-casapiedra-zoom.jpg","width":778,"height":778,"caption":"ilias pompons multicolores casapiedra"},{"@type":"BreadcrumbList","@id":"https:\/\/www.old.valeriebarkowski.shop\/fr\/produit\/linge-lit-ilias-casapiedra-pompons-ll01\/#breadcrumb","itemListElement":[{"@type":"ListItem","position":1,"name":"Home","item":"https:\/\/www.old.valeriebarkowski.shop\/fr\/"},{"@type":"ListItem","position":2,"name":"Boutique","item":"https:\/\/www.old.valeriebarkowski.shop\/fr\/boutique\/"},{"@type":"ListItem","position":3,"name":"Linge de lit blanc LL01 pompon ILIAS casapiedra"}]},{"@type":"WebSite","@id":"https:\/\/www.old.valeriebarkowski.shop\/en\/#website","url":"https:\/\/www.old.valeriebarkowski.shop\/en\/","name":"The shop by Valerie Barkowski","description":"","publisher":{"@id":"https:\/\/www.old.valeriebarkowski.shop\/en\/#organization"},"potentialAction":[{"@type":"SearchAction","target":{"@type":"EntryPoint","urlTemplate":"https:\/\/www.old.valeriebarkowski.shop\/en\/?s={search_term_string}"},"query-input":{"@type":"PropertyValueSpecification","valueRequired":true,"valueName":"search_term_string"}}],"inLanguage":"fr-FR"},{"@type":"Organization","@id":"https:\/\/www.old.valeriebarkowski.shop\/en\/#organization","name":"valerie barkowski","url":"https:\/\/www.old.valeriebarkowski.shop\/en\/","logo":{"@type":"ImageObject","inLanguage":"fr-FR","@id":"https:\/\/www.old.valeriebarkowski.shop\/en\/#\/schema\/logo\/image\/","url":"https:\/\/www.old.valeriebarkowski.shop\/wp-content\/uploads\/2017\/02\/logo-vb-the-shop-4.png","contentUrl":"https:\/\/www.old.valeriebarkowski.shop\/wp-content\/uploads\/2017\/02\/logo-vb-the-shop-4.png","width":437,"height":125,"caption":"valerie barkowski"},"image":{"@id":"https:\/\/www.old.valeriebarkowski.shop\/en\/#\/schema\/logo\/image\/"},"sameAs":["https:\/\/www.facebook.com\/valerie.barkowski","https:\/\/www.instagram.com\/webbarkowski\/","https:\/\/fr.pinterest.com\/vbarkowski\/"]}]}},"_links":{"self":[{"href":"https:\/\/www.old.valeriebarkowski.shop\/fr\/wp-json\/wp\/v2\/product\/2637","targetHints":{"allow":["GET"]}}],"collection":[{"href":"https:\/\/www.old.valeriebarkowski.shop\/fr\/wp-json\/wp\/v2\/product"}],"about":[{"href":"https:\/\/www.old.valeriebarkowski.shop\/fr\/wp-json\/wp\/v2\/types\/product"}],"replies":[{"embeddable":true,"href":"https:\/\/www.old.valeriebarkowski.shop\/fr\/wp-json\/wp\/v2\/comments?post=2637"}],"wp:featuredmedia":[{"embeddable":true,"href":"https:\/\/www.old.valeriebarkowski.shop\/fr\/wp-json\/wp\/v2\/media\/2648"}],"wp:attachment":[{"href":"https:\/\/www.old.valeriebarkowski.shop\/fr\/wp-json\/wp\/v2\/media?parent=2637"}],"wp:term":[{"taxonomy":"product_cat","embeddable":true,"href":"https:\/\/www.old.valeriebarkowski.shop\/fr\/wp-json\/wp\/v2\/product_cat?post=2637"},{"taxonomy":"product_tag","embeddable":true,"href":"https:\/\/www.old.valeriebarkowski.shop\/fr\/wp-json\/wp\/v2\/product_tag?post=2637"}],"curies":[{"name":"wp","href":"https:\/\/api.w.org\/{rel}","templated":true}]}}