{"id":2667,"date":"2017-07-14T12:01:37","date_gmt":"2017-07-14T10:01:37","guid":{"rendered":"http:\/\/www.valeriebarkowski.shop\/?post_type=product&#038;p=2667"},"modified":"2023-06-22T17:47:05","modified_gmt":"2023-06-22T15:47:05","slug":"linge-table-pompon-carmin-lt01","status":"publish","type":"product","link":"https:\/\/www.old.valeriebarkowski.shop\/fr\/produit\/linge-table-pompon-carmin-lt01\/","title":{"rendered":"Linge de table LT01 TULUM carmin"},"content":{"rendered":"<p>Linge de table TULUM 100% lin ou 100% coton, orn\u00e9 d\u2019un pompon rouge carmin fait main dans chaque coin.<\/p>\n<h2>Linge de table TULUM Carmin<\/h2>\n<p>\u00ab Le premier riad que j\u2019ai lou\u00e9 \u00e0 Marrakech, en 1996, avait d\u2019\u00e9paisses couvertures berb\u00e8res en laine orn\u00e9es de gros pompons sur les lits. J\u2019aimais l\u2019id\u00e9e et l\u2019esth\u00e9tique mais je n\u2019aimais pas dormir sous ces couvertures lourdes et r\u00eaches. Tr\u00e8s naturellement j\u2019ai transf\u00e9r\u00e9 cette id\u00e9e sur mon linge de lit et de table. Ce mod\u00e8le fut un des premiers avec Ilias. Il est directement inspir\u00e9 de la culture marocaine. \u00bb Vous trouverez plus d\u2019informations sur le linge de table Tulum ici : <a href=\"http:\/\/valeriebarkowski.com\/category\/valerie-barkowski\/\" target=\"_blank\" rel=\"noopener noreferrer\">www.valeriebarkowski.com<\/a><\/p>\n<p>Il existe 8 dimensions pour ce mod\u00e8le :<\/p>\n<p><strong>Serviette de table\u00a045cm x 45cm<\/strong><br \/>\n<strong>Serviette ap\u00e9ritif 19cm x 19cm<\/strong><br \/>\n<strong>Set de table double 50cm x 35cm<\/strong><br \/>\n<strong>Set de table simple 50cm x 100cm<\/strong><br \/>\n<strong>Nappe 320cm x 180cm<\/strong><br \/>\n<strong>Nappe 280cm x 180cm<\/strong><br \/>\n<strong>Nappe 250cm x 180cm<\/strong><br \/>\n<strong>Nappe 180cm x 180cm<\/strong><\/p>\n","protected":false},"excerpt":{"rendered":"<h4>Linge de table<\/h4>\n<p>Un pompon de couleur carmin est cousu \u00e0 la main aux 4 coins de la serviette et du set de table.<br \/>\nCe mod\u00e8le est disponible :<br \/>\n&#8211; 100% coton peign\u00e9, merceris\u00e9<br \/>\n&#8211; 100% lin<\/p>\n","protected":false},"featured_media":2672,"comment_status":"closed","ping_status":"closed","template":"","meta":[],"product_cat":[1589,21,138,179,956,1010],"product_tag":[957,976,992,1532,988,1186,993,1182,994,951],"class_list":{"0":"post-2667","1":"product","2":"type-product","3":"status-publish","4":"has-post-thumbnail","6":"product_cat-pompons-coton-ou-lin-blanc","7":"product_cat-serviette-nappe-et-set-de-table","8":"product_cat-coton-ou-lin-blanc","9":"product_cat-tulum-blanc-pompons-linge-table","10":"product_cat-linge-pompons","11":"product_cat-pompons-coloris-unis","12":"product_tag-carmin","13":"product_tag-coton-peigne-mercerise","14":"product_tag-lin-blanc","15":"product_tag-nappe","16":"product_tag-popeline-blanche","17":"product_tag-serviette-aperitif-19x19cm","18":"product_tag-serviette-de-table-45x45cm","19":"product_tag-set-de-table-50x100cm","20":"product_tag-set-de-table-50x35cm","21":"product_tag-uni-rouge","23":"first","24":"instock","25":"taxable","26":"shipping-taxable","27":"purchasable","28":"product-type-variable","29":"has-default-attributes"},"yoast_head":"<!-- This site is optimized with the Yoast SEO plugin v27.3 - https:\/\/yoast.com\/product\/yoast-seo-wordpress\/ -->\n<title>TULUM Carmin : linge de table en lin ou en coton. Finition pompons.<\/title>\n<meta name=\"description\" content=\"Linge de table blanc TULUM Carmin. Serviettes, nappes et sets faits main dans nos ateliers au Maroc. - The shop by Valerie Barkowski\" \/>\n<meta name=\"robots\" content=\"noindex, follow, max-snippet:-1, max-image-preview:large, max-video-preview:-1\" \/>\n<meta property=\"og:locale\" content=\"fr_FR\" \/>\n<meta property=\"og:type\" content=\"article\" \/>\n<meta property=\"og:title\" content=\"TULUM Carmin : linge de table en lin ou en coton. Finition pompons.\" \/>\n<meta property=\"og:description\" content=\"Linge de table blanc TULUM Carmin. Serviettes, nappes et sets faits main dans nos ateliers au Maroc. - The shop by Valerie Barkowski\" \/>\n<meta property=\"og:url\" content=\"https:\/\/www.old.valeriebarkowski.shop\/fr\/produit\/linge-table-pompon-carmin-lt01\/\" \/>\n<meta property=\"og:site_name\" content=\"The shop by Valerie Barkowski\" \/>\n<meta property=\"article:publisher\" content=\"https:\/\/www.facebook.com\/valerie.barkowski\" \/>\n<meta property=\"article:modified_time\" content=\"2023-06-22T15:47:05+00:00\" \/>\n<meta property=\"og:image\" content=\"https:\/\/www.old.valeriebarkowski.shop\/wp-content\/uploads\/2017\/10\/pompon-red-serviette-placemat-table-linen-full.jpg\" \/>\n\t<meta property=\"og:image:width\" content=\"790\" \/>\n\t<meta property=\"og:image:height\" content=\"790\" \/>\n\t<meta property=\"og:image:type\" content=\"image\/jpeg\" \/>\n<meta name=\"twitter:card\" content=\"summary_large_image\" \/>\n<meta name=\"twitter:label1\" content=\"Dur\u00e9e de lecture estim\u00e9e\" \/>\n\t<meta name=\"twitter:data1\" content=\"1 minute\" \/>\n<script type=\"application\/ld+json\" class=\"yoast-schema-graph\">{\"@context\":\"https:\\\/\\\/schema.org\",\"@graph\":[{\"@type\":\"WebPage\",\"@id\":\"https:\\\/\\\/www.old.valeriebarkowski.shop\\\/fr\\\/produit\\\/linge-table-pompon-carmin-lt01\\\/\",\"url\":\"https:\\\/\\\/www.old.valeriebarkowski.shop\\\/fr\\\/produit\\\/linge-table-pompon-carmin-lt01\\\/\",\"name\":\"TULUM Carmin : linge de table en lin ou en coton. Finition pompons.\",\"isPartOf\":{\"@id\":\"https:\\\/\\\/www.old.valeriebarkowski.shop\\\/en\\\/#website\"},\"primaryImageOfPage\":{\"@id\":\"https:\\\/\\\/www.old.valeriebarkowski.shop\\\/fr\\\/produit\\\/linge-table-pompon-carmin-lt01\\\/#primaryimage\"},\"image\":{\"@id\":\"https:\\\/\\\/www.old.valeriebarkowski.shop\\\/fr\\\/produit\\\/linge-table-pompon-carmin-lt01\\\/#primaryimage\"},\"thumbnailUrl\":\"https:\\\/\\\/www.old.valeriebarkowski.shop\\\/wp-content\\\/uploads\\\/2017\\\/10\\\/pompon-red-serviette-placemat-table-linen-full.jpg\",\"datePublished\":\"2017-07-14T10:01:37+00:00\",\"dateModified\":\"2023-06-22T15:47:05+00:00\",\"description\":\"Linge de table blanc TULUM Carmin. Serviettes, nappes et sets faits main dans nos ateliers au Maroc. - The shop by Valerie Barkowski\",\"breadcrumb\":{\"@id\":\"https:\\\/\\\/www.old.valeriebarkowski.shop\\\/fr\\\/produit\\\/linge-table-pompon-carmin-lt01\\\/#breadcrumb\"},\"inLanguage\":\"fr-FR\",\"potentialAction\":[{\"@type\":\"ReadAction\",\"target\":[\"https:\\\/\\\/www.old.valeriebarkowski.shop\\\/fr\\\/produit\\\/linge-table-pompon-carmin-lt01\\\/\"]}]},{\"@type\":\"ImageObject\",\"inLanguage\":\"fr-FR\",\"@id\":\"https:\\\/\\\/www.old.valeriebarkowski.shop\\\/fr\\\/produit\\\/linge-table-pompon-carmin-lt01\\\/#primaryimage\",\"url\":\"https:\\\/\\\/www.old.valeriebarkowski.shop\\\/wp-content\\\/uploads\\\/2017\\\/10\\\/pompon-red-serviette-placemat-table-linen-full.jpg\",\"contentUrl\":\"https:\\\/\\\/www.old.valeriebarkowski.shop\\\/wp-content\\\/uploads\\\/2017\\\/10\\\/pompon-red-serviette-placemat-table-linen-full.jpg\",\"width\":790,\"height\":790,\"caption\":\"100% lin pompons TULUM carmin photo 1\"},{\"@type\":\"BreadcrumbList\",\"@id\":\"https:\\\/\\\/www.old.valeriebarkowski.shop\\\/fr\\\/produit\\\/linge-table-pompon-carmin-lt01\\\/#breadcrumb\",\"itemListElement\":[{\"@type\":\"ListItem\",\"position\":1,\"name\":\"Home\",\"item\":\"https:\\\/\\\/www.old.valeriebarkowski.shop\\\/fr\\\/\"},{\"@type\":\"ListItem\",\"position\":2,\"name\":\"Boutique\",\"item\":\"https:\\\/\\\/www.old.valeriebarkowski.shop\\\/fr\\\/boutique\\\/\"},{\"@type\":\"ListItem\",\"position\":3,\"name\":\"Linge de table LT01 TULUM carmin\"}]},{\"@type\":\"WebSite\",\"@id\":\"https:\\\/\\\/www.old.valeriebarkowski.shop\\\/en\\\/#website\",\"url\":\"https:\\\/\\\/www.old.valeriebarkowski.shop\\\/en\\\/\",\"name\":\"The shop by Valerie Barkowski\",\"description\":\"\",\"publisher\":{\"@id\":\"https:\\\/\\\/www.old.valeriebarkowski.shop\\\/en\\\/#organization\"},\"potentialAction\":[{\"@type\":\"SearchAction\",\"target\":{\"@type\":\"EntryPoint\",\"urlTemplate\":\"https:\\\/\\\/www.old.valeriebarkowski.shop\\\/en\\\/?s={search_term_string}\"},\"query-input\":{\"@type\":\"PropertyValueSpecification\",\"valueRequired\":true,\"valueName\":\"search_term_string\"}}],\"inLanguage\":\"fr-FR\"},{\"@type\":\"Organization\",\"@id\":\"https:\\\/\\\/www.old.valeriebarkowski.shop\\\/en\\\/#organization\",\"name\":\"valerie barkowski\",\"url\":\"https:\\\/\\\/www.old.valeriebarkowski.shop\\\/en\\\/\",\"logo\":{\"@type\":\"ImageObject\",\"inLanguage\":\"fr-FR\",\"@id\":\"https:\\\/\\\/www.old.valeriebarkowski.shop\\\/en\\\/#\\\/schema\\\/logo\\\/image\\\/\",\"url\":\"https:\\\/\\\/www.old.valeriebarkowski.shop\\\/wp-content\\\/uploads\\\/2017\\\/02\\\/logo-vb-the-shop-4.png\",\"contentUrl\":\"https:\\\/\\\/www.old.valeriebarkowski.shop\\\/wp-content\\\/uploads\\\/2017\\\/02\\\/logo-vb-the-shop-4.png\",\"width\":437,\"height\":125,\"caption\":\"valerie barkowski\"},\"image\":{\"@id\":\"https:\\\/\\\/www.old.valeriebarkowski.shop\\\/en\\\/#\\\/schema\\\/logo\\\/image\\\/\"},\"sameAs\":[\"https:\\\/\\\/www.facebook.com\\\/valerie.barkowski\",\"https:\\\/\\\/www.instagram.com\\\/webbarkowski\\\/\",\"https:\\\/\\\/fr.pinterest.com\\\/vbarkowski\\\/\"]}]}<\/script>\n<!-- \/ Yoast SEO plugin. -->","yoast_head_json":{"title":"TULUM Carmin : linge de table en lin ou en coton. Finition pompons.","description":"Linge de table blanc TULUM Carmin. Serviettes, nappes et sets faits main dans nos ateliers au Maroc. - The shop by Valerie Barkowski","robots":{"index":"noindex","follow":"follow","max-snippet":"max-snippet:-1","max-image-preview":"max-image-preview:large","max-video-preview":"max-video-preview:-1"},"og_locale":"fr_FR","og_type":"article","og_title":"TULUM Carmin : linge de table en lin ou en coton. Finition pompons.","og_description":"Linge de table blanc TULUM Carmin. Serviettes, nappes et sets faits main dans nos ateliers au Maroc. - The shop by Valerie Barkowski","og_url":"https:\/\/www.old.valeriebarkowski.shop\/fr\/produit\/linge-table-pompon-carmin-lt01\/","og_site_name":"The shop by Valerie Barkowski","article_publisher":"https:\/\/www.facebook.com\/valerie.barkowski","article_modified_time":"2023-06-22T15:47:05+00:00","og_image":[{"width":790,"height":790,"url":"https:\/\/www.old.valeriebarkowski.shop\/wp-content\/uploads\/2017\/10\/pompon-red-serviette-placemat-table-linen-full.jpg","type":"image\/jpeg"}],"twitter_card":"summary_large_image","twitter_misc":{"Dur\u00e9e de lecture estim\u00e9e":"1 minute"},"schema":{"@context":"https:\/\/schema.org","@graph":[{"@type":"WebPage","@id":"https:\/\/www.old.valeriebarkowski.shop\/fr\/produit\/linge-table-pompon-carmin-lt01\/","url":"https:\/\/www.old.valeriebarkowski.shop\/fr\/produit\/linge-table-pompon-carmin-lt01\/","name":"TULUM Carmin : linge de table en lin ou en coton. Finition pompons.","isPartOf":{"@id":"https:\/\/www.old.valeriebarkowski.shop\/en\/#website"},"primaryImageOfPage":{"@id":"https:\/\/www.old.valeriebarkowski.shop\/fr\/produit\/linge-table-pompon-carmin-lt01\/#primaryimage"},"image":{"@id":"https:\/\/www.old.valeriebarkowski.shop\/fr\/produit\/linge-table-pompon-carmin-lt01\/#primaryimage"},"thumbnailUrl":"https:\/\/www.old.valeriebarkowski.shop\/wp-content\/uploads\/2017\/10\/pompon-red-serviette-placemat-table-linen-full.jpg","datePublished":"2017-07-14T10:01:37+00:00","dateModified":"2023-06-22T15:47:05+00:00","description":"Linge de table blanc TULUM Carmin. Serviettes, nappes et sets faits main dans nos ateliers au Maroc. - The shop by Valerie Barkowski","breadcrumb":{"@id":"https:\/\/www.old.valeriebarkowski.shop\/fr\/produit\/linge-table-pompon-carmin-lt01\/#breadcrumb"},"inLanguage":"fr-FR","potentialAction":[{"@type":"ReadAction","target":["https:\/\/www.old.valeriebarkowski.shop\/fr\/produit\/linge-table-pompon-carmin-lt01\/"]}]},{"@type":"ImageObject","inLanguage":"fr-FR","@id":"https:\/\/www.old.valeriebarkowski.shop\/fr\/produit\/linge-table-pompon-carmin-lt01\/#primaryimage","url":"https:\/\/www.old.valeriebarkowski.shop\/wp-content\/uploads\/2017\/10\/pompon-red-serviette-placemat-table-linen-full.jpg","contentUrl":"https:\/\/www.old.valeriebarkowski.shop\/wp-content\/uploads\/2017\/10\/pompon-red-serviette-placemat-table-linen-full.jpg","width":790,"height":790,"caption":"100% lin pompons TULUM carmin photo 1"},{"@type":"BreadcrumbList","@id":"https:\/\/www.old.valeriebarkowski.shop\/fr\/produit\/linge-table-pompon-carmin-lt01\/#breadcrumb","itemListElement":[{"@type":"ListItem","position":1,"name":"Home","item":"https:\/\/www.old.valeriebarkowski.shop\/fr\/"},{"@type":"ListItem","position":2,"name":"Boutique","item":"https:\/\/www.old.valeriebarkowski.shop\/fr\/boutique\/"},{"@type":"ListItem","position":3,"name":"Linge de table LT01 TULUM carmin"}]},{"@type":"WebSite","@id":"https:\/\/www.old.valeriebarkowski.shop\/en\/#website","url":"https:\/\/www.old.valeriebarkowski.shop\/en\/","name":"The shop by Valerie Barkowski","description":"","publisher":{"@id":"https:\/\/www.old.valeriebarkowski.shop\/en\/#organization"},"potentialAction":[{"@type":"SearchAction","target":{"@type":"EntryPoint","urlTemplate":"https:\/\/www.old.valeriebarkowski.shop\/en\/?s={search_term_string}"},"query-input":{"@type":"PropertyValueSpecification","valueRequired":true,"valueName":"search_term_string"}}],"inLanguage":"fr-FR"},{"@type":"Organization","@id":"https:\/\/www.old.valeriebarkowski.shop\/en\/#organization","name":"valerie barkowski","url":"https:\/\/www.old.valeriebarkowski.shop\/en\/","logo":{"@type":"ImageObject","inLanguage":"fr-FR","@id":"https:\/\/www.old.valeriebarkowski.shop\/en\/#\/schema\/logo\/image\/","url":"https:\/\/www.old.valeriebarkowski.shop\/wp-content\/uploads\/2017\/02\/logo-vb-the-shop-4.png","contentUrl":"https:\/\/www.old.valeriebarkowski.shop\/wp-content\/uploads\/2017\/02\/logo-vb-the-shop-4.png","width":437,"height":125,"caption":"valerie barkowski"},"image":{"@id":"https:\/\/www.old.valeriebarkowski.shop\/en\/#\/schema\/logo\/image\/"},"sameAs":["https:\/\/www.facebook.com\/valerie.barkowski","https:\/\/www.instagram.com\/webbarkowski\/","https:\/\/fr.pinterest.com\/vbarkowski\/"]}]}},"_links":{"self":[{"href":"https:\/\/www.old.valeriebarkowski.shop\/fr\/wp-json\/wp\/v2\/product\/2667","targetHints":{"allow":["GET"]}}],"collection":[{"href":"https:\/\/www.old.valeriebarkowski.shop\/fr\/wp-json\/wp\/v2\/product"}],"about":[{"href":"https:\/\/www.old.valeriebarkowski.shop\/fr\/wp-json\/wp\/v2\/types\/product"}],"replies":[{"embeddable":true,"href":"https:\/\/www.old.valeriebarkowski.shop\/fr\/wp-json\/wp\/v2\/comments?post=2667"}],"wp:featuredmedia":[{"embeddable":true,"href":"https:\/\/www.old.valeriebarkowski.shop\/fr\/wp-json\/wp\/v2\/media\/2672"}],"wp:attachment":[{"href":"https:\/\/www.old.valeriebarkowski.shop\/fr\/wp-json\/wp\/v2\/media?parent=2667"}],"wp:term":[{"taxonomy":"product_cat","embeddable":true,"href":"https:\/\/www.old.valeriebarkowski.shop\/fr\/wp-json\/wp\/v2\/product_cat?post=2667"},{"taxonomy":"product_tag","embeddable":true,"href":"https:\/\/www.old.valeriebarkowski.shop\/fr\/wp-json\/wp\/v2\/product_tag?post=2667"}],"curies":[{"name":"wp","href":"https:\/\/api.w.org\/{rel}","templated":true}]}}