{"id":3774,"date":"2018-03-02T13:59:00","date_gmt":"2018-03-02T12:59:00","guid":{"rendered":"http:\/\/www.valeriebarkowski.shop\/?post_type=product&#038;p=3774"},"modified":"2025-04-17T15:48:47","modified_gmt":"2025-04-17T13:48:47","slug":"linge-de-bain-lb50-tulum-aqua","status":"publish","type":"product","link":"https:\/\/www.old.valeriebarkowski.shop\/fr\/produit\/linge-de-bain-lb50-tulum-aqua\/","title":{"rendered":"Linge de bain LB50 TULUM aqua"},"content":{"rendered":"<h2>Linge de bain TULUM aqua fait main<\/h2>\n<p>Le linge de bain TULUM aqua est orn\u00e9 de gros pompons faits main, plac\u00e9s aux quatre coins. Composition 100% coton peign\u00e9 avec un poids de 700 grammes\/m2 pour les serviettes et 1100grammes\/m2 pour le tapis de bain.<\/p>\n<p>\u00ab Le premier riad que j\u2019ai lou\u00e9 \u00e0 Marrakech, en 1996, avait d\u2019\u00e9paisses couvertures berb\u00e8res en laine, orn\u00e9es de gros pompons, sur les lits. J\u2019aimais l\u2019id\u00e9e et l\u2019esth\u00e9tique mais je n\u2019aimais pas dormir sous ces couvertures lourdes et r\u00eaches. Tr\u00e8s naturellement j\u2019ai transf\u00e9r\u00e9 cette id\u00e9e sur mon linge. Ce mod\u00e8le fut un des premiers avec me linge de lit Ilias. Il est directement inspir\u00e9 de la culture marocaine. \u00bb<\/p>\n<p>Si vous souhaitez en savoir plus sur le travail de Val\u00e9rie Barkowski nous vous proposons de visiter son site vitrine : <a href=\"http:\/\/valeriebarkowski.com\/category\/valerie-barkowski\/\" target=\"_blank\" rel=\"noopener noreferrer\">www.valeriebarkowski.com<\/a><\/p>\n<p>Il existe aussi 4 dimensions pour ce mod\u00e8le :<\/p>\n<p><strong>Drap\u00a0de bain 100cm x 150cm<\/strong><br \/>\n<strong>Serviette de bain\u00a050cm x 100cm<\/strong><br \/>\n<strong>Serviette invit\u00e9 30cm x 50cm<br \/>\nTapis de bain 54cm x 90cm<\/strong><\/p>\n<p>Le linge de bain en \u00e9ponge water se d\u00e9cline dans plusieurs finitions qui s&rsquo;harmonisent entre elles. Vous pouvez voir tous les mod\u00e8les de serviettes de bain <a href=\"https:\/\/www.old.valeriebarkowski.shop\/fr\/product-category\/linge-bain\/linge-bain-water\/\" target=\"_blank\" rel=\"noopener noreferrer\">ici<\/a><\/p>\n<p>Si vous passez \u00e0 Marrakech n&rsquo;oubliez pas de venir nous rendre visite au V.Barkowski store. Nous sommes situ\u00e9s dans la m\u00e9dina, pr\u00e8s de Dar Bacha. Notre adresse est Arset Aouzel 142. (entre Mustapha Blaoui et le restaurant Dar Marjana).<\/p>\n","protected":false},"excerpt":{"rendered":"<h3><strong>Serviettes de bain + tapis de bain<\/strong><\/h3>\n<p>Brod\u00e9 \u00e0 la main aux quatre coins avec des pompons, le linge de bain Tulum est en \u00e9ponge \u00e0 bouclettes hautes.<br \/>\nServiettes \u00e9ponge 100% coton peign\u00e9, 700gr\/m2.\u00a0Tapis de bain 100% coton peign\u00e9, 1100gr\/m2.<\/p>\n<p>Ce mod\u00e8le existe en 4 tailles :<\/p>\n","protected":false},"featured_media":3784,"comment_status":"closed","ping_status":"closed","template":"","meta":[],"product_cat":[16,918,937,939],"product_tag":[942,928,940,941,927,926,929],"class_list":{"0":"post-3774","1":"product","2":"type-product","3":"status-publish","4":"has-post-thumbnail","6":"product_cat-linge-de-bain-raffine","7":"product_cat-linge-bain-water","8":"product_cat-linge-broderies","9":"product_cat-linge-broderies-coloris-multi","10":"product_tag-aqua","11":"product_tag-drap-de-bain-100x150","12":"product_tag-eponge-water","13":"product_tag-multicolor-bleu","14":"product_tag-serviette-de-bain-50x100","15":"product_tag-serviette-invite-30x50","16":"product_tag-tapis-de-bain-54x90","18":"first","19":"instock","20":"featured","21":"taxable","22":"shipping-taxable","23":"purchasable","24":"product-type-variable","25":"has-default-attributes"},"yoast_head":"<!-- This site is optimized with the Yoast SEO plugin v27.3 - https:\/\/yoast.com\/product\/yoast-seo-wordpress\/ -->\n<title>Linge de bain Tulum aqua - serviette de bain \u00e9ponge pompons faits main<\/title>\n<meta name=\"description\" content=\"Linge de bain Tulum aqua : servieetes de bain \u00e9paisses orn\u00e9es de pompons faits main dans nos ateliers \u00e0 Marrakech. - Tapis de bain pompons coordonn\u00e9.\" \/>\n<meta name=\"robots\" content=\"noindex, follow, max-snippet:-1, max-image-preview:large, max-video-preview:-1\" \/>\n<meta property=\"og:locale\" content=\"fr_FR\" \/>\n<meta property=\"og:type\" content=\"article\" \/>\n<meta property=\"og:title\" content=\"Linge de bain Tulum aqua - serviette de bain \u00e9ponge pompons faits main\" \/>\n<meta property=\"og:description\" content=\"Linge de bain Tulum aqua : servieetes de bain \u00e9paisses orn\u00e9es de pompons faits main dans nos ateliers \u00e0 Marrakech. - Tapis de bain pompons coordonn\u00e9.\" \/>\n<meta property=\"og:url\" content=\"https:\/\/www.old.valeriebarkowski.shop\/fr\/produit\/linge-de-bain-lb50-tulum-aqua\/\" \/>\n<meta property=\"og:site_name\" content=\"The shop by Valerie Barkowski\" \/>\n<meta property=\"article:publisher\" content=\"https:\/\/www.facebook.com\/valerie.barkowski\" \/>\n<meta property=\"article:modified_time\" content=\"2025-04-17T13:48:47+00:00\" \/>\n<meta property=\"og:image\" content=\"https:\/\/www.old.valeriebarkowski.shop\/wp-content\/uploads\/2018\/03\/tulum-eponge-water-aqua-zoom-new.jpg\" \/>\n\t<meta property=\"og:image:width\" content=\"924\" \/>\n\t<meta property=\"og:image:height\" content=\"924\" \/>\n\t<meta property=\"og:image:type\" content=\"image\/jpeg\" \/>\n<meta name=\"twitter:card\" content=\"summary_large_image\" \/>\n<meta name=\"twitter:label1\" content=\"Dur\u00e9e de lecture estim\u00e9e\" \/>\n\t<meta name=\"twitter:data1\" content=\"1 minute\" \/>\n<script type=\"application\/ld+json\" class=\"yoast-schema-graph\">{\"@context\":\"https:\\\/\\\/schema.org\",\"@graph\":[{\"@type\":\"WebPage\",\"@id\":\"https:\\\/\\\/www.old.valeriebarkowski.shop\\\/fr\\\/produit\\\/linge-de-bain-lb50-tulum-aqua\\\/\",\"url\":\"https:\\\/\\\/www.old.valeriebarkowski.shop\\\/fr\\\/produit\\\/linge-de-bain-lb50-tulum-aqua\\\/\",\"name\":\"Linge de bain Tulum aqua - serviette de bain \u00e9ponge pompons faits main\",\"isPartOf\":{\"@id\":\"https:\\\/\\\/www.old.valeriebarkowski.shop\\\/en\\\/#website\"},\"primaryImageOfPage\":{\"@id\":\"https:\\\/\\\/www.old.valeriebarkowski.shop\\\/fr\\\/produit\\\/linge-de-bain-lb50-tulum-aqua\\\/#primaryimage\"},\"image\":{\"@id\":\"https:\\\/\\\/www.old.valeriebarkowski.shop\\\/fr\\\/produit\\\/linge-de-bain-lb50-tulum-aqua\\\/#primaryimage\"},\"thumbnailUrl\":\"https:\\\/\\\/www.old.valeriebarkowski.shop\\\/wp-content\\\/uploads\\\/2018\\\/03\\\/tulum-eponge-water-aqua-zoom-new.jpg\",\"datePublished\":\"2018-03-02T12:59:00+00:00\",\"dateModified\":\"2025-04-17T13:48:47+00:00\",\"description\":\"Linge de bain Tulum aqua : servieetes de bain \u00e9paisses orn\u00e9es de pompons faits main dans nos ateliers \u00e0 Marrakech. - Tapis de bain pompons coordonn\u00e9.\",\"breadcrumb\":{\"@id\":\"https:\\\/\\\/www.old.valeriebarkowski.shop\\\/fr\\\/produit\\\/linge-de-bain-lb50-tulum-aqua\\\/#breadcrumb\"},\"inLanguage\":\"fr-FR\",\"potentialAction\":[{\"@type\":\"ReadAction\",\"target\":[\"https:\\\/\\\/www.old.valeriebarkowski.shop\\\/fr\\\/produit\\\/linge-de-bain-lb50-tulum-aqua\\\/\"]}]},{\"@type\":\"ImageObject\",\"inLanguage\":\"fr-FR\",\"@id\":\"https:\\\/\\\/www.old.valeriebarkowski.shop\\\/fr\\\/produit\\\/linge-de-bain-lb50-tulum-aqua\\\/#primaryimage\",\"url\":\"https:\\\/\\\/www.old.valeriebarkowski.shop\\\/wp-content\\\/uploads\\\/2018\\\/03\\\/tulum-eponge-water-aqua-zoom-new.jpg\",\"contentUrl\":\"https:\\\/\\\/www.old.valeriebarkowski.shop\\\/wp-content\\\/uploads\\\/2018\\\/03\\\/tulum-eponge-water-aqua-zoom-new.jpg\",\"width\":924,\"height\":924,\"caption\":\"linge de bain TULUM aqua pompons faits main\"},{\"@type\":\"BreadcrumbList\",\"@id\":\"https:\\\/\\\/www.old.valeriebarkowski.shop\\\/fr\\\/produit\\\/linge-de-bain-lb50-tulum-aqua\\\/#breadcrumb\",\"itemListElement\":[{\"@type\":\"ListItem\",\"position\":1,\"name\":\"Home\",\"item\":\"https:\\\/\\\/www.old.valeriebarkowski.shop\\\/fr\\\/\"},{\"@type\":\"ListItem\",\"position\":2,\"name\":\"Boutique\",\"item\":\"https:\\\/\\\/www.old.valeriebarkowski.shop\\\/fr\\\/boutique\\\/\"},{\"@type\":\"ListItem\",\"position\":3,\"name\":\"Linge de bain LB50 TULUM aqua\"}]},{\"@type\":\"WebSite\",\"@id\":\"https:\\\/\\\/www.old.valeriebarkowski.shop\\\/en\\\/#website\",\"url\":\"https:\\\/\\\/www.old.valeriebarkowski.shop\\\/en\\\/\",\"name\":\"The shop by Valerie Barkowski\",\"description\":\"\",\"publisher\":{\"@id\":\"https:\\\/\\\/www.old.valeriebarkowski.shop\\\/en\\\/#organization\"},\"potentialAction\":[{\"@type\":\"SearchAction\",\"target\":{\"@type\":\"EntryPoint\",\"urlTemplate\":\"https:\\\/\\\/www.old.valeriebarkowski.shop\\\/en\\\/?s={search_term_string}\"},\"query-input\":{\"@type\":\"PropertyValueSpecification\",\"valueRequired\":true,\"valueName\":\"search_term_string\"}}],\"inLanguage\":\"fr-FR\"},{\"@type\":\"Organization\",\"@id\":\"https:\\\/\\\/www.old.valeriebarkowski.shop\\\/en\\\/#organization\",\"name\":\"valerie barkowski\",\"url\":\"https:\\\/\\\/www.old.valeriebarkowski.shop\\\/en\\\/\",\"logo\":{\"@type\":\"ImageObject\",\"inLanguage\":\"fr-FR\",\"@id\":\"https:\\\/\\\/www.old.valeriebarkowski.shop\\\/en\\\/#\\\/schema\\\/logo\\\/image\\\/\",\"url\":\"https:\\\/\\\/www.old.valeriebarkowski.shop\\\/wp-content\\\/uploads\\\/2017\\\/02\\\/logo-vb-the-shop-4.png\",\"contentUrl\":\"https:\\\/\\\/www.old.valeriebarkowski.shop\\\/wp-content\\\/uploads\\\/2017\\\/02\\\/logo-vb-the-shop-4.png\",\"width\":437,\"height\":125,\"caption\":\"valerie barkowski\"},\"image\":{\"@id\":\"https:\\\/\\\/www.old.valeriebarkowski.shop\\\/en\\\/#\\\/schema\\\/logo\\\/image\\\/\"},\"sameAs\":[\"https:\\\/\\\/www.facebook.com\\\/valerie.barkowski\",\"https:\\\/\\\/www.instagram.com\\\/webbarkowski\\\/\",\"https:\\\/\\\/fr.pinterest.com\\\/vbarkowski\\\/\"]}]}<\/script>\n<!-- \/ Yoast SEO plugin. -->","yoast_head_json":{"title":"Linge de bain Tulum aqua - serviette de bain \u00e9ponge pompons faits main","description":"Linge de bain Tulum aqua : servieetes de bain \u00e9paisses orn\u00e9es de pompons faits main dans nos ateliers \u00e0 Marrakech. - Tapis de bain pompons coordonn\u00e9.","robots":{"index":"noindex","follow":"follow","max-snippet":"max-snippet:-1","max-image-preview":"max-image-preview:large","max-video-preview":"max-video-preview:-1"},"og_locale":"fr_FR","og_type":"article","og_title":"Linge de bain Tulum aqua - serviette de bain \u00e9ponge pompons faits main","og_description":"Linge de bain Tulum aqua : servieetes de bain \u00e9paisses orn\u00e9es de pompons faits main dans nos ateliers \u00e0 Marrakech. - Tapis de bain pompons coordonn\u00e9.","og_url":"https:\/\/www.old.valeriebarkowski.shop\/fr\/produit\/linge-de-bain-lb50-tulum-aqua\/","og_site_name":"The shop by Valerie Barkowski","article_publisher":"https:\/\/www.facebook.com\/valerie.barkowski","article_modified_time":"2025-04-17T13:48:47+00:00","og_image":[{"width":924,"height":924,"url":"https:\/\/www.old.valeriebarkowski.shop\/wp-content\/uploads\/2018\/03\/tulum-eponge-water-aqua-zoom-new.jpg","type":"image\/jpeg"}],"twitter_card":"summary_large_image","twitter_misc":{"Dur\u00e9e de lecture estim\u00e9e":"1 minute"},"schema":{"@context":"https:\/\/schema.org","@graph":[{"@type":"WebPage","@id":"https:\/\/www.old.valeriebarkowski.shop\/fr\/produit\/linge-de-bain-lb50-tulum-aqua\/","url":"https:\/\/www.old.valeriebarkowski.shop\/fr\/produit\/linge-de-bain-lb50-tulum-aqua\/","name":"Linge de bain Tulum aqua - serviette de bain \u00e9ponge pompons faits main","isPartOf":{"@id":"https:\/\/www.old.valeriebarkowski.shop\/en\/#website"},"primaryImageOfPage":{"@id":"https:\/\/www.old.valeriebarkowski.shop\/fr\/produit\/linge-de-bain-lb50-tulum-aqua\/#primaryimage"},"image":{"@id":"https:\/\/www.old.valeriebarkowski.shop\/fr\/produit\/linge-de-bain-lb50-tulum-aqua\/#primaryimage"},"thumbnailUrl":"https:\/\/www.old.valeriebarkowski.shop\/wp-content\/uploads\/2018\/03\/tulum-eponge-water-aqua-zoom-new.jpg","datePublished":"2018-03-02T12:59:00+00:00","dateModified":"2025-04-17T13:48:47+00:00","description":"Linge de bain Tulum aqua : servieetes de bain \u00e9paisses orn\u00e9es de pompons faits main dans nos ateliers \u00e0 Marrakech. - Tapis de bain pompons coordonn\u00e9.","breadcrumb":{"@id":"https:\/\/www.old.valeriebarkowski.shop\/fr\/produit\/linge-de-bain-lb50-tulum-aqua\/#breadcrumb"},"inLanguage":"fr-FR","potentialAction":[{"@type":"ReadAction","target":["https:\/\/www.old.valeriebarkowski.shop\/fr\/produit\/linge-de-bain-lb50-tulum-aqua\/"]}]},{"@type":"ImageObject","inLanguage":"fr-FR","@id":"https:\/\/www.old.valeriebarkowski.shop\/fr\/produit\/linge-de-bain-lb50-tulum-aqua\/#primaryimage","url":"https:\/\/www.old.valeriebarkowski.shop\/wp-content\/uploads\/2018\/03\/tulum-eponge-water-aqua-zoom-new.jpg","contentUrl":"https:\/\/www.old.valeriebarkowski.shop\/wp-content\/uploads\/2018\/03\/tulum-eponge-water-aqua-zoom-new.jpg","width":924,"height":924,"caption":"linge de bain TULUM aqua pompons faits main"},{"@type":"BreadcrumbList","@id":"https:\/\/www.old.valeriebarkowski.shop\/fr\/produit\/linge-de-bain-lb50-tulum-aqua\/#breadcrumb","itemListElement":[{"@type":"ListItem","position":1,"name":"Home","item":"https:\/\/www.old.valeriebarkowski.shop\/fr\/"},{"@type":"ListItem","position":2,"name":"Boutique","item":"https:\/\/www.old.valeriebarkowski.shop\/fr\/boutique\/"},{"@type":"ListItem","position":3,"name":"Linge de bain LB50 TULUM aqua"}]},{"@type":"WebSite","@id":"https:\/\/www.old.valeriebarkowski.shop\/en\/#website","url":"https:\/\/www.old.valeriebarkowski.shop\/en\/","name":"The shop by Valerie Barkowski","description":"","publisher":{"@id":"https:\/\/www.old.valeriebarkowski.shop\/en\/#organization"},"potentialAction":[{"@type":"SearchAction","target":{"@type":"EntryPoint","urlTemplate":"https:\/\/www.old.valeriebarkowski.shop\/en\/?s={search_term_string}"},"query-input":{"@type":"PropertyValueSpecification","valueRequired":true,"valueName":"search_term_string"}}],"inLanguage":"fr-FR"},{"@type":"Organization","@id":"https:\/\/www.old.valeriebarkowski.shop\/en\/#organization","name":"valerie barkowski","url":"https:\/\/www.old.valeriebarkowski.shop\/en\/","logo":{"@type":"ImageObject","inLanguage":"fr-FR","@id":"https:\/\/www.old.valeriebarkowski.shop\/en\/#\/schema\/logo\/image\/","url":"https:\/\/www.old.valeriebarkowski.shop\/wp-content\/uploads\/2017\/02\/logo-vb-the-shop-4.png","contentUrl":"https:\/\/www.old.valeriebarkowski.shop\/wp-content\/uploads\/2017\/02\/logo-vb-the-shop-4.png","width":437,"height":125,"caption":"valerie barkowski"},"image":{"@id":"https:\/\/www.old.valeriebarkowski.shop\/en\/#\/schema\/logo\/image\/"},"sameAs":["https:\/\/www.facebook.com\/valerie.barkowski","https:\/\/www.instagram.com\/webbarkowski\/","https:\/\/fr.pinterest.com\/vbarkowski\/"]}]}},"_links":{"self":[{"href":"https:\/\/www.old.valeriebarkowski.shop\/fr\/wp-json\/wp\/v2\/product\/3774","targetHints":{"allow":["GET"]}}],"collection":[{"href":"https:\/\/www.old.valeriebarkowski.shop\/fr\/wp-json\/wp\/v2\/product"}],"about":[{"href":"https:\/\/www.old.valeriebarkowski.shop\/fr\/wp-json\/wp\/v2\/types\/product"}],"replies":[{"embeddable":true,"href":"https:\/\/www.old.valeriebarkowski.shop\/fr\/wp-json\/wp\/v2\/comments?post=3774"}],"wp:featuredmedia":[{"embeddable":true,"href":"https:\/\/www.old.valeriebarkowski.shop\/fr\/wp-json\/wp\/v2\/media\/3784"}],"wp:attachment":[{"href":"https:\/\/www.old.valeriebarkowski.shop\/fr\/wp-json\/wp\/v2\/media?parent=3774"}],"wp:term":[{"taxonomy":"product_cat","embeddable":true,"href":"https:\/\/www.old.valeriebarkowski.shop\/fr\/wp-json\/wp\/v2\/product_cat?post=3774"},{"taxonomy":"product_tag","embeddable":true,"href":"https:\/\/www.old.valeriebarkowski.shop\/fr\/wp-json\/wp\/v2\/product_tag?post=3774"}],"curies":[{"name":"wp","href":"https:\/\/api.w.org\/{rel}","templated":true}]}}