{"id":5643,"date":"2019-06-18T17:07:27","date_gmt":"2019-06-18T15:07:27","guid":{"rendered":"https:\/\/www.valeriebarkowski.shop\/?post_type=product&#038;p=5643"},"modified":"2025-04-17T15:46:24","modified_gmt":"2025-04-17T13:46:24","slug":"linge-de-lit-nil-carmin-ll01","status":"publish","type":"product","link":"https:\/\/www.old.valeriebarkowski.shop\/fr\/produit\/linge-de-lit-nil-carmin-ll01\/","title":{"rendered":"Linge de lit blanc LL01 passementerie NIL carmin"},"content":{"rendered":"<h2>Linge de lit passementerie Nil carmin brod\u00e9 main<\/h2>\n<p>Parure de lit brod\u00e9e \u00e0 la main, le linge de lit passementerie Nil carmin est en coton peign\u00e9 et merceris\u00e9. Les petites boules et le fil tourn\u00e9 sont faits avec du fil solide et r\u00e9sistant \u00e0 la d\u00e9coloration. Les taies d\u2019oreiller et les housses de couette en coton se ferment avec des lichettes. La finition Nil est aussi disponible en<strong><span style=\"color: #000000;\"> <a style=\"color: #000000;\" href=\"https:\/\/www.old.valeriebarkowski.shop\/fr\/product-category\/linge-table\/blanc-linge-table\/nil-blanc-passementeries-linge-table\/\" target=\"_blank\" rel=\"noopener noreferrer\">linge de table.<\/a><\/span><\/strong><\/p>\n<h2>Inspiration et savoir-faire ancestral : de fil en aiguille<\/h2>\n<p>\u00ab\u00a0La passementerie est un savoir-faire ancestral au Maroc. C&rsquo;est sur les v\u00eatements qu&rsquo;elle est appliqu\u00e9e depuis des si\u00e8cles. Djellabas et kaftans sont orn\u00e9s de toutes sortes de fils tourn\u00e9s brod\u00e9s et ferm\u00e9s avec des petits boutons en fil. Inspir\u00e9e par cette tradition ancestrale j&rsquo;ai imagin\u00e9 la d\u00e9tourner pour l&rsquo;appliquer sur mon linge de maison moderne et intemporel. Une version \u00e9pur\u00e9e, simplifi\u00e9e, minimale. Le savoir-faire est intacte, il est juste d\u00e9tourn\u00e9, adapt\u00e9 et change de contexte.<\/p>\n<p>Lors de mes nombreux s\u00e9jours en Inde j&rsquo;ai aussi observ\u00e9 le travail de passementerie. La tradition \u00e9tait tr\u00e8s r\u00e9pandue par le pass\u00e9. Aujourd&rsquo;hui ce sont surtout les joailliers qui font appel \u00e0 cet artisanat. Mais c&rsquo;est le Maroc qui continue \u00e0 m&rsquo;inspirer, je suis fascin\u00e9e par cette passementerie, pas la dext\u00e9rit\u00e9 des artisans. Aussi, j&rsquo;aime l&rsquo;id\u00e9e de faire faire son v\u00eatement sur mesure, de choisir les couleurs, de l&rsquo;attendre avec patience.\u00a0\u00bb<\/p>\n<h2>S&rsquo;inscrire dans la \u00ab\u00a0slow production\u00a0\u00bb<\/h2>\n<p>\u00ab\u00a0Depuis plus de 20 ans je travaille les broderies traditionnelles et les savoir-faire ancestraux au sens large. Ma philosophie de vie \u00ab\u00a0slow\u00a0\u00bb s&rsquo;est construite petit \u00e0 petit, au fil des ans. Le travail avec les artisans m&rsquo;a appris la patience. C&rsquo;est pour cette raison que je ne suis pas les modes et les tendances, je suis mon instinct, je suis le travail bien fait et je donne du temps au temps. \u00a0\u00bb<\/p>\n<h2>Linge de lit blanc haut de gamme Nil en passementerie carmin, produits et tailles<\/h2>\n<p>Les taies d\u2019oreiller en coton peign\u00e9 blanc NIL carmin, dimensions :<br \/>\n<strong>Taie d\u2019oreiller 70cm x 50cm<\/strong><br \/>\n<strong>Taie d\u2019oreiller 65cm x 65cm<\/strong><\/p>\n<p>Les draps de lit en en coton peign\u00e9 blanc NIL carmin sont aussi disponibles en 3 dimensions :<br \/>\n<strong>Single : Drap le lit 210cm x 300cm<\/strong><br \/>\n<strong>Queen : Drap le lit 280cm x 300cm<\/strong><br \/>\n<strong>King : Drap le lit 300cm x 300cm<\/strong><\/p>\n<p>Les housses de couette en coton peign\u00e9 blanc NIL carmin sont aussi disponibles en 3 dimensions :<br \/>\n<strong>Single : Housse de couette 140cm x 200cm<\/strong><br \/>\n<strong>Queen : Housse de couette 240cm x 220cm<\/strong><br \/>\n<strong>King : Housse de couette 260cm x 240cm<\/strong><\/p>\n<p>Tous nos mod\u00e8les de linge de lit brod\u00e9 main peuvent \u00e9galement \u00eatre produits sur-mesure et \u00e0 la demande.<\/p>\n<p>En compl\u00e9ment, retrouvez nos <a href=\"https:\/\/www.old.valeriebarkowski.shop\/fr\/produit\/drap-housse-ll01\/\">drap-housses<\/a> coordonn\u00e9s.<\/p>\n<p>Et pour en savoir plus sur nos collections et les projets de Val\u00e9rie Barkowski : <a href=\"http:\/\/www.valeriebarkowski.com\" target=\"_blank\" rel=\"noopener noreferrer\">www.valeriebarkowski.com\u00a0<\/a><\/p>\n<h2>Nil, linge de maison en passementerie de Val\u00e9rie Barkowski<\/h2>\n<p>Que ce soit le linge de lit, le linge de table, les housses de coussins ou les accessoires de mode, tous les produits bord\u00e9s de passementerie Nil sont commercialis\u00e9s exclusivement sous la marque V.Barkowski. NIL est un design original de Val\u00e9rie Barkowski. Tous produits ressemblants qui ne portent pas notre \u00e9tiquette de marque sont des produits copi\u00e9s ou des produits vendus sans autorisation ou versement de droits d&rsquo;auteur.<\/p>\n<p>Val\u00e9rie Barkowski et son entreprise se r\u00e9servent le droit de poursuivre toute entit\u00e9 usurpant ses droits de cr\u00e9ation et d&rsquo;auteur.<\/p>\n","protected":false},"excerpt":{"rendered":"<h4>Linge de lit NIL<\/h4>\n<p>La broderie Nil carmin est faite \u00e0 la main de petites boules en passementerie et de fil tourn\u00e9 r\u00e9alis\u00e9s dans nos ateliers au Maroc.<br \/>\n100% coton peign\u00e9, merceris\u00e9.<br \/>\nTous les produits se ferment avec des lichettes.<\/p>\n","protected":false},"featured_media":0,"comment_status":"closed","ping_status":"closed","template":"","meta":[],"product_cat":[1552,1247],"product_tag":[1253,1252,1243,957,1249,995,979,1248,1422,1251,980,1423,982,1250,1421,1254,984,983],"class_list":{"0":"post-5643","1":"product","2":"type-product","3":"status-publish","5":"product_cat-linge-de-lit-blanc-passementerie","6":"product_cat-nil-blanc-passementeries-lit","7":"product_tag-atelier","8":"product_tag-brode-main","9":"product_tag-broderies","10":"product_tag-carmin","11":"product_tag-coton-blanc","12":"product_tag-coton-peigne","13":"product_tag-drap-de-lit-300x300cm","14":"product_tag-fait-main","15":"product_tag-fil-et-aiguille","16":"product_tag-finition","17":"product_tag-housse-de-couette-140x200cm","18":"product_tag-housse-de-couette-240x220","19":"product_tag-housse-de-couette-260x240cm","20":"product_tag-linge-de-lit","21":"product_tag-passementerie","22":"product_tag-passementeries","23":"product_tag-taie-doreiller-65x65cm","24":"product_tag-taie-doreiller-70x50cm","26":"first","27":"instock","28":"taxable","29":"shipping-taxable","30":"purchasable","31":"product-type-variable","32":"has-default-attributes"},"yoast_head":"<!-- This site is optimized with the Yoast SEO plugin v27.3 - https:\/\/yoast.com\/product\/yoast-seo-wordpress\/ -->\n<title>Linge de lit passementerie NIL - The shop by Valerie Barkowski<\/title>\n<meta name=\"description\" content=\"Le linge de lit passementerie Nil carmin est brod\u00e9 avec des boules en passementerie et du fil tourn\u00e9 enti\u00e8rement faits \u00e0 la main.\" \/>\n<meta name=\"robots\" content=\"noindex, follow, max-snippet:-1, max-image-preview:large, max-video-preview:-1\" \/>\n<meta property=\"og:locale\" content=\"fr_FR\" \/>\n<meta property=\"og:type\" content=\"article\" \/>\n<meta property=\"og:title\" content=\"The shop by Valerie Barkowski - Linge de lit blanc LL01 passementerie NIL carmin\" \/>\n<meta property=\"og:description\" content=\"NIL est une finition en passementerie faite \u00e0 la main imagin\u00e9e par Val\u00e9rie Barkowski lors de son arriv\u00e9e \u00e0 Marrakech.\" \/>\n<meta property=\"og:url\" content=\"https:\/\/www.old.valeriebarkowski.shop\/fr\/produit\/linge-de-lit-nil-carmin-ll01\/\" \/>\n<meta property=\"og:site_name\" content=\"The shop by Valerie Barkowski\" \/>\n<meta property=\"article:publisher\" content=\"https:\/\/www.facebook.com\/valerie.barkowski\" \/>\n<meta property=\"article:modified_time\" content=\"2025-04-17T13:46:24+00:00\" \/>\n<meta property=\"og:image\" content=\"https:\/\/www.old.valeriebarkowski.shop\/wp-content\/uploads\/2019\/06\/nil-carmin-lit-coton-blanc.jpg\" \/>\n\t<meta property=\"og:image:width\" content=\"1382\" \/>\n\t<meta property=\"og:image:height\" content=\"922\" \/>\n\t<meta property=\"og:image:type\" content=\"image\/jpeg\" \/>\n<meta name=\"twitter:card\" content=\"summary_large_image\" \/>\n<meta name=\"twitter:label1\" content=\"Dur\u00e9e de lecture estim\u00e9e\" \/>\n\t<meta name=\"twitter:data1\" content=\"3 minutes\" \/>\n<script type=\"application\/ld+json\" class=\"yoast-schema-graph\">{\"@context\":\"https:\\\/\\\/schema.org\",\"@graph\":[{\"@type\":\"WebPage\",\"@id\":\"https:\\\/\\\/www.old.valeriebarkowski.shop\\\/fr\\\/produit\\\/linge-de-lit-nil-carmin-ll01\\\/\",\"url\":\"https:\\\/\\\/www.old.valeriebarkowski.shop\\\/fr\\\/produit\\\/linge-de-lit-nil-carmin-ll01\\\/\",\"name\":\"Linge de lit passementerie NIL - The shop by Valerie Barkowski\",\"isPartOf\":{\"@id\":\"https:\\\/\\\/www.old.valeriebarkowski.shop\\\/en\\\/#website\"},\"datePublished\":\"2019-06-18T15:07:27+00:00\",\"dateModified\":\"2025-04-17T13:46:24+00:00\",\"description\":\"Le linge de lit passementerie Nil carmin est brod\u00e9 avec des boules en passementerie et du fil tourn\u00e9 enti\u00e8rement faits \u00e0 la main.\",\"breadcrumb\":{\"@id\":\"https:\\\/\\\/www.old.valeriebarkowski.shop\\\/fr\\\/produit\\\/linge-de-lit-nil-carmin-ll01\\\/#breadcrumb\"},\"inLanguage\":\"fr-FR\",\"potentialAction\":[{\"@type\":\"ReadAction\",\"target\":[\"https:\\\/\\\/www.old.valeriebarkowski.shop\\\/fr\\\/produit\\\/linge-de-lit-nil-carmin-ll01\\\/\"]}]},{\"@type\":\"BreadcrumbList\",\"@id\":\"https:\\\/\\\/www.old.valeriebarkowski.shop\\\/fr\\\/produit\\\/linge-de-lit-nil-carmin-ll01\\\/#breadcrumb\",\"itemListElement\":[{\"@type\":\"ListItem\",\"position\":1,\"name\":\"Home\",\"item\":\"https:\\\/\\\/www.old.valeriebarkowski.shop\\\/fr\\\/\"},{\"@type\":\"ListItem\",\"position\":2,\"name\":\"Boutique\",\"item\":\"https:\\\/\\\/www.old.valeriebarkowski.shop\\\/fr\\\/boutique\\\/\"},{\"@type\":\"ListItem\",\"position\":3,\"name\":\"Linge de lit blanc LL01 passementerie NIL carmin\"}]},{\"@type\":\"WebSite\",\"@id\":\"https:\\\/\\\/www.old.valeriebarkowski.shop\\\/en\\\/#website\",\"url\":\"https:\\\/\\\/www.old.valeriebarkowski.shop\\\/en\\\/\",\"name\":\"The shop by Valerie Barkowski\",\"description\":\"\",\"publisher\":{\"@id\":\"https:\\\/\\\/www.old.valeriebarkowski.shop\\\/en\\\/#organization\"},\"potentialAction\":[{\"@type\":\"SearchAction\",\"target\":{\"@type\":\"EntryPoint\",\"urlTemplate\":\"https:\\\/\\\/www.old.valeriebarkowski.shop\\\/en\\\/?s={search_term_string}\"},\"query-input\":{\"@type\":\"PropertyValueSpecification\",\"valueRequired\":true,\"valueName\":\"search_term_string\"}}],\"inLanguage\":\"fr-FR\"},{\"@type\":\"Organization\",\"@id\":\"https:\\\/\\\/www.old.valeriebarkowski.shop\\\/en\\\/#organization\",\"name\":\"valerie barkowski\",\"url\":\"https:\\\/\\\/www.old.valeriebarkowski.shop\\\/en\\\/\",\"logo\":{\"@type\":\"ImageObject\",\"inLanguage\":\"fr-FR\",\"@id\":\"https:\\\/\\\/www.old.valeriebarkowski.shop\\\/en\\\/#\\\/schema\\\/logo\\\/image\\\/\",\"url\":\"https:\\\/\\\/www.old.valeriebarkowski.shop\\\/wp-content\\\/uploads\\\/2017\\\/02\\\/logo-vb-the-shop-4.png\",\"contentUrl\":\"https:\\\/\\\/www.old.valeriebarkowski.shop\\\/wp-content\\\/uploads\\\/2017\\\/02\\\/logo-vb-the-shop-4.png\",\"width\":437,\"height\":125,\"caption\":\"valerie barkowski\"},\"image\":{\"@id\":\"https:\\\/\\\/www.old.valeriebarkowski.shop\\\/en\\\/#\\\/schema\\\/logo\\\/image\\\/\"},\"sameAs\":[\"https:\\\/\\\/www.facebook.com\\\/valerie.barkowski\",\"https:\\\/\\\/www.instagram.com\\\/webbarkowski\\\/\",\"https:\\\/\\\/fr.pinterest.com\\\/vbarkowski\\\/\"]}]}<\/script>\n<!-- \/ Yoast SEO plugin. -->","yoast_head_json":{"title":"Linge de lit passementerie NIL - The shop by Valerie Barkowski","description":"Le linge de lit passementerie Nil carmin est brod\u00e9 avec des boules en passementerie et du fil tourn\u00e9 enti\u00e8rement faits \u00e0 la main.","robots":{"index":"noindex","follow":"follow","max-snippet":"max-snippet:-1","max-image-preview":"max-image-preview:large","max-video-preview":"max-video-preview:-1"},"og_locale":"fr_FR","og_type":"article","og_title":"The shop by Valerie Barkowski - Linge de lit blanc LL01 passementerie NIL carmin","og_description":"NIL est une finition en passementerie faite \u00e0 la main imagin\u00e9e par Val\u00e9rie Barkowski lors de son arriv\u00e9e \u00e0 Marrakech.","og_url":"https:\/\/www.old.valeriebarkowski.shop\/fr\/produit\/linge-de-lit-nil-carmin-ll01\/","og_site_name":"The shop by Valerie Barkowski","article_publisher":"https:\/\/www.facebook.com\/valerie.barkowski","article_modified_time":"2025-04-17T13:46:24+00:00","og_image":[{"width":1382,"height":922,"url":"https:\/\/www.old.valeriebarkowski.shop\/wp-content\/uploads\/2019\/06\/nil-carmin-lit-coton-blanc.jpg","type":"image\/jpeg"}],"twitter_card":"summary_large_image","twitter_misc":{"Dur\u00e9e de lecture estim\u00e9e":"3 minutes"},"schema":{"@context":"https:\/\/schema.org","@graph":[{"@type":"WebPage","@id":"https:\/\/www.old.valeriebarkowski.shop\/fr\/produit\/linge-de-lit-nil-carmin-ll01\/","url":"https:\/\/www.old.valeriebarkowski.shop\/fr\/produit\/linge-de-lit-nil-carmin-ll01\/","name":"Linge de lit passementerie NIL - The shop by Valerie Barkowski","isPartOf":{"@id":"https:\/\/www.old.valeriebarkowski.shop\/en\/#website"},"datePublished":"2019-06-18T15:07:27+00:00","dateModified":"2025-04-17T13:46:24+00:00","description":"Le linge de lit passementerie Nil carmin est brod\u00e9 avec des boules en passementerie et du fil tourn\u00e9 enti\u00e8rement faits \u00e0 la main.","breadcrumb":{"@id":"https:\/\/www.old.valeriebarkowski.shop\/fr\/produit\/linge-de-lit-nil-carmin-ll01\/#breadcrumb"},"inLanguage":"fr-FR","potentialAction":[{"@type":"ReadAction","target":["https:\/\/www.old.valeriebarkowski.shop\/fr\/produit\/linge-de-lit-nil-carmin-ll01\/"]}]},{"@type":"BreadcrumbList","@id":"https:\/\/www.old.valeriebarkowski.shop\/fr\/produit\/linge-de-lit-nil-carmin-ll01\/#breadcrumb","itemListElement":[{"@type":"ListItem","position":1,"name":"Home","item":"https:\/\/www.old.valeriebarkowski.shop\/fr\/"},{"@type":"ListItem","position":2,"name":"Boutique","item":"https:\/\/www.old.valeriebarkowski.shop\/fr\/boutique\/"},{"@type":"ListItem","position":3,"name":"Linge de lit blanc LL01 passementerie NIL carmin"}]},{"@type":"WebSite","@id":"https:\/\/www.old.valeriebarkowski.shop\/en\/#website","url":"https:\/\/www.old.valeriebarkowski.shop\/en\/","name":"The shop by Valerie Barkowski","description":"","publisher":{"@id":"https:\/\/www.old.valeriebarkowski.shop\/en\/#organization"},"potentialAction":[{"@type":"SearchAction","target":{"@type":"EntryPoint","urlTemplate":"https:\/\/www.old.valeriebarkowski.shop\/en\/?s={search_term_string}"},"query-input":{"@type":"PropertyValueSpecification","valueRequired":true,"valueName":"search_term_string"}}],"inLanguage":"fr-FR"},{"@type":"Organization","@id":"https:\/\/www.old.valeriebarkowski.shop\/en\/#organization","name":"valerie barkowski","url":"https:\/\/www.old.valeriebarkowski.shop\/en\/","logo":{"@type":"ImageObject","inLanguage":"fr-FR","@id":"https:\/\/www.old.valeriebarkowski.shop\/en\/#\/schema\/logo\/image\/","url":"https:\/\/www.old.valeriebarkowski.shop\/wp-content\/uploads\/2017\/02\/logo-vb-the-shop-4.png","contentUrl":"https:\/\/www.old.valeriebarkowski.shop\/wp-content\/uploads\/2017\/02\/logo-vb-the-shop-4.png","width":437,"height":125,"caption":"valerie barkowski"},"image":{"@id":"https:\/\/www.old.valeriebarkowski.shop\/en\/#\/schema\/logo\/image\/"},"sameAs":["https:\/\/www.facebook.com\/valerie.barkowski","https:\/\/www.instagram.com\/webbarkowski\/","https:\/\/fr.pinterest.com\/vbarkowski\/"]}]}},"_links":{"self":[{"href":"https:\/\/www.old.valeriebarkowski.shop\/fr\/wp-json\/wp\/v2\/product\/5643","targetHints":{"allow":["GET"]}}],"collection":[{"href":"https:\/\/www.old.valeriebarkowski.shop\/fr\/wp-json\/wp\/v2\/product"}],"about":[{"href":"https:\/\/www.old.valeriebarkowski.shop\/fr\/wp-json\/wp\/v2\/types\/product"}],"replies":[{"embeddable":true,"href":"https:\/\/www.old.valeriebarkowski.shop\/fr\/wp-json\/wp\/v2\/comments?post=5643"}],"wp:attachment":[{"href":"https:\/\/www.old.valeriebarkowski.shop\/fr\/wp-json\/wp\/v2\/media?parent=5643"}],"wp:term":[{"taxonomy":"product_cat","embeddable":true,"href":"https:\/\/www.old.valeriebarkowski.shop\/fr\/wp-json\/wp\/v2\/product_cat?post=5643"},{"taxonomy":"product_tag","embeddable":true,"href":"https:\/\/www.old.valeriebarkowski.shop\/fr\/wp-json\/wp\/v2\/product_tag?post=5643"}],"curies":[{"name":"wp","href":"https:\/\/api.w.org\/{rel}","templated":true}]}}