{"id":5946,"date":"2019-08-02T18:26:19","date_gmt":"2019-08-02T16:26:19","guid":{"rendered":"https:\/\/www.valeriebarkowski.shop\/?post_type=product&#038;p=5946"},"modified":"2025-04-17T15:48:29","modified_gmt":"2025-04-17T13:48:29","slug":"linge-de-table-lt01-ilias-aqua","status":"publish","type":"product","link":"https:\/\/www.old.valeriebarkowski.shop\/fr\/produit\/linge-de-table-lt01-ilias-aqua\/","title":{"rendered":"Linge de table blanc LT01 pompon ILIAS aqua"},"content":{"rendered":"<h2>Linge de table blanc aux pompons multicolores ILIAS Aqua<\/h2>\n<p>Le linge de table aux pompons multicolores ILIAS en lin ou en coton est bord\u00e9, sur les 4 c\u00f4t\u00e9s, de pompons multicolores Aqua cousus et assembl\u00e9s avec un fil de couleur identique. Sur une serviette de table il y a 180 cm lin\u00e9aires de pompons. Les sets de table Ilias, sont eux, bord\u00e9s sur 2 c\u00f4t\u00e9s. Des tons bleus, aux verts, en passant par le gris, la finition de pompons ILIAS Aqua est subtile et minutieusement r\u00e9alis\u00e9e sur un textile en coton ou en lin blanc uni.<\/p>\n<p>\u00ab J&rsquo;ai cr\u00e9\u00e9 le linge de table pompons Ilias en 1997, peu apr\u00e8s\u00a0mon arriv\u00e9e \u00e0 Marrakech. Il est inspir\u00e9 du \u00ab\u00a0mendil\u00a0\u00bb, ce tissu traditionnel que les femmes du RIF portent sur leurs hanches quand elles travaillent dans les champs. \u00bb Vous trouverez plus d\u2019informations sur mon travail ici :\u00a0<a href=\"http:\/\/valeriebarkowski.com\/category\/valerie-barkowski\/\" target=\"_blank\" rel=\"noopener noreferrer\">www.valeriebarkowski.com<\/a><\/p>\n<p>Ce linge de table blanc aux pompons multicolores se d\u00e9cline en serviette de table, en set de table ainsi qu&rsquo;en nappes rectangulaires ou carr\u00e9es.<\/p>\n<p>Vous retrouverez 7 dimensions de linge de table haut de gamme Ilias Aqua :<\/p>\n<p><strong>Serviette de table\u00a045cm x 45cm<\/strong><br \/>\n<strong>Set de table double 50cm x 35cm<\/strong><br \/>\n<strong>Set de table simple 50cm x 100cm<\/strong><br \/>\n<strong>Nappe rectangulaire 320cm x 180cm<\/strong><br \/>\n<strong>Nappe rectangulaire 280cm x 180cm<\/strong><br \/>\n<strong>Nappe rectangulaire 250cm x 180cm<\/strong><br \/>\n<strong>Nappe carr\u00e9e 180cm x 180cm<\/strong><\/p>\n<p>Notez toutefois qu&rsquo;il vous est possible de commander votre linge de table sur-mesure par mail \u00e0 l&rsquo;adresse sales@valeriebarkowski.com. Nos artisans peuvent confectionner toutes dimensions souhait\u00e9es de serviettes en tissus, de sets de table ou de nappes: nappe 150&#215;150 cm, nappe 160&#215;160 cm, nappe 200&#215;200 cm, nappe 350&#215;150 cm,&#8230; retrouvez la marche \u00e0 suivre \u00e0 l&rsquo;onglet \u00ab\u00a0sur-mesure\u00a0\u00bb.<\/p>\n<p>D\u00e9couvrez nos autres mod\u00e8les de <a href=\"https:\/\/www.old.valeriebarkowski.shop\/fr\/product-category\/serviette-nappe-et-set-de-table\/coton-ou-lin-blanc\/pompons-coton-ou-lin-blanc\/\">nappes, serviettes et sets de table en tissus blanc avec des pompons<\/a> sur le site ou en boutique \u00e0 Marrakech.<\/p>\n","protected":false},"excerpt":{"rendered":"<h4>Linge de table Ilias Aqua<\/h4>\n<p>Bord\u00e9 de pompons Aqua ce linge de table est enti\u00e8rement fait main.<br \/>\nCe mod\u00e8le est disponible :<br \/>\n&#8211; 100% coton peign\u00e9, merceris\u00e9<br \/>\n&#8211; 100% lin<\/p>\n","protected":false},"featured_media":5962,"comment_status":"closed","ping_status":"closed","template":"","meta":[],"product_cat":[1589,21,138,178,956,1011],"product_tag":[942,976,992,1532,988,993,994],"class_list":{"0":"post-5946","1":"product","2":"type-product","3":"status-publish","4":"has-post-thumbnail","6":"product_cat-pompons-coton-ou-lin-blanc","7":"product_cat-serviette-nappe-et-set-de-table","8":"product_cat-coton-ou-lin-blanc","9":"product_cat-ilias-blanc-pompons-linge-table","10":"product_cat-linge-pompons","11":"product_cat-pompons-coloris-multi","12":"product_tag-aqua","13":"product_tag-coton-peigne-mercerise","14":"product_tag-lin-blanc","15":"product_tag-nappe","16":"product_tag-popeline-blanche","17":"product_tag-serviette-de-table-45x45cm","18":"product_tag-set-de-table-50x35cm","20":"first","21":"instock","22":"featured","23":"taxable","24":"shipping-taxable","25":"purchasable","26":"product-type-variable","27":"has-default-attributes"},"yoast_head":"<!-- This site is optimized with the Yoast SEO plugin v27.3 - https:\/\/yoast.com\/product\/yoast-seo-wordpress\/ -->\n<title>ILIAS Aqua: linge de table blanc aux pompons multicolores brod\u00e9s main<\/title>\n<meta name=\"description\" content=\"Le linge de table blanc aux pompons multicolores ILIAS en passementerie est brod\u00e9 \u00e0 la main dans nos ateliers au Maroc depuis 1997.\" \/>\n<meta name=\"robots\" content=\"noindex, follow, max-snippet:-1, max-image-preview:large, max-video-preview:-1\" \/>\n<meta property=\"og:locale\" content=\"fr_FR\" \/>\n<meta property=\"og:type\" content=\"article\" \/>\n<meta property=\"og:title\" content=\"ILIAS Aqua: linge de table blanc aux pompons multicolores brod\u00e9s main\" \/>\n<meta property=\"og:description\" content=\"Le linge de table blanc aux pompons multicolores ILIAS en passementerie est brod\u00e9 \u00e0 la main dans nos ateliers au Maroc depuis 1997.\" \/>\n<meta property=\"og:url\" content=\"https:\/\/www.old.valeriebarkowski.shop\/fr\/produit\/linge-de-table-lt01-ilias-aqua\/\" \/>\n<meta property=\"og:site_name\" content=\"The shop by Valerie Barkowski\" \/>\n<meta property=\"article:publisher\" content=\"https:\/\/www.facebook.com\/valerie.barkowski\" \/>\n<meta property=\"article:modified_time\" content=\"2025-04-17T13:48:29+00:00\" \/>\n<meta property=\"og:image\" content=\"https:\/\/www.old.valeriebarkowski.shop\/wp-content\/uploads\/2019\/08\/ilias-aqua-set-table-pompom-vbarkowski.jpg\" \/>\n\t<meta property=\"og:image:width\" content=\"1020\" \/>\n\t<meta property=\"og:image:height\" content=\"1020\" \/>\n\t<meta property=\"og:image:type\" content=\"image\/jpeg\" \/>\n<meta name=\"twitter:card\" content=\"summary_large_image\" \/>\n<meta name=\"twitter:label1\" content=\"Dur\u00e9e de lecture estim\u00e9e\" \/>\n\t<meta name=\"twitter:data1\" content=\"2 minutes\" \/>\n<script type=\"application\/ld+json\" class=\"yoast-schema-graph\">{\"@context\":\"https:\\\/\\\/schema.org\",\"@graph\":[{\"@type\":\"WebPage\",\"@id\":\"https:\\\/\\\/www.old.valeriebarkowski.shop\\\/fr\\\/produit\\\/linge-de-table-lt01-ilias-aqua\\\/\",\"url\":\"https:\\\/\\\/www.old.valeriebarkowski.shop\\\/fr\\\/produit\\\/linge-de-table-lt01-ilias-aqua\\\/\",\"name\":\"ILIAS Aqua: linge de table blanc aux pompons multicolores brod\u00e9s main\",\"isPartOf\":{\"@id\":\"https:\\\/\\\/www.old.valeriebarkowski.shop\\\/en\\\/#website\"},\"primaryImageOfPage\":{\"@id\":\"https:\\\/\\\/www.old.valeriebarkowski.shop\\\/fr\\\/produit\\\/linge-de-table-lt01-ilias-aqua\\\/#primaryimage\"},\"image\":{\"@id\":\"https:\\\/\\\/www.old.valeriebarkowski.shop\\\/fr\\\/produit\\\/linge-de-table-lt01-ilias-aqua\\\/#primaryimage\"},\"thumbnailUrl\":\"https:\\\/\\\/www.old.valeriebarkowski.shop\\\/wp-content\\\/uploads\\\/2019\\\/08\\\/ilias-aqua-set-table-pompom-vbarkowski.jpg\",\"datePublished\":\"2019-08-02T16:26:19+00:00\",\"dateModified\":\"2025-04-17T13:48:29+00:00\",\"description\":\"Le linge de table blanc aux pompons multicolores ILIAS en passementerie est brod\u00e9 \u00e0 la main dans nos ateliers au Maroc depuis 1997.\",\"breadcrumb\":{\"@id\":\"https:\\\/\\\/www.old.valeriebarkowski.shop\\\/fr\\\/produit\\\/linge-de-table-lt01-ilias-aqua\\\/#breadcrumb\"},\"inLanguage\":\"fr-FR\",\"potentialAction\":[{\"@type\":\"ReadAction\",\"target\":[\"https:\\\/\\\/www.old.valeriebarkowski.shop\\\/fr\\\/produit\\\/linge-de-table-lt01-ilias-aqua\\\/\"]}]},{\"@type\":\"ImageObject\",\"inLanguage\":\"fr-FR\",\"@id\":\"https:\\\/\\\/www.old.valeriebarkowski.shop\\\/fr\\\/produit\\\/linge-de-table-lt01-ilias-aqua\\\/#primaryimage\",\"url\":\"https:\\\/\\\/www.old.valeriebarkowski.shop\\\/wp-content\\\/uploads\\\/2019\\\/08\\\/ilias-aqua-set-table-pompom-vbarkowski.jpg\",\"contentUrl\":\"https:\\\/\\\/www.old.valeriebarkowski.shop\\\/wp-content\\\/uploads\\\/2019\\\/08\\\/ilias-aqua-set-table-pompom-vbarkowski.jpg\",\"width\":1020,\"height\":1020,\"caption\":\"linge de table blanc aux pompons multicolores\"},{\"@type\":\"BreadcrumbList\",\"@id\":\"https:\\\/\\\/www.old.valeriebarkowski.shop\\\/fr\\\/produit\\\/linge-de-table-lt01-ilias-aqua\\\/#breadcrumb\",\"itemListElement\":[{\"@type\":\"ListItem\",\"position\":1,\"name\":\"Home\",\"item\":\"https:\\\/\\\/www.old.valeriebarkowski.shop\\\/fr\\\/\"},{\"@type\":\"ListItem\",\"position\":2,\"name\":\"Boutique\",\"item\":\"https:\\\/\\\/www.old.valeriebarkowski.shop\\\/fr\\\/boutique\\\/\"},{\"@type\":\"ListItem\",\"position\":3,\"name\":\"Linge de table blanc LT01 pompon ILIAS aqua\"}]},{\"@type\":\"WebSite\",\"@id\":\"https:\\\/\\\/www.old.valeriebarkowski.shop\\\/en\\\/#website\",\"url\":\"https:\\\/\\\/www.old.valeriebarkowski.shop\\\/en\\\/\",\"name\":\"The shop by Valerie Barkowski\",\"description\":\"\",\"publisher\":{\"@id\":\"https:\\\/\\\/www.old.valeriebarkowski.shop\\\/en\\\/#organization\"},\"potentialAction\":[{\"@type\":\"SearchAction\",\"target\":{\"@type\":\"EntryPoint\",\"urlTemplate\":\"https:\\\/\\\/www.old.valeriebarkowski.shop\\\/en\\\/?s={search_term_string}\"},\"query-input\":{\"@type\":\"PropertyValueSpecification\",\"valueRequired\":true,\"valueName\":\"search_term_string\"}}],\"inLanguage\":\"fr-FR\"},{\"@type\":\"Organization\",\"@id\":\"https:\\\/\\\/www.old.valeriebarkowski.shop\\\/en\\\/#organization\",\"name\":\"valerie barkowski\",\"url\":\"https:\\\/\\\/www.old.valeriebarkowski.shop\\\/en\\\/\",\"logo\":{\"@type\":\"ImageObject\",\"inLanguage\":\"fr-FR\",\"@id\":\"https:\\\/\\\/www.old.valeriebarkowski.shop\\\/en\\\/#\\\/schema\\\/logo\\\/image\\\/\",\"url\":\"https:\\\/\\\/www.old.valeriebarkowski.shop\\\/wp-content\\\/uploads\\\/2017\\\/02\\\/logo-vb-the-shop-4.png\",\"contentUrl\":\"https:\\\/\\\/www.old.valeriebarkowski.shop\\\/wp-content\\\/uploads\\\/2017\\\/02\\\/logo-vb-the-shop-4.png\",\"width\":437,\"height\":125,\"caption\":\"valerie barkowski\"},\"image\":{\"@id\":\"https:\\\/\\\/www.old.valeriebarkowski.shop\\\/en\\\/#\\\/schema\\\/logo\\\/image\\\/\"},\"sameAs\":[\"https:\\\/\\\/www.facebook.com\\\/valerie.barkowski\",\"https:\\\/\\\/www.instagram.com\\\/webbarkowski\\\/\",\"https:\\\/\\\/fr.pinterest.com\\\/vbarkowski\\\/\"]}]}<\/script>\n<!-- \/ Yoast SEO plugin. -->","yoast_head_json":{"title":"ILIAS Aqua: linge de table blanc aux pompons multicolores brod\u00e9s main","description":"Le linge de table blanc aux pompons multicolores ILIAS en passementerie est brod\u00e9 \u00e0 la main dans nos ateliers au Maroc depuis 1997.","robots":{"index":"noindex","follow":"follow","max-snippet":"max-snippet:-1","max-image-preview":"max-image-preview:large","max-video-preview":"max-video-preview:-1"},"og_locale":"fr_FR","og_type":"article","og_title":"ILIAS Aqua: linge de table blanc aux pompons multicolores brod\u00e9s main","og_description":"Le linge de table blanc aux pompons multicolores ILIAS en passementerie est brod\u00e9 \u00e0 la main dans nos ateliers au Maroc depuis 1997.","og_url":"https:\/\/www.old.valeriebarkowski.shop\/fr\/produit\/linge-de-table-lt01-ilias-aqua\/","og_site_name":"The shop by Valerie Barkowski","article_publisher":"https:\/\/www.facebook.com\/valerie.barkowski","article_modified_time":"2025-04-17T13:48:29+00:00","og_image":[{"width":1020,"height":1020,"url":"https:\/\/www.old.valeriebarkowski.shop\/wp-content\/uploads\/2019\/08\/ilias-aqua-set-table-pompom-vbarkowski.jpg","type":"image\/jpeg"}],"twitter_card":"summary_large_image","twitter_misc":{"Dur\u00e9e de lecture estim\u00e9e":"2 minutes"},"schema":{"@context":"https:\/\/schema.org","@graph":[{"@type":"WebPage","@id":"https:\/\/www.old.valeriebarkowski.shop\/fr\/produit\/linge-de-table-lt01-ilias-aqua\/","url":"https:\/\/www.old.valeriebarkowski.shop\/fr\/produit\/linge-de-table-lt01-ilias-aqua\/","name":"ILIAS Aqua: linge de table blanc aux pompons multicolores brod\u00e9s main","isPartOf":{"@id":"https:\/\/www.old.valeriebarkowski.shop\/en\/#website"},"primaryImageOfPage":{"@id":"https:\/\/www.old.valeriebarkowski.shop\/fr\/produit\/linge-de-table-lt01-ilias-aqua\/#primaryimage"},"image":{"@id":"https:\/\/www.old.valeriebarkowski.shop\/fr\/produit\/linge-de-table-lt01-ilias-aqua\/#primaryimage"},"thumbnailUrl":"https:\/\/www.old.valeriebarkowski.shop\/wp-content\/uploads\/2019\/08\/ilias-aqua-set-table-pompom-vbarkowski.jpg","datePublished":"2019-08-02T16:26:19+00:00","dateModified":"2025-04-17T13:48:29+00:00","description":"Le linge de table blanc aux pompons multicolores ILIAS en passementerie est brod\u00e9 \u00e0 la main dans nos ateliers au Maroc depuis 1997.","breadcrumb":{"@id":"https:\/\/www.old.valeriebarkowski.shop\/fr\/produit\/linge-de-table-lt01-ilias-aqua\/#breadcrumb"},"inLanguage":"fr-FR","potentialAction":[{"@type":"ReadAction","target":["https:\/\/www.old.valeriebarkowski.shop\/fr\/produit\/linge-de-table-lt01-ilias-aqua\/"]}]},{"@type":"ImageObject","inLanguage":"fr-FR","@id":"https:\/\/www.old.valeriebarkowski.shop\/fr\/produit\/linge-de-table-lt01-ilias-aqua\/#primaryimage","url":"https:\/\/www.old.valeriebarkowski.shop\/wp-content\/uploads\/2019\/08\/ilias-aqua-set-table-pompom-vbarkowski.jpg","contentUrl":"https:\/\/www.old.valeriebarkowski.shop\/wp-content\/uploads\/2019\/08\/ilias-aqua-set-table-pompom-vbarkowski.jpg","width":1020,"height":1020,"caption":"linge de table blanc aux pompons multicolores"},{"@type":"BreadcrumbList","@id":"https:\/\/www.old.valeriebarkowski.shop\/fr\/produit\/linge-de-table-lt01-ilias-aqua\/#breadcrumb","itemListElement":[{"@type":"ListItem","position":1,"name":"Home","item":"https:\/\/www.old.valeriebarkowski.shop\/fr\/"},{"@type":"ListItem","position":2,"name":"Boutique","item":"https:\/\/www.old.valeriebarkowski.shop\/fr\/boutique\/"},{"@type":"ListItem","position":3,"name":"Linge de table blanc LT01 pompon ILIAS aqua"}]},{"@type":"WebSite","@id":"https:\/\/www.old.valeriebarkowski.shop\/en\/#website","url":"https:\/\/www.old.valeriebarkowski.shop\/en\/","name":"The shop by Valerie Barkowski","description":"","publisher":{"@id":"https:\/\/www.old.valeriebarkowski.shop\/en\/#organization"},"potentialAction":[{"@type":"SearchAction","target":{"@type":"EntryPoint","urlTemplate":"https:\/\/www.old.valeriebarkowski.shop\/en\/?s={search_term_string}"},"query-input":{"@type":"PropertyValueSpecification","valueRequired":true,"valueName":"search_term_string"}}],"inLanguage":"fr-FR"},{"@type":"Organization","@id":"https:\/\/www.old.valeriebarkowski.shop\/en\/#organization","name":"valerie barkowski","url":"https:\/\/www.old.valeriebarkowski.shop\/en\/","logo":{"@type":"ImageObject","inLanguage":"fr-FR","@id":"https:\/\/www.old.valeriebarkowski.shop\/en\/#\/schema\/logo\/image\/","url":"https:\/\/www.old.valeriebarkowski.shop\/wp-content\/uploads\/2017\/02\/logo-vb-the-shop-4.png","contentUrl":"https:\/\/www.old.valeriebarkowski.shop\/wp-content\/uploads\/2017\/02\/logo-vb-the-shop-4.png","width":437,"height":125,"caption":"valerie barkowski"},"image":{"@id":"https:\/\/www.old.valeriebarkowski.shop\/en\/#\/schema\/logo\/image\/"},"sameAs":["https:\/\/www.facebook.com\/valerie.barkowski","https:\/\/www.instagram.com\/webbarkowski\/","https:\/\/fr.pinterest.com\/vbarkowski\/"]}]}},"_links":{"self":[{"href":"https:\/\/www.old.valeriebarkowski.shop\/fr\/wp-json\/wp\/v2\/product\/5946","targetHints":{"allow":["GET"]}}],"collection":[{"href":"https:\/\/www.old.valeriebarkowski.shop\/fr\/wp-json\/wp\/v2\/product"}],"about":[{"href":"https:\/\/www.old.valeriebarkowski.shop\/fr\/wp-json\/wp\/v2\/types\/product"}],"replies":[{"embeddable":true,"href":"https:\/\/www.old.valeriebarkowski.shop\/fr\/wp-json\/wp\/v2\/comments?post=5946"}],"wp:featuredmedia":[{"embeddable":true,"href":"https:\/\/www.old.valeriebarkowski.shop\/fr\/wp-json\/wp\/v2\/media\/5962"}],"wp:attachment":[{"href":"https:\/\/www.old.valeriebarkowski.shop\/fr\/wp-json\/wp\/v2\/media?parent=5946"}],"wp:term":[{"taxonomy":"product_cat","embeddable":true,"href":"https:\/\/www.old.valeriebarkowski.shop\/fr\/wp-json\/wp\/v2\/product_cat?post=5946"},{"taxonomy":"product_tag","embeddable":true,"href":"https:\/\/www.old.valeriebarkowski.shop\/fr\/wp-json\/wp\/v2\/product_tag?post=5946"}],"curies":[{"name":"wp","href":"https:\/\/api.w.org\/{rel}","templated":true}]}}