{"id":6052,"date":"2019-08-02T19:13:43","date_gmt":"2019-08-02T17:13:43","guid":{"rendered":"https:\/\/www.valeriebarkowski.shop\/?post_type=product&#038;p=6052"},"modified":"2024-05-09T21:33:23","modified_gmt":"2024-05-09T19:33:23","slug":"linge-de-bain-lb-pollux-amber","status":"publish","type":"product","link":"https:\/\/www.old.valeriebarkowski.shop\/fr\/produit\/linge-de-bain-lb-pollux-amber\/","title":{"rendered":"Linge de bain amber LB18 frange POLLUX amber"},"content":{"rendered":"<h2>Serviettes \u00e9ponge ambre pompons Pollux<\/h2>\n<p>Pollux,\u00a0 serviettes \u00e9ponge ambre pompons \u00e0 longues franges unies enti\u00e8rement faites \u00e0 la main. Elles sont cousues dans la mati\u00e8re et assembl\u00e9es avec un fil de couleur identique. Apr\u00e8s plusieurs lavages les pompons sont d\u00e9sordonn\u00e9s, ceci est l\u2019effet souhait\u00e9. Il est possible de lisser les franges en leur donnant un coup de peigne. \u00c9ponge 100% coton de 700gr\/m2.<\/p>\n<p>\u201cApr\u00e8s le succ\u00e8s du linge de bain <span style=\"color: #000000;\"><strong><a style=\"color: #000000;\" href=\"https:\/\/www.old.valeriebarkowski.shop\/fr\/produit\/linge-de-bain-lb-lamu-amber\/\" target=\"_blank\" rel=\"noopener noreferrer\">Lamu<\/a><\/strong><\/span>, mes \u00e9ponges bord\u00e9es de pompons multicolores ou unis,\u00a0 j&rsquo;explore les longues franges. Un mod\u00e8le compl\u00e9mentaire, un autre style, plus boh\u00e8me, qui s&rsquo;assemble avec toutes les finitions de la collection de serviettes en \u00e9ponge.<\/p>\n<h2>Il existe aussi 3 dimensions pour le linge de bain moderne Pollux pompons ambre :<\/h2>\n<p><strong>Drap de bain ambre pompons longues franges 100cm x 150cm<br \/>\nServiette de bain ambre pompons longues franges 50cm x 100cm<\/strong><br \/>\n<strong>Serviette invit\u00e9<\/strong>\u00a0<strong>ambre pompons longues franges<\/strong><strong> 30cm x 50cm<\/strong><\/p>\n<div class=\"woocommerce-tabs wc-tabs-wrapper\">\n<div id=\"tab-description\" class=\"woocommerce-Tabs-panel woocommerce-Tabs-panel--description panel entry-content wc-tab\" role=\"tabpanel\" aria-labelledby=\"tab-title-description\">\n<p>Il est possible aussi de personnaliser notre collection de serviettes en \u00e9ponge haut de gamme en changeant les coloris des finitions en fonction de vos besoins. Les tailles de nos \u00e9ponges sont standard. Nos linge de lit et de table peuvent \u00eatre confectionn\u00e9s sur mesure en contactant sales@valeriebarkowski.com.<\/p>\n<p>La marque V.Barkowski, fid\u00e8le \u00e0 sa philosophie et \u00e0 sa volont\u00e9 de s&rsquo;inscrire dans une \u00ab\u00a0slow\u00a0\u00bb \u00e9conomie met en avant la main de l&rsquo;homme, le savoir-faire ancestral, le respect. Depuis 20 ans nous vendons du linge de maison intemporel, raffin\u00e9 et de qualit\u00e9 qui traverse le temps.<\/p>\n<p>Si c&rsquo;est votre premi\u00e8re visite n&rsquo;h\u00e9sitez pas \u00e0 vous promener <span style=\"color: #000000;\"><strong>ici.<\/strong><\/span> Le site vitrine de Val\u00e9rie Barkowski regorge de projets et d&rsquo;histoires \u00e0 d\u00e9couvrir.<\/p>\n<p>Il vous est possible aussi de s\u00e9journer dans notre <span style=\"color: #333333;\"><strong><a style=\"color: #333333;\" href=\"http:\/\/www.darkawa.net\" target=\"_blank\" rel=\"noopener noreferrer\">riad \u00e0 <\/a><\/strong><\/span><span style=\"color: #000000;\"><span style=\"color: #333333;\"><strong>Marrakech<\/strong><\/span>. <\/span>Toutes les chambres y sont habill\u00e9es avec notre linge de bain haut de gamme. Pour r\u00e9server votre s\u00e9jour vous pouvez envoyer un mail \u00e0 info@darkawa.net (le riad ne se r\u00e9serve PAS sur booking-com).<\/p>\n<\/div>\n<\/div>\n","protected":false},"excerpt":{"rendered":"<p><strong>Serviettes de bain<\/strong><\/p>\n<p>Linge de bain amber bord\u00e9 de longs pompons ton sur ton faits main, cousus dans la mati\u00e8re et assembl\u00e9s avec un fil caramel.<br \/>\n100% coton absorbant et de 700gr\/m2.<\/p>\n<p>Ce mod\u00e8le est disponible en 3 tailles :<\/p>\n","protected":false},"featured_media":6140,"comment_status":"closed","ping_status":"closed","template":"","meta":[],"product_cat":[16,1281,945,946],"product_tag":[928,1439,936,927,926,929],"class_list":{"0":"post-6052","1":"product","2":"type-product","3":"status-publish","4":"has-post-thumbnail","6":"product_cat-linge-de-bain-raffine","7":"product_cat-eponge-amber","8":"product_cat-linge-franges","9":"product_cat-linge-franges-coloris-unis","10":"product_tag-drap-de-bain-100x150","11":"product_tag-eponge-ambre","12":"product_tag-pollux","13":"product_tag-serviette-de-bain-50x100","14":"product_tag-serviette-invite-30x50","15":"product_tag-tapis-de-bain-54x90","17":"first","18":"instock","19":"taxable","20":"shipping-taxable","21":"purchasable","22":"product-type-variable","23":"has-default-attributes"},"yoast_head":"<!-- This site is optimized with the Yoast SEO plugin v27.3 - https:\/\/yoast.com\/product\/yoast-seo-wordpress\/ -->\n<title>Serviettes \u00e9ponge ambre pompons faits \u00e0 la main V.Barkowski<\/title>\n<meta name=\"description\" content=\"Serviettes \u00e9ponge ambre pompons faits \u00e0 la main. Linge de bain haut de gamme, en \u00e9ponge tr\u00e8s absorbante, grammage 700gr\/m2.\" \/>\n<meta name=\"robots\" content=\"noindex, follow, max-snippet:-1, max-image-preview:large, max-video-preview:-1\" \/>\n<meta property=\"og:locale\" content=\"fr_FR\" \/>\n<meta property=\"og:type\" content=\"article\" \/>\n<meta property=\"og:title\" content=\"Serviettes \u00e9ponge ambre pompons faits \u00e0 la main V.Barkowski\" \/>\n<meta property=\"og:description\" content=\"Serviettes \u00e9ponge ambre pompons faits \u00e0 la main. Linge de bain haut de gamme, en \u00e9ponge tr\u00e8s absorbante, grammage 700gr\/m2.\" \/>\n<meta property=\"og:url\" content=\"https:\/\/www.old.valeriebarkowski.shop\/fr\/produit\/linge-de-bain-lb-pollux-amber\/\" \/>\n<meta property=\"og:site_name\" content=\"The shop by Valerie Barkowski\" \/>\n<meta property=\"article:publisher\" content=\"https:\/\/www.facebook.com\/valerie.barkowski\" \/>\n<meta property=\"article:modified_time\" content=\"2024-05-09T19:33:23+00:00\" \/>\n<meta property=\"og:image\" content=\"https:\/\/www.old.valeriebarkowski.shop\/wp-content\/uploads\/2019\/08\/amber-pollux-bathroom.jpg\" \/>\n\t<meta property=\"og:image:width\" content=\"787\" \/>\n\t<meta property=\"og:image:height\" content=\"787\" \/>\n\t<meta property=\"og:image:type\" content=\"image\/jpeg\" \/>\n<meta name=\"twitter:card\" content=\"summary_large_image\" \/>\n<meta name=\"twitter:label1\" content=\"Dur\u00e9e de lecture estim\u00e9e\" \/>\n\t<meta name=\"twitter:data1\" content=\"2 minutes\" \/>\n<script type=\"application\/ld+json\" class=\"yoast-schema-graph\">{\"@context\":\"https:\\\/\\\/schema.org\",\"@graph\":[{\"@type\":\"WebPage\",\"@id\":\"https:\\\/\\\/www.old.valeriebarkowski.shop\\\/fr\\\/produit\\\/linge-de-bain-lb-pollux-amber\\\/\",\"url\":\"https:\\\/\\\/www.old.valeriebarkowski.shop\\\/fr\\\/produit\\\/linge-de-bain-lb-pollux-amber\\\/\",\"name\":\"Serviettes \u00e9ponge ambre pompons faits \u00e0 la main V.Barkowski\",\"isPartOf\":{\"@id\":\"https:\\\/\\\/www.old.valeriebarkowski.shop\\\/en\\\/#website\"},\"primaryImageOfPage\":{\"@id\":\"https:\\\/\\\/www.old.valeriebarkowski.shop\\\/fr\\\/produit\\\/linge-de-bain-lb-pollux-amber\\\/#primaryimage\"},\"image\":{\"@id\":\"https:\\\/\\\/www.old.valeriebarkowski.shop\\\/fr\\\/produit\\\/linge-de-bain-lb-pollux-amber\\\/#primaryimage\"},\"thumbnailUrl\":\"https:\\\/\\\/www.old.valeriebarkowski.shop\\\/wp-content\\\/uploads\\\/2019\\\/08\\\/amber-pollux-bathroom.jpg\",\"datePublished\":\"2019-08-02T17:13:43+00:00\",\"dateModified\":\"2024-05-09T19:33:23+00:00\",\"description\":\"Serviettes \u00e9ponge ambre pompons faits \u00e0 la main. Linge de bain haut de gamme, en \u00e9ponge tr\u00e8s absorbante, grammage 700gr\\\/m2.\",\"breadcrumb\":{\"@id\":\"https:\\\/\\\/www.old.valeriebarkowski.shop\\\/fr\\\/produit\\\/linge-de-bain-lb-pollux-amber\\\/#breadcrumb\"},\"inLanguage\":\"fr-FR\",\"potentialAction\":[{\"@type\":\"ReadAction\",\"target\":[\"https:\\\/\\\/www.old.valeriebarkowski.shop\\\/fr\\\/produit\\\/linge-de-bain-lb-pollux-amber\\\/\"]}]},{\"@type\":\"ImageObject\",\"inLanguage\":\"fr-FR\",\"@id\":\"https:\\\/\\\/www.old.valeriebarkowski.shop\\\/fr\\\/produit\\\/linge-de-bain-lb-pollux-amber\\\/#primaryimage\",\"url\":\"https:\\\/\\\/www.old.valeriebarkowski.shop\\\/wp-content\\\/uploads\\\/2019\\\/08\\\/amber-pollux-bathroom.jpg\",\"contentUrl\":\"https:\\\/\\\/www.old.valeriebarkowski.shop\\\/wp-content\\\/uploads\\\/2019\\\/08\\\/amber-pollux-bathroom.jpg\",\"width\":787,\"height\":787,\"caption\":\"Serviettes \u00e9ponge ambre pompons Val\u00e9rie Barkowski\"},{\"@type\":\"BreadcrumbList\",\"@id\":\"https:\\\/\\\/www.old.valeriebarkowski.shop\\\/fr\\\/produit\\\/linge-de-bain-lb-pollux-amber\\\/#breadcrumb\",\"itemListElement\":[{\"@type\":\"ListItem\",\"position\":1,\"name\":\"Home\",\"item\":\"https:\\\/\\\/www.old.valeriebarkowski.shop\\\/fr\\\/\"},{\"@type\":\"ListItem\",\"position\":2,\"name\":\"Boutique\",\"item\":\"https:\\\/\\\/www.old.valeriebarkowski.shop\\\/fr\\\/boutique\\\/\"},{\"@type\":\"ListItem\",\"position\":3,\"name\":\"Linge de bain amber LB18 frange POLLUX amber\"}]},{\"@type\":\"WebSite\",\"@id\":\"https:\\\/\\\/www.old.valeriebarkowski.shop\\\/en\\\/#website\",\"url\":\"https:\\\/\\\/www.old.valeriebarkowski.shop\\\/en\\\/\",\"name\":\"The shop by Valerie Barkowski\",\"description\":\"\",\"publisher\":{\"@id\":\"https:\\\/\\\/www.old.valeriebarkowski.shop\\\/en\\\/#organization\"},\"potentialAction\":[{\"@type\":\"SearchAction\",\"target\":{\"@type\":\"EntryPoint\",\"urlTemplate\":\"https:\\\/\\\/www.old.valeriebarkowski.shop\\\/en\\\/?s={search_term_string}\"},\"query-input\":{\"@type\":\"PropertyValueSpecification\",\"valueRequired\":true,\"valueName\":\"search_term_string\"}}],\"inLanguage\":\"fr-FR\"},{\"@type\":\"Organization\",\"@id\":\"https:\\\/\\\/www.old.valeriebarkowski.shop\\\/en\\\/#organization\",\"name\":\"valerie barkowski\",\"url\":\"https:\\\/\\\/www.old.valeriebarkowski.shop\\\/en\\\/\",\"logo\":{\"@type\":\"ImageObject\",\"inLanguage\":\"fr-FR\",\"@id\":\"https:\\\/\\\/www.old.valeriebarkowski.shop\\\/en\\\/#\\\/schema\\\/logo\\\/image\\\/\",\"url\":\"https:\\\/\\\/www.old.valeriebarkowski.shop\\\/wp-content\\\/uploads\\\/2017\\\/02\\\/logo-vb-the-shop-4.png\",\"contentUrl\":\"https:\\\/\\\/www.old.valeriebarkowski.shop\\\/wp-content\\\/uploads\\\/2017\\\/02\\\/logo-vb-the-shop-4.png\",\"width\":437,\"height\":125,\"caption\":\"valerie barkowski\"},\"image\":{\"@id\":\"https:\\\/\\\/www.old.valeriebarkowski.shop\\\/en\\\/#\\\/schema\\\/logo\\\/image\\\/\"},\"sameAs\":[\"https:\\\/\\\/www.facebook.com\\\/valerie.barkowski\",\"https:\\\/\\\/www.instagram.com\\\/webbarkowski\\\/\",\"https:\\\/\\\/fr.pinterest.com\\\/vbarkowski\\\/\"]}]}<\/script>\n<!-- \/ Yoast SEO plugin. -->","yoast_head_json":{"title":"Serviettes \u00e9ponge ambre pompons faits \u00e0 la main V.Barkowski","description":"Serviettes \u00e9ponge ambre pompons faits \u00e0 la main. Linge de bain haut de gamme, en \u00e9ponge tr\u00e8s absorbante, grammage 700gr\/m2.","robots":{"index":"noindex","follow":"follow","max-snippet":"max-snippet:-1","max-image-preview":"max-image-preview:large","max-video-preview":"max-video-preview:-1"},"og_locale":"fr_FR","og_type":"article","og_title":"Serviettes \u00e9ponge ambre pompons faits \u00e0 la main V.Barkowski","og_description":"Serviettes \u00e9ponge ambre pompons faits \u00e0 la main. Linge de bain haut de gamme, en \u00e9ponge tr\u00e8s absorbante, grammage 700gr\/m2.","og_url":"https:\/\/www.old.valeriebarkowski.shop\/fr\/produit\/linge-de-bain-lb-pollux-amber\/","og_site_name":"The shop by Valerie Barkowski","article_publisher":"https:\/\/www.facebook.com\/valerie.barkowski","article_modified_time":"2024-05-09T19:33:23+00:00","og_image":[{"width":787,"height":787,"url":"https:\/\/www.old.valeriebarkowski.shop\/wp-content\/uploads\/2019\/08\/amber-pollux-bathroom.jpg","type":"image\/jpeg"}],"twitter_card":"summary_large_image","twitter_misc":{"Dur\u00e9e de lecture estim\u00e9e":"2 minutes"},"schema":{"@context":"https:\/\/schema.org","@graph":[{"@type":"WebPage","@id":"https:\/\/www.old.valeriebarkowski.shop\/fr\/produit\/linge-de-bain-lb-pollux-amber\/","url":"https:\/\/www.old.valeriebarkowski.shop\/fr\/produit\/linge-de-bain-lb-pollux-amber\/","name":"Serviettes \u00e9ponge ambre pompons faits \u00e0 la main V.Barkowski","isPartOf":{"@id":"https:\/\/www.old.valeriebarkowski.shop\/en\/#website"},"primaryImageOfPage":{"@id":"https:\/\/www.old.valeriebarkowski.shop\/fr\/produit\/linge-de-bain-lb-pollux-amber\/#primaryimage"},"image":{"@id":"https:\/\/www.old.valeriebarkowski.shop\/fr\/produit\/linge-de-bain-lb-pollux-amber\/#primaryimage"},"thumbnailUrl":"https:\/\/www.old.valeriebarkowski.shop\/wp-content\/uploads\/2019\/08\/amber-pollux-bathroom.jpg","datePublished":"2019-08-02T17:13:43+00:00","dateModified":"2024-05-09T19:33:23+00:00","description":"Serviettes \u00e9ponge ambre pompons faits \u00e0 la main. Linge de bain haut de gamme, en \u00e9ponge tr\u00e8s absorbante, grammage 700gr\/m2.","breadcrumb":{"@id":"https:\/\/www.old.valeriebarkowski.shop\/fr\/produit\/linge-de-bain-lb-pollux-amber\/#breadcrumb"},"inLanguage":"fr-FR","potentialAction":[{"@type":"ReadAction","target":["https:\/\/www.old.valeriebarkowski.shop\/fr\/produit\/linge-de-bain-lb-pollux-amber\/"]}]},{"@type":"ImageObject","inLanguage":"fr-FR","@id":"https:\/\/www.old.valeriebarkowski.shop\/fr\/produit\/linge-de-bain-lb-pollux-amber\/#primaryimage","url":"https:\/\/www.old.valeriebarkowski.shop\/wp-content\/uploads\/2019\/08\/amber-pollux-bathroom.jpg","contentUrl":"https:\/\/www.old.valeriebarkowski.shop\/wp-content\/uploads\/2019\/08\/amber-pollux-bathroom.jpg","width":787,"height":787,"caption":"Serviettes \u00e9ponge ambre pompons Val\u00e9rie Barkowski"},{"@type":"BreadcrumbList","@id":"https:\/\/www.old.valeriebarkowski.shop\/fr\/produit\/linge-de-bain-lb-pollux-amber\/#breadcrumb","itemListElement":[{"@type":"ListItem","position":1,"name":"Home","item":"https:\/\/www.old.valeriebarkowski.shop\/fr\/"},{"@type":"ListItem","position":2,"name":"Boutique","item":"https:\/\/www.old.valeriebarkowski.shop\/fr\/boutique\/"},{"@type":"ListItem","position":3,"name":"Linge de bain amber LB18 frange POLLUX amber"}]},{"@type":"WebSite","@id":"https:\/\/www.old.valeriebarkowski.shop\/en\/#website","url":"https:\/\/www.old.valeriebarkowski.shop\/en\/","name":"The shop by Valerie Barkowski","description":"","publisher":{"@id":"https:\/\/www.old.valeriebarkowski.shop\/en\/#organization"},"potentialAction":[{"@type":"SearchAction","target":{"@type":"EntryPoint","urlTemplate":"https:\/\/www.old.valeriebarkowski.shop\/en\/?s={search_term_string}"},"query-input":{"@type":"PropertyValueSpecification","valueRequired":true,"valueName":"search_term_string"}}],"inLanguage":"fr-FR"},{"@type":"Organization","@id":"https:\/\/www.old.valeriebarkowski.shop\/en\/#organization","name":"valerie barkowski","url":"https:\/\/www.old.valeriebarkowski.shop\/en\/","logo":{"@type":"ImageObject","inLanguage":"fr-FR","@id":"https:\/\/www.old.valeriebarkowski.shop\/en\/#\/schema\/logo\/image\/","url":"https:\/\/www.old.valeriebarkowski.shop\/wp-content\/uploads\/2017\/02\/logo-vb-the-shop-4.png","contentUrl":"https:\/\/www.old.valeriebarkowski.shop\/wp-content\/uploads\/2017\/02\/logo-vb-the-shop-4.png","width":437,"height":125,"caption":"valerie barkowski"},"image":{"@id":"https:\/\/www.old.valeriebarkowski.shop\/en\/#\/schema\/logo\/image\/"},"sameAs":["https:\/\/www.facebook.com\/valerie.barkowski","https:\/\/www.instagram.com\/webbarkowski\/","https:\/\/fr.pinterest.com\/vbarkowski\/"]}]}},"_links":{"self":[{"href":"https:\/\/www.old.valeriebarkowski.shop\/fr\/wp-json\/wp\/v2\/product\/6052","targetHints":{"allow":["GET"]}}],"collection":[{"href":"https:\/\/www.old.valeriebarkowski.shop\/fr\/wp-json\/wp\/v2\/product"}],"about":[{"href":"https:\/\/www.old.valeriebarkowski.shop\/fr\/wp-json\/wp\/v2\/types\/product"}],"replies":[{"embeddable":true,"href":"https:\/\/www.old.valeriebarkowski.shop\/fr\/wp-json\/wp\/v2\/comments?post=6052"}],"wp:featuredmedia":[{"embeddable":true,"href":"https:\/\/www.old.valeriebarkowski.shop\/fr\/wp-json\/wp\/v2\/media\/6140"}],"wp:attachment":[{"href":"https:\/\/www.old.valeriebarkowski.shop\/fr\/wp-json\/wp\/v2\/media?parent=6052"}],"wp:term":[{"taxonomy":"product_cat","embeddable":true,"href":"https:\/\/www.old.valeriebarkowski.shop\/fr\/wp-json\/wp\/v2\/product_cat?post=6052"},{"taxonomy":"product_tag","embeddable":true,"href":"https:\/\/www.old.valeriebarkowski.shop\/fr\/wp-json\/wp\/v2\/product_tag?post=6052"}],"curies":[{"name":"wp","href":"https:\/\/api.w.org\/{rel}","templated":true}]}}