{"id":6060,"date":"2019-08-02T19:13:54","date_gmt":"2019-08-02T17:13:54","guid":{"rendered":"https:\/\/www.valeriebarkowski.shop\/?post_type=product&#038;p=6060"},"modified":"2025-04-17T15:45:13","modified_gmt":"2025-04-17T13:45:13","slug":"linge-de-bain-lb-lamu-amber","status":"publish","type":"product","link":"https:\/\/www.old.valeriebarkowski.shop\/fr\/produit\/linge-de-bain-lb-lamu-amber\/","title":{"rendered":"Linge de bain amber LB18 pompon LAMU amber"},"content":{"rendered":"<h2>Serviette \u00e9ponge pompons ambre unis.<\/h2>\n<p>Serviette \u00e9ponge pompons ambre unis. La finition LAMU borde deux c\u00f4t\u00e9s de la serviette de bain haut de gamme. Composition 100% coton peign\u00e9 avec un poids de 700 grammes\/m2 pour les serviettes et 1100 grammes\/m2 pour le tapis de bain.<\/p>\n<p>\u00ab Je cr\u00e9e ce mod\u00e8le en 1997. Il est inspir\u00e9 du \u00ab mendil \u00bb, ce tissu traditionnel que les femmes du Rif portent sur leurs hanches pour prot\u00e9ger leurs v\u00eatements. C&rsquo;est lors de mon premier voyage dans le nord du Maroc que je d\u00e9couvre les traditions textiles de la r\u00e9gion. Les femmes travaillent dans les champs avec une pi\u00e8ce de tissu en coton tiss\u00e9e \u00e0 la main nou\u00e9e sur les hanches. Traditionnellement \u00e0 rayures avec un fond blanc et des rayures rouges, bleues ou vertes. Les bords sont bord\u00e9s de pompons que l&rsquo;on nomme \u00ab\u00a0chichiattes\u00a0\u00bb \u00bb.<\/p>\n<p>En voyant ce travail j&rsquo;ai rapidement imagin\u00e9 du linge de bain. Je m&rsquo;installais \u00e0 Marrakech et avais besoin de serviettes en \u00e9ponge. Trouver la mati\u00e8re premi\u00e8re, puis la femme qui pourrait faire ce travail pour moi. Les pompons ne se faisaient pas \u00e0 Marrakech. Le savoir-faire artisanal \u00e9tait encore cloisonn\u00e9 par r\u00e9gion. C&rsquo;est \u00e0 Asilah que tout a commenc\u00e9 avec la cuisini\u00e8re d&rsquo;une de mes amies.<\/p>\n<p>Vous trouverez \u00e9galement plus d\u2019informations sur <a href=\"http:\/\/valeriebarkowski.com\/\" target=\"_blank\" rel=\"noopener noreferrer\">www.valeriebarkowski.com<\/a><\/p>\n<p>Il existe aussi 4 dimensions pour ce mod\u00e8le de linge de bain uni couleur ambre:<\/p>\n<p><strong>Drap de bain pompons ambre 100cm x 150cm<br \/>\nServiette de bain pompons ambre 50cm x 100cm<\/strong><br \/>\n<strong>Serviette invit\u00e9 pompons ambre 30cm x 50cm<br \/>\nTapis de bain pompons ambre 54cm x 90cm<\/strong><\/p>\n<p>La serviette \u00e9ponge pompons Ambre se d\u00e9cline dans 4 finitions que vous pouvez retrouver <strong><a href=\"https:\/\/www.old.valeriebarkowski.shop\/fr\/product-category\/linge-bain\/amber-linge-bain\/\" target=\"_blank\" rel=\"noopener noreferrer\">ici<\/a><\/strong>.<\/p>\n","protected":false},"excerpt":{"rendered":"<h4>Serviettes de bain + Tapis de bain<\/h4>\n<p>Linge en \u00e9ponge amber Lamu, bord\u00e9 sur deux c\u00f4t\u00e9s de pompons unis enti\u00e8rement faits \u00e0 la main.<br \/>\n100% coton peign\u00e9 en 700gr\/m2 pour les serviettes et 1100grs\/m2 pour le tapis de bain.<br \/>\nCe mod\u00e8le existe en 4 tailles :<\/p>\n","protected":false},"featured_media":6136,"comment_status":"closed","ping_status":"closed","template":"","meta":[],"product_cat":[16,1281,956,1010],"product_tag":[1286,928,1285,1280,927,926,929],"class_list":{"0":"post-6060","1":"product","2":"type-product","3":"status-publish","4":"has-post-thumbnail","6":"product_cat-linge-de-bain-raffine","7":"product_cat-eponge-amber","8":"product_cat-linge-pompons","9":"product_cat-pompons-coloris-unis","10":"product_tag-amber","11":"product_tag-drap-de-bain-100x150","12":"product_tag-eponge-amber","13":"product_tag-lamu","14":"product_tag-serviette-de-bain-50x100","15":"product_tag-serviette-invite-30x50","16":"product_tag-tapis-de-bain-54x90","18":"first","19":"instock","20":"taxable","21":"shipping-taxable","22":"purchasable","23":"product-type-variable","24":"has-default-attributes"},"yoast_head":"<!-- This site is optimized with the Yoast SEO plugin v27.3 - https:\/\/yoast.com\/product\/yoast-seo-wordpress\/ -->\n<title>Serviette \u00e9ponge pompons ambre - The shop by Valerie Barkowski<\/title>\n<meta name=\"description\" content=\"Serviette \u00e9ponge pompons ambre. Cr\u00e9ation Val\u00e9rie Barkowski \u00e0 Marrakech, depuis 1997. Produit par des artisans dans notre atelier \u00e0 Marrakech.\" \/>\n<meta name=\"robots\" content=\"noindex, follow, max-snippet:-1, max-image-preview:large, max-video-preview:-1\" \/>\n<meta property=\"og:locale\" content=\"fr_FR\" \/>\n<meta property=\"og:type\" content=\"article\" \/>\n<meta property=\"og:title\" content=\"Serviette \u00e9ponge pompons ambre - The shop by Valerie Barkowski\" \/>\n<meta property=\"og:description\" content=\"Serviette \u00e9ponge pompons ambre. Cr\u00e9ation Val\u00e9rie Barkowski \u00e0 Marrakech, depuis 1997. Produit par des artisans dans notre atelier \u00e0 Marrakech.\" \/>\n<meta property=\"og:url\" content=\"https:\/\/www.old.valeriebarkowski.shop\/fr\/produit\/linge-de-bain-lb-lamu-amber\/\" \/>\n<meta property=\"og:site_name\" content=\"The shop by Valerie Barkowski\" \/>\n<meta property=\"article:publisher\" content=\"https:\/\/www.facebook.com\/valerie.barkowski\" \/>\n<meta property=\"article:modified_time\" content=\"2025-04-17T13:45:13+00:00\" \/>\n<meta property=\"og:image\" content=\"https:\/\/www.old.valeriebarkowski.shop\/wp-content\/uploads\/2019\/08\/amber-lamu-bathroom-5.jpg\" \/>\n\t<meta property=\"og:image:width\" content=\"860\" \/>\n\t<meta property=\"og:image:height\" content=\"860\" \/>\n\t<meta property=\"og:image:type\" content=\"image\/jpeg\" \/>\n<meta name=\"twitter:card\" content=\"summary_large_image\" \/>\n<meta name=\"twitter:label1\" content=\"Dur\u00e9e de lecture estim\u00e9e\" \/>\n\t<meta name=\"twitter:data1\" content=\"2 minutes\" \/>\n<script type=\"application\/ld+json\" class=\"yoast-schema-graph\">{\"@context\":\"https:\\\/\\\/schema.org\",\"@graph\":[{\"@type\":\"WebPage\",\"@id\":\"https:\\\/\\\/www.old.valeriebarkowski.shop\\\/fr\\\/produit\\\/linge-de-bain-lb-lamu-amber\\\/\",\"url\":\"https:\\\/\\\/www.old.valeriebarkowski.shop\\\/fr\\\/produit\\\/linge-de-bain-lb-lamu-amber\\\/\",\"name\":\"Serviette \u00e9ponge pompons ambre - The shop by Valerie Barkowski\",\"isPartOf\":{\"@id\":\"https:\\\/\\\/www.old.valeriebarkowski.shop\\\/en\\\/#website\"},\"primaryImageOfPage\":{\"@id\":\"https:\\\/\\\/www.old.valeriebarkowski.shop\\\/fr\\\/produit\\\/linge-de-bain-lb-lamu-amber\\\/#primaryimage\"},\"image\":{\"@id\":\"https:\\\/\\\/www.old.valeriebarkowski.shop\\\/fr\\\/produit\\\/linge-de-bain-lb-lamu-amber\\\/#primaryimage\"},\"thumbnailUrl\":\"https:\\\/\\\/www.old.valeriebarkowski.shop\\\/wp-content\\\/uploads\\\/2019\\\/08\\\/amber-lamu-bathroom-5.jpg\",\"datePublished\":\"2019-08-02T17:13:54+00:00\",\"dateModified\":\"2025-04-17T13:45:13+00:00\",\"description\":\"Serviette \u00e9ponge pompons ambre. Cr\u00e9ation Val\u00e9rie Barkowski \u00e0 Marrakech, depuis 1997. Produit par des artisans dans notre atelier \u00e0 Marrakech.\",\"breadcrumb\":{\"@id\":\"https:\\\/\\\/www.old.valeriebarkowski.shop\\\/fr\\\/produit\\\/linge-de-bain-lb-lamu-amber\\\/#breadcrumb\"},\"inLanguage\":\"fr-FR\",\"potentialAction\":[{\"@type\":\"ReadAction\",\"target\":[\"https:\\\/\\\/www.old.valeriebarkowski.shop\\\/fr\\\/produit\\\/linge-de-bain-lb-lamu-amber\\\/\"]}]},{\"@type\":\"ImageObject\",\"inLanguage\":\"fr-FR\",\"@id\":\"https:\\\/\\\/www.old.valeriebarkowski.shop\\\/fr\\\/produit\\\/linge-de-bain-lb-lamu-amber\\\/#primaryimage\",\"url\":\"https:\\\/\\\/www.old.valeriebarkowski.shop\\\/wp-content\\\/uploads\\\/2019\\\/08\\\/amber-lamu-bathroom-5.jpg\",\"contentUrl\":\"https:\\\/\\\/www.old.valeriebarkowski.shop\\\/wp-content\\\/uploads\\\/2019\\\/08\\\/amber-lamu-bathroom-5.jpg\",\"width\":860,\"height\":860,\"caption\":\"serviette bain \u00e9ponge amber valerie barkowski\"},{\"@type\":\"BreadcrumbList\",\"@id\":\"https:\\\/\\\/www.old.valeriebarkowski.shop\\\/fr\\\/produit\\\/linge-de-bain-lb-lamu-amber\\\/#breadcrumb\",\"itemListElement\":[{\"@type\":\"ListItem\",\"position\":1,\"name\":\"Home\",\"item\":\"https:\\\/\\\/www.old.valeriebarkowski.shop\\\/fr\\\/\"},{\"@type\":\"ListItem\",\"position\":2,\"name\":\"Boutique\",\"item\":\"https:\\\/\\\/www.old.valeriebarkowski.shop\\\/fr\\\/boutique\\\/\"},{\"@type\":\"ListItem\",\"position\":3,\"name\":\"Linge de bain amber LB18 pompon LAMU amber\"}]},{\"@type\":\"WebSite\",\"@id\":\"https:\\\/\\\/www.old.valeriebarkowski.shop\\\/en\\\/#website\",\"url\":\"https:\\\/\\\/www.old.valeriebarkowski.shop\\\/en\\\/\",\"name\":\"The shop by Valerie Barkowski\",\"description\":\"\",\"publisher\":{\"@id\":\"https:\\\/\\\/www.old.valeriebarkowski.shop\\\/en\\\/#organization\"},\"potentialAction\":[{\"@type\":\"SearchAction\",\"target\":{\"@type\":\"EntryPoint\",\"urlTemplate\":\"https:\\\/\\\/www.old.valeriebarkowski.shop\\\/en\\\/?s={search_term_string}\"},\"query-input\":{\"@type\":\"PropertyValueSpecification\",\"valueRequired\":true,\"valueName\":\"search_term_string\"}}],\"inLanguage\":\"fr-FR\"},{\"@type\":\"Organization\",\"@id\":\"https:\\\/\\\/www.old.valeriebarkowski.shop\\\/en\\\/#organization\",\"name\":\"valerie barkowski\",\"url\":\"https:\\\/\\\/www.old.valeriebarkowski.shop\\\/en\\\/\",\"logo\":{\"@type\":\"ImageObject\",\"inLanguage\":\"fr-FR\",\"@id\":\"https:\\\/\\\/www.old.valeriebarkowski.shop\\\/en\\\/#\\\/schema\\\/logo\\\/image\\\/\",\"url\":\"https:\\\/\\\/www.old.valeriebarkowski.shop\\\/wp-content\\\/uploads\\\/2017\\\/02\\\/logo-vb-the-shop-4.png\",\"contentUrl\":\"https:\\\/\\\/www.old.valeriebarkowski.shop\\\/wp-content\\\/uploads\\\/2017\\\/02\\\/logo-vb-the-shop-4.png\",\"width\":437,\"height\":125,\"caption\":\"valerie barkowski\"},\"image\":{\"@id\":\"https:\\\/\\\/www.old.valeriebarkowski.shop\\\/en\\\/#\\\/schema\\\/logo\\\/image\\\/\"},\"sameAs\":[\"https:\\\/\\\/www.facebook.com\\\/valerie.barkowski\",\"https:\\\/\\\/www.instagram.com\\\/webbarkowski\\\/\",\"https:\\\/\\\/fr.pinterest.com\\\/vbarkowski\\\/\"]}]}<\/script>\n<!-- \/ Yoast SEO plugin. -->","yoast_head_json":{"title":"Serviette \u00e9ponge pompons ambre - The shop by Valerie Barkowski","description":"Serviette \u00e9ponge pompons ambre. Cr\u00e9ation Val\u00e9rie Barkowski \u00e0 Marrakech, depuis 1997. Produit par des artisans dans notre atelier \u00e0 Marrakech.","robots":{"index":"noindex","follow":"follow","max-snippet":"max-snippet:-1","max-image-preview":"max-image-preview:large","max-video-preview":"max-video-preview:-1"},"og_locale":"fr_FR","og_type":"article","og_title":"Serviette \u00e9ponge pompons ambre - The shop by Valerie Barkowski","og_description":"Serviette \u00e9ponge pompons ambre. Cr\u00e9ation Val\u00e9rie Barkowski \u00e0 Marrakech, depuis 1997. Produit par des artisans dans notre atelier \u00e0 Marrakech.","og_url":"https:\/\/www.old.valeriebarkowski.shop\/fr\/produit\/linge-de-bain-lb-lamu-amber\/","og_site_name":"The shop by Valerie Barkowski","article_publisher":"https:\/\/www.facebook.com\/valerie.barkowski","article_modified_time":"2025-04-17T13:45:13+00:00","og_image":[{"width":860,"height":860,"url":"https:\/\/www.old.valeriebarkowski.shop\/wp-content\/uploads\/2019\/08\/amber-lamu-bathroom-5.jpg","type":"image\/jpeg"}],"twitter_card":"summary_large_image","twitter_misc":{"Dur\u00e9e de lecture estim\u00e9e":"2 minutes"},"schema":{"@context":"https:\/\/schema.org","@graph":[{"@type":"WebPage","@id":"https:\/\/www.old.valeriebarkowski.shop\/fr\/produit\/linge-de-bain-lb-lamu-amber\/","url":"https:\/\/www.old.valeriebarkowski.shop\/fr\/produit\/linge-de-bain-lb-lamu-amber\/","name":"Serviette \u00e9ponge pompons ambre - The shop by Valerie Barkowski","isPartOf":{"@id":"https:\/\/www.old.valeriebarkowski.shop\/en\/#website"},"primaryImageOfPage":{"@id":"https:\/\/www.old.valeriebarkowski.shop\/fr\/produit\/linge-de-bain-lb-lamu-amber\/#primaryimage"},"image":{"@id":"https:\/\/www.old.valeriebarkowski.shop\/fr\/produit\/linge-de-bain-lb-lamu-amber\/#primaryimage"},"thumbnailUrl":"https:\/\/www.old.valeriebarkowski.shop\/wp-content\/uploads\/2019\/08\/amber-lamu-bathroom-5.jpg","datePublished":"2019-08-02T17:13:54+00:00","dateModified":"2025-04-17T13:45:13+00:00","description":"Serviette \u00e9ponge pompons ambre. Cr\u00e9ation Val\u00e9rie Barkowski \u00e0 Marrakech, depuis 1997. Produit par des artisans dans notre atelier \u00e0 Marrakech.","breadcrumb":{"@id":"https:\/\/www.old.valeriebarkowski.shop\/fr\/produit\/linge-de-bain-lb-lamu-amber\/#breadcrumb"},"inLanguage":"fr-FR","potentialAction":[{"@type":"ReadAction","target":["https:\/\/www.old.valeriebarkowski.shop\/fr\/produit\/linge-de-bain-lb-lamu-amber\/"]}]},{"@type":"ImageObject","inLanguage":"fr-FR","@id":"https:\/\/www.old.valeriebarkowski.shop\/fr\/produit\/linge-de-bain-lb-lamu-amber\/#primaryimage","url":"https:\/\/www.old.valeriebarkowski.shop\/wp-content\/uploads\/2019\/08\/amber-lamu-bathroom-5.jpg","contentUrl":"https:\/\/www.old.valeriebarkowski.shop\/wp-content\/uploads\/2019\/08\/amber-lamu-bathroom-5.jpg","width":860,"height":860,"caption":"serviette bain \u00e9ponge amber valerie barkowski"},{"@type":"BreadcrumbList","@id":"https:\/\/www.old.valeriebarkowski.shop\/fr\/produit\/linge-de-bain-lb-lamu-amber\/#breadcrumb","itemListElement":[{"@type":"ListItem","position":1,"name":"Home","item":"https:\/\/www.old.valeriebarkowski.shop\/fr\/"},{"@type":"ListItem","position":2,"name":"Boutique","item":"https:\/\/www.old.valeriebarkowski.shop\/fr\/boutique\/"},{"@type":"ListItem","position":3,"name":"Linge de bain amber LB18 pompon LAMU amber"}]},{"@type":"WebSite","@id":"https:\/\/www.old.valeriebarkowski.shop\/en\/#website","url":"https:\/\/www.old.valeriebarkowski.shop\/en\/","name":"The shop by Valerie Barkowski","description":"","publisher":{"@id":"https:\/\/www.old.valeriebarkowski.shop\/en\/#organization"},"potentialAction":[{"@type":"SearchAction","target":{"@type":"EntryPoint","urlTemplate":"https:\/\/www.old.valeriebarkowski.shop\/en\/?s={search_term_string}"},"query-input":{"@type":"PropertyValueSpecification","valueRequired":true,"valueName":"search_term_string"}}],"inLanguage":"fr-FR"},{"@type":"Organization","@id":"https:\/\/www.old.valeriebarkowski.shop\/en\/#organization","name":"valerie barkowski","url":"https:\/\/www.old.valeriebarkowski.shop\/en\/","logo":{"@type":"ImageObject","inLanguage":"fr-FR","@id":"https:\/\/www.old.valeriebarkowski.shop\/en\/#\/schema\/logo\/image\/","url":"https:\/\/www.old.valeriebarkowski.shop\/wp-content\/uploads\/2017\/02\/logo-vb-the-shop-4.png","contentUrl":"https:\/\/www.old.valeriebarkowski.shop\/wp-content\/uploads\/2017\/02\/logo-vb-the-shop-4.png","width":437,"height":125,"caption":"valerie barkowski"},"image":{"@id":"https:\/\/www.old.valeriebarkowski.shop\/en\/#\/schema\/logo\/image\/"},"sameAs":["https:\/\/www.facebook.com\/valerie.barkowski","https:\/\/www.instagram.com\/webbarkowski\/","https:\/\/fr.pinterest.com\/vbarkowski\/"]}]}},"_links":{"self":[{"href":"https:\/\/www.old.valeriebarkowski.shop\/fr\/wp-json\/wp\/v2\/product\/6060","targetHints":{"allow":["GET"]}}],"collection":[{"href":"https:\/\/www.old.valeriebarkowski.shop\/fr\/wp-json\/wp\/v2\/product"}],"about":[{"href":"https:\/\/www.old.valeriebarkowski.shop\/fr\/wp-json\/wp\/v2\/types\/product"}],"replies":[{"embeddable":true,"href":"https:\/\/www.old.valeriebarkowski.shop\/fr\/wp-json\/wp\/v2\/comments?post=6060"}],"wp:featuredmedia":[{"embeddable":true,"href":"https:\/\/www.old.valeriebarkowski.shop\/fr\/wp-json\/wp\/v2\/media\/6136"}],"wp:attachment":[{"href":"https:\/\/www.old.valeriebarkowski.shop\/fr\/wp-json\/wp\/v2\/media?parent=6060"}],"wp:term":[{"taxonomy":"product_cat","embeddable":true,"href":"https:\/\/www.old.valeriebarkowski.shop\/fr\/wp-json\/wp\/v2\/product_cat?post=6060"},{"taxonomy":"product_tag","embeddable":true,"href":"https:\/\/www.old.valeriebarkowski.shop\/fr\/wp-json\/wp\/v2\/product_tag?post=6060"}],"curies":[{"name":"wp","href":"https:\/\/api.w.org\/{rel}","templated":true}]}}