{"id":6823,"date":"2020-02-12T14:18:18","date_gmt":"2020-02-12T13:18:18","guid":{"rendered":"https:\/\/www.valeriebarkowski.shop\/?post_type=product&#038;p=6823"},"modified":"2021-05-27T10:11:11","modified_gmt":"2021-05-27T08:11:11","slug":"linge-de-bain-lb01-lamu-pompons-kaki","status":"publish","type":"product","link":"https:\/\/www.old.valeriebarkowski.shop\/fr\/produit\/linge-de-bain-lb01-lamu-pompons-kaki\/","title":{"rendered":"Linge de bain blanc LB01 pompon LAMU kaki"},"content":{"rendered":"<h2>Drap de bain pompons kaki LAMU<\/h2>\n<p>Pompons kaki faits main, brod\u00e9s sur les serviettes de bain en coton peign\u00e9 700gr\/m2, bouclette longues fibres. Finitions faites dans nos ateliers au Maroc avec du fil tr\u00e8s r\u00e9sistant \u00e0 la d\u00e9coloration. Le linge de bain blanc \u00e9pais LAMU se compose d&rsquo;un drap de bain pompons kaki, d&rsquo;une serviette de bain, d&rsquo;une serviette invit\u00e9 et d&rsquo;un tapis de bain absorbant.<\/p>\n<p>\u00ab\u00a0J\u2019ai cr\u00e9\u00e9 ce mod\u00e8le en 1997, lors de mon arriv\u00e9e \u00e0 Marrakech. Il est inspir\u00e9 du \u00ab\u00a0mendil\u00a0\u00bb, ce tissu traditionnel que les femmes du Rif portent sur leurs hanches quand elles travaillent dans les champs.\u00a0\u00bb Vous trouverez \u00e9galement plus d\u2019informations sur\u00a0<a href=\"http:\/\/valeriebarkowski.com\/\" target=\"_blank\" rel=\"noopener noreferrer\">www.valeriebarkowski.com<\/a><\/p>\n<p>Il existe 4 dimensions pour ce mod\u00e8le linge de bain blanc \u00e0 pompons aux finitions haut de gamme:<\/p>\n<p><strong>Drap\u00a0de bain 100cm x 150cm<\/strong><br \/>\n<strong>Serviette de bain 50cm x 100cm<\/strong><br \/>\n<strong>Serviette invit\u00e9 30cmx 50cm<\/strong><br \/>\n<strong>Tapis de bain 54cm x 90cm<\/strong><\/p>\n<p>Les serviettes de bain Lamu s&rsquo;assemblent bien avec toutes les finitions du linge de bain V.Barkowski. Il vous est possible de choisir le coloris de vos broderies ou pompons unis en nous contactant \u00e0 sales@valeriebarkowski.com. Pour tout savoir sur notre service sur mesure c&rsquo;est <strong><span style=\"color: #000000;\"><a style=\"color: #000000;\" href=\"https:\/\/www.old.valeriebarkowski.shop\/fr\/sur-mesure\/\" target=\"_blank\" rel=\"noopener noreferrer\">ici<\/a><\/span><\/strong>.<\/p>\n<p>Si vous passez par Marrakech n&rsquo;h\u00e9sitez pas \u00e0 nous rendre visite au <strong><span style=\"color: #000000;\"><a style=\"color: #000000;\" href=\"https:\/\/valeriebarkowski.com\/v-barkowski-store-marrakech\/\" target=\"_blank\" rel=\"noopener noreferrer\">V.Barkowski store<\/a><\/span><\/strong>.<\/p>\n<p>Il vous est possible aussi de r\u00e9server <strong><span style=\"color: #000000;\"><a style=\"color: #000000;\" href=\"http:\/\/www.darkawa.net\" target=\"_blank\" rel=\"noopener noreferrer\">notre riad<\/a><\/span><\/strong> et d&rsquo;y passer un court au long s\u00e9jour en famille ou entre amis. Vous dormirez dans nos draps, exp\u00e9rimenterez nos serviettes de bain haut de gamme en \u00e9ponge brod\u00e9es et mangerez sur notre linge de table fait main lui aussi.<\/p>\n","protected":false},"excerpt":{"rendered":"<h3><strong>Serviettes de bain<\/strong><\/h3>\n<p>Linge de bain en \u00e9ponge blanche bord\u00e9 de pompons faits main, ton sur ton kaki.<br \/>\nServiette \u00e9ponge 100% coton peign\u00e9, 700gr\/m2.<br \/>\nCe mod\u00e8le existe en 4 tailles :<\/p>\n","protected":false},"featured_media":6801,"comment_status":"closed","ping_status":"closed","template":"","meta":[],"product_cat":[1583,16,101,104,1211,956,1010],"product_tag":[928,949,1329,927,926,935,1541,1330],"class_list":{"0":"post-6823","1":"product","2":"type-product","3":"status-publish","4":"has-post-thumbnail","6":"product_cat-pompons","7":"product_cat-linge-de-bain-raffine","8":"product_cat-en-eponge-blanche","9":"product_cat-serviette-de-bain-pompons-lamu","10":"product_cat-linge-de-bain","11":"product_cat-linge-pompons","12":"product_cat-pompons-coloris-unis","13":"product_tag-drap-de-bain-100x150","14":"product_tag-eponge-blanche","15":"product_tag-kaki","16":"product_tag-serviette-de-bain-50x100","17":"product_tag-serviette-invite-30x50","18":"product_tag-soulayman","19":"product_tag-tapis-de-bain","20":"product_tag-vert","22":"first","23":"instock","24":"taxable","25":"shipping-taxable","26":"purchasable","27":"product-type-variable","28":"has-default-attributes"},"yoast_head":"<!-- This site is optimized with the Yoast SEO plugin v27.3 - https:\/\/yoast.com\/product\/yoast-seo-wordpress\/ -->\n<title>Drap de bain pompons kaki unis faits main, une finition haut de gamme<\/title>\n<meta name=\"description\" content=\"Drap de bain pompons kaki faits main. Serviettes de bain en coton peign\u00e9. \u00c9ponge blanche absorbante, 700 grammes au m\u00e8tre carr\u00e9.\" \/>\n<meta name=\"robots\" content=\"noindex, follow, max-snippet:-1, max-image-preview:large, max-video-preview:-1\" \/>\n<meta property=\"og:locale\" content=\"fr_FR\" \/>\n<meta property=\"og:type\" content=\"article\" \/>\n<meta property=\"og:title\" content=\"Drap de bain pompons kaki unis faits main, une finition haut de gamme\" \/>\n<meta property=\"og:description\" content=\"Drap de bain pompons kaki faits main. Serviettes de bain en coton peign\u00e9. \u00c9ponge blanche absorbante, 700 grammes au m\u00e8tre carr\u00e9.\" \/>\n<meta property=\"og:url\" content=\"https:\/\/www.old.valeriebarkowski.shop\/fr\/produit\/linge-de-bain-lb01-lamu-pompons-kaki\/\" \/>\n<meta property=\"og:site_name\" content=\"The shop by Valerie Barkowski\" \/>\n<meta property=\"article:publisher\" content=\"https:\/\/www.facebook.com\/valerie.barkowski\" \/>\n<meta property=\"article:modified_time\" content=\"2021-05-27T08:11:11+00:00\" \/>\n<meta property=\"og:image\" content=\"https:\/\/www.old.valeriebarkowski.shop\/wp-content\/uploads\/2020\/02\/152-KAKI-lamu-linge-vbarkowski.jpg\" \/>\n\t<meta property=\"og:image:width\" content=\"865\" \/>\n\t<meta property=\"og:image:height\" content=\"940\" \/>\n\t<meta property=\"og:image:type\" content=\"image\/jpeg\" \/>\n<meta name=\"twitter:card\" content=\"summary_large_image\" \/>\n<meta name=\"twitter:label1\" content=\"Dur\u00e9e de lecture estim\u00e9e\" \/>\n\t<meta name=\"twitter:data1\" content=\"2 minutes\" \/>\n<script type=\"application\/ld+json\" class=\"yoast-schema-graph\">{\"@context\":\"https:\\\/\\\/schema.org\",\"@graph\":[{\"@type\":\"WebPage\",\"@id\":\"https:\\\/\\\/www.old.valeriebarkowski.shop\\\/fr\\\/produit\\\/linge-de-bain-lb01-lamu-pompons-kaki\\\/\",\"url\":\"https:\\\/\\\/www.old.valeriebarkowski.shop\\\/fr\\\/produit\\\/linge-de-bain-lb01-lamu-pompons-kaki\\\/\",\"name\":\"Drap de bain pompons kaki unis faits main, une finition haut de gamme\",\"isPartOf\":{\"@id\":\"https:\\\/\\\/www.old.valeriebarkowski.shop\\\/en\\\/#website\"},\"primaryImageOfPage\":{\"@id\":\"https:\\\/\\\/www.old.valeriebarkowski.shop\\\/fr\\\/produit\\\/linge-de-bain-lb01-lamu-pompons-kaki\\\/#primaryimage\"},\"image\":{\"@id\":\"https:\\\/\\\/www.old.valeriebarkowski.shop\\\/fr\\\/produit\\\/linge-de-bain-lb01-lamu-pompons-kaki\\\/#primaryimage\"},\"thumbnailUrl\":\"https:\\\/\\\/www.old.valeriebarkowski.shop\\\/wp-content\\\/uploads\\\/2020\\\/02\\\/152-KAKI-lamu-linge-vbarkowski.jpg\",\"datePublished\":\"2020-02-12T13:18:18+00:00\",\"dateModified\":\"2021-05-27T08:11:11+00:00\",\"description\":\"Drap de bain pompons kaki faits main. Serviettes de bain en coton peign\u00e9. \u00c9ponge blanche absorbante, 700 grammes au m\u00e8tre carr\u00e9.\",\"breadcrumb\":{\"@id\":\"https:\\\/\\\/www.old.valeriebarkowski.shop\\\/fr\\\/produit\\\/linge-de-bain-lb01-lamu-pompons-kaki\\\/#breadcrumb\"},\"inLanguage\":\"fr-FR\",\"potentialAction\":[{\"@type\":\"ReadAction\",\"target\":[\"https:\\\/\\\/www.old.valeriebarkowski.shop\\\/fr\\\/produit\\\/linge-de-bain-lb01-lamu-pompons-kaki\\\/\"]}]},{\"@type\":\"ImageObject\",\"inLanguage\":\"fr-FR\",\"@id\":\"https:\\\/\\\/www.old.valeriebarkowski.shop\\\/fr\\\/produit\\\/linge-de-bain-lb01-lamu-pompons-kaki\\\/#primaryimage\",\"url\":\"https:\\\/\\\/www.old.valeriebarkowski.shop\\\/wp-content\\\/uploads\\\/2020\\\/02\\\/152-KAKI-lamu-linge-vbarkowski.jpg\",\"contentUrl\":\"https:\\\/\\\/www.old.valeriebarkowski.shop\\\/wp-content\\\/uploads\\\/2020\\\/02\\\/152-KAKI-lamu-linge-vbarkowski.jpg\",\"width\":865,\"height\":940,\"caption\":\"Drap de bain pompons unis kaki faits main, une finition haut de gamme\"},{\"@type\":\"BreadcrumbList\",\"@id\":\"https:\\\/\\\/www.old.valeriebarkowski.shop\\\/fr\\\/produit\\\/linge-de-bain-lb01-lamu-pompons-kaki\\\/#breadcrumb\",\"itemListElement\":[{\"@type\":\"ListItem\",\"position\":1,\"name\":\"Home\",\"item\":\"https:\\\/\\\/www.old.valeriebarkowski.shop\\\/fr\\\/\"},{\"@type\":\"ListItem\",\"position\":2,\"name\":\"Boutique\",\"item\":\"https:\\\/\\\/www.old.valeriebarkowski.shop\\\/fr\\\/boutique\\\/\"},{\"@type\":\"ListItem\",\"position\":3,\"name\":\"Linge de bain blanc LB01 pompon LAMU kaki\"}]},{\"@type\":\"WebSite\",\"@id\":\"https:\\\/\\\/www.old.valeriebarkowski.shop\\\/en\\\/#website\",\"url\":\"https:\\\/\\\/www.old.valeriebarkowski.shop\\\/en\\\/\",\"name\":\"The shop by Valerie Barkowski\",\"description\":\"\",\"publisher\":{\"@id\":\"https:\\\/\\\/www.old.valeriebarkowski.shop\\\/en\\\/#organization\"},\"potentialAction\":[{\"@type\":\"SearchAction\",\"target\":{\"@type\":\"EntryPoint\",\"urlTemplate\":\"https:\\\/\\\/www.old.valeriebarkowski.shop\\\/en\\\/?s={search_term_string}\"},\"query-input\":{\"@type\":\"PropertyValueSpecification\",\"valueRequired\":true,\"valueName\":\"search_term_string\"}}],\"inLanguage\":\"fr-FR\"},{\"@type\":\"Organization\",\"@id\":\"https:\\\/\\\/www.old.valeriebarkowski.shop\\\/en\\\/#organization\",\"name\":\"valerie barkowski\",\"url\":\"https:\\\/\\\/www.old.valeriebarkowski.shop\\\/en\\\/\",\"logo\":{\"@type\":\"ImageObject\",\"inLanguage\":\"fr-FR\",\"@id\":\"https:\\\/\\\/www.old.valeriebarkowski.shop\\\/en\\\/#\\\/schema\\\/logo\\\/image\\\/\",\"url\":\"https:\\\/\\\/www.old.valeriebarkowski.shop\\\/wp-content\\\/uploads\\\/2017\\\/02\\\/logo-vb-the-shop-4.png\",\"contentUrl\":\"https:\\\/\\\/www.old.valeriebarkowski.shop\\\/wp-content\\\/uploads\\\/2017\\\/02\\\/logo-vb-the-shop-4.png\",\"width\":437,\"height\":125,\"caption\":\"valerie barkowski\"},\"image\":{\"@id\":\"https:\\\/\\\/www.old.valeriebarkowski.shop\\\/en\\\/#\\\/schema\\\/logo\\\/image\\\/\"},\"sameAs\":[\"https:\\\/\\\/www.facebook.com\\\/valerie.barkowski\",\"https:\\\/\\\/www.instagram.com\\\/webbarkowski\\\/\",\"https:\\\/\\\/fr.pinterest.com\\\/vbarkowski\\\/\"]}]}<\/script>\n<!-- \/ Yoast SEO plugin. -->","yoast_head_json":{"title":"Drap de bain pompons kaki unis faits main, une finition haut de gamme","description":"Drap de bain pompons kaki faits main. Serviettes de bain en coton peign\u00e9. \u00c9ponge blanche absorbante, 700 grammes au m\u00e8tre carr\u00e9.","robots":{"index":"noindex","follow":"follow","max-snippet":"max-snippet:-1","max-image-preview":"max-image-preview:large","max-video-preview":"max-video-preview:-1"},"og_locale":"fr_FR","og_type":"article","og_title":"Drap de bain pompons kaki unis faits main, une finition haut de gamme","og_description":"Drap de bain pompons kaki faits main. Serviettes de bain en coton peign\u00e9. \u00c9ponge blanche absorbante, 700 grammes au m\u00e8tre carr\u00e9.","og_url":"https:\/\/www.old.valeriebarkowski.shop\/fr\/produit\/linge-de-bain-lb01-lamu-pompons-kaki\/","og_site_name":"The shop by Valerie Barkowski","article_publisher":"https:\/\/www.facebook.com\/valerie.barkowski","article_modified_time":"2021-05-27T08:11:11+00:00","og_image":[{"width":865,"height":940,"url":"https:\/\/www.old.valeriebarkowski.shop\/wp-content\/uploads\/2020\/02\/152-KAKI-lamu-linge-vbarkowski.jpg","type":"image\/jpeg"}],"twitter_card":"summary_large_image","twitter_misc":{"Dur\u00e9e de lecture estim\u00e9e":"2 minutes"},"schema":{"@context":"https:\/\/schema.org","@graph":[{"@type":"WebPage","@id":"https:\/\/www.old.valeriebarkowski.shop\/fr\/produit\/linge-de-bain-lb01-lamu-pompons-kaki\/","url":"https:\/\/www.old.valeriebarkowski.shop\/fr\/produit\/linge-de-bain-lb01-lamu-pompons-kaki\/","name":"Drap de bain pompons kaki unis faits main, une finition haut de gamme","isPartOf":{"@id":"https:\/\/www.old.valeriebarkowski.shop\/en\/#website"},"primaryImageOfPage":{"@id":"https:\/\/www.old.valeriebarkowski.shop\/fr\/produit\/linge-de-bain-lb01-lamu-pompons-kaki\/#primaryimage"},"image":{"@id":"https:\/\/www.old.valeriebarkowski.shop\/fr\/produit\/linge-de-bain-lb01-lamu-pompons-kaki\/#primaryimage"},"thumbnailUrl":"https:\/\/www.old.valeriebarkowski.shop\/wp-content\/uploads\/2020\/02\/152-KAKI-lamu-linge-vbarkowski.jpg","datePublished":"2020-02-12T13:18:18+00:00","dateModified":"2021-05-27T08:11:11+00:00","description":"Drap de bain pompons kaki faits main. Serviettes de bain en coton peign\u00e9. \u00c9ponge blanche absorbante, 700 grammes au m\u00e8tre carr\u00e9.","breadcrumb":{"@id":"https:\/\/www.old.valeriebarkowski.shop\/fr\/produit\/linge-de-bain-lb01-lamu-pompons-kaki\/#breadcrumb"},"inLanguage":"fr-FR","potentialAction":[{"@type":"ReadAction","target":["https:\/\/www.old.valeriebarkowski.shop\/fr\/produit\/linge-de-bain-lb01-lamu-pompons-kaki\/"]}]},{"@type":"ImageObject","inLanguage":"fr-FR","@id":"https:\/\/www.old.valeriebarkowski.shop\/fr\/produit\/linge-de-bain-lb01-lamu-pompons-kaki\/#primaryimage","url":"https:\/\/www.old.valeriebarkowski.shop\/wp-content\/uploads\/2020\/02\/152-KAKI-lamu-linge-vbarkowski.jpg","contentUrl":"https:\/\/www.old.valeriebarkowski.shop\/wp-content\/uploads\/2020\/02\/152-KAKI-lamu-linge-vbarkowski.jpg","width":865,"height":940,"caption":"Drap de bain pompons unis kaki faits main, une finition haut de gamme"},{"@type":"BreadcrumbList","@id":"https:\/\/www.old.valeriebarkowski.shop\/fr\/produit\/linge-de-bain-lb01-lamu-pompons-kaki\/#breadcrumb","itemListElement":[{"@type":"ListItem","position":1,"name":"Home","item":"https:\/\/www.old.valeriebarkowski.shop\/fr\/"},{"@type":"ListItem","position":2,"name":"Boutique","item":"https:\/\/www.old.valeriebarkowski.shop\/fr\/boutique\/"},{"@type":"ListItem","position":3,"name":"Linge de bain blanc LB01 pompon LAMU kaki"}]},{"@type":"WebSite","@id":"https:\/\/www.old.valeriebarkowski.shop\/en\/#website","url":"https:\/\/www.old.valeriebarkowski.shop\/en\/","name":"The shop by Valerie Barkowski","description":"","publisher":{"@id":"https:\/\/www.old.valeriebarkowski.shop\/en\/#organization"},"potentialAction":[{"@type":"SearchAction","target":{"@type":"EntryPoint","urlTemplate":"https:\/\/www.old.valeriebarkowski.shop\/en\/?s={search_term_string}"},"query-input":{"@type":"PropertyValueSpecification","valueRequired":true,"valueName":"search_term_string"}}],"inLanguage":"fr-FR"},{"@type":"Organization","@id":"https:\/\/www.old.valeriebarkowski.shop\/en\/#organization","name":"valerie barkowski","url":"https:\/\/www.old.valeriebarkowski.shop\/en\/","logo":{"@type":"ImageObject","inLanguage":"fr-FR","@id":"https:\/\/www.old.valeriebarkowski.shop\/en\/#\/schema\/logo\/image\/","url":"https:\/\/www.old.valeriebarkowski.shop\/wp-content\/uploads\/2017\/02\/logo-vb-the-shop-4.png","contentUrl":"https:\/\/www.old.valeriebarkowski.shop\/wp-content\/uploads\/2017\/02\/logo-vb-the-shop-4.png","width":437,"height":125,"caption":"valerie barkowski"},"image":{"@id":"https:\/\/www.old.valeriebarkowski.shop\/en\/#\/schema\/logo\/image\/"},"sameAs":["https:\/\/www.facebook.com\/valerie.barkowski","https:\/\/www.instagram.com\/webbarkowski\/","https:\/\/fr.pinterest.com\/vbarkowski\/"]}]}},"_links":{"self":[{"href":"https:\/\/www.old.valeriebarkowski.shop\/fr\/wp-json\/wp\/v2\/product\/6823","targetHints":{"allow":["GET"]}}],"collection":[{"href":"https:\/\/www.old.valeriebarkowski.shop\/fr\/wp-json\/wp\/v2\/product"}],"about":[{"href":"https:\/\/www.old.valeriebarkowski.shop\/fr\/wp-json\/wp\/v2\/types\/product"}],"replies":[{"embeddable":true,"href":"https:\/\/www.old.valeriebarkowski.shop\/fr\/wp-json\/wp\/v2\/comments?post=6823"}],"wp:featuredmedia":[{"embeddable":true,"href":"https:\/\/www.old.valeriebarkowski.shop\/fr\/wp-json\/wp\/v2\/media\/6801"}],"wp:attachment":[{"href":"https:\/\/www.old.valeriebarkowski.shop\/fr\/wp-json\/wp\/v2\/media?parent=6823"}],"wp:term":[{"taxonomy":"product_cat","embeddable":true,"href":"https:\/\/www.old.valeriebarkowski.shop\/fr\/wp-json\/wp\/v2\/product_cat?post=6823"},{"taxonomy":"product_tag","embeddable":true,"href":"https:\/\/www.old.valeriebarkowski.shop\/fr\/wp-json\/wp\/v2\/product_tag?post=6823"}],"curies":[{"name":"wp","href":"https:\/\/api.w.org\/{rel}","templated":true}]}}