{"id":6893,"date":"2020-02-12T14:46:02","date_gmt":"2020-02-12T13:46:02","guid":{"rendered":"https:\/\/www.valeriebarkowski.shop\/?post_type=product&#038;p=6893"},"modified":"2021-05-21T12:17:41","modified_gmt":"2021-05-21T10:17:41","slug":"linge-de-bain-lb01-lamu-bleu-gris","status":"publish","type":"product","link":"https:\/\/www.old.valeriebarkowski.shop\/fr\/produit\/linge-de-bain-lb01-lamu-bleu-gris\/","title":{"rendered":"Linge de bain blanc LB01 pompon LAMU bleu-gris"},"content":{"rendered":"<h2>Linge de bain blanc avec pompons bleu-gris faits main<\/h2>\n<p>Pompons bleu-gris faits main, brod\u00e9s sur les serviettes de bain en coton peign\u00e9 700gr\/m2, bouclette longues fibres. Finitions faites dans nos ateliers au Maroc avec du fil tr\u00e8s r\u00e9sistant \u00e0 la d\u00e9coloration.<\/p>\n<p>\u00ab Ce linge de bain intemporel et moderne, je l&rsquo;ai imagin\u00e9 il y a plus de 20 ans, lors de mon arriv\u00e9e \u00e0 Marrakech. Il est inspir\u00e9 du \u00ab mendil \u00bb, une \u00e9toffe traditionnelle que les femmes du Rif portent sur leurs hanches quand elles partent travailler dans les champs. \u00bb Vous trouverez \u00e9galement plus d\u2019informations sur <a href=\"http:\/\/valeriebarkowski.com\/\" target=\"_blank\" rel=\"noopener noreferrer\">www.valeriebarkowski.com<\/a><\/p>\n<p>Il existe 4 dimensions pour ce mod\u00e8le de linge de bain blanc \u00e0 pompons couleurs bleu-gris :<\/p>\n<p><strong>Drap\u00a0de bain 100cm x 150cm<\/strong><br \/>\n<strong>Serviette de bain 50cm x 100cm<\/strong><br \/>\n<strong>Serviette invit\u00e9 30cm x 50cm<\/strong><br \/>\n<strong>Tapis de bain 54 x 90cm&lt;\/strong<\/strong><\/p>\n<p>Les serviettes de bain Lamu s&rsquo;assemblent bien avec toutes les finitions du linge de bain haut de gamme V.Barkowski. Il vous est possible de choisir le coloris de vos broderies ou pompons unis en nous contactant \u00e0 sales@valeriebarkowski.com. Pour tout savoir sur notre service sur mesure c&rsquo;est <strong><span style=\"color: #000000;\"><a style=\"color: #000000;\" href=\"https:\/\/www.old.valeriebarkowski.shop\/fr\/sur-mesure\/\" target=\"_blank\" rel=\"noopener noreferrer\">ici<\/a><\/span><\/strong>.<\/p>\n<p>Si vous passez par Marrakech n&rsquo;h\u00e9sitez pas \u00e0 nous rendre visite au <strong><span style=\"color: #000000;\"><a style=\"color: #000000;\" href=\"https:\/\/valeriebarkowski.com\/v-barkowski-store-marrakech\/\" target=\"_blank\" rel=\"noopener noreferrer\">V.Barkowski store<\/a><\/span><\/strong>.<\/p>\n<p>Et pour vous plonger dans l&rsquo;univers et l&rsquo;art de vivre de Val\u00e9rie Barkowski il vous est possible de r\u00e9server une chambre ou une site dans <strong><span style=\"color: #000000;\"><a style=\"color: #000000;\" href=\"http:\/\/www.darkawa.net\" target=\"_blank\" rel=\"noopener noreferrer\">notre riad<\/a><\/span><\/strong> et d&rsquo;y passer un court au long s\u00e9jour en famille ou entre amis. Vous dormirez dans nos draps, exp\u00e9rimenterez nos serviettes de bain en \u00e9ponge brod\u00e9es et mangerez sur notre linge de table fait main lui aussi.<\/p>\n","protected":false},"excerpt":{"rendered":"<h3><strong>Serviettes de bain<\/strong><\/h3>\n<p>Linge de bain en \u00e9ponge blanche bord\u00e9 de pompons faits main, ton sur ton bleu-gris.<br \/>\nServiette \u00e9ponge 100% coton peign\u00e9, 700gr\/m2.<br \/>\nCe mod\u00e8le existe en 4 tailles :<\/p>\n","protected":false},"featured_media":6811,"comment_status":"closed","ping_status":"closed","template":"","meta":[],"product_cat":[1583,16,101,104,1211,956,1010],"product_tag":[1342,1341,928,949,927,926,935,1541],"class_list":{"0":"post-6893","1":"product","2":"type-product","3":"status-publish","4":"has-post-thumbnail","6":"product_cat-pompons","7":"product_cat-linge-de-bain-raffine","8":"product_cat-en-eponge-blanche","9":"product_cat-serviette-de-bain-pompons-lamu","10":"product_cat-linge-de-bain","11":"product_cat-linge-pompons","12":"product_cat-pompons-coloris-unis","13":"product_tag-bleu","14":"product_tag-bleu-gris","15":"product_tag-drap-de-bain-100x150","16":"product_tag-eponge-blanche","17":"product_tag-serviette-de-bain-50x100","18":"product_tag-serviette-invite-30x50","19":"product_tag-soulayman","20":"product_tag-tapis-de-bain","22":"first","23":"instock","24":"taxable","25":"shipping-taxable","26":"purchasable","27":"product-type-variable","28":"has-default-attributes"},"yoast_head":"<!-- This site is optimized with the Yoast SEO plugin v27.3 - https:\/\/yoast.com\/product\/yoast-seo-wordpress\/ -->\n<title>Pompons bleu-gris faits main - linge de bain V.Barkowski en \u00e9ponge<\/title>\n<meta name=\"description\" content=\"Pompons bleu-gris faits main. Serviettes de bain en coton peign\u00e9. \u00c9ponge blanche absorbante, 700 gr\/m2. La finition Lamu by V.Barkowski.\" \/>\n<meta name=\"robots\" content=\"noindex, follow, max-snippet:-1, max-image-preview:large, max-video-preview:-1\" \/>\n<meta property=\"og:locale\" content=\"fr_FR\" \/>\n<meta property=\"og:type\" content=\"article\" \/>\n<meta property=\"og:title\" content=\"Pompons bleu-gris faits main - linge de bain V.Barkowski en \u00e9ponge\" \/>\n<meta property=\"og:description\" content=\"Pompons bleu-gris faits main. Serviettes de bain en coton peign\u00e9. \u00c9ponge blanche absorbante, 700 gr\/m2. La finition Lamu by V.Barkowski.\" \/>\n<meta property=\"og:url\" content=\"https:\/\/www.old.valeriebarkowski.shop\/fr\/produit\/linge-de-bain-lb01-lamu-bleu-gris\/\" \/>\n<meta property=\"og:site_name\" content=\"The shop by Valerie Barkowski\" \/>\n<meta property=\"article:publisher\" content=\"https:\/\/www.facebook.com\/valerie.barkowski\" \/>\n<meta property=\"article:modified_time\" content=\"2021-05-21T10:17:41+00:00\" \/>\n<meta property=\"og:image\" content=\"https:\/\/www.old.valeriebarkowski.shop\/wp-content\/uploads\/2020\/02\/1527-BLUE-GREY-lamu-linge-vbarkowski.jpg\" \/>\n\t<meta property=\"og:image:width\" content=\"803\" \/>\n\t<meta property=\"og:image:height\" content=\"943\" \/>\n\t<meta property=\"og:image:type\" content=\"image\/jpeg\" \/>\n<meta name=\"twitter:card\" content=\"summary_large_image\" \/>\n<meta name=\"twitter:label1\" content=\"Dur\u00e9e de lecture estim\u00e9e\" \/>\n\t<meta name=\"twitter:data1\" content=\"2 minutes\" \/>\n<script type=\"application\/ld+json\" class=\"yoast-schema-graph\">{\"@context\":\"https:\\\/\\\/schema.org\",\"@graph\":[{\"@type\":\"WebPage\",\"@id\":\"https:\\\/\\\/www.old.valeriebarkowski.shop\\\/fr\\\/produit\\\/linge-de-bain-lb01-lamu-bleu-gris\\\/\",\"url\":\"https:\\\/\\\/www.old.valeriebarkowski.shop\\\/fr\\\/produit\\\/linge-de-bain-lb01-lamu-bleu-gris\\\/\",\"name\":\"Pompons bleu-gris faits main - linge de bain V.Barkowski en \u00e9ponge\",\"isPartOf\":{\"@id\":\"https:\\\/\\\/www.old.valeriebarkowski.shop\\\/en\\\/#website\"},\"primaryImageOfPage\":{\"@id\":\"https:\\\/\\\/www.old.valeriebarkowski.shop\\\/fr\\\/produit\\\/linge-de-bain-lb01-lamu-bleu-gris\\\/#primaryimage\"},\"image\":{\"@id\":\"https:\\\/\\\/www.old.valeriebarkowski.shop\\\/fr\\\/produit\\\/linge-de-bain-lb01-lamu-bleu-gris\\\/#primaryimage\"},\"thumbnailUrl\":\"https:\\\/\\\/www.old.valeriebarkowski.shop\\\/wp-content\\\/uploads\\\/2020\\\/02\\\/1527-BLUE-GREY-lamu-linge-vbarkowski.jpg\",\"datePublished\":\"2020-02-12T13:46:02+00:00\",\"dateModified\":\"2021-05-21T10:17:41+00:00\",\"description\":\"Pompons bleu-gris faits main. Serviettes de bain en coton peign\u00e9. \u00c9ponge blanche absorbante, 700 gr\\\/m2. La finition Lamu by V.Barkowski.\",\"breadcrumb\":{\"@id\":\"https:\\\/\\\/www.old.valeriebarkowski.shop\\\/fr\\\/produit\\\/linge-de-bain-lb01-lamu-bleu-gris\\\/#breadcrumb\"},\"inLanguage\":\"fr-FR\",\"potentialAction\":[{\"@type\":\"ReadAction\",\"target\":[\"https:\\\/\\\/www.old.valeriebarkowski.shop\\\/fr\\\/produit\\\/linge-de-bain-lb01-lamu-bleu-gris\\\/\"]}]},{\"@type\":\"ImageObject\",\"inLanguage\":\"fr-FR\",\"@id\":\"https:\\\/\\\/www.old.valeriebarkowski.shop\\\/fr\\\/produit\\\/linge-de-bain-lb01-lamu-bleu-gris\\\/#primaryimage\",\"url\":\"https:\\\/\\\/www.old.valeriebarkowski.shop\\\/wp-content\\\/uploads\\\/2020\\\/02\\\/1527-BLUE-GREY-lamu-linge-vbarkowski.jpg\",\"contentUrl\":\"https:\\\/\\\/www.old.valeriebarkowski.shop\\\/wp-content\\\/uploads\\\/2020\\\/02\\\/1527-BLUE-GREY-lamu-linge-vbarkowski.jpg\",\"width\":803,\"height\":943,\"caption\":\"Pompons faits main bleu-gris linge de bain Lamu\"},{\"@type\":\"BreadcrumbList\",\"@id\":\"https:\\\/\\\/www.old.valeriebarkowski.shop\\\/fr\\\/produit\\\/linge-de-bain-lb01-lamu-bleu-gris\\\/#breadcrumb\",\"itemListElement\":[{\"@type\":\"ListItem\",\"position\":1,\"name\":\"Home\",\"item\":\"https:\\\/\\\/www.old.valeriebarkowski.shop\\\/fr\\\/\"},{\"@type\":\"ListItem\",\"position\":2,\"name\":\"Boutique\",\"item\":\"https:\\\/\\\/www.old.valeriebarkowski.shop\\\/fr\\\/boutique\\\/\"},{\"@type\":\"ListItem\",\"position\":3,\"name\":\"Linge de bain blanc LB01 pompon LAMU bleu-gris\"}]},{\"@type\":\"WebSite\",\"@id\":\"https:\\\/\\\/www.old.valeriebarkowski.shop\\\/en\\\/#website\",\"url\":\"https:\\\/\\\/www.old.valeriebarkowski.shop\\\/en\\\/\",\"name\":\"The shop by Valerie Barkowski\",\"description\":\"\",\"publisher\":{\"@id\":\"https:\\\/\\\/www.old.valeriebarkowski.shop\\\/en\\\/#organization\"},\"potentialAction\":[{\"@type\":\"SearchAction\",\"target\":{\"@type\":\"EntryPoint\",\"urlTemplate\":\"https:\\\/\\\/www.old.valeriebarkowski.shop\\\/en\\\/?s={search_term_string}\"},\"query-input\":{\"@type\":\"PropertyValueSpecification\",\"valueRequired\":true,\"valueName\":\"search_term_string\"}}],\"inLanguage\":\"fr-FR\"},{\"@type\":\"Organization\",\"@id\":\"https:\\\/\\\/www.old.valeriebarkowski.shop\\\/en\\\/#organization\",\"name\":\"valerie barkowski\",\"url\":\"https:\\\/\\\/www.old.valeriebarkowski.shop\\\/en\\\/\",\"logo\":{\"@type\":\"ImageObject\",\"inLanguage\":\"fr-FR\",\"@id\":\"https:\\\/\\\/www.old.valeriebarkowski.shop\\\/en\\\/#\\\/schema\\\/logo\\\/image\\\/\",\"url\":\"https:\\\/\\\/www.old.valeriebarkowski.shop\\\/wp-content\\\/uploads\\\/2017\\\/02\\\/logo-vb-the-shop-4.png\",\"contentUrl\":\"https:\\\/\\\/www.old.valeriebarkowski.shop\\\/wp-content\\\/uploads\\\/2017\\\/02\\\/logo-vb-the-shop-4.png\",\"width\":437,\"height\":125,\"caption\":\"valerie barkowski\"},\"image\":{\"@id\":\"https:\\\/\\\/www.old.valeriebarkowski.shop\\\/en\\\/#\\\/schema\\\/logo\\\/image\\\/\"},\"sameAs\":[\"https:\\\/\\\/www.facebook.com\\\/valerie.barkowski\",\"https:\\\/\\\/www.instagram.com\\\/webbarkowski\\\/\",\"https:\\\/\\\/fr.pinterest.com\\\/vbarkowski\\\/\"]}]}<\/script>\n<!-- \/ Yoast SEO plugin. -->","yoast_head_json":{"title":"Pompons bleu-gris faits main - linge de bain V.Barkowski en \u00e9ponge","description":"Pompons bleu-gris faits main. Serviettes de bain en coton peign\u00e9. \u00c9ponge blanche absorbante, 700 gr\/m2. La finition Lamu by V.Barkowski.","robots":{"index":"noindex","follow":"follow","max-snippet":"max-snippet:-1","max-image-preview":"max-image-preview:large","max-video-preview":"max-video-preview:-1"},"og_locale":"fr_FR","og_type":"article","og_title":"Pompons bleu-gris faits main - linge de bain V.Barkowski en \u00e9ponge","og_description":"Pompons bleu-gris faits main. Serviettes de bain en coton peign\u00e9. \u00c9ponge blanche absorbante, 700 gr\/m2. La finition Lamu by V.Barkowski.","og_url":"https:\/\/www.old.valeriebarkowski.shop\/fr\/produit\/linge-de-bain-lb01-lamu-bleu-gris\/","og_site_name":"The shop by Valerie Barkowski","article_publisher":"https:\/\/www.facebook.com\/valerie.barkowski","article_modified_time":"2021-05-21T10:17:41+00:00","og_image":[{"width":803,"height":943,"url":"https:\/\/www.old.valeriebarkowski.shop\/wp-content\/uploads\/2020\/02\/1527-BLUE-GREY-lamu-linge-vbarkowski.jpg","type":"image\/jpeg"}],"twitter_card":"summary_large_image","twitter_misc":{"Dur\u00e9e de lecture estim\u00e9e":"2 minutes"},"schema":{"@context":"https:\/\/schema.org","@graph":[{"@type":"WebPage","@id":"https:\/\/www.old.valeriebarkowski.shop\/fr\/produit\/linge-de-bain-lb01-lamu-bleu-gris\/","url":"https:\/\/www.old.valeriebarkowski.shop\/fr\/produit\/linge-de-bain-lb01-lamu-bleu-gris\/","name":"Pompons bleu-gris faits main - linge de bain V.Barkowski en \u00e9ponge","isPartOf":{"@id":"https:\/\/www.old.valeriebarkowski.shop\/en\/#website"},"primaryImageOfPage":{"@id":"https:\/\/www.old.valeriebarkowski.shop\/fr\/produit\/linge-de-bain-lb01-lamu-bleu-gris\/#primaryimage"},"image":{"@id":"https:\/\/www.old.valeriebarkowski.shop\/fr\/produit\/linge-de-bain-lb01-lamu-bleu-gris\/#primaryimage"},"thumbnailUrl":"https:\/\/www.old.valeriebarkowski.shop\/wp-content\/uploads\/2020\/02\/1527-BLUE-GREY-lamu-linge-vbarkowski.jpg","datePublished":"2020-02-12T13:46:02+00:00","dateModified":"2021-05-21T10:17:41+00:00","description":"Pompons bleu-gris faits main. Serviettes de bain en coton peign\u00e9. \u00c9ponge blanche absorbante, 700 gr\/m2. La finition Lamu by V.Barkowski.","breadcrumb":{"@id":"https:\/\/www.old.valeriebarkowski.shop\/fr\/produit\/linge-de-bain-lb01-lamu-bleu-gris\/#breadcrumb"},"inLanguage":"fr-FR","potentialAction":[{"@type":"ReadAction","target":["https:\/\/www.old.valeriebarkowski.shop\/fr\/produit\/linge-de-bain-lb01-lamu-bleu-gris\/"]}]},{"@type":"ImageObject","inLanguage":"fr-FR","@id":"https:\/\/www.old.valeriebarkowski.shop\/fr\/produit\/linge-de-bain-lb01-lamu-bleu-gris\/#primaryimage","url":"https:\/\/www.old.valeriebarkowski.shop\/wp-content\/uploads\/2020\/02\/1527-BLUE-GREY-lamu-linge-vbarkowski.jpg","contentUrl":"https:\/\/www.old.valeriebarkowski.shop\/wp-content\/uploads\/2020\/02\/1527-BLUE-GREY-lamu-linge-vbarkowski.jpg","width":803,"height":943,"caption":"Pompons faits main bleu-gris linge de bain Lamu"},{"@type":"BreadcrumbList","@id":"https:\/\/www.old.valeriebarkowski.shop\/fr\/produit\/linge-de-bain-lb01-lamu-bleu-gris\/#breadcrumb","itemListElement":[{"@type":"ListItem","position":1,"name":"Home","item":"https:\/\/www.old.valeriebarkowski.shop\/fr\/"},{"@type":"ListItem","position":2,"name":"Boutique","item":"https:\/\/www.old.valeriebarkowski.shop\/fr\/boutique\/"},{"@type":"ListItem","position":3,"name":"Linge de bain blanc LB01 pompon LAMU bleu-gris"}]},{"@type":"WebSite","@id":"https:\/\/www.old.valeriebarkowski.shop\/en\/#website","url":"https:\/\/www.old.valeriebarkowski.shop\/en\/","name":"The shop by Valerie Barkowski","description":"","publisher":{"@id":"https:\/\/www.old.valeriebarkowski.shop\/en\/#organization"},"potentialAction":[{"@type":"SearchAction","target":{"@type":"EntryPoint","urlTemplate":"https:\/\/www.old.valeriebarkowski.shop\/en\/?s={search_term_string}"},"query-input":{"@type":"PropertyValueSpecification","valueRequired":true,"valueName":"search_term_string"}}],"inLanguage":"fr-FR"},{"@type":"Organization","@id":"https:\/\/www.old.valeriebarkowski.shop\/en\/#organization","name":"valerie barkowski","url":"https:\/\/www.old.valeriebarkowski.shop\/en\/","logo":{"@type":"ImageObject","inLanguage":"fr-FR","@id":"https:\/\/www.old.valeriebarkowski.shop\/en\/#\/schema\/logo\/image\/","url":"https:\/\/www.old.valeriebarkowski.shop\/wp-content\/uploads\/2017\/02\/logo-vb-the-shop-4.png","contentUrl":"https:\/\/www.old.valeriebarkowski.shop\/wp-content\/uploads\/2017\/02\/logo-vb-the-shop-4.png","width":437,"height":125,"caption":"valerie barkowski"},"image":{"@id":"https:\/\/www.old.valeriebarkowski.shop\/en\/#\/schema\/logo\/image\/"},"sameAs":["https:\/\/www.facebook.com\/valerie.barkowski","https:\/\/www.instagram.com\/webbarkowski\/","https:\/\/fr.pinterest.com\/vbarkowski\/"]}]}},"_links":{"self":[{"href":"https:\/\/www.old.valeriebarkowski.shop\/fr\/wp-json\/wp\/v2\/product\/6893","targetHints":{"allow":["GET"]}}],"collection":[{"href":"https:\/\/www.old.valeriebarkowski.shop\/fr\/wp-json\/wp\/v2\/product"}],"about":[{"href":"https:\/\/www.old.valeriebarkowski.shop\/fr\/wp-json\/wp\/v2\/types\/product"}],"replies":[{"embeddable":true,"href":"https:\/\/www.old.valeriebarkowski.shop\/fr\/wp-json\/wp\/v2\/comments?post=6893"}],"wp:featuredmedia":[{"embeddable":true,"href":"https:\/\/www.old.valeriebarkowski.shop\/fr\/wp-json\/wp\/v2\/media\/6811"}],"wp:attachment":[{"href":"https:\/\/www.old.valeriebarkowski.shop\/fr\/wp-json\/wp\/v2\/media?parent=6893"}],"wp:term":[{"taxonomy":"product_cat","embeddable":true,"href":"https:\/\/www.old.valeriebarkowski.shop\/fr\/wp-json\/wp\/v2\/product_cat?post=6893"},{"taxonomy":"product_tag","embeddable":true,"href":"https:\/\/www.old.valeriebarkowski.shop\/fr\/wp-json\/wp\/v2\/product_tag?post=6893"}],"curies":[{"name":"wp","href":"https:\/\/api.w.org\/{rel}","templated":true}]}}