{"id":6969,"date":"2020-02-12T15:21:06","date_gmt":"2020-02-12T14:21:06","guid":{"rendered":"https:\/\/www.valeriebarkowski.shop\/?post_type=product&#038;p=6969"},"modified":"2021-06-09T22:28:13","modified_gmt":"2021-06-09T20:28:13","slug":"linge-de-bain-lb01-lamu-pompons-aubergine","status":"publish","type":"product","link":"https:\/\/www.old.valeriebarkowski.shop\/fr\/produit\/linge-de-bain-lb01-lamu-pompons-aubergine\/","title":{"rendered":"Linge de bain blanc LB01 pompon LAMU aubergine"},"content":{"rendered":"<h2>Linge de bain pompons aubergine<\/h2>\n<p>Linge de bain pompons aubergine faits main, brod\u00e9s sur les serviettes de bain en coton peign\u00e9 700gr\/m2, bouclette longues fibres tr\u00e8s absorbantes. Finitions faites dans nos ateliers au Maroc avec du fil tr\u00e8s r\u00e9sistant \u00e0 la d\u00e9coloration.<\/p>\n<p>\u00ab Ces serviettes en \u00e9ponge bord\u00e9es de pompoms faits main sont inspir\u00e9es du \u00ab mendil \u00bb, un tissu tiss\u00e9 \u00e0 la main que les femmes du Rif portent sur leurs hanches. En vacances \u00e0 Asilah j&rsquo;ai d\u00e9couvert cette tradition et imagin\u00e9 le linge de bain. C&rsquo;\u00e9tait \u00e0 la fin des ann\u00e9es 90. 2\u00e0 ans plus tard je continue \u00e0 vendre ce linge de bain intemporel et raffin\u00e9. \u00bb<\/p>\n<p>Le site de Val\u00e9rie est riche en histoires et en sources d&rsquo;inspiration. Plus de 20 ans de travail mais aussi un art de vivre. <a href=\"http:\/\/valeriebarkowski.com\/\" target=\"_blank\" rel=\"noopener noreferrer\">www.valeriebarkowski.com\u00a0<\/a><\/p>\n<p>Il existe 4 dimensions pour le linge de bain blanc pompons Lamu :<\/p>\n<p><strong>Drap\u00a0de bain 100cm x 150cm<\/strong><br \/>\n<strong>Serviette de bain 50cm x 100cm<\/strong><br \/>\n<strong>Serviette invit\u00e9 30cmx 50cm<\/strong><br \/>\n<strong>Tapis de bain 54cmx 90cm<\/strong><\/p>\n<p>Les serviettes de bain Lamu s&rsquo;assemblent bien avec toutes les finitions du linge de bain haut de gamme V. Barkowski. Il vous est possible de choisir le coloris de vos broderies ou pompons unis en nous contactant \u00e0 sales@valeriebarkowski.com. Pour tout savoir sur notre service sur mesure c&rsquo;est <strong><span style=\"color: #000000;\"><a style=\"color: #000000;\" href=\"https:\/\/www.old.valeriebarkowski.shop\/fr\/sur-mesure\/\" target=\"_blank\" rel=\"noopener noreferrer\">ici<\/a><\/span><\/strong>.<\/p>\n<p>Si vous passez par Marrakech n&rsquo;h\u00e9sitez pas \u00e0 nous rendre visite au <strong><span style=\"color: #000000;\"><a style=\"color: #000000;\" href=\"https:\/\/valeriebarkowski.com\/v-barkowski-store-marrakech\/\" target=\"_blank\" rel=\"noopener noreferrer\">V.Barkowski store<\/a><\/span><\/strong>.<\/p>\n<p>Il vous est possible aussi de r\u00e9server <strong><span style=\"color: #000000;\"><a style=\"color: #000000;\" href=\"http:\/\/www.darkawa.net\" target=\"_blank\" rel=\"noopener noreferrer\">notre riad<\/a><\/span><\/strong> et d&rsquo;y passer un court au long s\u00e9jour en famille ou entre amis. Vous dormirez dans nos draps, vous vous enroulerez dans nos serviettes de bain en \u00e9ponge brod\u00e9es et mangerez sur notre linge de table fait main lui aussi.<\/p>\n","protected":false},"excerpt":{"rendered":"<h3><strong>Serviettes de bain + tapis de bain<\/strong><\/h3>\n<p>Linge de bain en \u00e9ponge blanche bord\u00e9 de pompons faits main, ton sur ton aubergine.<br \/>\nServiette \u00e9ponge 100% coton peign\u00e9, 700gr\/m2.<br \/>\nCe mod\u00e8le existe en 4 tailles :<\/p>\n","protected":false},"featured_media":6949,"comment_status":"closed","ping_status":"closed","template":"","meta":[],"product_cat":[1583,16,101,104,1211,956,1010],"product_tag":[1348,928,949,1433,1434,927,926,935,1541],"class_list":{"0":"post-6969","1":"product","2":"type-product","3":"status-publish","4":"has-post-thumbnail","6":"product_cat-pompons","7":"product_cat-linge-de-bain-raffine","8":"product_cat-en-eponge-blanche","9":"product_cat-serviette-de-bain-pompons-lamu","10":"product_cat-linge-de-bain","11":"product_cat-linge-pompons","12":"product_cat-pompons-coloris-unis","13":"product_tag-aubergine","14":"product_tag-drap-de-bain-100x150","15":"product_tag-eponge-blanche","16":"product_tag-linge-de-bain-pompons","17":"product_tag-pompons-faits-main","18":"product_tag-serviette-de-bain-50x100","19":"product_tag-serviette-invite-30x50","20":"product_tag-soulayman","21":"product_tag-tapis-de-bain","23":"first","24":"instock","25":"taxable","26":"shipping-taxable","27":"purchasable","28":"product-type-variable","29":"has-default-attributes"},"yoast_head":"<!-- This site is optimized with the Yoast SEO plugin v27.3 - https:\/\/yoast.com\/product\/yoast-seo-wordpress\/ -->\n<title>Linge de bain pompons aubergine: serviettes et tapis de bain V. Barkowski<\/title>\n<meta name=\"description\" content=\"Linge de bain pompons aubergine faits main. Serviettes de bain \u00e9ponge blanche absorbante en coton peign\u00e9. La finition Lamu by V.Barkowski.\" \/>\n<meta name=\"robots\" content=\"noindex, follow, max-snippet:-1, max-image-preview:large, max-video-preview:-1\" \/>\n<meta property=\"og:locale\" content=\"fr_FR\" \/>\n<meta property=\"og:type\" content=\"article\" \/>\n<meta property=\"og:title\" content=\"Linge de bain pompons aubergine: serviettes et tapis de bain V. Barkowski\" \/>\n<meta property=\"og:description\" content=\"Linge de bain pompons aubergine faits main. Serviettes de bain \u00e9ponge blanche absorbante en coton peign\u00e9. La finition Lamu by V.Barkowski.\" \/>\n<meta property=\"og:url\" content=\"https:\/\/www.old.valeriebarkowski.shop\/fr\/produit\/linge-de-bain-lb01-lamu-pompons-aubergine\/\" \/>\n<meta property=\"og:site_name\" content=\"The shop by Valerie Barkowski\" \/>\n<meta property=\"article:publisher\" content=\"https:\/\/www.facebook.com\/valerie.barkowski\" \/>\n<meta property=\"article:modified_time\" content=\"2021-06-09T20:28:13+00:00\" \/>\n<meta property=\"og:image\" content=\"https:\/\/www.old.valeriebarkowski.shop\/wp-content\/uploads\/2020\/02\/2185-AUBERGINE-lamu-linge-vbarkowski-1.jpg\" \/>\n\t<meta property=\"og:image:width\" content=\"712\" \/>\n\t<meta property=\"og:image:height\" content=\"940\" \/>\n\t<meta property=\"og:image:type\" content=\"image\/jpeg\" \/>\n<meta name=\"twitter:card\" content=\"summary_large_image\" \/>\n<meta name=\"twitter:label1\" content=\"Dur\u00e9e de lecture estim\u00e9e\" \/>\n\t<meta name=\"twitter:data1\" content=\"2 minutes\" \/>\n<script type=\"application\/ld+json\" class=\"yoast-schema-graph\">{\"@context\":\"https:\\\/\\\/schema.org\",\"@graph\":[{\"@type\":\"WebPage\",\"@id\":\"https:\\\/\\\/www.old.valeriebarkowski.shop\\\/fr\\\/produit\\\/linge-de-bain-lb01-lamu-pompons-aubergine\\\/\",\"url\":\"https:\\\/\\\/www.old.valeriebarkowski.shop\\\/fr\\\/produit\\\/linge-de-bain-lb01-lamu-pompons-aubergine\\\/\",\"name\":\"Linge de bain pompons aubergine: serviettes et tapis de bain V. Barkowski\",\"isPartOf\":{\"@id\":\"https:\\\/\\\/www.old.valeriebarkowski.shop\\\/en\\\/#website\"},\"primaryImageOfPage\":{\"@id\":\"https:\\\/\\\/www.old.valeriebarkowski.shop\\\/fr\\\/produit\\\/linge-de-bain-lb01-lamu-pompons-aubergine\\\/#primaryimage\"},\"image\":{\"@id\":\"https:\\\/\\\/www.old.valeriebarkowski.shop\\\/fr\\\/produit\\\/linge-de-bain-lb01-lamu-pompons-aubergine\\\/#primaryimage\"},\"thumbnailUrl\":\"https:\\\/\\\/www.old.valeriebarkowski.shop\\\/wp-content\\\/uploads\\\/2020\\\/02\\\/2185-AUBERGINE-lamu-linge-vbarkowski-1.jpg\",\"datePublished\":\"2020-02-12T14:21:06+00:00\",\"dateModified\":\"2021-06-09T20:28:13+00:00\",\"description\":\"Linge de bain pompons aubergine faits main. Serviettes de bain \u00e9ponge blanche absorbante en coton peign\u00e9. La finition Lamu by V.Barkowski.\",\"breadcrumb\":{\"@id\":\"https:\\\/\\\/www.old.valeriebarkowski.shop\\\/fr\\\/produit\\\/linge-de-bain-lb01-lamu-pompons-aubergine\\\/#breadcrumb\"},\"inLanguage\":\"fr-FR\",\"potentialAction\":[{\"@type\":\"ReadAction\",\"target\":[\"https:\\\/\\\/www.old.valeriebarkowski.shop\\\/fr\\\/produit\\\/linge-de-bain-lb01-lamu-pompons-aubergine\\\/\"]}]},{\"@type\":\"ImageObject\",\"inLanguage\":\"fr-FR\",\"@id\":\"https:\\\/\\\/www.old.valeriebarkowski.shop\\\/fr\\\/produit\\\/linge-de-bain-lb01-lamu-pompons-aubergine\\\/#primaryimage\",\"url\":\"https:\\\/\\\/www.old.valeriebarkowski.shop\\\/wp-content\\\/uploads\\\/2020\\\/02\\\/2185-AUBERGINE-lamu-linge-vbarkowski-1.jpg\",\"contentUrl\":\"https:\\\/\\\/www.old.valeriebarkowski.shop\\\/wp-content\\\/uploads\\\/2020\\\/02\\\/2185-AUBERGINE-lamu-linge-vbarkowski-1.jpg\",\"width\":712,\"height\":940,\"caption\":\"Linge de bain LAMU aubergine\"},{\"@type\":\"BreadcrumbList\",\"@id\":\"https:\\\/\\\/www.old.valeriebarkowski.shop\\\/fr\\\/produit\\\/linge-de-bain-lb01-lamu-pompons-aubergine\\\/#breadcrumb\",\"itemListElement\":[{\"@type\":\"ListItem\",\"position\":1,\"name\":\"Home\",\"item\":\"https:\\\/\\\/www.old.valeriebarkowski.shop\\\/fr\\\/\"},{\"@type\":\"ListItem\",\"position\":2,\"name\":\"Boutique\",\"item\":\"https:\\\/\\\/www.old.valeriebarkowski.shop\\\/fr\\\/boutique\\\/\"},{\"@type\":\"ListItem\",\"position\":3,\"name\":\"Linge de bain blanc LB01 pompon LAMU aubergine\"}]},{\"@type\":\"WebSite\",\"@id\":\"https:\\\/\\\/www.old.valeriebarkowski.shop\\\/en\\\/#website\",\"url\":\"https:\\\/\\\/www.old.valeriebarkowski.shop\\\/en\\\/\",\"name\":\"The shop by Valerie Barkowski\",\"description\":\"\",\"publisher\":{\"@id\":\"https:\\\/\\\/www.old.valeriebarkowski.shop\\\/en\\\/#organization\"},\"potentialAction\":[{\"@type\":\"SearchAction\",\"target\":{\"@type\":\"EntryPoint\",\"urlTemplate\":\"https:\\\/\\\/www.old.valeriebarkowski.shop\\\/en\\\/?s={search_term_string}\"},\"query-input\":{\"@type\":\"PropertyValueSpecification\",\"valueRequired\":true,\"valueName\":\"search_term_string\"}}],\"inLanguage\":\"fr-FR\"},{\"@type\":\"Organization\",\"@id\":\"https:\\\/\\\/www.old.valeriebarkowski.shop\\\/en\\\/#organization\",\"name\":\"valerie barkowski\",\"url\":\"https:\\\/\\\/www.old.valeriebarkowski.shop\\\/en\\\/\",\"logo\":{\"@type\":\"ImageObject\",\"inLanguage\":\"fr-FR\",\"@id\":\"https:\\\/\\\/www.old.valeriebarkowski.shop\\\/en\\\/#\\\/schema\\\/logo\\\/image\\\/\",\"url\":\"https:\\\/\\\/www.old.valeriebarkowski.shop\\\/wp-content\\\/uploads\\\/2017\\\/02\\\/logo-vb-the-shop-4.png\",\"contentUrl\":\"https:\\\/\\\/www.old.valeriebarkowski.shop\\\/wp-content\\\/uploads\\\/2017\\\/02\\\/logo-vb-the-shop-4.png\",\"width\":437,\"height\":125,\"caption\":\"valerie barkowski\"},\"image\":{\"@id\":\"https:\\\/\\\/www.old.valeriebarkowski.shop\\\/en\\\/#\\\/schema\\\/logo\\\/image\\\/\"},\"sameAs\":[\"https:\\\/\\\/www.facebook.com\\\/valerie.barkowski\",\"https:\\\/\\\/www.instagram.com\\\/webbarkowski\\\/\",\"https:\\\/\\\/fr.pinterest.com\\\/vbarkowski\\\/\"]}]}<\/script>\n<!-- \/ Yoast SEO plugin. -->","yoast_head_json":{"title":"Linge de bain pompons aubergine: serviettes et tapis de bain V. Barkowski","description":"Linge de bain pompons aubergine faits main. Serviettes de bain \u00e9ponge blanche absorbante en coton peign\u00e9. La finition Lamu by V.Barkowski.","robots":{"index":"noindex","follow":"follow","max-snippet":"max-snippet:-1","max-image-preview":"max-image-preview:large","max-video-preview":"max-video-preview:-1"},"og_locale":"fr_FR","og_type":"article","og_title":"Linge de bain pompons aubergine: serviettes et tapis de bain V. Barkowski","og_description":"Linge de bain pompons aubergine faits main. Serviettes de bain \u00e9ponge blanche absorbante en coton peign\u00e9. La finition Lamu by V.Barkowski.","og_url":"https:\/\/www.old.valeriebarkowski.shop\/fr\/produit\/linge-de-bain-lb01-lamu-pompons-aubergine\/","og_site_name":"The shop by Valerie Barkowski","article_publisher":"https:\/\/www.facebook.com\/valerie.barkowski","article_modified_time":"2021-06-09T20:28:13+00:00","og_image":[{"width":712,"height":940,"url":"https:\/\/www.old.valeriebarkowski.shop\/wp-content\/uploads\/2020\/02\/2185-AUBERGINE-lamu-linge-vbarkowski-1.jpg","type":"image\/jpeg"}],"twitter_card":"summary_large_image","twitter_misc":{"Dur\u00e9e de lecture estim\u00e9e":"2 minutes"},"schema":{"@context":"https:\/\/schema.org","@graph":[{"@type":"WebPage","@id":"https:\/\/www.old.valeriebarkowski.shop\/fr\/produit\/linge-de-bain-lb01-lamu-pompons-aubergine\/","url":"https:\/\/www.old.valeriebarkowski.shop\/fr\/produit\/linge-de-bain-lb01-lamu-pompons-aubergine\/","name":"Linge de bain pompons aubergine: serviettes et tapis de bain V. Barkowski","isPartOf":{"@id":"https:\/\/www.old.valeriebarkowski.shop\/en\/#website"},"primaryImageOfPage":{"@id":"https:\/\/www.old.valeriebarkowski.shop\/fr\/produit\/linge-de-bain-lb01-lamu-pompons-aubergine\/#primaryimage"},"image":{"@id":"https:\/\/www.old.valeriebarkowski.shop\/fr\/produit\/linge-de-bain-lb01-lamu-pompons-aubergine\/#primaryimage"},"thumbnailUrl":"https:\/\/www.old.valeriebarkowski.shop\/wp-content\/uploads\/2020\/02\/2185-AUBERGINE-lamu-linge-vbarkowski-1.jpg","datePublished":"2020-02-12T14:21:06+00:00","dateModified":"2021-06-09T20:28:13+00:00","description":"Linge de bain pompons aubergine faits main. Serviettes de bain \u00e9ponge blanche absorbante en coton peign\u00e9. La finition Lamu by V.Barkowski.","breadcrumb":{"@id":"https:\/\/www.old.valeriebarkowski.shop\/fr\/produit\/linge-de-bain-lb01-lamu-pompons-aubergine\/#breadcrumb"},"inLanguage":"fr-FR","potentialAction":[{"@type":"ReadAction","target":["https:\/\/www.old.valeriebarkowski.shop\/fr\/produit\/linge-de-bain-lb01-lamu-pompons-aubergine\/"]}]},{"@type":"ImageObject","inLanguage":"fr-FR","@id":"https:\/\/www.old.valeriebarkowski.shop\/fr\/produit\/linge-de-bain-lb01-lamu-pompons-aubergine\/#primaryimage","url":"https:\/\/www.old.valeriebarkowski.shop\/wp-content\/uploads\/2020\/02\/2185-AUBERGINE-lamu-linge-vbarkowski-1.jpg","contentUrl":"https:\/\/www.old.valeriebarkowski.shop\/wp-content\/uploads\/2020\/02\/2185-AUBERGINE-lamu-linge-vbarkowski-1.jpg","width":712,"height":940,"caption":"Linge de bain LAMU aubergine"},{"@type":"BreadcrumbList","@id":"https:\/\/www.old.valeriebarkowski.shop\/fr\/produit\/linge-de-bain-lb01-lamu-pompons-aubergine\/#breadcrumb","itemListElement":[{"@type":"ListItem","position":1,"name":"Home","item":"https:\/\/www.old.valeriebarkowski.shop\/fr\/"},{"@type":"ListItem","position":2,"name":"Boutique","item":"https:\/\/www.old.valeriebarkowski.shop\/fr\/boutique\/"},{"@type":"ListItem","position":3,"name":"Linge de bain blanc LB01 pompon LAMU aubergine"}]},{"@type":"WebSite","@id":"https:\/\/www.old.valeriebarkowski.shop\/en\/#website","url":"https:\/\/www.old.valeriebarkowski.shop\/en\/","name":"The shop by Valerie Barkowski","description":"","publisher":{"@id":"https:\/\/www.old.valeriebarkowski.shop\/en\/#organization"},"potentialAction":[{"@type":"SearchAction","target":{"@type":"EntryPoint","urlTemplate":"https:\/\/www.old.valeriebarkowski.shop\/en\/?s={search_term_string}"},"query-input":{"@type":"PropertyValueSpecification","valueRequired":true,"valueName":"search_term_string"}}],"inLanguage":"fr-FR"},{"@type":"Organization","@id":"https:\/\/www.old.valeriebarkowski.shop\/en\/#organization","name":"valerie barkowski","url":"https:\/\/www.old.valeriebarkowski.shop\/en\/","logo":{"@type":"ImageObject","inLanguage":"fr-FR","@id":"https:\/\/www.old.valeriebarkowski.shop\/en\/#\/schema\/logo\/image\/","url":"https:\/\/www.old.valeriebarkowski.shop\/wp-content\/uploads\/2017\/02\/logo-vb-the-shop-4.png","contentUrl":"https:\/\/www.old.valeriebarkowski.shop\/wp-content\/uploads\/2017\/02\/logo-vb-the-shop-4.png","width":437,"height":125,"caption":"valerie barkowski"},"image":{"@id":"https:\/\/www.old.valeriebarkowski.shop\/en\/#\/schema\/logo\/image\/"},"sameAs":["https:\/\/www.facebook.com\/valerie.barkowski","https:\/\/www.instagram.com\/webbarkowski\/","https:\/\/fr.pinterest.com\/vbarkowski\/"]}]}},"_links":{"self":[{"href":"https:\/\/www.old.valeriebarkowski.shop\/fr\/wp-json\/wp\/v2\/product\/6969","targetHints":{"allow":["GET"]}}],"collection":[{"href":"https:\/\/www.old.valeriebarkowski.shop\/fr\/wp-json\/wp\/v2\/product"}],"about":[{"href":"https:\/\/www.old.valeriebarkowski.shop\/fr\/wp-json\/wp\/v2\/types\/product"}],"replies":[{"embeddable":true,"href":"https:\/\/www.old.valeriebarkowski.shop\/fr\/wp-json\/wp\/v2\/comments?post=6969"}],"wp:featuredmedia":[{"embeddable":true,"href":"https:\/\/www.old.valeriebarkowski.shop\/fr\/wp-json\/wp\/v2\/media\/6949"}],"wp:attachment":[{"href":"https:\/\/www.old.valeriebarkowski.shop\/fr\/wp-json\/wp\/v2\/media?parent=6969"}],"wp:term":[{"taxonomy":"product_cat","embeddable":true,"href":"https:\/\/www.old.valeriebarkowski.shop\/fr\/wp-json\/wp\/v2\/product_cat?post=6969"},{"taxonomy":"product_tag","embeddable":true,"href":"https:\/\/www.old.valeriebarkowski.shop\/fr\/wp-json\/wp\/v2\/product_tag?post=6969"}],"curies":[{"name":"wp","href":"https:\/\/api.w.org\/{rel}","templated":true}]}}