{"id":6996,"date":"2020-02-19T17:18:25","date_gmt":"2020-02-19T16:18:25","guid":{"rendered":"https:\/\/www.valeriebarkowski.shop\/?post_type=product&#038;p=6996"},"modified":"2020-10-22T14:45:13","modified_gmt":"2020-10-22T12:45:13","slug":"linge-de-bain-lb96-hiro-grigio","status":"publish","type":"product","link":"https:\/\/www.old.valeriebarkowski.shop\/fr\/produit\/linge-de-bain-lb96-hiro-grigio\/","title":{"rendered":"Linge de bain LB96 HIRO grigio"},"content":{"rendered":"<h2>Serviettes de bain Hiro &#8211; pompons broderies en fil grigio<\/h2>\n<p>Serviettes de bain Hiro brod\u00e9es main, en coton peign\u00e9 700gr\/m2, bouclette longues fibres. Finitions faites dans nos ateliers au Maroc avec du fil tr\u00e8s r\u00e9sistant \u00e0 la d\u00e9coloration.<\/p>\n<p>\u00ab\u00a0Une finition qui semble minimale mais qui demande beaucoup de dext\u00e9rit\u00e9 et de temps. Une premi\u00e8re s\u00e9rie de franges fines sont confectionn\u00e9es \u00e0 la main et assembl\u00e9es entre elles avec un point brod\u00e9 de couleur. Ici la gamme multicolore grigio. Ce qui veut dire que pour chaque point la brodeuse change la couleur du fil. Elles travaille avec autant d&rsquo;aiguilles et de fils qu&rsquo;il y a de couleurs dans la gamme grigio. Le placement des couleurs se fait de mani\u00e8re al\u00e9atoire. Plusieurs rang\u00e9es de franges nou\u00e9es et brod\u00e9es se terminent par de plus grandes franges qui sont elles aussi assembl\u00e9es avec des fils de couleurs diff\u00e9rentes. Un linge de bain simple et \u00e9l\u00e9gant mais extr\u00eamement sophistiqu\u00e9 quant au savoir faire. Nous avons tr\u00e8s peu de brodeuses capables de faire ce travail qui en plus demande beaucoup de temps.\u00a0\u00bb<\/p>\n<p>Pour en savoir plus sur nos collections c&rsquo;est <a href=\"https:\/\/valeriebarkowski.com\/category\/valerie-barkowski-all-collections\/\" target=\"_blank\" rel=\"noopener noreferrer\">ici<\/a><\/p>\n<p>Il existe 3 dimensions pour ce mod\u00e8le :<\/p>\n<p><strong>Drap\u00a0de bain 100cm x 150cm<\/strong><br \/>\n<strong>Serviette de bain 50cm x 100cm<\/strong><br \/>\n<strong>Serviette invit\u00e9 30cmx 50cm<br \/>\n<\/strong><\/p>\n<p>Le linge de bain HIRO est aussi disponible en \u00e9ponge <a href=\"https:\/\/www.old.valeriebarkowski.shop\/fr\/product-category\/linge-bain\/linge-bain-blanc\/hiro\/\" target=\"_blank\" rel=\"noopener noreferrer\">blanche<\/a>.<\/p>\n<p>Notre collection est n\u00e9e il y a plus de 20 ans. Raffin\u00e9 et de qualit\u00e9 notre linge de maison s&rsquo;inscrit dans un art de vivre \u00ab\u00a0slow\u00a0\u00bb et respectueux de l&rsquo;homme et de notre environnement. Le linge de bain en \u00e9ponge grise Hiro traverse le temps, il est intemporel. Il est fait avec soin par des artisan(e)s qui aiment leur m\u00e9tier et qui sont fier(e)s de perp\u00e9tuer une tradition ancestrale. Celle de la broderie faite \u00e0 la main dont le savoir-faire s&rsquo;est transmis de g\u00e9n\u00e9ration, de m\u00e8re en fille, au Maroc.<\/p>\n","protected":false},"excerpt":{"rendered":"<h3><strong>Linge de bain Hiro &#8211; serviettes<\/strong><\/h3>\n<p>Linge de bain Hiro en \u00e9ponge grise, bord\u00e9 de pompons faits main, fil grigio.<br \/>\nServiette \u00e9ponge 100% coton peign\u00e9, 700gr\/m2.<br \/>\nCe mod\u00e8le existe en 3 tailles :<\/p>\n","protected":false},"featured_media":7006,"comment_status":"closed","ping_status":"closed","template":"","meta":[],"product_cat":[16,102,1211,945,946],"product_tag":[928,932,931,927,926],"class_list":{"0":"post-6996","1":"product","2":"type-product","3":"status-publish","4":"has-post-thumbnail","6":"product_cat-linge-de-bain-raffine","7":"product_cat-linge-bain-gris-fonce","8":"product_cat-linge-de-bain","9":"product_cat-linge-franges","10":"product_cat-linge-franges-coloris-unis","11":"product_tag-drap-de-bain-100x150","12":"product_tag-eponge-grise","13":"product_tag-multicolor-gris","14":"product_tag-serviette-de-bain-50x100","15":"product_tag-serviette-invite-30x50","17":"first","18":"instock","19":"taxable","20":"shipping-taxable","21":"purchasable","22":"product-type-variable","23":"has-default-attributes"},"yoast_head":"<!-- This site is optimized with the Yoast SEO plugin v27.3 - https:\/\/yoast.com\/product\/yoast-seo-wordpress\/ -->\n<title>Serviettes de bain Hiro, bord\u00e9e de pompons faits main, ton sur ton noir<\/title>\n<meta name=\"description\" content=\"Serviettes de bain Hiro en \u00e9ponge blanche 100% coton peign\u00e9. Finition by V.Barkowski, faite \u00e0 la main dans nos ateliers par des artisans qualifi\u00e9es.\" \/>\n<meta name=\"robots\" content=\"noindex, follow, max-snippet:-1, max-image-preview:large, max-video-preview:-1\" \/>\n<meta property=\"og:locale\" content=\"fr_FR\" \/>\n<meta property=\"og:type\" content=\"article\" \/>\n<meta property=\"og:title\" content=\"Serviettes de bain Hiro, bord\u00e9e de pompons faits main, ton sur ton noir\" \/>\n<meta property=\"og:description\" content=\"Serviettes de bain Hiro en \u00e9ponge blanche 100% coton peign\u00e9. Finition by V.Barkowski, faite \u00e0 la main dans nos ateliers par des artisans qualifi\u00e9es.\" \/>\n<meta property=\"og:url\" content=\"https:\/\/www.old.valeriebarkowski.shop\/fr\/produit\/linge-de-bain-lb96-hiro-grigio\/\" \/>\n<meta property=\"og:site_name\" content=\"The shop by Valerie Barkowski\" \/>\n<meta property=\"article:publisher\" content=\"https:\/\/www.facebook.com\/valerie.barkowski\" \/>\n<meta property=\"article:modified_time\" content=\"2020-10-22T12:45:13+00:00\" \/>\n<meta property=\"og:image\" content=\"https:\/\/www.old.valeriebarkowski.shop\/wp-content\/uploads\/2020\/02\/drap-bain-eponge-hiro-vbarkowski-gris-grigio.jpg\" \/>\n\t<meta property=\"og:image:width\" content=\"821\" \/>\n\t<meta property=\"og:image:height\" content=\"821\" \/>\n\t<meta property=\"og:image:type\" content=\"image\/jpeg\" \/>\n<meta name=\"twitter:card\" content=\"summary_large_image\" \/>\n<meta name=\"twitter:label1\" content=\"Dur\u00e9e de lecture estim\u00e9e\" \/>\n\t<meta name=\"twitter:data1\" content=\"2 minutes\" \/>\n<script type=\"application\/ld+json\" class=\"yoast-schema-graph\">{\"@context\":\"https:\\\/\\\/schema.org\",\"@graph\":[{\"@type\":\"WebPage\",\"@id\":\"https:\\\/\\\/www.old.valeriebarkowski.shop\\\/fr\\\/produit\\\/linge-de-bain-lb96-hiro-grigio\\\/\",\"url\":\"https:\\\/\\\/www.old.valeriebarkowski.shop\\\/fr\\\/produit\\\/linge-de-bain-lb96-hiro-grigio\\\/\",\"name\":\"Serviettes de bain Hiro, bord\u00e9e de pompons faits main, ton sur ton noir\",\"isPartOf\":{\"@id\":\"https:\\\/\\\/www.old.valeriebarkowski.shop\\\/en\\\/#website\"},\"primaryImageOfPage\":{\"@id\":\"https:\\\/\\\/www.old.valeriebarkowski.shop\\\/fr\\\/produit\\\/linge-de-bain-lb96-hiro-grigio\\\/#primaryimage\"},\"image\":{\"@id\":\"https:\\\/\\\/www.old.valeriebarkowski.shop\\\/fr\\\/produit\\\/linge-de-bain-lb96-hiro-grigio\\\/#primaryimage\"},\"thumbnailUrl\":\"https:\\\/\\\/www.old.valeriebarkowski.shop\\\/wp-content\\\/uploads\\\/2020\\\/02\\\/drap-bain-eponge-hiro-vbarkowski-gris-grigio.jpg\",\"datePublished\":\"2020-02-19T16:18:25+00:00\",\"dateModified\":\"2020-10-22T12:45:13+00:00\",\"description\":\"Serviettes de bain Hiro en \u00e9ponge blanche 100% coton peign\u00e9. Finition by V.Barkowski, faite \u00e0 la main dans nos ateliers par des artisans qualifi\u00e9es.\",\"breadcrumb\":{\"@id\":\"https:\\\/\\\/www.old.valeriebarkowski.shop\\\/fr\\\/produit\\\/linge-de-bain-lb96-hiro-grigio\\\/#breadcrumb\"},\"inLanguage\":\"fr-FR\",\"potentialAction\":[{\"@type\":\"ReadAction\",\"target\":[\"https:\\\/\\\/www.old.valeriebarkowski.shop\\\/fr\\\/produit\\\/linge-de-bain-lb96-hiro-grigio\\\/\"]}]},{\"@type\":\"ImageObject\",\"inLanguage\":\"fr-FR\",\"@id\":\"https:\\\/\\\/www.old.valeriebarkowski.shop\\\/fr\\\/produit\\\/linge-de-bain-lb96-hiro-grigio\\\/#primaryimage\",\"url\":\"https:\\\/\\\/www.old.valeriebarkowski.shop\\\/wp-content\\\/uploads\\\/2020\\\/02\\\/drap-bain-eponge-hiro-vbarkowski-gris-grigio.jpg\",\"contentUrl\":\"https:\\\/\\\/www.old.valeriebarkowski.shop\\\/wp-content\\\/uploads\\\/2020\\\/02\\\/drap-bain-eponge-hiro-vbarkowski-gris-grigio.jpg\",\"width\":821,\"height\":821,\"caption\":\"serviettes \u00e9ponge grise hiro valerie barkowski\"},{\"@type\":\"BreadcrumbList\",\"@id\":\"https:\\\/\\\/www.old.valeriebarkowski.shop\\\/fr\\\/produit\\\/linge-de-bain-lb96-hiro-grigio\\\/#breadcrumb\",\"itemListElement\":[{\"@type\":\"ListItem\",\"position\":1,\"name\":\"Home\",\"item\":\"https:\\\/\\\/www.old.valeriebarkowski.shop\\\/fr\\\/\"},{\"@type\":\"ListItem\",\"position\":2,\"name\":\"Boutique\",\"item\":\"https:\\\/\\\/www.old.valeriebarkowski.shop\\\/fr\\\/boutique\\\/\"},{\"@type\":\"ListItem\",\"position\":3,\"name\":\"Linge de bain LB96 HIRO grigio\"}]},{\"@type\":\"WebSite\",\"@id\":\"https:\\\/\\\/www.old.valeriebarkowski.shop\\\/en\\\/#website\",\"url\":\"https:\\\/\\\/www.old.valeriebarkowski.shop\\\/en\\\/\",\"name\":\"The shop by Valerie Barkowski\",\"description\":\"\",\"publisher\":{\"@id\":\"https:\\\/\\\/www.old.valeriebarkowski.shop\\\/en\\\/#organization\"},\"potentialAction\":[{\"@type\":\"SearchAction\",\"target\":{\"@type\":\"EntryPoint\",\"urlTemplate\":\"https:\\\/\\\/www.old.valeriebarkowski.shop\\\/en\\\/?s={search_term_string}\"},\"query-input\":{\"@type\":\"PropertyValueSpecification\",\"valueRequired\":true,\"valueName\":\"search_term_string\"}}],\"inLanguage\":\"fr-FR\"},{\"@type\":\"Organization\",\"@id\":\"https:\\\/\\\/www.old.valeriebarkowski.shop\\\/en\\\/#organization\",\"name\":\"valerie barkowski\",\"url\":\"https:\\\/\\\/www.old.valeriebarkowski.shop\\\/en\\\/\",\"logo\":{\"@type\":\"ImageObject\",\"inLanguage\":\"fr-FR\",\"@id\":\"https:\\\/\\\/www.old.valeriebarkowski.shop\\\/en\\\/#\\\/schema\\\/logo\\\/image\\\/\",\"url\":\"https:\\\/\\\/www.old.valeriebarkowski.shop\\\/wp-content\\\/uploads\\\/2017\\\/02\\\/logo-vb-the-shop-4.png\",\"contentUrl\":\"https:\\\/\\\/www.old.valeriebarkowski.shop\\\/wp-content\\\/uploads\\\/2017\\\/02\\\/logo-vb-the-shop-4.png\",\"width\":437,\"height\":125,\"caption\":\"valerie barkowski\"},\"image\":{\"@id\":\"https:\\\/\\\/www.old.valeriebarkowski.shop\\\/en\\\/#\\\/schema\\\/logo\\\/image\\\/\"},\"sameAs\":[\"https:\\\/\\\/www.facebook.com\\\/valerie.barkowski\",\"https:\\\/\\\/www.instagram.com\\\/webbarkowski\\\/\",\"https:\\\/\\\/fr.pinterest.com\\\/vbarkowski\\\/\"]}]}<\/script>\n<!-- \/ Yoast SEO plugin. -->","yoast_head_json":{"title":"Serviettes de bain Hiro, bord\u00e9e de pompons faits main, ton sur ton noir","description":"Serviettes de bain Hiro en \u00e9ponge blanche 100% coton peign\u00e9. Finition by V.Barkowski, faite \u00e0 la main dans nos ateliers par des artisans qualifi\u00e9es.","robots":{"index":"noindex","follow":"follow","max-snippet":"max-snippet:-1","max-image-preview":"max-image-preview:large","max-video-preview":"max-video-preview:-1"},"og_locale":"fr_FR","og_type":"article","og_title":"Serviettes de bain Hiro, bord\u00e9e de pompons faits main, ton sur ton noir","og_description":"Serviettes de bain Hiro en \u00e9ponge blanche 100% coton peign\u00e9. Finition by V.Barkowski, faite \u00e0 la main dans nos ateliers par des artisans qualifi\u00e9es.","og_url":"https:\/\/www.old.valeriebarkowski.shop\/fr\/produit\/linge-de-bain-lb96-hiro-grigio\/","og_site_name":"The shop by Valerie Barkowski","article_publisher":"https:\/\/www.facebook.com\/valerie.barkowski","article_modified_time":"2020-10-22T12:45:13+00:00","og_image":[{"width":821,"height":821,"url":"https:\/\/www.old.valeriebarkowski.shop\/wp-content\/uploads\/2020\/02\/drap-bain-eponge-hiro-vbarkowski-gris-grigio.jpg","type":"image\/jpeg"}],"twitter_card":"summary_large_image","twitter_misc":{"Dur\u00e9e de lecture estim\u00e9e":"2 minutes"},"schema":{"@context":"https:\/\/schema.org","@graph":[{"@type":"WebPage","@id":"https:\/\/www.old.valeriebarkowski.shop\/fr\/produit\/linge-de-bain-lb96-hiro-grigio\/","url":"https:\/\/www.old.valeriebarkowski.shop\/fr\/produit\/linge-de-bain-lb96-hiro-grigio\/","name":"Serviettes de bain Hiro, bord\u00e9e de pompons faits main, ton sur ton noir","isPartOf":{"@id":"https:\/\/www.old.valeriebarkowski.shop\/en\/#website"},"primaryImageOfPage":{"@id":"https:\/\/www.old.valeriebarkowski.shop\/fr\/produit\/linge-de-bain-lb96-hiro-grigio\/#primaryimage"},"image":{"@id":"https:\/\/www.old.valeriebarkowski.shop\/fr\/produit\/linge-de-bain-lb96-hiro-grigio\/#primaryimage"},"thumbnailUrl":"https:\/\/www.old.valeriebarkowski.shop\/wp-content\/uploads\/2020\/02\/drap-bain-eponge-hiro-vbarkowski-gris-grigio.jpg","datePublished":"2020-02-19T16:18:25+00:00","dateModified":"2020-10-22T12:45:13+00:00","description":"Serviettes de bain Hiro en \u00e9ponge blanche 100% coton peign\u00e9. Finition by V.Barkowski, faite \u00e0 la main dans nos ateliers par des artisans qualifi\u00e9es.","breadcrumb":{"@id":"https:\/\/www.old.valeriebarkowski.shop\/fr\/produit\/linge-de-bain-lb96-hiro-grigio\/#breadcrumb"},"inLanguage":"fr-FR","potentialAction":[{"@type":"ReadAction","target":["https:\/\/www.old.valeriebarkowski.shop\/fr\/produit\/linge-de-bain-lb96-hiro-grigio\/"]}]},{"@type":"ImageObject","inLanguage":"fr-FR","@id":"https:\/\/www.old.valeriebarkowski.shop\/fr\/produit\/linge-de-bain-lb96-hiro-grigio\/#primaryimage","url":"https:\/\/www.old.valeriebarkowski.shop\/wp-content\/uploads\/2020\/02\/drap-bain-eponge-hiro-vbarkowski-gris-grigio.jpg","contentUrl":"https:\/\/www.old.valeriebarkowski.shop\/wp-content\/uploads\/2020\/02\/drap-bain-eponge-hiro-vbarkowski-gris-grigio.jpg","width":821,"height":821,"caption":"serviettes \u00e9ponge grise hiro valerie barkowski"},{"@type":"BreadcrumbList","@id":"https:\/\/www.old.valeriebarkowski.shop\/fr\/produit\/linge-de-bain-lb96-hiro-grigio\/#breadcrumb","itemListElement":[{"@type":"ListItem","position":1,"name":"Home","item":"https:\/\/www.old.valeriebarkowski.shop\/fr\/"},{"@type":"ListItem","position":2,"name":"Boutique","item":"https:\/\/www.old.valeriebarkowski.shop\/fr\/boutique\/"},{"@type":"ListItem","position":3,"name":"Linge de bain LB96 HIRO grigio"}]},{"@type":"WebSite","@id":"https:\/\/www.old.valeriebarkowski.shop\/en\/#website","url":"https:\/\/www.old.valeriebarkowski.shop\/en\/","name":"The shop by Valerie Barkowski","description":"","publisher":{"@id":"https:\/\/www.old.valeriebarkowski.shop\/en\/#organization"},"potentialAction":[{"@type":"SearchAction","target":{"@type":"EntryPoint","urlTemplate":"https:\/\/www.old.valeriebarkowski.shop\/en\/?s={search_term_string}"},"query-input":{"@type":"PropertyValueSpecification","valueRequired":true,"valueName":"search_term_string"}}],"inLanguage":"fr-FR"},{"@type":"Organization","@id":"https:\/\/www.old.valeriebarkowski.shop\/en\/#organization","name":"valerie barkowski","url":"https:\/\/www.old.valeriebarkowski.shop\/en\/","logo":{"@type":"ImageObject","inLanguage":"fr-FR","@id":"https:\/\/www.old.valeriebarkowski.shop\/en\/#\/schema\/logo\/image\/","url":"https:\/\/www.old.valeriebarkowski.shop\/wp-content\/uploads\/2017\/02\/logo-vb-the-shop-4.png","contentUrl":"https:\/\/www.old.valeriebarkowski.shop\/wp-content\/uploads\/2017\/02\/logo-vb-the-shop-4.png","width":437,"height":125,"caption":"valerie barkowski"},"image":{"@id":"https:\/\/www.old.valeriebarkowski.shop\/en\/#\/schema\/logo\/image\/"},"sameAs":["https:\/\/www.facebook.com\/valerie.barkowski","https:\/\/www.instagram.com\/webbarkowski\/","https:\/\/fr.pinterest.com\/vbarkowski\/"]}]}},"_links":{"self":[{"href":"https:\/\/www.old.valeriebarkowski.shop\/fr\/wp-json\/wp\/v2\/product\/6996","targetHints":{"allow":["GET"]}}],"collection":[{"href":"https:\/\/www.old.valeriebarkowski.shop\/fr\/wp-json\/wp\/v2\/product"}],"about":[{"href":"https:\/\/www.old.valeriebarkowski.shop\/fr\/wp-json\/wp\/v2\/types\/product"}],"replies":[{"embeddable":true,"href":"https:\/\/www.old.valeriebarkowski.shop\/fr\/wp-json\/wp\/v2\/comments?post=6996"}],"wp:featuredmedia":[{"embeddable":true,"href":"https:\/\/www.old.valeriebarkowski.shop\/fr\/wp-json\/wp\/v2\/media\/7006"}],"wp:attachment":[{"href":"https:\/\/www.old.valeriebarkowski.shop\/fr\/wp-json\/wp\/v2\/media?parent=6996"}],"wp:term":[{"taxonomy":"product_cat","embeddable":true,"href":"https:\/\/www.old.valeriebarkowski.shop\/fr\/wp-json\/wp\/v2\/product_cat?post=6996"},{"taxonomy":"product_tag","embeddable":true,"href":"https:\/\/www.old.valeriebarkowski.shop\/fr\/wp-json\/wp\/v2\/product_tag?post=6996"}],"curies":[{"name":"wp","href":"https:\/\/api.w.org\/{rel}","templated":true}]}}