{"id":7400,"date":"2020-05-15T17:21:40","date_gmt":"2020-05-15T15:21:40","guid":{"rendered":"https:\/\/www.valeriebarkowski.shop\/?post_type=product&#038;p=7400"},"modified":"2024-05-09T21:31:35","modified_gmt":"2024-05-09T19:31:35","slug":"linge-de-bain-lb18-eponge-brodee-main-memba-noir","status":"publish","type":"product","link":"https:\/\/www.old.valeriebarkowski.shop\/fr\/produit\/linge-de-bain-lb18-eponge-brodee-main-memba-noir\/","title":{"rendered":"Linge de bain amber LB18 broderie MEMBA noire"},"content":{"rendered":"<h2>\u00c9ponge brod\u00e9e main amber MEMBA, brod\u00e9e main.<\/h2>\n<p>La serviette de bain en \u00e9ponge brod\u00e9e main amber MEMBA est en coton de qualit\u00e9. La finition noire est brod\u00e9e \u00e0 la main sur les quatre c\u00f4t\u00e9s de la serviette et plac\u00e9e de mani\u00e8re al\u00e9atoire.<\/p>\n<p>\u201cLe linge de bain MEMBA est n\u00e9 en 2002. J\u2019ai voulu \u00e9toffer l\u2019offre de mes \u00e9ponges en y rajoutant un mod\u00e8le brod\u00e9. Un esprit plus minimal, plus masculin peut-\u00eatre. Le mod\u00e8le <strong><a href=\"https:\/\/www.old.valeriebarkowski.shop\/en\/product\/bath-linen-lb18-lamu-amber\/\" target=\"_blank\" rel=\"noopener noreferrer\">Lamu<\/a><\/strong>, bord\u00e9 de pompons et mod\u00e8le \u00e9ponyme de la marque V.Barkowski depuis plus de 20 ans s&rsquo;harmonise d\u00e9licatement avec la broderie Memba. Les diff\u00e9rentes finitions permettent d&rsquo;avoir une seule couleur d&rsquo;\u00e9ponge dans la salle de bain et de diff\u00e9rencier les set de bain par la finition. Une autre broderie discr\u00e8te et faite \u00e0 la main, la finition <strong><a href=\"https:\/\/www.old.valeriebarkowski.shop\/fr\/produit\/broderie-main-point-avant-trass-noir\/\" target=\"_blank\" rel=\"noopener noreferrer\">Trass<\/a><\/strong>, s&rsquo;assemble bien avec l&rsquo;\u00e9ponge brod\u00e9e main amber Memba.<\/p>\n<p>Celui-ci se marie parfaitement avec les \u00e9ponges bord\u00e9es de pompons. Peut-\u00eatre un peu plus masculin. Chez moi, je m\u00e9lange le mod\u00e8le <span style=\"color: #000000;\"><a style=\"color: #000000;\" href=\"http:\/\/www.old.valeriebarkowski.shop\/fr\/product-category\/linge-bain\/serviettes-bain\/soulayman-pompons\/\">LAMU<\/a><\/span> avec Memba, en gardant la m\u00eame gamme de couleurs.\u201d\u00a0 Le linge de bain haut de gamme MEMBA existe aussi en 4 tailles :<\/p>\n<p><strong>Drap de bain 100 x 150<br \/>\nServiette de bain 50cm x 100cm<\/strong><br \/>\n<strong>Serviette invit\u00e9 30cm x 50cm<\/strong><br \/>\n<strong>Tapis de bain 54cm x 90cm<\/strong><\/p>\n<p>La Marque V.Barkowski, linge de maison raffin\u00e9 et intemporel, s&rsquo;inscrit depuis sa cr\u00e9ation dans une d\u00e9marche de \u00ab\u00a0slow \u00e9conomie\u00a0\u00bb, respectueuse de l&rsquo;homme et des savoir-faire ancestraux qu&rsquo;elle promeut.<\/p>\n<p>Plus d&rsquo;informations sur la collection de linge de maison et sur la fondatrice sur <strong><span style=\"color: #000000;\"><a style=\"color: #000000;\" href=\"http:\/\/valeriebarkowski.com\/irma-linge-de-bain\/\" target=\"_blank\" rel=\"noopener noreferrer\">www.valeriebarkowski.com<\/a><\/span><\/strong><\/p>\n<p>&nbsp;<\/p>\n","protected":false},"excerpt":{"rendered":"<h3><strong>Serviettes de bain + tapis de bain<\/strong><\/h3>\n<p>En \u00e9ponge \u00e9paisse et absorbante 100% coton de qualit\u00e9, bouclette haute 700 gr\/m2, les serviettes de bain Memba sont brod\u00e9es \u00e0 la main avec du fil r\u00e9sistant \u00e0 la d\u00e9coloration.<br \/>\nLe tapis de bain est en \u00e9ponge 100% coton, 1100 gr\/m2.<\/p>\n<p>Ce mod\u00e8le est propos\u00e9 en 4 tailles :<\/p>\n","protected":false},"featured_media":7808,"comment_status":"closed","ping_status":"closed","template":"","meta":[],"product_cat":[16,1281,937,939],"product_tag":[1312,928,927,926,929],"class_list":{"0":"post-7400","1":"product","2":"type-product","3":"status-publish","4":"has-post-thumbnail","6":"product_cat-linge-de-bain-raffine","7":"product_cat-eponge-amber","8":"product_cat-linge-broderies","9":"product_cat-linge-broderies-coloris-multi","10":"product_tag-broderie-noire","11":"product_tag-drap-de-bain-100x150","12":"product_tag-serviette-de-bain-50x100","13":"product_tag-serviette-invite-30x50","14":"product_tag-tapis-de-bain-54x90","16":"first","17":"instock","18":"taxable","19":"shipping-taxable","20":"purchasable","21":"product-type-variable","22":"has-default-attributes"},"yoast_head":"<!-- This site is optimized with the Yoast SEO plugin v27.3 - https:\/\/yoast.com\/product\/yoast-seo-wordpress\/ -->\n<title>\u00c9ponge brod\u00e9e main amber MEMBA - The shop by Valerie Barkowski<\/title>\n<meta name=\"description\" content=\"Serviette de bain en \u00e9ponge brod\u00e9e main amber MEMBA. La broderie borde de mani\u00e8re al\u00e9atoire les 4 c\u00f4t\u00e9s du linge de bain en \u00e9ponge.\" \/>\n<meta name=\"robots\" content=\"noindex, follow, max-snippet:-1, max-image-preview:large, max-video-preview:-1\" \/>\n<meta property=\"og:locale\" content=\"fr_FR\" \/>\n<meta property=\"og:type\" content=\"article\" \/>\n<meta property=\"og:title\" content=\"\u00c9ponge brod\u00e9e main amber MEMBA - The shop by Valerie Barkowski\" \/>\n<meta property=\"og:description\" content=\"Serviette de bain en \u00e9ponge brod\u00e9e main amber MEMBA. La broderie borde de mani\u00e8re al\u00e9atoire les 4 c\u00f4t\u00e9s du linge de bain en \u00e9ponge.\" \/>\n<meta property=\"og:url\" content=\"https:\/\/www.old.valeriebarkowski.shop\/fr\/produit\/linge-de-bain-lb18-eponge-brodee-main-memba-noir\/\" \/>\n<meta property=\"og:site_name\" content=\"The shop by Valerie Barkowski\" \/>\n<meta property=\"article:publisher\" content=\"https:\/\/www.facebook.com\/valerie.barkowski\" \/>\n<meta property=\"article:modified_time\" content=\"2024-05-09T19:31:35+00:00\" \/>\n<meta property=\"og:image\" content=\"https:\/\/www.old.valeriebarkowski.shop\/wp-content\/uploads\/2020\/05\/MEMBA-linge-bain-eponge-ambre-fintion-noire-plie.jpg\" \/>\n\t<meta property=\"og:image:width\" content=\"1181\" \/>\n\t<meta property=\"og:image:height\" content=\"1181\" \/>\n\t<meta property=\"og:image:type\" content=\"image\/jpeg\" \/>\n<meta name=\"twitter:card\" content=\"summary_large_image\" \/>\n<meta name=\"twitter:label1\" content=\"Dur\u00e9e de lecture estim\u00e9e\" \/>\n\t<meta name=\"twitter:data1\" content=\"2 minutes\" \/>\n<script type=\"application\/ld+json\" class=\"yoast-schema-graph\">{\"@context\":\"https:\\\/\\\/schema.org\",\"@graph\":[{\"@type\":\"WebPage\",\"@id\":\"https:\\\/\\\/www.old.valeriebarkowski.shop\\\/fr\\\/produit\\\/linge-de-bain-lb18-eponge-brodee-main-memba-noir\\\/\",\"url\":\"https:\\\/\\\/www.old.valeriebarkowski.shop\\\/fr\\\/produit\\\/linge-de-bain-lb18-eponge-brodee-main-memba-noir\\\/\",\"name\":\"\u00c9ponge brod\u00e9e main amber MEMBA - The shop by Valerie Barkowski\",\"isPartOf\":{\"@id\":\"https:\\\/\\\/www.old.valeriebarkowski.shop\\\/en\\\/#website\"},\"primaryImageOfPage\":{\"@id\":\"https:\\\/\\\/www.old.valeriebarkowski.shop\\\/fr\\\/produit\\\/linge-de-bain-lb18-eponge-brodee-main-memba-noir\\\/#primaryimage\"},\"image\":{\"@id\":\"https:\\\/\\\/www.old.valeriebarkowski.shop\\\/fr\\\/produit\\\/linge-de-bain-lb18-eponge-brodee-main-memba-noir\\\/#primaryimage\"},\"thumbnailUrl\":\"https:\\\/\\\/www.old.valeriebarkowski.shop\\\/wp-content\\\/uploads\\\/2020\\\/05\\\/MEMBA-linge-bain-eponge-ambre-fintion-noire-plie.jpg\",\"datePublished\":\"2020-05-15T15:21:40+00:00\",\"dateModified\":\"2024-05-09T19:31:35+00:00\",\"description\":\"Serviette de bain en \u00e9ponge brod\u00e9e main amber MEMBA. La broderie borde de mani\u00e8re al\u00e9atoire les 4 c\u00f4t\u00e9s du linge de bain en \u00e9ponge.\",\"breadcrumb\":{\"@id\":\"https:\\\/\\\/www.old.valeriebarkowski.shop\\\/fr\\\/produit\\\/linge-de-bain-lb18-eponge-brodee-main-memba-noir\\\/#breadcrumb\"},\"inLanguage\":\"fr-FR\",\"potentialAction\":[{\"@type\":\"ReadAction\",\"target\":[\"https:\\\/\\\/www.old.valeriebarkowski.shop\\\/fr\\\/produit\\\/linge-de-bain-lb18-eponge-brodee-main-memba-noir\\\/\"]}]},{\"@type\":\"ImageObject\",\"inLanguage\":\"fr-FR\",\"@id\":\"https:\\\/\\\/www.old.valeriebarkowski.shop\\\/fr\\\/produit\\\/linge-de-bain-lb18-eponge-brodee-main-memba-noir\\\/#primaryimage\",\"url\":\"https:\\\/\\\/www.old.valeriebarkowski.shop\\\/wp-content\\\/uploads\\\/2020\\\/05\\\/MEMBA-linge-bain-eponge-ambre-fintion-noire-plie.jpg\",\"contentUrl\":\"https:\\\/\\\/www.old.valeriebarkowski.shop\\\/wp-content\\\/uploads\\\/2020\\\/05\\\/MEMBA-linge-bain-eponge-ambre-fintion-noire-plie.jpg\",\"width\":1181,\"height\":1181,\"caption\":\"serviette bain \u00e9ponge ambre brod\u00e9e main\"},{\"@type\":\"BreadcrumbList\",\"@id\":\"https:\\\/\\\/www.old.valeriebarkowski.shop\\\/fr\\\/produit\\\/linge-de-bain-lb18-eponge-brodee-main-memba-noir\\\/#breadcrumb\",\"itemListElement\":[{\"@type\":\"ListItem\",\"position\":1,\"name\":\"Home\",\"item\":\"https:\\\/\\\/www.old.valeriebarkowski.shop\\\/fr\\\/\"},{\"@type\":\"ListItem\",\"position\":2,\"name\":\"Boutique\",\"item\":\"https:\\\/\\\/www.old.valeriebarkowski.shop\\\/fr\\\/boutique\\\/\"},{\"@type\":\"ListItem\",\"position\":3,\"name\":\"Linge de bain amber LB18 broderie MEMBA noire\"}]},{\"@type\":\"WebSite\",\"@id\":\"https:\\\/\\\/www.old.valeriebarkowski.shop\\\/en\\\/#website\",\"url\":\"https:\\\/\\\/www.old.valeriebarkowski.shop\\\/en\\\/\",\"name\":\"The shop by Valerie Barkowski\",\"description\":\"\",\"publisher\":{\"@id\":\"https:\\\/\\\/www.old.valeriebarkowski.shop\\\/en\\\/#organization\"},\"potentialAction\":[{\"@type\":\"SearchAction\",\"target\":{\"@type\":\"EntryPoint\",\"urlTemplate\":\"https:\\\/\\\/www.old.valeriebarkowski.shop\\\/en\\\/?s={search_term_string}\"},\"query-input\":{\"@type\":\"PropertyValueSpecification\",\"valueRequired\":true,\"valueName\":\"search_term_string\"}}],\"inLanguage\":\"fr-FR\"},{\"@type\":\"Organization\",\"@id\":\"https:\\\/\\\/www.old.valeriebarkowski.shop\\\/en\\\/#organization\",\"name\":\"valerie barkowski\",\"url\":\"https:\\\/\\\/www.old.valeriebarkowski.shop\\\/en\\\/\",\"logo\":{\"@type\":\"ImageObject\",\"inLanguage\":\"fr-FR\",\"@id\":\"https:\\\/\\\/www.old.valeriebarkowski.shop\\\/en\\\/#\\\/schema\\\/logo\\\/image\\\/\",\"url\":\"https:\\\/\\\/www.old.valeriebarkowski.shop\\\/wp-content\\\/uploads\\\/2017\\\/02\\\/logo-vb-the-shop-4.png\",\"contentUrl\":\"https:\\\/\\\/www.old.valeriebarkowski.shop\\\/wp-content\\\/uploads\\\/2017\\\/02\\\/logo-vb-the-shop-4.png\",\"width\":437,\"height\":125,\"caption\":\"valerie barkowski\"},\"image\":{\"@id\":\"https:\\\/\\\/www.old.valeriebarkowski.shop\\\/en\\\/#\\\/schema\\\/logo\\\/image\\\/\"},\"sameAs\":[\"https:\\\/\\\/www.facebook.com\\\/valerie.barkowski\",\"https:\\\/\\\/www.instagram.com\\\/webbarkowski\\\/\",\"https:\\\/\\\/fr.pinterest.com\\\/vbarkowski\\\/\"]}]}<\/script>\n<!-- \/ Yoast SEO plugin. -->","yoast_head_json":{"title":"\u00c9ponge brod\u00e9e main amber MEMBA - The shop by Valerie Barkowski","description":"Serviette de bain en \u00e9ponge brod\u00e9e main amber MEMBA. La broderie borde de mani\u00e8re al\u00e9atoire les 4 c\u00f4t\u00e9s du linge de bain en \u00e9ponge.","robots":{"index":"noindex","follow":"follow","max-snippet":"max-snippet:-1","max-image-preview":"max-image-preview:large","max-video-preview":"max-video-preview:-1"},"og_locale":"fr_FR","og_type":"article","og_title":"\u00c9ponge brod\u00e9e main amber MEMBA - The shop by Valerie Barkowski","og_description":"Serviette de bain en \u00e9ponge brod\u00e9e main amber MEMBA. La broderie borde de mani\u00e8re al\u00e9atoire les 4 c\u00f4t\u00e9s du linge de bain en \u00e9ponge.","og_url":"https:\/\/www.old.valeriebarkowski.shop\/fr\/produit\/linge-de-bain-lb18-eponge-brodee-main-memba-noir\/","og_site_name":"The shop by Valerie Barkowski","article_publisher":"https:\/\/www.facebook.com\/valerie.barkowski","article_modified_time":"2024-05-09T19:31:35+00:00","og_image":[{"width":1181,"height":1181,"url":"https:\/\/www.old.valeriebarkowski.shop\/wp-content\/uploads\/2020\/05\/MEMBA-linge-bain-eponge-ambre-fintion-noire-plie.jpg","type":"image\/jpeg"}],"twitter_card":"summary_large_image","twitter_misc":{"Dur\u00e9e de lecture estim\u00e9e":"2 minutes"},"schema":{"@context":"https:\/\/schema.org","@graph":[{"@type":"WebPage","@id":"https:\/\/www.old.valeriebarkowski.shop\/fr\/produit\/linge-de-bain-lb18-eponge-brodee-main-memba-noir\/","url":"https:\/\/www.old.valeriebarkowski.shop\/fr\/produit\/linge-de-bain-lb18-eponge-brodee-main-memba-noir\/","name":"\u00c9ponge brod\u00e9e main amber MEMBA - The shop by Valerie Barkowski","isPartOf":{"@id":"https:\/\/www.old.valeriebarkowski.shop\/en\/#website"},"primaryImageOfPage":{"@id":"https:\/\/www.old.valeriebarkowski.shop\/fr\/produit\/linge-de-bain-lb18-eponge-brodee-main-memba-noir\/#primaryimage"},"image":{"@id":"https:\/\/www.old.valeriebarkowski.shop\/fr\/produit\/linge-de-bain-lb18-eponge-brodee-main-memba-noir\/#primaryimage"},"thumbnailUrl":"https:\/\/www.old.valeriebarkowski.shop\/wp-content\/uploads\/2020\/05\/MEMBA-linge-bain-eponge-ambre-fintion-noire-plie.jpg","datePublished":"2020-05-15T15:21:40+00:00","dateModified":"2024-05-09T19:31:35+00:00","description":"Serviette de bain en \u00e9ponge brod\u00e9e main amber MEMBA. La broderie borde de mani\u00e8re al\u00e9atoire les 4 c\u00f4t\u00e9s du linge de bain en \u00e9ponge.","breadcrumb":{"@id":"https:\/\/www.old.valeriebarkowski.shop\/fr\/produit\/linge-de-bain-lb18-eponge-brodee-main-memba-noir\/#breadcrumb"},"inLanguage":"fr-FR","potentialAction":[{"@type":"ReadAction","target":["https:\/\/www.old.valeriebarkowski.shop\/fr\/produit\/linge-de-bain-lb18-eponge-brodee-main-memba-noir\/"]}]},{"@type":"ImageObject","inLanguage":"fr-FR","@id":"https:\/\/www.old.valeriebarkowski.shop\/fr\/produit\/linge-de-bain-lb18-eponge-brodee-main-memba-noir\/#primaryimage","url":"https:\/\/www.old.valeriebarkowski.shop\/wp-content\/uploads\/2020\/05\/MEMBA-linge-bain-eponge-ambre-fintion-noire-plie.jpg","contentUrl":"https:\/\/www.old.valeriebarkowski.shop\/wp-content\/uploads\/2020\/05\/MEMBA-linge-bain-eponge-ambre-fintion-noire-plie.jpg","width":1181,"height":1181,"caption":"serviette bain \u00e9ponge ambre brod\u00e9e main"},{"@type":"BreadcrumbList","@id":"https:\/\/www.old.valeriebarkowski.shop\/fr\/produit\/linge-de-bain-lb18-eponge-brodee-main-memba-noir\/#breadcrumb","itemListElement":[{"@type":"ListItem","position":1,"name":"Home","item":"https:\/\/www.old.valeriebarkowski.shop\/fr\/"},{"@type":"ListItem","position":2,"name":"Boutique","item":"https:\/\/www.old.valeriebarkowski.shop\/fr\/boutique\/"},{"@type":"ListItem","position":3,"name":"Linge de bain amber LB18 broderie MEMBA noire"}]},{"@type":"WebSite","@id":"https:\/\/www.old.valeriebarkowski.shop\/en\/#website","url":"https:\/\/www.old.valeriebarkowski.shop\/en\/","name":"The shop by Valerie Barkowski","description":"","publisher":{"@id":"https:\/\/www.old.valeriebarkowski.shop\/en\/#organization"},"potentialAction":[{"@type":"SearchAction","target":{"@type":"EntryPoint","urlTemplate":"https:\/\/www.old.valeriebarkowski.shop\/en\/?s={search_term_string}"},"query-input":{"@type":"PropertyValueSpecification","valueRequired":true,"valueName":"search_term_string"}}],"inLanguage":"fr-FR"},{"@type":"Organization","@id":"https:\/\/www.old.valeriebarkowski.shop\/en\/#organization","name":"valerie barkowski","url":"https:\/\/www.old.valeriebarkowski.shop\/en\/","logo":{"@type":"ImageObject","inLanguage":"fr-FR","@id":"https:\/\/www.old.valeriebarkowski.shop\/en\/#\/schema\/logo\/image\/","url":"https:\/\/www.old.valeriebarkowski.shop\/wp-content\/uploads\/2017\/02\/logo-vb-the-shop-4.png","contentUrl":"https:\/\/www.old.valeriebarkowski.shop\/wp-content\/uploads\/2017\/02\/logo-vb-the-shop-4.png","width":437,"height":125,"caption":"valerie barkowski"},"image":{"@id":"https:\/\/www.old.valeriebarkowski.shop\/en\/#\/schema\/logo\/image\/"},"sameAs":["https:\/\/www.facebook.com\/valerie.barkowski","https:\/\/www.instagram.com\/webbarkowski\/","https:\/\/fr.pinterest.com\/vbarkowski\/"]}]}},"_links":{"self":[{"href":"https:\/\/www.old.valeriebarkowski.shop\/fr\/wp-json\/wp\/v2\/product\/7400","targetHints":{"allow":["GET"]}}],"collection":[{"href":"https:\/\/www.old.valeriebarkowski.shop\/fr\/wp-json\/wp\/v2\/product"}],"about":[{"href":"https:\/\/www.old.valeriebarkowski.shop\/fr\/wp-json\/wp\/v2\/types\/product"}],"replies":[{"embeddable":true,"href":"https:\/\/www.old.valeriebarkowski.shop\/fr\/wp-json\/wp\/v2\/comments?post=7400"}],"wp:featuredmedia":[{"embeddable":true,"href":"https:\/\/www.old.valeriebarkowski.shop\/fr\/wp-json\/wp\/v2\/media\/7808"}],"wp:attachment":[{"href":"https:\/\/www.old.valeriebarkowski.shop\/fr\/wp-json\/wp\/v2\/media?parent=7400"}],"wp:term":[{"taxonomy":"product_cat","embeddable":true,"href":"https:\/\/www.old.valeriebarkowski.shop\/fr\/wp-json\/wp\/v2\/product_cat?post=7400"},{"taxonomy":"product_tag","embeddable":true,"href":"https:\/\/www.old.valeriebarkowski.shop\/fr\/wp-json\/wp\/v2\/product_tag?post=7400"}],"curies":[{"name":"wp","href":"https:\/\/api.w.org\/{rel}","templated":true}]}}