{"id":7420,"date":"2020-05-15T17:32:50","date_gmt":"2020-05-15T15:32:50","guid":{"rendered":"https:\/\/www.valeriebarkowski.shop\/?post_type=product&#038;p=7420"},"modified":"2024-03-26T13:20:56","modified_gmt":"2024-03-26T12:20:56","slug":"broderie-main-point-avant-trass-noir","status":"publish","type":"product","link":"https:\/\/www.old.valeriebarkowski.shop\/fr\/produit\/broderie-main-point-avant-trass-noir\/","title":{"rendered":"Linge de bain amber LB18 broderie TRASS noire"},"content":{"rendered":"<h2>Broderie main point avant<\/h2>\n<p>Linge de bain broderie main point avant TRASS, borde les 4 c\u00f4t\u00e9s des serviettes de bain avec du fil r\u00e9sistant \u00e0 la d\u00e9coloration. Eponge de qualit\u00e9 en coton, poids 700 grammes\/m2.<\/p>\n<p>\u201cLe point avant est un point de broderie populaire en Inde. Il m&rsquo;inspire parce qu&rsquo;il est minimal et simple. En m\u00eame temps il faut beaucoup de dext\u00e9rit\u00e9 pour le broder car tous les points doivent avoir une longueur et un espacement identiques.<\/p>\n<p>J\u2019ai eu envie de l\u2019utiliser car il s\u2019associe bien avec les autres broderies et finitions de ma collection de linge de maison haut de gamme. Un point simple, intemporel, de qualit\u00e9 et fait main. Vous trouverez \u00e9galement plus d\u2019informations sur mon travail ici : <span style=\"color: #000000;\"><a style=\"color: #000000;\" href=\"http:\/\/valeriebarkowski.com\/\" target=\"_blank\" rel=\"noopener noreferrer\">www.valeriebarkowski.com\u00a0\u00bb<\/a><\/span><\/p>\n<p>Le linge de bain couleur ambre TRASS existe aussi en 4 tailles :<\/p>\n<p><strong>Drap de bain 100cm x 150cm<br \/>\nServiette de bain 50cm x 100cm<\/strong><br \/>\n<strong>Serviette invit\u00e9 30cm x 50cm<\/strong><br \/>\n<strong>Tapis de bain 54cm x 90cm<\/strong><\/p>\n<p>La broderie Trass noire s&rsquo;accorde avec les finitions du linge de bain ambre : <span style=\"color: #000000;\"><strong><a style=\"color: #000000;\" href=\"https:\/\/www.old.valeriebarkowski.shop\/fr\/produit\/linge-de-bain-lb18-memba-noir\/\" target=\"_blank\" rel=\"noopener noreferrer\">Memba<\/a>, <a style=\"color: #000000;\" href=\"https:\/\/www.old.valeriebarkowski.shop\/fr\/produit\/linge-de-bain-lb-pollux-amber\/\" target=\"_blank\" rel=\"noopener noreferrer\">Pollux<\/a>, <a style=\"color: #000000;\" href=\"https:\/\/www.old.valeriebarkowski.shop\/fr\/produit\/linge-de-bain-lb-lamu-amber\/\" target=\"_blank\" rel=\"noopener noreferrer\">Lamu<\/a>, ..<\/strong>.<\/span><\/p>\n<p>Cette broderie main noire est aussi disponible sur notre linge de bain <span style=\"color: #000000;\"><strong><a style=\"color: #000000;\" href=\"https:\/\/www.old.valeriebarkowski.shop\/fr\/product-category\/linge-bain\/linge-bain-gris-fonce\/\" target=\"_blank\" rel=\"noopener noreferrer\">gris fonc\u00e9<\/a><\/strong>.<\/span><\/p>\n<p>Pour les commandes de serviettes de bain en \u00e9ponge blanche il est possible de personnaliser la couleur de la broderie Trass. Nous vous proposons une vari\u00e9t\u00e9 de coloris standards <span style=\"color: #000000;\"><strong><a style=\"color: #000000;\" href=\"https:\/\/www.old.valeriebarkowski.shop\/fr\/product-category\/linge-bain\/linge-bain-blanc\/trass-broderies\/\" target=\"_blank\" rel=\"noopener noreferrer\">ici<\/a><\/strong><\/span>. Pour toute demande sp\u00e9ciale vous pouvez nous \u00e9crire \u00e0 sales@valeriebarkowski.com.<\/p>\n<p>Cr\u00e9ativit\u00e9, qualit\u00e9, respect, intemporalit\u00e9 sont les mots-cl\u00e9s que nous caract\u00e9risent depuis la cr\u00e9ation de nos premiers mod\u00e8les en 1997. Nos collections \u00e9taient vendues chez Caravane \u00e0 Paris, au d\u00e9but des ann\u00e9es 2000. Aujourd&rsquo;hui nous avons encore des clients qui utilisent notre linge achet\u00e9 \u00e0 cette \u00e9poque. Nous sommes fiers de voir nos produits traverser le temps, comme les trousseaux de linge de maison des mari\u00e9es au temps de nos m\u00e8res et grand-m\u00e8res.<\/p>\n<p><a href=\"http:\/\/www.darkawa.net\" target=\"_blank\" rel=\"noopener noreferrer\">Dar Kawa<\/a>, notre riad \u00e0 Marrakech s&rsquo;inscrit dans la m\u00eame philosophie.<\/p>\n","protected":false},"excerpt":{"rendered":"<h3><strong>Serviettes de bain<\/strong><\/h3>\n<p>La broderie, fait main en point avant, borde les 4 c\u00f4t\u00e9s de la serviette en coton \u00e0 bouclette haute.<br \/>\n\u00c9ponge 100% coton peign\u00e9, 700gr\/m2<\/p>\n<p>Ce mod\u00e8le est propos\u00e9 en 4 tailles :<\/p>\n","protected":false},"featured_media":7810,"comment_status":"closed","ping_status":"closed","template":"","meta":[],"product_cat":[16,1281,937,938],"product_tag":[928,966,927,926,929,967,952],"class_list":{"0":"post-7420","1":"product","2":"type-product","3":"status-publish","4":"has-post-thumbnail","6":"product_cat-linge-de-bain-raffine","7":"product_cat-eponge-amber","8":"product_cat-linge-broderies","9":"product_cat-linge-broderies-coloris-unis","10":"product_tag-drap-de-bain-100x150","11":"product_tag-noir","12":"product_tag-serviette-de-bain-50x100","13":"product_tag-serviette-invite-30x50","14":"product_tag-tapis-de-bain-54x90","15":"product_tag-trass","16":"product_tag-uni-noir","18":"first","19":"instock","20":"taxable","21":"shipping-taxable","22":"purchasable","23":"product-type-variable","24":"has-default-attributes"},"yoast_head":"<!-- This site is optimized with the Yoast SEO plugin v27.3 - https:\/\/yoast.com\/product\/yoast-seo-wordpress\/ -->\n<title>Broderie main point avant Trass, \u00e9ponge ambre brod\u00e9e en noir<\/title>\n<meta name=\"description\" content=\"Linge de bain broderie main point avant. Serviettes de bain en \u00e9ponge \u00e9paisse 700 gr finition TRASS noir. 100% coton peign\u00e9 longues fibres.\" \/>\n<meta name=\"robots\" content=\"noindex, follow, max-snippet:-1, max-image-preview:large, max-video-preview:-1\" \/>\n<meta property=\"og:locale\" content=\"fr_FR\" \/>\n<meta property=\"og:type\" content=\"article\" \/>\n<meta property=\"og:title\" content=\"Broderie main point avant Trass, \u00e9ponge ambre brod\u00e9e en noir\" \/>\n<meta property=\"og:description\" content=\"Linge de bain broderie main point avant. Serviettes de bain en \u00e9ponge \u00e9paisse 700 gr finition TRASS noir. 100% coton peign\u00e9 longues fibres.\" \/>\n<meta property=\"og:url\" content=\"https:\/\/www.old.valeriebarkowski.shop\/fr\/produit\/broderie-main-point-avant-trass-noir\/\" \/>\n<meta property=\"og:site_name\" content=\"The shop by Valerie Barkowski\" \/>\n<meta property=\"article:publisher\" content=\"https:\/\/www.facebook.com\/valerie.barkowski\" \/>\n<meta property=\"article:modified_time\" content=\"2024-03-26T12:20:56+00:00\" \/>\n<meta property=\"og:image\" content=\"https:\/\/www.old.valeriebarkowski.shop\/wp-content\/uploads\/2020\/05\/TRASS-linge-bain-eponge-ambre-fintion-noire-plie\u0301.jpg\" \/>\n\t<meta property=\"og:image:width\" content=\"1104\" \/>\n\t<meta property=\"og:image:height\" content=\"1104\" \/>\n\t<meta property=\"og:image:type\" content=\"image\/jpeg\" \/>\n<meta name=\"twitter:card\" content=\"summary_large_image\" \/>\n<meta name=\"twitter:label1\" content=\"Dur\u00e9e de lecture estim\u00e9e\" \/>\n\t<meta name=\"twitter:data1\" content=\"2 minutes\" \/>\n<script type=\"application\/ld+json\" class=\"yoast-schema-graph\">{\"@context\":\"https:\\\/\\\/schema.org\",\"@graph\":[{\"@type\":\"WebPage\",\"@id\":\"https:\\\/\\\/www.old.valeriebarkowski.shop\\\/fr\\\/produit\\\/broderie-main-point-avant-trass-noir\\\/\",\"url\":\"https:\\\/\\\/www.old.valeriebarkowski.shop\\\/fr\\\/produit\\\/broderie-main-point-avant-trass-noir\\\/\",\"name\":\"Broderie main point avant Trass, \u00e9ponge ambre brod\u00e9e en noir\",\"isPartOf\":{\"@id\":\"https:\\\/\\\/www.old.valeriebarkowski.shop\\\/en\\\/#website\"},\"primaryImageOfPage\":{\"@id\":\"https:\\\/\\\/www.old.valeriebarkowski.shop\\\/fr\\\/produit\\\/broderie-main-point-avant-trass-noir\\\/#primaryimage\"},\"image\":{\"@id\":\"https:\\\/\\\/www.old.valeriebarkowski.shop\\\/fr\\\/produit\\\/broderie-main-point-avant-trass-noir\\\/#primaryimage\"},\"thumbnailUrl\":\"https:\\\/\\\/www.old.valeriebarkowski.shop\\\/wp-content\\\/uploads\\\/2020\\\/05\\\/TRASS-linge-bain-eponge-ambre-fintion-noire-plie\u0301.jpg\",\"datePublished\":\"2020-05-15T15:32:50+00:00\",\"dateModified\":\"2024-03-26T12:20:56+00:00\",\"description\":\"Linge de bain broderie main point avant. Serviettes de bain en \u00e9ponge \u00e9paisse 700 gr finition TRASS noir. 100% coton peign\u00e9 longues fibres.\",\"breadcrumb\":{\"@id\":\"https:\\\/\\\/www.old.valeriebarkowski.shop\\\/fr\\\/produit\\\/broderie-main-point-avant-trass-noir\\\/#breadcrumb\"},\"inLanguage\":\"fr-FR\",\"potentialAction\":[{\"@type\":\"ReadAction\",\"target\":[\"https:\\\/\\\/www.old.valeriebarkowski.shop\\\/fr\\\/produit\\\/broderie-main-point-avant-trass-noir\\\/\"]}]},{\"@type\":\"ImageObject\",\"inLanguage\":\"fr-FR\",\"@id\":\"https:\\\/\\\/www.old.valeriebarkowski.shop\\\/fr\\\/produit\\\/broderie-main-point-avant-trass-noir\\\/#primaryimage\",\"url\":\"https:\\\/\\\/www.old.valeriebarkowski.shop\\\/wp-content\\\/uploads\\\/2020\\\/05\\\/TRASS-linge-bain-eponge-ambre-fintion-noire-plie\u0301.jpg\",\"contentUrl\":\"https:\\\/\\\/www.old.valeriebarkowski.shop\\\/wp-content\\\/uploads\\\/2020\\\/05\\\/TRASS-linge-bain-eponge-ambre-fintion-noire-plie\u0301.jpg\",\"width\":1104,\"height\":1104,\"caption\":\"serviettes \u00e9ponge luxueuses ambre broderie point avant\"},{\"@type\":\"BreadcrumbList\",\"@id\":\"https:\\\/\\\/www.old.valeriebarkowski.shop\\\/fr\\\/produit\\\/broderie-main-point-avant-trass-noir\\\/#breadcrumb\",\"itemListElement\":[{\"@type\":\"ListItem\",\"position\":1,\"name\":\"Home\",\"item\":\"https:\\\/\\\/www.old.valeriebarkowski.shop\\\/fr\\\/\"},{\"@type\":\"ListItem\",\"position\":2,\"name\":\"Boutique\",\"item\":\"https:\\\/\\\/www.old.valeriebarkowski.shop\\\/fr\\\/boutique\\\/\"},{\"@type\":\"ListItem\",\"position\":3,\"name\":\"Linge de bain amber LB18 broderie TRASS noire\"}]},{\"@type\":\"WebSite\",\"@id\":\"https:\\\/\\\/www.old.valeriebarkowski.shop\\\/en\\\/#website\",\"url\":\"https:\\\/\\\/www.old.valeriebarkowski.shop\\\/en\\\/\",\"name\":\"The shop by Valerie Barkowski\",\"description\":\"\",\"publisher\":{\"@id\":\"https:\\\/\\\/www.old.valeriebarkowski.shop\\\/en\\\/#organization\"},\"potentialAction\":[{\"@type\":\"SearchAction\",\"target\":{\"@type\":\"EntryPoint\",\"urlTemplate\":\"https:\\\/\\\/www.old.valeriebarkowski.shop\\\/en\\\/?s={search_term_string}\"},\"query-input\":{\"@type\":\"PropertyValueSpecification\",\"valueRequired\":true,\"valueName\":\"search_term_string\"}}],\"inLanguage\":\"fr-FR\"},{\"@type\":\"Organization\",\"@id\":\"https:\\\/\\\/www.old.valeriebarkowski.shop\\\/en\\\/#organization\",\"name\":\"valerie barkowski\",\"url\":\"https:\\\/\\\/www.old.valeriebarkowski.shop\\\/en\\\/\",\"logo\":{\"@type\":\"ImageObject\",\"inLanguage\":\"fr-FR\",\"@id\":\"https:\\\/\\\/www.old.valeriebarkowski.shop\\\/en\\\/#\\\/schema\\\/logo\\\/image\\\/\",\"url\":\"https:\\\/\\\/www.old.valeriebarkowski.shop\\\/wp-content\\\/uploads\\\/2017\\\/02\\\/logo-vb-the-shop-4.png\",\"contentUrl\":\"https:\\\/\\\/www.old.valeriebarkowski.shop\\\/wp-content\\\/uploads\\\/2017\\\/02\\\/logo-vb-the-shop-4.png\",\"width\":437,\"height\":125,\"caption\":\"valerie barkowski\"},\"image\":{\"@id\":\"https:\\\/\\\/www.old.valeriebarkowski.shop\\\/en\\\/#\\\/schema\\\/logo\\\/image\\\/\"},\"sameAs\":[\"https:\\\/\\\/www.facebook.com\\\/valerie.barkowski\",\"https:\\\/\\\/www.instagram.com\\\/webbarkowski\\\/\",\"https:\\\/\\\/fr.pinterest.com\\\/vbarkowski\\\/\"]}]}<\/script>\n<!-- \/ Yoast SEO plugin. -->","yoast_head_json":{"title":"Broderie main point avant Trass, \u00e9ponge ambre brod\u00e9e en noir","description":"Linge de bain broderie main point avant. Serviettes de bain en \u00e9ponge \u00e9paisse 700 gr finition TRASS noir. 100% coton peign\u00e9 longues fibres.","robots":{"index":"noindex","follow":"follow","max-snippet":"max-snippet:-1","max-image-preview":"max-image-preview:large","max-video-preview":"max-video-preview:-1"},"og_locale":"fr_FR","og_type":"article","og_title":"Broderie main point avant Trass, \u00e9ponge ambre brod\u00e9e en noir","og_description":"Linge de bain broderie main point avant. Serviettes de bain en \u00e9ponge \u00e9paisse 700 gr finition TRASS noir. 100% coton peign\u00e9 longues fibres.","og_url":"https:\/\/www.old.valeriebarkowski.shop\/fr\/produit\/broderie-main-point-avant-trass-noir\/","og_site_name":"The shop by Valerie Barkowski","article_publisher":"https:\/\/www.facebook.com\/valerie.barkowski","article_modified_time":"2024-03-26T12:20:56+00:00","og_image":[{"width":1104,"height":1104,"url":"https:\/\/www.old.valeriebarkowski.shop\/wp-content\/uploads\/2020\/05\/TRASS-linge-bain-eponge-ambre-fintion-noire-plie\u0301.jpg","type":"image\/jpeg"}],"twitter_card":"summary_large_image","twitter_misc":{"Dur\u00e9e de lecture estim\u00e9e":"2 minutes"},"schema":{"@context":"https:\/\/schema.org","@graph":[{"@type":"WebPage","@id":"https:\/\/www.old.valeriebarkowski.shop\/fr\/produit\/broderie-main-point-avant-trass-noir\/","url":"https:\/\/www.old.valeriebarkowski.shop\/fr\/produit\/broderie-main-point-avant-trass-noir\/","name":"Broderie main point avant Trass, \u00e9ponge ambre brod\u00e9e en noir","isPartOf":{"@id":"https:\/\/www.old.valeriebarkowski.shop\/en\/#website"},"primaryImageOfPage":{"@id":"https:\/\/www.old.valeriebarkowski.shop\/fr\/produit\/broderie-main-point-avant-trass-noir\/#primaryimage"},"image":{"@id":"https:\/\/www.old.valeriebarkowski.shop\/fr\/produit\/broderie-main-point-avant-trass-noir\/#primaryimage"},"thumbnailUrl":"https:\/\/www.old.valeriebarkowski.shop\/wp-content\/uploads\/2020\/05\/TRASS-linge-bain-eponge-ambre-fintion-noire-plie\u0301.jpg","datePublished":"2020-05-15T15:32:50+00:00","dateModified":"2024-03-26T12:20:56+00:00","description":"Linge de bain broderie main point avant. Serviettes de bain en \u00e9ponge \u00e9paisse 700 gr finition TRASS noir. 100% coton peign\u00e9 longues fibres.","breadcrumb":{"@id":"https:\/\/www.old.valeriebarkowski.shop\/fr\/produit\/broderie-main-point-avant-trass-noir\/#breadcrumb"},"inLanguage":"fr-FR","potentialAction":[{"@type":"ReadAction","target":["https:\/\/www.old.valeriebarkowski.shop\/fr\/produit\/broderie-main-point-avant-trass-noir\/"]}]},{"@type":"ImageObject","inLanguage":"fr-FR","@id":"https:\/\/www.old.valeriebarkowski.shop\/fr\/produit\/broderie-main-point-avant-trass-noir\/#primaryimage","url":"https:\/\/www.old.valeriebarkowski.shop\/wp-content\/uploads\/2020\/05\/TRASS-linge-bain-eponge-ambre-fintion-noire-plie\u0301.jpg","contentUrl":"https:\/\/www.old.valeriebarkowski.shop\/wp-content\/uploads\/2020\/05\/TRASS-linge-bain-eponge-ambre-fintion-noire-plie\u0301.jpg","width":1104,"height":1104,"caption":"serviettes \u00e9ponge luxueuses ambre broderie point avant"},{"@type":"BreadcrumbList","@id":"https:\/\/www.old.valeriebarkowski.shop\/fr\/produit\/broderie-main-point-avant-trass-noir\/#breadcrumb","itemListElement":[{"@type":"ListItem","position":1,"name":"Home","item":"https:\/\/www.old.valeriebarkowski.shop\/fr\/"},{"@type":"ListItem","position":2,"name":"Boutique","item":"https:\/\/www.old.valeriebarkowski.shop\/fr\/boutique\/"},{"@type":"ListItem","position":3,"name":"Linge de bain amber LB18 broderie TRASS noire"}]},{"@type":"WebSite","@id":"https:\/\/www.old.valeriebarkowski.shop\/en\/#website","url":"https:\/\/www.old.valeriebarkowski.shop\/en\/","name":"The shop by Valerie Barkowski","description":"","publisher":{"@id":"https:\/\/www.old.valeriebarkowski.shop\/en\/#organization"},"potentialAction":[{"@type":"SearchAction","target":{"@type":"EntryPoint","urlTemplate":"https:\/\/www.old.valeriebarkowski.shop\/en\/?s={search_term_string}"},"query-input":{"@type":"PropertyValueSpecification","valueRequired":true,"valueName":"search_term_string"}}],"inLanguage":"fr-FR"},{"@type":"Organization","@id":"https:\/\/www.old.valeriebarkowski.shop\/en\/#organization","name":"valerie barkowski","url":"https:\/\/www.old.valeriebarkowski.shop\/en\/","logo":{"@type":"ImageObject","inLanguage":"fr-FR","@id":"https:\/\/www.old.valeriebarkowski.shop\/en\/#\/schema\/logo\/image\/","url":"https:\/\/www.old.valeriebarkowski.shop\/wp-content\/uploads\/2017\/02\/logo-vb-the-shop-4.png","contentUrl":"https:\/\/www.old.valeriebarkowski.shop\/wp-content\/uploads\/2017\/02\/logo-vb-the-shop-4.png","width":437,"height":125,"caption":"valerie barkowski"},"image":{"@id":"https:\/\/www.old.valeriebarkowski.shop\/en\/#\/schema\/logo\/image\/"},"sameAs":["https:\/\/www.facebook.com\/valerie.barkowski","https:\/\/www.instagram.com\/webbarkowski\/","https:\/\/fr.pinterest.com\/vbarkowski\/"]}]}},"_links":{"self":[{"href":"https:\/\/www.old.valeriebarkowski.shop\/fr\/wp-json\/wp\/v2\/product\/7420","targetHints":{"allow":["GET"]}}],"collection":[{"href":"https:\/\/www.old.valeriebarkowski.shop\/fr\/wp-json\/wp\/v2\/product"}],"about":[{"href":"https:\/\/www.old.valeriebarkowski.shop\/fr\/wp-json\/wp\/v2\/types\/product"}],"replies":[{"embeddable":true,"href":"https:\/\/www.old.valeriebarkowski.shop\/fr\/wp-json\/wp\/v2\/comments?post=7420"}],"wp:featuredmedia":[{"embeddable":true,"href":"https:\/\/www.old.valeriebarkowski.shop\/fr\/wp-json\/wp\/v2\/media\/7810"}],"wp:attachment":[{"href":"https:\/\/www.old.valeriebarkowski.shop\/fr\/wp-json\/wp\/v2\/media?parent=7420"}],"wp:term":[{"taxonomy":"product_cat","embeddable":true,"href":"https:\/\/www.old.valeriebarkowski.shop\/fr\/wp-json\/wp\/v2\/product_cat?post=7420"},{"taxonomy":"product_tag","embeddable":true,"href":"https:\/\/www.old.valeriebarkowski.shop\/fr\/wp-json\/wp\/v2\/product_tag?post=7420"}],"curies":[{"name":"wp","href":"https:\/\/api.w.org\/{rel}","templated":true}]}}