{"id":8271,"date":"2020-09-11T13:01:28","date_gmt":"2020-09-11T11:01:28","guid":{"rendered":"https:\/\/www.valeriebarkowski.shop\/?post_type=product&#038;p=8271"},"modified":"2025-04-17T15:44:38","modified_gmt":"2025-04-17T13:44:38","slug":"housse-de-coussin-hana-14b-hc01","status":"publish","type":"product","link":"https:\/\/www.old.valeriebarkowski.shop\/fr\/produit\/housse-de-coussin-hana-14b-hc01\/","title":{"rendered":"Housse de coussin HANA 14B"},"content":{"rendered":"<h2>Housse de coussin HANA 14B<\/h2>\n<p>La housse de coussin HANA 14B est une housse 100% coton, brod\u00e9e en fil noir d&rsquo;un fragment du motif v\u00e9g\u00e9tal imaginaire, Hana 14.<br \/>\nLe mod\u00e8le 50cm x 50cm se ferme avec des boutons alors que la housse 60cm x 60cm se ferme avec des lichettes \u00e0 nouer.<\/p>\n<p>Pour en savoir plus : <a href=\"http:\/\/valeriebarkowski.com\/black-embroideries-handmade-marrakech\/\" target=\"_blank\" rel=\"noopener noreferrer\">www.valeriebarkowski.com<\/a><\/p>\n<p>La housse de coussin HANA 14B est disponible en deux dimensions \u00a0:<br \/>\n<strong>Housse de coussin 50cmx50cm<\/strong><br \/>\n<strong>Housse de coussin 60cmx60cm<\/strong><\/p>\n","protected":false},"excerpt":{"rendered":"<h3 class=\"p1\">Housse de coussin<\/h3>\n<p>Housse de coussin brod\u00e9e en fil noir d&rsquo;un d\u00e9tail du motif v\u00e9g\u00e9tal imaginaire, Hana 14. 100% coton.<\/p>\n<p>Ce mod\u00e8le est disponible en 2 tailles :<\/p>\n<p><strong>Housse de coussin 50cmx50cm<\/strong><br \/>\n<strong>Housse de coussin 60cmx60cm<\/strong><\/p>\n","protected":false},"featured_media":8259,"comment_status":"closed","ping_status":"closed","template":"","meta":[],"product_cat":[937,1008,1010,47,130],"product_tag":[1495,1487,1001,1494,1005,1004,966,1489,1492],"class_list":{"0":"post-8271","1":"product","2":"type-product","3":"status-publish","4":"has-post-thumbnail","6":"product_cat-linge-broderies","7":"product_cat-passementeries-coloris-unis","8":"product_cat-pompons-coloris-unis","9":"product_cat-accessoires-pour-la-maison","10":"product_cat-housse-coussin","11":"product_tag-broderie-aleatoire","12":"product_tag-broderie-main","13":"product_tag-coton-ecru","14":"product_tag-fleur","15":"product_tag-housse-de-coussin-50x50cm","16":"product_tag-housse-de-coussin-60x60cm","17":"product_tag-noir","18":"product_tag-organique","19":"product_tag-vegetal","21":"first","22":"instock","23":"featured","24":"taxable","25":"shipping-taxable","26":"purchasable","27":"product-type-variable","28":"has-default-attributes"},"yoast_head":"<!-- This site is optimized with the Yoast SEO plugin v27.3 - https:\/\/yoast.com\/product\/yoast-seo-wordpress\/ -->\n<title>Housse de coussin Hana 14b brod\u00e9e main d&#039;un fragment de motif v\u00e9g\u00e9tal<\/title>\n<meta name=\"description\" content=\"La housse de coussin Hana 14b est 100% coton, brod\u00e9e en fil de coton noir d&#039;un fragment de motif v\u00e9g\u00e9tal imaginaire. Design V.Barkowski\" \/>\n<meta name=\"robots\" content=\"noindex, follow, max-snippet:-1, max-image-preview:large, max-video-preview:-1\" \/>\n<meta property=\"og:locale\" content=\"fr_FR\" \/>\n<meta property=\"og:type\" content=\"article\" \/>\n<meta property=\"og:title\" content=\"Housse de coussin Hana 14b brod\u00e9e main d&#039;un fragment de motif v\u00e9g\u00e9tal\" \/>\n<meta property=\"og:description\" content=\"La housse de coussin Hana 14b est 100% coton, brod\u00e9e en fil de coton noir d&#039;un fragment de motif v\u00e9g\u00e9tal imaginaire. Design V.Barkowski\" \/>\n<meta property=\"og:url\" content=\"https:\/\/www.old.valeriebarkowski.shop\/fr\/produit\/housse-de-coussin-hana-14b-hc01\/\" \/>\n<meta property=\"og:site_name\" content=\"The shop by Valerie Barkowski\" \/>\n<meta property=\"article:publisher\" content=\"https:\/\/www.facebook.com\/valerie.barkowski\" \/>\n<meta property=\"article:modified_time\" content=\"2025-04-17T13:44:38+00:00\" \/>\n<meta property=\"og:image\" content=\"https:\/\/www.old.valeriebarkowski.shop\/wp-content\/uploads\/2020\/09\/Housse-coussin-ecru-HANA14B-noir-fil-valeriebarkowski.jpg\" \/>\n\t<meta property=\"og:image:width\" content=\"922\" \/>\n\t<meta property=\"og:image:height\" content=\"922\" \/>\n\t<meta property=\"og:image:type\" content=\"image\/jpeg\" \/>\n<meta name=\"twitter:card\" content=\"summary_large_image\" \/>\n<script type=\"application\/ld+json\" class=\"yoast-schema-graph\">{\"@context\":\"https:\\\/\\\/schema.org\",\"@graph\":[{\"@type\":\"WebPage\",\"@id\":\"https:\\\/\\\/www.old.valeriebarkowski.shop\\\/fr\\\/produit\\\/housse-de-coussin-hana-14b-hc01\\\/\",\"url\":\"https:\\\/\\\/www.old.valeriebarkowski.shop\\\/fr\\\/produit\\\/housse-de-coussin-hana-14b-hc01\\\/\",\"name\":\"Housse de coussin Hana 14b brod\u00e9e main d'un fragment de motif v\u00e9g\u00e9tal\",\"isPartOf\":{\"@id\":\"https:\\\/\\\/www.old.valeriebarkowski.shop\\\/en\\\/#website\"},\"primaryImageOfPage\":{\"@id\":\"https:\\\/\\\/www.old.valeriebarkowski.shop\\\/fr\\\/produit\\\/housse-de-coussin-hana-14b-hc01\\\/#primaryimage\"},\"image\":{\"@id\":\"https:\\\/\\\/www.old.valeriebarkowski.shop\\\/fr\\\/produit\\\/housse-de-coussin-hana-14b-hc01\\\/#primaryimage\"},\"thumbnailUrl\":\"https:\\\/\\\/www.old.valeriebarkowski.shop\\\/wp-content\\\/uploads\\\/2020\\\/09\\\/Housse-coussin-ecru-HANA14B-noir-fil-valeriebarkowski.jpg\",\"datePublished\":\"2020-09-11T11:01:28+00:00\",\"dateModified\":\"2025-04-17T13:44:38+00:00\",\"description\":\"La housse de coussin Hana 14b est 100% coton, brod\u00e9e en fil de coton noir d'un fragment de motif v\u00e9g\u00e9tal imaginaire. Design V.Barkowski\",\"breadcrumb\":{\"@id\":\"https:\\\/\\\/www.old.valeriebarkowski.shop\\\/fr\\\/produit\\\/housse-de-coussin-hana-14b-hc01\\\/#breadcrumb\"},\"inLanguage\":\"fr-FR\",\"potentialAction\":[{\"@type\":\"ReadAction\",\"target\":[\"https:\\\/\\\/www.old.valeriebarkowski.shop\\\/fr\\\/produit\\\/housse-de-coussin-hana-14b-hc01\\\/\"]}]},{\"@type\":\"ImageObject\",\"inLanguage\":\"fr-FR\",\"@id\":\"https:\\\/\\\/www.old.valeriebarkowski.shop\\\/fr\\\/produit\\\/housse-de-coussin-hana-14b-hc01\\\/#primaryimage\",\"url\":\"https:\\\/\\\/www.old.valeriebarkowski.shop\\\/wp-content\\\/uploads\\\/2020\\\/09\\\/Housse-coussin-ecru-HANA14B-noir-fil-valeriebarkowski.jpg\",\"contentUrl\":\"https:\\\/\\\/www.old.valeriebarkowski.shop\\\/wp-content\\\/uploads\\\/2020\\\/09\\\/Housse-coussin-ecru-HANA14B-noir-fil-valeriebarkowski.jpg\",\"width\":922,\"height\":922,\"caption\":\"housse de coussin 14b\"},{\"@type\":\"BreadcrumbList\",\"@id\":\"https:\\\/\\\/www.old.valeriebarkowski.shop\\\/fr\\\/produit\\\/housse-de-coussin-hana-14b-hc01\\\/#breadcrumb\",\"itemListElement\":[{\"@type\":\"ListItem\",\"position\":1,\"name\":\"Home\",\"item\":\"https:\\\/\\\/www.old.valeriebarkowski.shop\\\/fr\\\/\"},{\"@type\":\"ListItem\",\"position\":2,\"name\":\"Boutique\",\"item\":\"https:\\\/\\\/www.old.valeriebarkowski.shop\\\/fr\\\/boutique\\\/\"},{\"@type\":\"ListItem\",\"position\":3,\"name\":\"Housse de coussin HANA 14B\"}]},{\"@type\":\"WebSite\",\"@id\":\"https:\\\/\\\/www.old.valeriebarkowski.shop\\\/en\\\/#website\",\"url\":\"https:\\\/\\\/www.old.valeriebarkowski.shop\\\/en\\\/\",\"name\":\"The shop by Valerie Barkowski\",\"description\":\"\",\"publisher\":{\"@id\":\"https:\\\/\\\/www.old.valeriebarkowski.shop\\\/en\\\/#organization\"},\"potentialAction\":[{\"@type\":\"SearchAction\",\"target\":{\"@type\":\"EntryPoint\",\"urlTemplate\":\"https:\\\/\\\/www.old.valeriebarkowski.shop\\\/en\\\/?s={search_term_string}\"},\"query-input\":{\"@type\":\"PropertyValueSpecification\",\"valueRequired\":true,\"valueName\":\"search_term_string\"}}],\"inLanguage\":\"fr-FR\"},{\"@type\":\"Organization\",\"@id\":\"https:\\\/\\\/www.old.valeriebarkowski.shop\\\/en\\\/#organization\",\"name\":\"valerie barkowski\",\"url\":\"https:\\\/\\\/www.old.valeriebarkowski.shop\\\/en\\\/\",\"logo\":{\"@type\":\"ImageObject\",\"inLanguage\":\"fr-FR\",\"@id\":\"https:\\\/\\\/www.old.valeriebarkowski.shop\\\/en\\\/#\\\/schema\\\/logo\\\/image\\\/\",\"url\":\"https:\\\/\\\/www.old.valeriebarkowski.shop\\\/wp-content\\\/uploads\\\/2017\\\/02\\\/logo-vb-the-shop-4.png\",\"contentUrl\":\"https:\\\/\\\/www.old.valeriebarkowski.shop\\\/wp-content\\\/uploads\\\/2017\\\/02\\\/logo-vb-the-shop-4.png\",\"width\":437,\"height\":125,\"caption\":\"valerie barkowski\"},\"image\":{\"@id\":\"https:\\\/\\\/www.old.valeriebarkowski.shop\\\/en\\\/#\\\/schema\\\/logo\\\/image\\\/\"},\"sameAs\":[\"https:\\\/\\\/www.facebook.com\\\/valerie.barkowski\",\"https:\\\/\\\/www.instagram.com\\\/webbarkowski\\\/\",\"https:\\\/\\\/fr.pinterest.com\\\/vbarkowski\\\/\"]}]}<\/script>\n<!-- \/ Yoast SEO plugin. -->","yoast_head_json":{"title":"Housse de coussin Hana 14b brod\u00e9e main d'un fragment de motif v\u00e9g\u00e9tal","description":"La housse de coussin Hana 14b est 100% coton, brod\u00e9e en fil de coton noir d'un fragment de motif v\u00e9g\u00e9tal imaginaire. Design V.Barkowski","robots":{"index":"noindex","follow":"follow","max-snippet":"max-snippet:-1","max-image-preview":"max-image-preview:large","max-video-preview":"max-video-preview:-1"},"og_locale":"fr_FR","og_type":"article","og_title":"Housse de coussin Hana 14b brod\u00e9e main d'un fragment de motif v\u00e9g\u00e9tal","og_description":"La housse de coussin Hana 14b est 100% coton, brod\u00e9e en fil de coton noir d'un fragment de motif v\u00e9g\u00e9tal imaginaire. Design V.Barkowski","og_url":"https:\/\/www.old.valeriebarkowski.shop\/fr\/produit\/housse-de-coussin-hana-14b-hc01\/","og_site_name":"The shop by Valerie Barkowski","article_publisher":"https:\/\/www.facebook.com\/valerie.barkowski","article_modified_time":"2025-04-17T13:44:38+00:00","og_image":[{"width":922,"height":922,"url":"https:\/\/www.old.valeriebarkowski.shop\/wp-content\/uploads\/2020\/09\/Housse-coussin-ecru-HANA14B-noir-fil-valeriebarkowski.jpg","type":"image\/jpeg"}],"twitter_card":"summary_large_image","schema":{"@context":"https:\/\/schema.org","@graph":[{"@type":"WebPage","@id":"https:\/\/www.old.valeriebarkowski.shop\/fr\/produit\/housse-de-coussin-hana-14b-hc01\/","url":"https:\/\/www.old.valeriebarkowski.shop\/fr\/produit\/housse-de-coussin-hana-14b-hc01\/","name":"Housse de coussin Hana 14b brod\u00e9e main d'un fragment de motif v\u00e9g\u00e9tal","isPartOf":{"@id":"https:\/\/www.old.valeriebarkowski.shop\/en\/#website"},"primaryImageOfPage":{"@id":"https:\/\/www.old.valeriebarkowski.shop\/fr\/produit\/housse-de-coussin-hana-14b-hc01\/#primaryimage"},"image":{"@id":"https:\/\/www.old.valeriebarkowski.shop\/fr\/produit\/housse-de-coussin-hana-14b-hc01\/#primaryimage"},"thumbnailUrl":"https:\/\/www.old.valeriebarkowski.shop\/wp-content\/uploads\/2020\/09\/Housse-coussin-ecru-HANA14B-noir-fil-valeriebarkowski.jpg","datePublished":"2020-09-11T11:01:28+00:00","dateModified":"2025-04-17T13:44:38+00:00","description":"La housse de coussin Hana 14b est 100% coton, brod\u00e9e en fil de coton noir d'un fragment de motif v\u00e9g\u00e9tal imaginaire. Design V.Barkowski","breadcrumb":{"@id":"https:\/\/www.old.valeriebarkowski.shop\/fr\/produit\/housse-de-coussin-hana-14b-hc01\/#breadcrumb"},"inLanguage":"fr-FR","potentialAction":[{"@type":"ReadAction","target":["https:\/\/www.old.valeriebarkowski.shop\/fr\/produit\/housse-de-coussin-hana-14b-hc01\/"]}]},{"@type":"ImageObject","inLanguage":"fr-FR","@id":"https:\/\/www.old.valeriebarkowski.shop\/fr\/produit\/housse-de-coussin-hana-14b-hc01\/#primaryimage","url":"https:\/\/www.old.valeriebarkowski.shop\/wp-content\/uploads\/2020\/09\/Housse-coussin-ecru-HANA14B-noir-fil-valeriebarkowski.jpg","contentUrl":"https:\/\/www.old.valeriebarkowski.shop\/wp-content\/uploads\/2020\/09\/Housse-coussin-ecru-HANA14B-noir-fil-valeriebarkowski.jpg","width":922,"height":922,"caption":"housse de coussin 14b"},{"@type":"BreadcrumbList","@id":"https:\/\/www.old.valeriebarkowski.shop\/fr\/produit\/housse-de-coussin-hana-14b-hc01\/#breadcrumb","itemListElement":[{"@type":"ListItem","position":1,"name":"Home","item":"https:\/\/www.old.valeriebarkowski.shop\/fr\/"},{"@type":"ListItem","position":2,"name":"Boutique","item":"https:\/\/www.old.valeriebarkowski.shop\/fr\/boutique\/"},{"@type":"ListItem","position":3,"name":"Housse de coussin HANA 14B"}]},{"@type":"WebSite","@id":"https:\/\/www.old.valeriebarkowski.shop\/en\/#website","url":"https:\/\/www.old.valeriebarkowski.shop\/en\/","name":"The shop by Valerie Barkowski","description":"","publisher":{"@id":"https:\/\/www.old.valeriebarkowski.shop\/en\/#organization"},"potentialAction":[{"@type":"SearchAction","target":{"@type":"EntryPoint","urlTemplate":"https:\/\/www.old.valeriebarkowski.shop\/en\/?s={search_term_string}"},"query-input":{"@type":"PropertyValueSpecification","valueRequired":true,"valueName":"search_term_string"}}],"inLanguage":"fr-FR"},{"@type":"Organization","@id":"https:\/\/www.old.valeriebarkowski.shop\/en\/#organization","name":"valerie barkowski","url":"https:\/\/www.old.valeriebarkowski.shop\/en\/","logo":{"@type":"ImageObject","inLanguage":"fr-FR","@id":"https:\/\/www.old.valeriebarkowski.shop\/en\/#\/schema\/logo\/image\/","url":"https:\/\/www.old.valeriebarkowski.shop\/wp-content\/uploads\/2017\/02\/logo-vb-the-shop-4.png","contentUrl":"https:\/\/www.old.valeriebarkowski.shop\/wp-content\/uploads\/2017\/02\/logo-vb-the-shop-4.png","width":437,"height":125,"caption":"valerie barkowski"},"image":{"@id":"https:\/\/www.old.valeriebarkowski.shop\/en\/#\/schema\/logo\/image\/"},"sameAs":["https:\/\/www.facebook.com\/valerie.barkowski","https:\/\/www.instagram.com\/webbarkowski\/","https:\/\/fr.pinterest.com\/vbarkowski\/"]}]}},"_links":{"self":[{"href":"https:\/\/www.old.valeriebarkowski.shop\/fr\/wp-json\/wp\/v2\/product\/8271","targetHints":{"allow":["GET"]}}],"collection":[{"href":"https:\/\/www.old.valeriebarkowski.shop\/fr\/wp-json\/wp\/v2\/product"}],"about":[{"href":"https:\/\/www.old.valeriebarkowski.shop\/fr\/wp-json\/wp\/v2\/types\/product"}],"replies":[{"embeddable":true,"href":"https:\/\/www.old.valeriebarkowski.shop\/fr\/wp-json\/wp\/v2\/comments?post=8271"}],"wp:featuredmedia":[{"embeddable":true,"href":"https:\/\/www.old.valeriebarkowski.shop\/fr\/wp-json\/wp\/v2\/media\/8259"}],"wp:attachment":[{"href":"https:\/\/www.old.valeriebarkowski.shop\/fr\/wp-json\/wp\/v2\/media?parent=8271"}],"wp:term":[{"taxonomy":"product_cat","embeddable":true,"href":"https:\/\/www.old.valeriebarkowski.shop\/fr\/wp-json\/wp\/v2\/product_cat?post=8271"},{"taxonomy":"product_tag","embeddable":true,"href":"https:\/\/www.old.valeriebarkowski.shop\/fr\/wp-json\/wp\/v2\/product_tag?post=8271"}],"curies":[{"name":"wp","href":"https:\/\/api.w.org\/{rel}","templated":true}]}}