{"id":843,"date":"2017-05-05T18:09:08","date_gmt":"2017-05-05T16:09:08","guid":{"rendered":"http:\/\/www.valeriebarkowski.shop\/fr\/produit\/pollux-franges-water-lb01\/"},"modified":"2023-08-03T15:20:41","modified_gmt":"2023-08-03T13:20:41","slug":"linge-bain-pollux-franges-water-lb01","status":"publish","type":"product","link":"https:\/\/www.old.valeriebarkowski.shop\/fr\/produit\/linge-bain-pollux-franges-water-lb01\/","title":{"rendered":"Linge de bain LB01 POLLUX water"},"content":{"rendered":"<h2>Linge de bain brod\u00e9 main<\/h2>\n<p>Le linge de bain brod\u00e9 main Pollux est en \u00e9ponge blanche. Les franges sont faites \u00e0 la main, cousues dans la mati\u00e8re et assembl\u00e9es avec un fil de couleur identique.<\/p>\n<p>\u201cApr\u00e8s le succ\u00e8s du linge de bain <a href=\"http:\/\/www.old.valeriebarkowski.shop\/fr\/product-category\/linge-bain\/linge-bain-blanc\/soulayman-pompons\/\" target=\"_blank\" rel=\"noopener noreferrer\">LAMU<\/a>, mes \u00e9ponges bord\u00e9es de pompons multicolores ou unis, \u00a0j\u2019ai voulu explorer un autre style. Un mod\u00e8le compl\u00e9mentaire, un peu diff\u00e9rent, plus boh\u00e8me. C&rsquo;est ainsi que les longues franges se sont \u00a0impos\u00e9es naturellement.\u201d\u00a0 Plus d&rsquo;informations sur\u00a0<a href=\"http:\/\/valeriebarkowski.com\/pollux-vbarkowski-bath-linen\/\" target=\"_blank\" rel=\"noopener noreferrer\">www.valeriebarkowski.com<\/a><\/p>\n<p>Il existe aussi 3 dimensions pour ce mod\u00e8le :<\/p>\n<p><strong>Drap de bain 100cm x 150cm<\/strong><br \/>\n<strong> Serviette de bain 50cm x 100cm<\/strong><br \/>\n<strong> Serviette invit\u00e9 30cm x 50cm.<\/strong><\/p>\n<p>Le linge de bain Pollux se m\u00e9lange bien avec les mod\u00e8les MEMBA et TRASS.<\/p>\n<p>&nbsp;<\/p>\n","protected":false},"excerpt":{"rendered":"<h4>Serviettes de bain<\/h4>\n<p>En \u00e9ponge blanche, la serviette de bain est brod\u00e9e \u00e0 la main de longs pompons de couleur r\u00e9sistants \u00e0 la d\u00e9coloration.<br \/>\n100% coton peign\u00e9, 700gr\/m2<\/p>\n<p>Ce mod\u00e8le est disponible en 3 tailles :<\/p>\n","protected":false},"featured_media":871,"comment_status":"closed","ping_status":"closed","template":"","meta":[],"product_cat":[1582,16,101,103,1211,945,946],"product_tag":[],"class_list":{"0":"post-843","1":"product","2":"type-product","3":"status-publish","4":"has-post-thumbnail","6":"product_cat-franges","7":"product_cat-linge-de-bain-raffine","8":"product_cat-en-eponge-blanche","9":"product_cat-pollux-franges","10":"product_cat-linge-de-bain","11":"product_cat-linge-franges","12":"product_cat-linge-franges-coloris-unis","14":"first","15":"instock","16":"featured","17":"taxable","18":"shipping-taxable","19":"purchasable","20":"product-type-variable","21":"has-default-attributes"},"yoast_head":"<!-- This site is optimized with the Yoast SEO plugin v27.3 - https:\/\/yoast.com\/product\/yoast-seo-wordpress\/ -->\n<title>Linge de bain brod\u00e9 main Pollux en \u00e9ponge blanche<\/title>\n<meta name=\"description\" content=\"Pollux, linge de bain brod\u00e9 main avec des franges unies en \u00e9ponge blanche et absorbante 100%coton peign\u00e9, 700 grammes au m\u00e8tre carr\u00e9.\" \/>\n<meta name=\"robots\" content=\"noindex, follow, max-snippet:-1, max-image-preview:large, max-video-preview:-1\" \/>\n<meta property=\"og:locale\" content=\"fr_FR\" \/>\n<meta property=\"og:type\" content=\"article\" \/>\n<meta property=\"og:title\" content=\"Linge de bain brod\u00e9 main Pollux en \u00e9ponge blanche\" \/>\n<meta property=\"og:description\" content=\"Pollux, linge de bain brod\u00e9 main avec des franges unies en \u00e9ponge blanche et absorbante 100%coton peign\u00e9, 700 grammes au m\u00e8tre carr\u00e9.\" \/>\n<meta property=\"og:url\" content=\"https:\/\/www.old.valeriebarkowski.shop\/fr\/produit\/linge-bain-pollux-franges-water-lb01\/\" \/>\n<meta property=\"og:site_name\" content=\"The shop by Valerie Barkowski\" \/>\n<meta property=\"article:publisher\" content=\"https:\/\/www.facebook.com\/valerie.barkowski\" \/>\n<meta property=\"article:modified_time\" content=\"2023-08-03T13:20:41+00:00\" \/>\n<meta property=\"og:image\" content=\"https:\/\/www.old.valeriebarkowski.shop\/wp-content\/uploads\/2017\/05\/linge-serviette-franges-pollux-water-full.jpg\" \/>\n\t<meta property=\"og:image:width\" content=\"790\" \/>\n\t<meta property=\"og:image:height\" content=\"790\" \/>\n\t<meta property=\"og:image:type\" content=\"image\/jpeg\" \/>\n<meta name=\"twitter:card\" content=\"summary_large_image\" \/>\n<meta name=\"twitter:label1\" content=\"Dur\u00e9e de lecture estim\u00e9e\" \/>\n\t<meta name=\"twitter:data1\" content=\"1 minute\" \/>\n<script type=\"application\/ld+json\" class=\"yoast-schema-graph\">{\"@context\":\"https:\\\/\\\/schema.org\",\"@graph\":[{\"@type\":\"WebPage\",\"@id\":\"https:\\\/\\\/www.old.valeriebarkowski.shop\\\/fr\\\/produit\\\/linge-bain-pollux-franges-water-lb01\\\/\",\"url\":\"https:\\\/\\\/www.old.valeriebarkowski.shop\\\/fr\\\/produit\\\/linge-bain-pollux-franges-water-lb01\\\/\",\"name\":\"Linge de bain brod\u00e9 main Pollux en \u00e9ponge blanche\",\"isPartOf\":{\"@id\":\"https:\\\/\\\/www.old.valeriebarkowski.shop\\\/en\\\/#website\"},\"primaryImageOfPage\":{\"@id\":\"https:\\\/\\\/www.old.valeriebarkowski.shop\\\/fr\\\/produit\\\/linge-bain-pollux-franges-water-lb01\\\/#primaryimage\"},\"image\":{\"@id\":\"https:\\\/\\\/www.old.valeriebarkowski.shop\\\/fr\\\/produit\\\/linge-bain-pollux-franges-water-lb01\\\/#primaryimage\"},\"thumbnailUrl\":\"https:\\\/\\\/www.old.valeriebarkowski.shop\\\/wp-content\\\/uploads\\\/2017\\\/05\\\/linge-serviette-franges-pollux-water-full.jpg\",\"datePublished\":\"2017-05-05T16:09:08+00:00\",\"dateModified\":\"2023-08-03T13:20:41+00:00\",\"description\":\"Pollux, linge de bain brod\u00e9 main avec des franges unies en \u00e9ponge blanche et absorbante 100%coton peign\u00e9, 700 grammes au m\u00e8tre carr\u00e9.\",\"breadcrumb\":{\"@id\":\"https:\\\/\\\/www.old.valeriebarkowski.shop\\\/fr\\\/produit\\\/linge-bain-pollux-franges-water-lb01\\\/#breadcrumb\"},\"inLanguage\":\"fr-FR\",\"potentialAction\":[{\"@type\":\"ReadAction\",\"target\":[\"https:\\\/\\\/www.old.valeriebarkowski.shop\\\/fr\\\/produit\\\/linge-bain-pollux-franges-water-lb01\\\/\"]}]},{\"@type\":\"ImageObject\",\"inLanguage\":\"fr-FR\",\"@id\":\"https:\\\/\\\/www.old.valeriebarkowski.shop\\\/fr\\\/produit\\\/linge-bain-pollux-franges-water-lb01\\\/#primaryimage\",\"url\":\"https:\\\/\\\/www.old.valeriebarkowski.shop\\\/wp-content\\\/uploads\\\/2017\\\/05\\\/linge-serviette-franges-pollux-water-full.jpg\",\"contentUrl\":\"https:\\\/\\\/www.old.valeriebarkowski.shop\\\/wp-content\\\/uploads\\\/2017\\\/05\\\/linge-serviette-franges-pollux-water-full.jpg\",\"width\":790,\"height\":790,\"caption\":\"linge de bain brod\u00e9 main\"},{\"@type\":\"BreadcrumbList\",\"@id\":\"https:\\\/\\\/www.old.valeriebarkowski.shop\\\/fr\\\/produit\\\/linge-bain-pollux-franges-water-lb01\\\/#breadcrumb\",\"itemListElement\":[{\"@type\":\"ListItem\",\"position\":1,\"name\":\"Home\",\"item\":\"https:\\\/\\\/www.old.valeriebarkowski.shop\\\/fr\\\/\"},{\"@type\":\"ListItem\",\"position\":2,\"name\":\"Boutique\",\"item\":\"https:\\\/\\\/www.old.valeriebarkowski.shop\\\/fr\\\/boutique\\\/\"},{\"@type\":\"ListItem\",\"position\":3,\"name\":\"Linge de bain LB01 POLLUX water\"}]},{\"@type\":\"WebSite\",\"@id\":\"https:\\\/\\\/www.old.valeriebarkowski.shop\\\/en\\\/#website\",\"url\":\"https:\\\/\\\/www.old.valeriebarkowski.shop\\\/en\\\/\",\"name\":\"The shop by Valerie Barkowski\",\"description\":\"\",\"publisher\":{\"@id\":\"https:\\\/\\\/www.old.valeriebarkowski.shop\\\/en\\\/#organization\"},\"potentialAction\":[{\"@type\":\"SearchAction\",\"target\":{\"@type\":\"EntryPoint\",\"urlTemplate\":\"https:\\\/\\\/www.old.valeriebarkowski.shop\\\/en\\\/?s={search_term_string}\"},\"query-input\":{\"@type\":\"PropertyValueSpecification\",\"valueRequired\":true,\"valueName\":\"search_term_string\"}}],\"inLanguage\":\"fr-FR\"},{\"@type\":\"Organization\",\"@id\":\"https:\\\/\\\/www.old.valeriebarkowski.shop\\\/en\\\/#organization\",\"name\":\"valerie barkowski\",\"url\":\"https:\\\/\\\/www.old.valeriebarkowski.shop\\\/en\\\/\",\"logo\":{\"@type\":\"ImageObject\",\"inLanguage\":\"fr-FR\",\"@id\":\"https:\\\/\\\/www.old.valeriebarkowski.shop\\\/en\\\/#\\\/schema\\\/logo\\\/image\\\/\",\"url\":\"https:\\\/\\\/www.old.valeriebarkowski.shop\\\/wp-content\\\/uploads\\\/2017\\\/02\\\/logo-vb-the-shop-4.png\",\"contentUrl\":\"https:\\\/\\\/www.old.valeriebarkowski.shop\\\/wp-content\\\/uploads\\\/2017\\\/02\\\/logo-vb-the-shop-4.png\",\"width\":437,\"height\":125,\"caption\":\"valerie barkowski\"},\"image\":{\"@id\":\"https:\\\/\\\/www.old.valeriebarkowski.shop\\\/en\\\/#\\\/schema\\\/logo\\\/image\\\/\"},\"sameAs\":[\"https:\\\/\\\/www.facebook.com\\\/valerie.barkowski\",\"https:\\\/\\\/www.instagram.com\\\/webbarkowski\\\/\",\"https:\\\/\\\/fr.pinterest.com\\\/vbarkowski\\\/\"]}]}<\/script>\n<!-- \/ Yoast SEO plugin. -->","yoast_head_json":{"title":"Linge de bain brod\u00e9 main Pollux en \u00e9ponge blanche","description":"Pollux, linge de bain brod\u00e9 main avec des franges unies en \u00e9ponge blanche et absorbante 100%coton peign\u00e9, 700 grammes au m\u00e8tre carr\u00e9.","robots":{"index":"noindex","follow":"follow","max-snippet":"max-snippet:-1","max-image-preview":"max-image-preview:large","max-video-preview":"max-video-preview:-1"},"og_locale":"fr_FR","og_type":"article","og_title":"Linge de bain brod\u00e9 main Pollux en \u00e9ponge blanche","og_description":"Pollux, linge de bain brod\u00e9 main avec des franges unies en \u00e9ponge blanche et absorbante 100%coton peign\u00e9, 700 grammes au m\u00e8tre carr\u00e9.","og_url":"https:\/\/www.old.valeriebarkowski.shop\/fr\/produit\/linge-bain-pollux-franges-water-lb01\/","og_site_name":"The shop by Valerie Barkowski","article_publisher":"https:\/\/www.facebook.com\/valerie.barkowski","article_modified_time":"2023-08-03T13:20:41+00:00","og_image":[{"width":790,"height":790,"url":"https:\/\/www.old.valeriebarkowski.shop\/wp-content\/uploads\/2017\/05\/linge-serviette-franges-pollux-water-full.jpg","type":"image\/jpeg"}],"twitter_card":"summary_large_image","twitter_misc":{"Dur\u00e9e de lecture estim\u00e9e":"1 minute"},"schema":{"@context":"https:\/\/schema.org","@graph":[{"@type":"WebPage","@id":"https:\/\/www.old.valeriebarkowski.shop\/fr\/produit\/linge-bain-pollux-franges-water-lb01\/","url":"https:\/\/www.old.valeriebarkowski.shop\/fr\/produit\/linge-bain-pollux-franges-water-lb01\/","name":"Linge de bain brod\u00e9 main Pollux en \u00e9ponge blanche","isPartOf":{"@id":"https:\/\/www.old.valeriebarkowski.shop\/en\/#website"},"primaryImageOfPage":{"@id":"https:\/\/www.old.valeriebarkowski.shop\/fr\/produit\/linge-bain-pollux-franges-water-lb01\/#primaryimage"},"image":{"@id":"https:\/\/www.old.valeriebarkowski.shop\/fr\/produit\/linge-bain-pollux-franges-water-lb01\/#primaryimage"},"thumbnailUrl":"https:\/\/www.old.valeriebarkowski.shop\/wp-content\/uploads\/2017\/05\/linge-serviette-franges-pollux-water-full.jpg","datePublished":"2017-05-05T16:09:08+00:00","dateModified":"2023-08-03T13:20:41+00:00","description":"Pollux, linge de bain brod\u00e9 main avec des franges unies en \u00e9ponge blanche et absorbante 100%coton peign\u00e9, 700 grammes au m\u00e8tre carr\u00e9.","breadcrumb":{"@id":"https:\/\/www.old.valeriebarkowski.shop\/fr\/produit\/linge-bain-pollux-franges-water-lb01\/#breadcrumb"},"inLanguage":"fr-FR","potentialAction":[{"@type":"ReadAction","target":["https:\/\/www.old.valeriebarkowski.shop\/fr\/produit\/linge-bain-pollux-franges-water-lb01\/"]}]},{"@type":"ImageObject","inLanguage":"fr-FR","@id":"https:\/\/www.old.valeriebarkowski.shop\/fr\/produit\/linge-bain-pollux-franges-water-lb01\/#primaryimage","url":"https:\/\/www.old.valeriebarkowski.shop\/wp-content\/uploads\/2017\/05\/linge-serviette-franges-pollux-water-full.jpg","contentUrl":"https:\/\/www.old.valeriebarkowski.shop\/wp-content\/uploads\/2017\/05\/linge-serviette-franges-pollux-water-full.jpg","width":790,"height":790,"caption":"linge de bain brod\u00e9 main"},{"@type":"BreadcrumbList","@id":"https:\/\/www.old.valeriebarkowski.shop\/fr\/produit\/linge-bain-pollux-franges-water-lb01\/#breadcrumb","itemListElement":[{"@type":"ListItem","position":1,"name":"Home","item":"https:\/\/www.old.valeriebarkowski.shop\/fr\/"},{"@type":"ListItem","position":2,"name":"Boutique","item":"https:\/\/www.old.valeriebarkowski.shop\/fr\/boutique\/"},{"@type":"ListItem","position":3,"name":"Linge de bain LB01 POLLUX water"}]},{"@type":"WebSite","@id":"https:\/\/www.old.valeriebarkowski.shop\/en\/#website","url":"https:\/\/www.old.valeriebarkowski.shop\/en\/","name":"The shop by Valerie Barkowski","description":"","publisher":{"@id":"https:\/\/www.old.valeriebarkowski.shop\/en\/#organization"},"potentialAction":[{"@type":"SearchAction","target":{"@type":"EntryPoint","urlTemplate":"https:\/\/www.old.valeriebarkowski.shop\/en\/?s={search_term_string}"},"query-input":{"@type":"PropertyValueSpecification","valueRequired":true,"valueName":"search_term_string"}}],"inLanguage":"fr-FR"},{"@type":"Organization","@id":"https:\/\/www.old.valeriebarkowski.shop\/en\/#organization","name":"valerie barkowski","url":"https:\/\/www.old.valeriebarkowski.shop\/en\/","logo":{"@type":"ImageObject","inLanguage":"fr-FR","@id":"https:\/\/www.old.valeriebarkowski.shop\/en\/#\/schema\/logo\/image\/","url":"https:\/\/www.old.valeriebarkowski.shop\/wp-content\/uploads\/2017\/02\/logo-vb-the-shop-4.png","contentUrl":"https:\/\/www.old.valeriebarkowski.shop\/wp-content\/uploads\/2017\/02\/logo-vb-the-shop-4.png","width":437,"height":125,"caption":"valerie barkowski"},"image":{"@id":"https:\/\/www.old.valeriebarkowski.shop\/en\/#\/schema\/logo\/image\/"},"sameAs":["https:\/\/www.facebook.com\/valerie.barkowski","https:\/\/www.instagram.com\/webbarkowski\/","https:\/\/fr.pinterest.com\/vbarkowski\/"]}]}},"_links":{"self":[{"href":"https:\/\/www.old.valeriebarkowski.shop\/fr\/wp-json\/wp\/v2\/product\/843","targetHints":{"allow":["GET"]}}],"collection":[{"href":"https:\/\/www.old.valeriebarkowski.shop\/fr\/wp-json\/wp\/v2\/product"}],"about":[{"href":"https:\/\/www.old.valeriebarkowski.shop\/fr\/wp-json\/wp\/v2\/types\/product"}],"replies":[{"embeddable":true,"href":"https:\/\/www.old.valeriebarkowski.shop\/fr\/wp-json\/wp\/v2\/comments?post=843"}],"wp:featuredmedia":[{"embeddable":true,"href":"https:\/\/www.old.valeriebarkowski.shop\/fr\/wp-json\/wp\/v2\/media\/871"}],"wp:attachment":[{"href":"https:\/\/www.old.valeriebarkowski.shop\/fr\/wp-json\/wp\/v2\/media?parent=843"}],"wp:term":[{"taxonomy":"product_cat","embeddable":true,"href":"https:\/\/www.old.valeriebarkowski.shop\/fr\/wp-json\/wp\/v2\/product_cat?post=843"},{"taxonomy":"product_tag","embeddable":true,"href":"https:\/\/www.old.valeriebarkowski.shop\/fr\/wp-json\/wp\/v2\/product_tag?post=843"}],"curies":[{"name":"wp","href":"https:\/\/api.w.org\/{rel}","templated":true}]}}