{"id":912,"date":"2017-05-12T12:26:23","date_gmt":"2017-05-12T10:26:23","guid":{"rendered":"http:\/\/www.valeriebarkowski.shop\/fr\/produit\/irma-broderies-carmin-lb01\/"},"modified":"2023-04-20T10:49:08","modified_gmt":"2023-04-20T08:49:08","slug":"linge-bain-memba-broderies-carmin-lb01","status":"publish","type":"product","link":"https:\/\/www.old.valeriebarkowski.shop\/fr\/produit\/linge-bain-memba-broderies-carmin-lb01\/","title":{"rendered":"Linge de bain LB01 MEMBA carmin"},"content":{"rendered":"<h4>Serviettes \u00e9ponge haute qualit\u00e9, Memba carmin blocs brod\u00e9s main<\/h4>\n<p>Des blocs de tailles al\u00e9atoires rouge carmin sont brod\u00e9 \u00e0 la main sur les 4 c\u00f4t\u00e9s des serviettes \u00e9ponge haute qualit\u00e9 Memba. L&rsquo;\u00e9ponge blanche est de qualit\u00e9, tr\u00e8s absorbante et douce. Elle est en coton de 700grammes au m\u00e8tre carr\u00e9.<\/p>\n<p>\u201cLe linge de bain Memba est n\u00e9 en 2002. J\u2019ai voulu \u00e9toffer l\u2019offre de mes \u00e9ponges en y rajoutant un mod\u00e8le brod\u00e9. Celui-ci se marie parfaitement avec les \u00e9ponges bord\u00e9es de pompons. Peut-\u00eatre un peu plus masculin. Chez moi, j&rsquo;assemble le mod\u00e8le <span style=\"color: #333333;\"><strong><a style=\"color: #333333;\" href=\"https:\/\/www.old.valeriebarkowski.shop\/fr\/produit\/linge-bain-lamu-pompons-carmin\/\" target=\"_blank\" rel=\"noopener noreferrer\">Lamu<\/a><\/strong><\/span> avec celui-ci, en gardant la m\u00eame gamme de couleurs.\u201d\u00a0 Pour en savoir plus :\u00a0<a href=\"http:\/\/valeriebarkowski.com\/irma-linge-de-bain\/\" target=\"_blank\" rel=\"noopener noreferrer\">www.valeriebarkowski.com<\/a><\/p>\n<p>Le linge de bain Memba existe aussi en 4 tailles :<\/p>\n<p><strong>Drap de bain 100cm x 150cm<\/strong><br \/>\n<strong> Serviette de bain 50cm x 100cm<\/strong><br \/>\n<strong> Serviette invit\u00e9 30cm x 50cm<\/strong><br \/>\n<strong>Tapis de bain 54cm x 90cm<\/strong><\/p>\n","protected":false},"excerpt":{"rendered":"<h3><strong>Serviettes de bain<\/strong><\/h3>\n<p>En \u00e9ponge blanche \u00e9paisse et absorbante 100% coton peign\u00e9, bouclette haute 700 gr\/m2, les serviettes de bain Memba sont brod\u00e9es \u00e0 la main avec du fil r\u00e9sistant \u00e0 la d\u00e9coloration.<\/p>\n<p>Ce mod\u00e8le est propos\u00e9 en 4 tailles :<\/p>\n","protected":false},"featured_media":915,"comment_status":"closed","ping_status":"closed","template":"","meta":[],"product_cat":[1585,16,101,110,1211,937,938],"product_tag":[957,928,949,934,927,926,1541,929,951],"class_list":{"0":"post-912","1":"product","2":"type-product","3":"status-publish","4":"has-post-thumbnail","6":"product_cat-broderies","7":"product_cat-linge-de-bain-raffine","8":"product_cat-en-eponge-blanche","9":"product_cat-memba-broderies","10":"product_cat-linge-de-bain","11":"product_cat-linge-broderies","12":"product_cat-linge-broderies-coloris-unis","13":"product_tag-carmin","14":"product_tag-drap-de-bain-100x150","15":"product_tag-eponge-blanche","16":"product_tag-irma","17":"product_tag-serviette-de-bain-50x100","18":"product_tag-serviette-invite-30x50","19":"product_tag-tapis-de-bain","20":"product_tag-tapis-de-bain-54x90","21":"product_tag-uni-rouge","23":"first","24":"instock","25":"taxable","26":"shipping-taxable","27":"purchasable","28":"product-type-variable","29":"has-default-attributes"},"yoast_head":"<!-- This site is optimized with the Yoast SEO plugin v27.3 - https:\/\/yoast.com\/product\/yoast-seo-wordpress\/ -->\n<title>Serviettes \u00e9ponge haute qualit\u00e9 brod\u00e9es main blocs al\u00e9atoires rouges<\/title>\n<meta name=\"description\" content=\"Serviettes \u00e9ponge haute qualit\u00e9 orn\u00e9es de broderies al\u00e9atoires faites \u00e0 la main. Design intemorel V.Barkowski- The shop by Valerie Barkowski\" \/>\n<meta name=\"robots\" content=\"noindex, follow, max-snippet:-1, max-image-preview:large, max-video-preview:-1\" \/>\n<meta property=\"og:locale\" content=\"fr_FR\" \/>\n<meta property=\"og:type\" content=\"article\" \/>\n<meta property=\"og:title\" content=\"Serviettes \u00e9ponge haute qualit\u00e9 brod\u00e9es main blocs al\u00e9atoires rouges\" \/>\n<meta property=\"og:description\" content=\"Serviettes \u00e9ponge haute qualit\u00e9 orn\u00e9es de broderies al\u00e9atoires faites \u00e0 la main. Design intemorel V.Barkowski- The shop by Valerie Barkowski\" \/>\n<meta property=\"og:url\" content=\"https:\/\/www.old.valeriebarkowski.shop\/fr\/produit\/linge-bain-memba-broderies-carmin-lb01\/\" \/>\n<meta property=\"og:site_name\" content=\"The shop by Valerie Barkowski\" \/>\n<meta property=\"article:publisher\" content=\"https:\/\/www.facebook.com\/valerie.barkowski\" \/>\n<meta property=\"article:modified_time\" content=\"2023-04-20T08:49:08+00:00\" \/>\n<meta property=\"og:image\" content=\"https:\/\/www.old.valeriebarkowski.shop\/wp-content\/uploads\/2017\/05\/serviette-eponge-broderie-memba-carmin.jpg\" \/>\n\t<meta property=\"og:image:width\" content=\"790\" \/>\n\t<meta property=\"og:image:height\" content=\"790\" \/>\n\t<meta property=\"og:image:type\" content=\"image\/jpeg\" \/>\n<meta name=\"twitter:card\" content=\"summary_large_image\" \/>\n<meta name=\"twitter:label1\" content=\"Dur\u00e9e de lecture estim\u00e9e\" \/>\n\t<meta name=\"twitter:data1\" content=\"1 minute\" \/>\n<script type=\"application\/ld+json\" class=\"yoast-schema-graph\">{\"@context\":\"https:\\\/\\\/schema.org\",\"@graph\":[{\"@type\":\"WebPage\",\"@id\":\"https:\\\/\\\/www.old.valeriebarkowski.shop\\\/fr\\\/produit\\\/linge-bain-memba-broderies-carmin-lb01\\\/\",\"url\":\"https:\\\/\\\/www.old.valeriebarkowski.shop\\\/fr\\\/produit\\\/linge-bain-memba-broderies-carmin-lb01\\\/\",\"name\":\"Serviettes \u00e9ponge haute qualit\u00e9 brod\u00e9es main blocs al\u00e9atoires rouges\",\"isPartOf\":{\"@id\":\"https:\\\/\\\/www.old.valeriebarkowski.shop\\\/en\\\/#website\"},\"primaryImageOfPage\":{\"@id\":\"https:\\\/\\\/www.old.valeriebarkowski.shop\\\/fr\\\/produit\\\/linge-bain-memba-broderies-carmin-lb01\\\/#primaryimage\"},\"image\":{\"@id\":\"https:\\\/\\\/www.old.valeriebarkowski.shop\\\/fr\\\/produit\\\/linge-bain-memba-broderies-carmin-lb01\\\/#primaryimage\"},\"thumbnailUrl\":\"https:\\\/\\\/www.old.valeriebarkowski.shop\\\/wp-content\\\/uploads\\\/2017\\\/05\\\/serviette-eponge-broderie-memba-carmin.jpg\",\"datePublished\":\"2017-05-12T10:26:23+00:00\",\"dateModified\":\"2023-04-20T08:49:08+00:00\",\"description\":\"Serviettes \u00e9ponge haute qualit\u00e9 orn\u00e9es de broderies al\u00e9atoires faites \u00e0 la main. Design intemorel V.Barkowski- The shop by Valerie Barkowski\",\"breadcrumb\":{\"@id\":\"https:\\\/\\\/www.old.valeriebarkowski.shop\\\/fr\\\/produit\\\/linge-bain-memba-broderies-carmin-lb01\\\/#breadcrumb\"},\"inLanguage\":\"fr-FR\",\"potentialAction\":[{\"@type\":\"ReadAction\",\"target\":[\"https:\\\/\\\/www.old.valeriebarkowski.shop\\\/fr\\\/produit\\\/linge-bain-memba-broderies-carmin-lb01\\\/\"]}]},{\"@type\":\"ImageObject\",\"inLanguage\":\"fr-FR\",\"@id\":\"https:\\\/\\\/www.old.valeriebarkowski.shop\\\/fr\\\/produit\\\/linge-bain-memba-broderies-carmin-lb01\\\/#primaryimage\",\"url\":\"https:\\\/\\\/www.old.valeriebarkowski.shop\\\/wp-content\\\/uploads\\\/2017\\\/05\\\/serviette-eponge-broderie-memba-carmin.jpg\",\"contentUrl\":\"https:\\\/\\\/www.old.valeriebarkowski.shop\\\/wp-content\\\/uploads\\\/2017\\\/05\\\/serviette-eponge-broderie-memba-carmin.jpg\",\"width\":790,\"height\":790,\"caption\":\"serviettes \u00e9ponge haute qualit\u00e9 blocs brod\u00e9s main\"},{\"@type\":\"BreadcrumbList\",\"@id\":\"https:\\\/\\\/www.old.valeriebarkowski.shop\\\/fr\\\/produit\\\/linge-bain-memba-broderies-carmin-lb01\\\/#breadcrumb\",\"itemListElement\":[{\"@type\":\"ListItem\",\"position\":1,\"name\":\"Home\",\"item\":\"https:\\\/\\\/www.old.valeriebarkowski.shop\\\/fr\\\/\"},{\"@type\":\"ListItem\",\"position\":2,\"name\":\"Boutique\",\"item\":\"https:\\\/\\\/www.old.valeriebarkowski.shop\\\/fr\\\/boutique\\\/\"},{\"@type\":\"ListItem\",\"position\":3,\"name\":\"Linge de bain LB01 MEMBA carmin\"}]},{\"@type\":\"WebSite\",\"@id\":\"https:\\\/\\\/www.old.valeriebarkowski.shop\\\/en\\\/#website\",\"url\":\"https:\\\/\\\/www.old.valeriebarkowski.shop\\\/en\\\/\",\"name\":\"The shop by Valerie Barkowski\",\"description\":\"\",\"publisher\":{\"@id\":\"https:\\\/\\\/www.old.valeriebarkowski.shop\\\/en\\\/#organization\"},\"potentialAction\":[{\"@type\":\"SearchAction\",\"target\":{\"@type\":\"EntryPoint\",\"urlTemplate\":\"https:\\\/\\\/www.old.valeriebarkowski.shop\\\/en\\\/?s={search_term_string}\"},\"query-input\":{\"@type\":\"PropertyValueSpecification\",\"valueRequired\":true,\"valueName\":\"search_term_string\"}}],\"inLanguage\":\"fr-FR\"},{\"@type\":\"Organization\",\"@id\":\"https:\\\/\\\/www.old.valeriebarkowski.shop\\\/en\\\/#organization\",\"name\":\"valerie barkowski\",\"url\":\"https:\\\/\\\/www.old.valeriebarkowski.shop\\\/en\\\/\",\"logo\":{\"@type\":\"ImageObject\",\"inLanguage\":\"fr-FR\",\"@id\":\"https:\\\/\\\/www.old.valeriebarkowski.shop\\\/en\\\/#\\\/schema\\\/logo\\\/image\\\/\",\"url\":\"https:\\\/\\\/www.old.valeriebarkowski.shop\\\/wp-content\\\/uploads\\\/2017\\\/02\\\/logo-vb-the-shop-4.png\",\"contentUrl\":\"https:\\\/\\\/www.old.valeriebarkowski.shop\\\/wp-content\\\/uploads\\\/2017\\\/02\\\/logo-vb-the-shop-4.png\",\"width\":437,\"height\":125,\"caption\":\"valerie barkowski\"},\"image\":{\"@id\":\"https:\\\/\\\/www.old.valeriebarkowski.shop\\\/en\\\/#\\\/schema\\\/logo\\\/image\\\/\"},\"sameAs\":[\"https:\\\/\\\/www.facebook.com\\\/valerie.barkowski\",\"https:\\\/\\\/www.instagram.com\\\/webbarkowski\\\/\",\"https:\\\/\\\/fr.pinterest.com\\\/vbarkowski\\\/\"]}]}<\/script>\n<!-- \/ Yoast SEO plugin. -->","yoast_head_json":{"title":"Serviettes \u00e9ponge haute qualit\u00e9 brod\u00e9es main blocs al\u00e9atoires rouges","description":"Serviettes \u00e9ponge haute qualit\u00e9 orn\u00e9es de broderies al\u00e9atoires faites \u00e0 la main. Design intemorel V.Barkowski- The shop by Valerie Barkowski","robots":{"index":"noindex","follow":"follow","max-snippet":"max-snippet:-1","max-image-preview":"max-image-preview:large","max-video-preview":"max-video-preview:-1"},"og_locale":"fr_FR","og_type":"article","og_title":"Serviettes \u00e9ponge haute qualit\u00e9 brod\u00e9es main blocs al\u00e9atoires rouges","og_description":"Serviettes \u00e9ponge haute qualit\u00e9 orn\u00e9es de broderies al\u00e9atoires faites \u00e0 la main. Design intemorel V.Barkowski- The shop by Valerie Barkowski","og_url":"https:\/\/www.old.valeriebarkowski.shop\/fr\/produit\/linge-bain-memba-broderies-carmin-lb01\/","og_site_name":"The shop by Valerie Barkowski","article_publisher":"https:\/\/www.facebook.com\/valerie.barkowski","article_modified_time":"2023-04-20T08:49:08+00:00","og_image":[{"width":790,"height":790,"url":"https:\/\/www.old.valeriebarkowski.shop\/wp-content\/uploads\/2017\/05\/serviette-eponge-broderie-memba-carmin.jpg","type":"image\/jpeg"}],"twitter_card":"summary_large_image","twitter_misc":{"Dur\u00e9e de lecture estim\u00e9e":"1 minute"},"schema":{"@context":"https:\/\/schema.org","@graph":[{"@type":"WebPage","@id":"https:\/\/www.old.valeriebarkowski.shop\/fr\/produit\/linge-bain-memba-broderies-carmin-lb01\/","url":"https:\/\/www.old.valeriebarkowski.shop\/fr\/produit\/linge-bain-memba-broderies-carmin-lb01\/","name":"Serviettes \u00e9ponge haute qualit\u00e9 brod\u00e9es main blocs al\u00e9atoires rouges","isPartOf":{"@id":"https:\/\/www.old.valeriebarkowski.shop\/en\/#website"},"primaryImageOfPage":{"@id":"https:\/\/www.old.valeriebarkowski.shop\/fr\/produit\/linge-bain-memba-broderies-carmin-lb01\/#primaryimage"},"image":{"@id":"https:\/\/www.old.valeriebarkowski.shop\/fr\/produit\/linge-bain-memba-broderies-carmin-lb01\/#primaryimage"},"thumbnailUrl":"https:\/\/www.old.valeriebarkowski.shop\/wp-content\/uploads\/2017\/05\/serviette-eponge-broderie-memba-carmin.jpg","datePublished":"2017-05-12T10:26:23+00:00","dateModified":"2023-04-20T08:49:08+00:00","description":"Serviettes \u00e9ponge haute qualit\u00e9 orn\u00e9es de broderies al\u00e9atoires faites \u00e0 la main. Design intemorel V.Barkowski- The shop by Valerie Barkowski","breadcrumb":{"@id":"https:\/\/www.old.valeriebarkowski.shop\/fr\/produit\/linge-bain-memba-broderies-carmin-lb01\/#breadcrumb"},"inLanguage":"fr-FR","potentialAction":[{"@type":"ReadAction","target":["https:\/\/www.old.valeriebarkowski.shop\/fr\/produit\/linge-bain-memba-broderies-carmin-lb01\/"]}]},{"@type":"ImageObject","inLanguage":"fr-FR","@id":"https:\/\/www.old.valeriebarkowski.shop\/fr\/produit\/linge-bain-memba-broderies-carmin-lb01\/#primaryimage","url":"https:\/\/www.old.valeriebarkowski.shop\/wp-content\/uploads\/2017\/05\/serviette-eponge-broderie-memba-carmin.jpg","contentUrl":"https:\/\/www.old.valeriebarkowski.shop\/wp-content\/uploads\/2017\/05\/serviette-eponge-broderie-memba-carmin.jpg","width":790,"height":790,"caption":"serviettes \u00e9ponge haute qualit\u00e9 blocs brod\u00e9s main"},{"@type":"BreadcrumbList","@id":"https:\/\/www.old.valeriebarkowski.shop\/fr\/produit\/linge-bain-memba-broderies-carmin-lb01\/#breadcrumb","itemListElement":[{"@type":"ListItem","position":1,"name":"Home","item":"https:\/\/www.old.valeriebarkowski.shop\/fr\/"},{"@type":"ListItem","position":2,"name":"Boutique","item":"https:\/\/www.old.valeriebarkowski.shop\/fr\/boutique\/"},{"@type":"ListItem","position":3,"name":"Linge de bain LB01 MEMBA carmin"}]},{"@type":"WebSite","@id":"https:\/\/www.old.valeriebarkowski.shop\/en\/#website","url":"https:\/\/www.old.valeriebarkowski.shop\/en\/","name":"The shop by Valerie Barkowski","description":"","publisher":{"@id":"https:\/\/www.old.valeriebarkowski.shop\/en\/#organization"},"potentialAction":[{"@type":"SearchAction","target":{"@type":"EntryPoint","urlTemplate":"https:\/\/www.old.valeriebarkowski.shop\/en\/?s={search_term_string}"},"query-input":{"@type":"PropertyValueSpecification","valueRequired":true,"valueName":"search_term_string"}}],"inLanguage":"fr-FR"},{"@type":"Organization","@id":"https:\/\/www.old.valeriebarkowski.shop\/en\/#organization","name":"valerie barkowski","url":"https:\/\/www.old.valeriebarkowski.shop\/en\/","logo":{"@type":"ImageObject","inLanguage":"fr-FR","@id":"https:\/\/www.old.valeriebarkowski.shop\/en\/#\/schema\/logo\/image\/","url":"https:\/\/www.old.valeriebarkowski.shop\/wp-content\/uploads\/2017\/02\/logo-vb-the-shop-4.png","contentUrl":"https:\/\/www.old.valeriebarkowski.shop\/wp-content\/uploads\/2017\/02\/logo-vb-the-shop-4.png","width":437,"height":125,"caption":"valerie barkowski"},"image":{"@id":"https:\/\/www.old.valeriebarkowski.shop\/en\/#\/schema\/logo\/image\/"},"sameAs":["https:\/\/www.facebook.com\/valerie.barkowski","https:\/\/www.instagram.com\/webbarkowski\/","https:\/\/fr.pinterest.com\/vbarkowski\/"]}]}},"_links":{"self":[{"href":"https:\/\/www.old.valeriebarkowski.shop\/fr\/wp-json\/wp\/v2\/product\/912","targetHints":{"allow":["GET"]}}],"collection":[{"href":"https:\/\/www.old.valeriebarkowski.shop\/fr\/wp-json\/wp\/v2\/product"}],"about":[{"href":"https:\/\/www.old.valeriebarkowski.shop\/fr\/wp-json\/wp\/v2\/types\/product"}],"replies":[{"embeddable":true,"href":"https:\/\/www.old.valeriebarkowski.shop\/fr\/wp-json\/wp\/v2\/comments?post=912"}],"wp:featuredmedia":[{"embeddable":true,"href":"https:\/\/www.old.valeriebarkowski.shop\/fr\/wp-json\/wp\/v2\/media\/915"}],"wp:attachment":[{"href":"https:\/\/www.old.valeriebarkowski.shop\/fr\/wp-json\/wp\/v2\/media?parent=912"}],"wp:term":[{"taxonomy":"product_cat","embeddable":true,"href":"https:\/\/www.old.valeriebarkowski.shop\/fr\/wp-json\/wp\/v2\/product_cat?post=912"},{"taxonomy":"product_tag","embeddable":true,"href":"https:\/\/www.old.valeriebarkowski.shop\/fr\/wp-json\/wp\/v2\/product_tag?post=912"}],"curies":[{"name":"wp","href":"https:\/\/api.w.org\/{rel}","templated":true}]}}