{"id":958,"date":"2017-06-02T12:49:17","date_gmt":"2017-06-02T10:49:17","guid":{"rendered":"http:\/\/www.valeriebarkowski.shop\/fr\/produit\/irma-broderies-aqua-lb01\/"},"modified":"2023-08-03T15:37:34","modified_gmt":"2023-08-03T13:37:34","slug":"linge-bain-memba-broderie-aqua-lb01","status":"publish","type":"product","link":"https:\/\/www.old.valeriebarkowski.shop\/fr\/produit\/linge-bain-memba-broderie-aqua-lb01\/","title":{"rendered":"Linge de bain LB01 MEMBA aqua"},"content":{"rendered":"<h2>Serviettes de bain en \u00e9ponge \u00e9paisse Memba aqua<\/h2>\n<p>Serviettes de bain en \u00e9ponge \u00e9paisse et absorbante, le linge de bain Memba est brod\u00e9 \u00e0 la main.. Des blocs de couleurs sont plac\u00e9s de mani\u00e8re al\u00e9atoire tout autour des serviettes de bain.<\/p>\n<p>\u201cJ&rsquo;imagine le linge de bain Memba en 2002. Il est n\u00e9 par n\u00e9cessit\u00e9, un besoin de sobri\u00e9t\u00e9. Elargir le r\u00e9pertoire en pr\u00e9servant le style \u00ab\u00a0V.Barkowski\u00a0\u00bb. Il s&rsquo;harmonise parfaitement avec les autres mod\u00e8les de la collection. Minimal, peut-\u00eatre un peu plus masculin. Intemporel et fait main, il s&rsquo;inscrit, comme tous nos produits, dans une slow production. C&rsquo;est dans notre atelier \u00e0 Marrakech que les artisan(e)s aux doigts de f\u00e9es confectionnent toutes nos collections et commandes.<\/p>\n<p>Plus d&rsquo;informations sur\u00a0<a href=\"http:\/\/valeriebarkowski.com\/irma-linge-de-bain\/\" target=\"_blank\" rel=\"noopener noreferrer\">www.valeriebarkowski.com<\/a><\/p>\n<h4>Le linge de bain blanc Memba aqua, en \u00e9ponge \u00e9paisse et absorbante, est disponible en 4 dimensions :<\/h4>\n<p><strong>Drap de bain 100cm x 150cm<\/strong><br \/>\n<strong> Serviette de bain 50cm x 100cm<\/strong><br \/>\n<strong> Serviette invit\u00e9 30cm x 50cm<\/strong><br \/>\n<strong> Tapis de bain 54cm x 90cm<\/strong><\/p>\n<p>Il vous est possible de personnaliser la couleur de la broderie une pour toutes vos commandes en linge de bain blanc Memba. Pour toute commande personnalis\u00e9e vous pouvez vous r\u00e9f\u00e9rer \u00e0 notre mode d&#8217;emploi <span style=\"color: #0000ff;\"><a style=\"color: #0000ff;\" href=\"https:\/\/www.old.valeriebarkowski.shop\/fr\/sur-mesure\/\" target=\"_blank\" rel=\"noopener noreferrer\">ici<\/a><\/span>, ou nous \u00e9crire \u00e0 sales@valeriebarkowski.com. Notre \u00e9quipe est \u00e0 votre \u00e9coute pour toute demande mais aussi pour vous assister.<\/p>\n<p>Tous les coloris de broderies main Memba sur \u00e9ponge blanche sont visibles <span style=\"color: #0000ff;\"><a style=\"color: #0000ff;\" href=\"https:\/\/www.old.valeriebarkowski.shop\/fr\/product-category\/linge-de-bain-raffine\/en-eponge-blanche\/memba-broderies\/\" target=\"_blank\" rel=\"noopener noreferrer\">ici<\/a><\/span>.<\/p>\n","protected":false},"excerpt":{"rendered":"<h3><strong>Serviettes de bain<\/strong><\/h3>\n<p>En \u00e9ponge blanche \u00e9paisse et absorbante 100% coton haut de gamme, bouclette haute 700 gr\/m2, les serviettes de bain Memba sont brod\u00e9es \u00e0 la main avec du fil r\u00e9sistant \u00e0 la d\u00e9coloration.<\/p>\n<p>Ce mod\u00e8le est propos\u00e9 en 4 tailles :<\/p>\n","protected":false},"featured_media":961,"comment_status":"closed","ping_status":"closed","template":"","meta":[],"product_cat":[1585,16,101,110,1211,937,939],"product_tag":[942,928,949,934,941,927,926,1541,929],"class_list":{"0":"post-958","1":"product","2":"type-product","3":"status-publish","4":"has-post-thumbnail","6":"product_cat-broderies","7":"product_cat-linge-de-bain-raffine","8":"product_cat-en-eponge-blanche","9":"product_cat-memba-broderies","10":"product_cat-linge-de-bain","11":"product_cat-linge-broderies","12":"product_cat-linge-broderies-coloris-multi","13":"product_tag-aqua","14":"product_tag-drap-de-bain-100x150","15":"product_tag-eponge-blanche","16":"product_tag-irma","17":"product_tag-multicolor-bleu","18":"product_tag-serviette-de-bain-50x100","19":"product_tag-serviette-invite-30x50","20":"product_tag-tapis-de-bain","21":"product_tag-tapis-de-bain-54x90","23":"first","24":"instock","25":"taxable","26":"shipping-taxable","27":"purchasable","28":"product-type-variable","29":"has-default-attributes"},"yoast_head":"<!-- This site is optimized with the Yoast SEO plugin v27.3 - https:\/\/yoast.com\/product\/yoast-seo-wordpress\/ -->\n<title>Serviettes de bain en \u00e9ponge \u00e9paisse brod\u00e9e main mod\u00e8le Memba<\/title>\n<meta name=\"description\" content=\"Les serviettes de bain en \u00e9ponge \u00e9paisse Memba aqua est brod\u00e9e enti\u00e8rement \u00e0 la main\/ Collection de linge de bain haut de gamme.\" \/>\n<meta name=\"robots\" content=\"noindex, follow, max-snippet:-1, max-image-preview:large, max-video-preview:-1\" \/>\n<meta property=\"og:locale\" content=\"fr_FR\" \/>\n<meta property=\"og:type\" content=\"article\" \/>\n<meta property=\"og:title\" content=\"Serviettes de bain en \u00e9ponge \u00e9paisse brod\u00e9e main mod\u00e8le Memba\" \/>\n<meta property=\"og:description\" content=\"Les serviettes de bain en \u00e9ponge \u00e9paisse Memba aqua est brod\u00e9e enti\u00e8rement \u00e0 la main\/ Collection de linge de bain haut de gamme.\" \/>\n<meta property=\"og:url\" content=\"https:\/\/www.old.valeriebarkowski.shop\/fr\/produit\/linge-bain-memba-broderie-aqua-lb01\/\" \/>\n<meta property=\"og:site_name\" content=\"The shop by Valerie Barkowski\" \/>\n<meta property=\"article:publisher\" content=\"https:\/\/www.facebook.com\/valerie.barkowski\" \/>\n<meta property=\"article:modified_time\" content=\"2023-08-03T13:37:34+00:00\" \/>\n<meta property=\"og:image\" content=\"https:\/\/www.old.valeriebarkowski.shop\/wp-content\/uploads\/2017\/06\/serviette-bain-blanc-memba-aqua.jpg\" \/>\n\t<meta property=\"og:image:width\" content=\"769\" \/>\n\t<meta property=\"og:image:height\" content=\"769\" \/>\n\t<meta property=\"og:image:type\" content=\"image\/jpeg\" \/>\n<meta name=\"twitter:card\" content=\"summary_large_image\" \/>\n<meta name=\"twitter:label1\" content=\"Dur\u00e9e de lecture estim\u00e9e\" \/>\n\t<meta name=\"twitter:data1\" content=\"1 minute\" \/>\n<script type=\"application\/ld+json\" class=\"yoast-schema-graph\">{\"@context\":\"https:\\\/\\\/schema.org\",\"@graph\":[{\"@type\":\"WebPage\",\"@id\":\"https:\\\/\\\/www.old.valeriebarkowski.shop\\\/fr\\\/produit\\\/linge-bain-memba-broderie-aqua-lb01\\\/\",\"url\":\"https:\\\/\\\/www.old.valeriebarkowski.shop\\\/fr\\\/produit\\\/linge-bain-memba-broderie-aqua-lb01\\\/\",\"name\":\"Serviettes de bain en \u00e9ponge \u00e9paisse brod\u00e9e main mod\u00e8le Memba\",\"isPartOf\":{\"@id\":\"https:\\\/\\\/www.old.valeriebarkowski.shop\\\/en\\\/#website\"},\"primaryImageOfPage\":{\"@id\":\"https:\\\/\\\/www.old.valeriebarkowski.shop\\\/fr\\\/produit\\\/linge-bain-memba-broderie-aqua-lb01\\\/#primaryimage\"},\"image\":{\"@id\":\"https:\\\/\\\/www.old.valeriebarkowski.shop\\\/fr\\\/produit\\\/linge-bain-memba-broderie-aqua-lb01\\\/#primaryimage\"},\"thumbnailUrl\":\"https:\\\/\\\/www.old.valeriebarkowski.shop\\\/wp-content\\\/uploads\\\/2017\\\/06\\\/serviette-bain-blanc-memba-aqua.jpg\",\"datePublished\":\"2017-06-02T10:49:17+00:00\",\"dateModified\":\"2023-08-03T13:37:34+00:00\",\"description\":\"Les serviettes de bain en \u00e9ponge \u00e9paisse Memba aqua est brod\u00e9e enti\u00e8rement \u00e0 la main\\\/ Collection de linge de bain haut de gamme.\",\"breadcrumb\":{\"@id\":\"https:\\\/\\\/www.old.valeriebarkowski.shop\\\/fr\\\/produit\\\/linge-bain-memba-broderie-aqua-lb01\\\/#breadcrumb\"},\"inLanguage\":\"fr-FR\",\"potentialAction\":[{\"@type\":\"ReadAction\",\"target\":[\"https:\\\/\\\/www.old.valeriebarkowski.shop\\\/fr\\\/produit\\\/linge-bain-memba-broderie-aqua-lb01\\\/\"]}]},{\"@type\":\"ImageObject\",\"inLanguage\":\"fr-FR\",\"@id\":\"https:\\\/\\\/www.old.valeriebarkowski.shop\\\/fr\\\/produit\\\/linge-bain-memba-broderie-aqua-lb01\\\/#primaryimage\",\"url\":\"https:\\\/\\\/www.old.valeriebarkowski.shop\\\/wp-content\\\/uploads\\\/2017\\\/06\\\/serviette-bain-blanc-memba-aqua.jpg\",\"contentUrl\":\"https:\\\/\\\/www.old.valeriebarkowski.shop\\\/wp-content\\\/uploads\\\/2017\\\/06\\\/serviette-bain-blanc-memba-aqua.jpg\",\"width\":769,\"height\":769,\"caption\":\"serviettes de bain en \u00e9ponge \u00e9paisse\"},{\"@type\":\"BreadcrumbList\",\"@id\":\"https:\\\/\\\/www.old.valeriebarkowski.shop\\\/fr\\\/produit\\\/linge-bain-memba-broderie-aqua-lb01\\\/#breadcrumb\",\"itemListElement\":[{\"@type\":\"ListItem\",\"position\":1,\"name\":\"Home\",\"item\":\"https:\\\/\\\/www.old.valeriebarkowski.shop\\\/fr\\\/\"},{\"@type\":\"ListItem\",\"position\":2,\"name\":\"Boutique\",\"item\":\"https:\\\/\\\/www.old.valeriebarkowski.shop\\\/fr\\\/boutique\\\/\"},{\"@type\":\"ListItem\",\"position\":3,\"name\":\"Linge de bain LB01 MEMBA aqua\"}]},{\"@type\":\"WebSite\",\"@id\":\"https:\\\/\\\/www.old.valeriebarkowski.shop\\\/en\\\/#website\",\"url\":\"https:\\\/\\\/www.old.valeriebarkowski.shop\\\/en\\\/\",\"name\":\"The shop by Valerie Barkowski\",\"description\":\"\",\"publisher\":{\"@id\":\"https:\\\/\\\/www.old.valeriebarkowski.shop\\\/en\\\/#organization\"},\"potentialAction\":[{\"@type\":\"SearchAction\",\"target\":{\"@type\":\"EntryPoint\",\"urlTemplate\":\"https:\\\/\\\/www.old.valeriebarkowski.shop\\\/en\\\/?s={search_term_string}\"},\"query-input\":{\"@type\":\"PropertyValueSpecification\",\"valueRequired\":true,\"valueName\":\"search_term_string\"}}],\"inLanguage\":\"fr-FR\"},{\"@type\":\"Organization\",\"@id\":\"https:\\\/\\\/www.old.valeriebarkowski.shop\\\/en\\\/#organization\",\"name\":\"valerie barkowski\",\"url\":\"https:\\\/\\\/www.old.valeriebarkowski.shop\\\/en\\\/\",\"logo\":{\"@type\":\"ImageObject\",\"inLanguage\":\"fr-FR\",\"@id\":\"https:\\\/\\\/www.old.valeriebarkowski.shop\\\/en\\\/#\\\/schema\\\/logo\\\/image\\\/\",\"url\":\"https:\\\/\\\/www.old.valeriebarkowski.shop\\\/wp-content\\\/uploads\\\/2017\\\/02\\\/logo-vb-the-shop-4.png\",\"contentUrl\":\"https:\\\/\\\/www.old.valeriebarkowski.shop\\\/wp-content\\\/uploads\\\/2017\\\/02\\\/logo-vb-the-shop-4.png\",\"width\":437,\"height\":125,\"caption\":\"valerie barkowski\"},\"image\":{\"@id\":\"https:\\\/\\\/www.old.valeriebarkowski.shop\\\/en\\\/#\\\/schema\\\/logo\\\/image\\\/\"},\"sameAs\":[\"https:\\\/\\\/www.facebook.com\\\/valerie.barkowski\",\"https:\\\/\\\/www.instagram.com\\\/webbarkowski\\\/\",\"https:\\\/\\\/fr.pinterest.com\\\/vbarkowski\\\/\"]}]}<\/script>\n<!-- \/ Yoast SEO plugin. -->","yoast_head_json":{"title":"Serviettes de bain en \u00e9ponge \u00e9paisse brod\u00e9e main mod\u00e8le Memba","description":"Les serviettes de bain en \u00e9ponge \u00e9paisse Memba aqua est brod\u00e9e enti\u00e8rement \u00e0 la main\/ Collection de linge de bain haut de gamme.","robots":{"index":"noindex","follow":"follow","max-snippet":"max-snippet:-1","max-image-preview":"max-image-preview:large","max-video-preview":"max-video-preview:-1"},"og_locale":"fr_FR","og_type":"article","og_title":"Serviettes de bain en \u00e9ponge \u00e9paisse brod\u00e9e main mod\u00e8le Memba","og_description":"Les serviettes de bain en \u00e9ponge \u00e9paisse Memba aqua est brod\u00e9e enti\u00e8rement \u00e0 la main\/ Collection de linge de bain haut de gamme.","og_url":"https:\/\/www.old.valeriebarkowski.shop\/fr\/produit\/linge-bain-memba-broderie-aqua-lb01\/","og_site_name":"The shop by Valerie Barkowski","article_publisher":"https:\/\/www.facebook.com\/valerie.barkowski","article_modified_time":"2023-08-03T13:37:34+00:00","og_image":[{"width":769,"height":769,"url":"https:\/\/www.old.valeriebarkowski.shop\/wp-content\/uploads\/2017\/06\/serviette-bain-blanc-memba-aqua.jpg","type":"image\/jpeg"}],"twitter_card":"summary_large_image","twitter_misc":{"Dur\u00e9e de lecture estim\u00e9e":"1 minute"},"schema":{"@context":"https:\/\/schema.org","@graph":[{"@type":"WebPage","@id":"https:\/\/www.old.valeriebarkowski.shop\/fr\/produit\/linge-bain-memba-broderie-aqua-lb01\/","url":"https:\/\/www.old.valeriebarkowski.shop\/fr\/produit\/linge-bain-memba-broderie-aqua-lb01\/","name":"Serviettes de bain en \u00e9ponge \u00e9paisse brod\u00e9e main mod\u00e8le Memba","isPartOf":{"@id":"https:\/\/www.old.valeriebarkowski.shop\/en\/#website"},"primaryImageOfPage":{"@id":"https:\/\/www.old.valeriebarkowski.shop\/fr\/produit\/linge-bain-memba-broderie-aqua-lb01\/#primaryimage"},"image":{"@id":"https:\/\/www.old.valeriebarkowski.shop\/fr\/produit\/linge-bain-memba-broderie-aqua-lb01\/#primaryimage"},"thumbnailUrl":"https:\/\/www.old.valeriebarkowski.shop\/wp-content\/uploads\/2017\/06\/serviette-bain-blanc-memba-aqua.jpg","datePublished":"2017-06-02T10:49:17+00:00","dateModified":"2023-08-03T13:37:34+00:00","description":"Les serviettes de bain en \u00e9ponge \u00e9paisse Memba aqua est brod\u00e9e enti\u00e8rement \u00e0 la main\/ Collection de linge de bain haut de gamme.","breadcrumb":{"@id":"https:\/\/www.old.valeriebarkowski.shop\/fr\/produit\/linge-bain-memba-broderie-aqua-lb01\/#breadcrumb"},"inLanguage":"fr-FR","potentialAction":[{"@type":"ReadAction","target":["https:\/\/www.old.valeriebarkowski.shop\/fr\/produit\/linge-bain-memba-broderie-aqua-lb01\/"]}]},{"@type":"ImageObject","inLanguage":"fr-FR","@id":"https:\/\/www.old.valeriebarkowski.shop\/fr\/produit\/linge-bain-memba-broderie-aqua-lb01\/#primaryimage","url":"https:\/\/www.old.valeriebarkowski.shop\/wp-content\/uploads\/2017\/06\/serviette-bain-blanc-memba-aqua.jpg","contentUrl":"https:\/\/www.old.valeriebarkowski.shop\/wp-content\/uploads\/2017\/06\/serviette-bain-blanc-memba-aqua.jpg","width":769,"height":769,"caption":"serviettes de bain en \u00e9ponge \u00e9paisse"},{"@type":"BreadcrumbList","@id":"https:\/\/www.old.valeriebarkowski.shop\/fr\/produit\/linge-bain-memba-broderie-aqua-lb01\/#breadcrumb","itemListElement":[{"@type":"ListItem","position":1,"name":"Home","item":"https:\/\/www.old.valeriebarkowski.shop\/fr\/"},{"@type":"ListItem","position":2,"name":"Boutique","item":"https:\/\/www.old.valeriebarkowski.shop\/fr\/boutique\/"},{"@type":"ListItem","position":3,"name":"Linge de bain LB01 MEMBA aqua"}]},{"@type":"WebSite","@id":"https:\/\/www.old.valeriebarkowski.shop\/en\/#website","url":"https:\/\/www.old.valeriebarkowski.shop\/en\/","name":"The shop by Valerie Barkowski","description":"","publisher":{"@id":"https:\/\/www.old.valeriebarkowski.shop\/en\/#organization"},"potentialAction":[{"@type":"SearchAction","target":{"@type":"EntryPoint","urlTemplate":"https:\/\/www.old.valeriebarkowski.shop\/en\/?s={search_term_string}"},"query-input":{"@type":"PropertyValueSpecification","valueRequired":true,"valueName":"search_term_string"}}],"inLanguage":"fr-FR"},{"@type":"Organization","@id":"https:\/\/www.old.valeriebarkowski.shop\/en\/#organization","name":"valerie barkowski","url":"https:\/\/www.old.valeriebarkowski.shop\/en\/","logo":{"@type":"ImageObject","inLanguage":"fr-FR","@id":"https:\/\/www.old.valeriebarkowski.shop\/en\/#\/schema\/logo\/image\/","url":"https:\/\/www.old.valeriebarkowski.shop\/wp-content\/uploads\/2017\/02\/logo-vb-the-shop-4.png","contentUrl":"https:\/\/www.old.valeriebarkowski.shop\/wp-content\/uploads\/2017\/02\/logo-vb-the-shop-4.png","width":437,"height":125,"caption":"valerie barkowski"},"image":{"@id":"https:\/\/www.old.valeriebarkowski.shop\/en\/#\/schema\/logo\/image\/"},"sameAs":["https:\/\/www.facebook.com\/valerie.barkowski","https:\/\/www.instagram.com\/webbarkowski\/","https:\/\/fr.pinterest.com\/vbarkowski\/"]}]}},"_links":{"self":[{"href":"https:\/\/www.old.valeriebarkowski.shop\/fr\/wp-json\/wp\/v2\/product\/958","targetHints":{"allow":["GET"]}}],"collection":[{"href":"https:\/\/www.old.valeriebarkowski.shop\/fr\/wp-json\/wp\/v2\/product"}],"about":[{"href":"https:\/\/www.old.valeriebarkowski.shop\/fr\/wp-json\/wp\/v2\/types\/product"}],"replies":[{"embeddable":true,"href":"https:\/\/www.old.valeriebarkowski.shop\/fr\/wp-json\/wp\/v2\/comments?post=958"}],"wp:featuredmedia":[{"embeddable":true,"href":"https:\/\/www.old.valeriebarkowski.shop\/fr\/wp-json\/wp\/v2\/media\/961"}],"wp:attachment":[{"href":"https:\/\/www.old.valeriebarkowski.shop\/fr\/wp-json\/wp\/v2\/media?parent=958"}],"wp:term":[{"taxonomy":"product_cat","embeddable":true,"href":"https:\/\/www.old.valeriebarkowski.shop\/fr\/wp-json\/wp\/v2\/product_cat?post=958"},{"taxonomy":"product_tag","embeddable":true,"href":"https:\/\/www.old.valeriebarkowski.shop\/fr\/wp-json\/wp\/v2\/product_tag?post=958"}],"curies":[{"name":"wp","href":"https:\/\/api.w.org\/{rel}","templated":true}]}}