{"id":979,"date":"2017-06-02T13:21:17","date_gmt":"2017-06-02T11:21:17","guid":{"rendered":"http:\/\/www.valeriebarkowski.shop\/fr\/produit\/irma-broderies-casapiedra-lb01\/"},"modified":"2023-01-11T12:10:25","modified_gmt":"2023-01-11T11:10:25","slug":"linge-bain-memba-broderies-casapiedra-lb01","status":"publish","type":"product","link":"https:\/\/www.old.valeriebarkowski.shop\/fr\/produit\/linge-bain-memba-broderies-casapiedra-lb01\/","title":{"rendered":"Linge de bain LB01 MEMBA casapiedra"},"content":{"rendered":"<h2>\u00c9ponge brod\u00e9e \u00e0 la main MEMBA<\/h2>\n<p>En \u00e9ponge brod\u00e9e \u00e0 la main, la serviette Memba est en coton peign\u00e9, bouclettes hautes, avec un poids de 700g par m\u00e8tre carr\u00e9. Les blocs en couleur sont brod\u00e9s \u00e0 la main sur les 4 c\u00f4t\u00e9s.<\/p>\n<p>\u201cLe linge de bain Memba est n\u00e9 en 2002. J\u2019ai voulu \u00e9toffer l\u2019offre de mes \u00e9ponges en y rajoutant un mod\u00e8le brod\u00e9. Celui-ci se marie parfaitement avec les \u00e9ponges bord\u00e9es de pompons. Peut-\u00eatre un peu plus masculin. Chez moi, je m\u00e9lange le mod\u00e8le <a href=\"http:\/\/www.old.valeriebarkowski.shop\/fr\/product-category\/linge-bain\/serviettes-bain\/soulayman-pompons\/\">Lamu<\/a> avec celui-ci, en gardant la m\u00eame gamme de couleurs.\u201d\u00a0 Plus d&rsquo;informations sur\u00a0<a href=\"http:\/\/valeriebarkowski.com\/irma-linge-de-bain\/\" target=\"_blank\" rel=\"noopener noreferrer\">www.valeriebarkowski.com<\/a><\/p>\n<p>Le linge de bain Memba existe aussi en 4 tailles :<\/p>\n<p><strong>Drap de bain 100cm x 150cm<\/strong><br \/>\n<strong> Serviette de bain 50cm x 100cm<\/strong><br \/>\n<strong> Serviette invit\u00e9 30cm x 50cm<\/strong><br \/>\n<strong> Tapis de bain 54cm x 90cm<\/strong><\/p>\n","protected":false},"excerpt":{"rendered":"<h3><strong>Serviettes de bain<\/strong><\/h3>\n<p>En \u00e9ponge blanche \u00e9paisse et absorbante 100% coton peign\u00e9, bouclette haute 700 gr\/m2, les serviettes de bain Irma sont brod\u00e9es \u00e0 la main avec du fil r\u00e9sistant \u00e0 la d\u00e9coloration.<br \/>\nLe tapis de bain est en \u00e9ponge\u00a0100% coton peign\u00e9, 1100 gr\/m2.<\/p>\n<p>Ce mod\u00e8le est propos\u00e9 en 4 tailles :<\/p>\n","protected":false},"featured_media":985,"comment_status":"closed","ping_status":"closed","template":"","meta":[],"product_cat":[1585,16,101,110,1211,937,939,915],"product_tag":[989,928,949,934,941,959,962,927,926,1541,929],"class_list":{"0":"post-979","1":"product","2":"type-product","3":"status-publish","4":"has-post-thumbnail","6":"product_cat-broderies","7":"product_cat-linge-de-bain-raffine","8":"product_cat-en-eponge-blanche","9":"product_cat-memba-broderies","10":"product_cat-linge-de-bain","11":"product_cat-linge-broderies","12":"product_cat-linge-broderies-coloris-multi","13":"product_cat-serviette","14":"product_tag-casapiedra","15":"product_tag-drap-de-bain-100x150","16":"product_tag-eponge-blanche","17":"product_tag-irma","18":"product_tag-multicolor-bleu","19":"product_tag-multicolor-turquoise","20":"product_tag-multicolor-vif","21":"product_tag-serviette-de-bain-50x100","22":"product_tag-serviette-invite-30x50","23":"product_tag-tapis-de-bain","24":"product_tag-tapis-de-bain-54x90","26":"first","27":"instock","28":"taxable","29":"shipping-taxable","30":"purchasable","31":"product-type-variable","32":"has-default-attributes"},"yoast_head":"<!-- This site is optimized with the Yoast SEO plugin v27.3 - https:\/\/yoast.com\/product\/yoast-seo-wordpress\/ -->\n<title>\u00e9ponge brod\u00e9e \u00e0 la main, finition Memba, broderie multicolore Casapiedra<\/title>\n<meta name=\"description\" content=\"Eponge brod\u00e9e \u00e0 la main. Les serviettes de bain sont brod\u00e9es sur les quatre c\u00f4t\u00e9s de mani\u00e8re al\u00e9atoire avec des fils multicolores.\" \/>\n<meta name=\"robots\" content=\"noindex, follow, max-snippet:-1, max-image-preview:large, max-video-preview:-1\" \/>\n<meta property=\"og:locale\" content=\"fr_FR\" \/>\n<meta property=\"og:type\" content=\"article\" \/>\n<meta property=\"og:title\" content=\"\u00e9ponge brod\u00e9e \u00e0 la main, finition Memba, broderie multicolore Casapiedra\" \/>\n<meta property=\"og:description\" content=\"Eponge brod\u00e9e \u00e0 la main. Les serviettes de bain sont brod\u00e9es sur les quatre c\u00f4t\u00e9s de mani\u00e8re al\u00e9atoire avec des fils multicolores.\" \/>\n<meta property=\"og:url\" content=\"https:\/\/www.old.valeriebarkowski.shop\/fr\/produit\/linge-bain-memba-broderies-casapiedra-lb01\/\" \/>\n<meta property=\"og:site_name\" content=\"The shop by Valerie Barkowski\" \/>\n<meta property=\"article:publisher\" content=\"https:\/\/www.facebook.com\/valerie.barkowski\" \/>\n<meta property=\"article:modified_time\" content=\"2023-01-11T11:10:25+00:00\" \/>\n<meta property=\"og:image\" content=\"https:\/\/www.old.valeriebarkowski.shop\/wp-content\/uploads\/2017\/06\/linge-bain-memba-broderie-casapiedra.jpg\" \/>\n\t<meta property=\"og:image:width\" content=\"790\" \/>\n\t<meta property=\"og:image:height\" content=\"790\" \/>\n\t<meta property=\"og:image:type\" content=\"image\/jpeg\" \/>\n<meta name=\"twitter:card\" content=\"summary_large_image\" \/>\n<meta name=\"twitter:label1\" content=\"Dur\u00e9e de lecture estim\u00e9e\" \/>\n\t<meta name=\"twitter:data1\" content=\"1 minute\" \/>\n<script type=\"application\/ld+json\" class=\"yoast-schema-graph\">{\"@context\":\"https:\\\/\\\/schema.org\",\"@graph\":[{\"@type\":\"WebPage\",\"@id\":\"https:\\\/\\\/www.old.valeriebarkowski.shop\\\/fr\\\/produit\\\/linge-bain-memba-broderies-casapiedra-lb01\\\/\",\"url\":\"https:\\\/\\\/www.old.valeriebarkowski.shop\\\/fr\\\/produit\\\/linge-bain-memba-broderies-casapiedra-lb01\\\/\",\"name\":\"\u00e9ponge brod\u00e9e \u00e0 la main, finition Memba, broderie multicolore Casapiedra\",\"isPartOf\":{\"@id\":\"https:\\\/\\\/www.old.valeriebarkowski.shop\\\/en\\\/#website\"},\"primaryImageOfPage\":{\"@id\":\"https:\\\/\\\/www.old.valeriebarkowski.shop\\\/fr\\\/produit\\\/linge-bain-memba-broderies-casapiedra-lb01\\\/#primaryimage\"},\"image\":{\"@id\":\"https:\\\/\\\/www.old.valeriebarkowski.shop\\\/fr\\\/produit\\\/linge-bain-memba-broderies-casapiedra-lb01\\\/#primaryimage\"},\"thumbnailUrl\":\"https:\\\/\\\/www.old.valeriebarkowski.shop\\\/wp-content\\\/uploads\\\/2017\\\/06\\\/linge-bain-memba-broderie-casapiedra.jpg\",\"datePublished\":\"2017-06-02T11:21:17+00:00\",\"dateModified\":\"2023-01-11T11:10:25+00:00\",\"description\":\"Eponge brod\u00e9e \u00e0 la main. Les serviettes de bain sont brod\u00e9es sur les quatre c\u00f4t\u00e9s de mani\u00e8re al\u00e9atoire avec des fils multicolores.\",\"breadcrumb\":{\"@id\":\"https:\\\/\\\/www.old.valeriebarkowski.shop\\\/fr\\\/produit\\\/linge-bain-memba-broderies-casapiedra-lb01\\\/#breadcrumb\"},\"inLanguage\":\"fr-FR\",\"potentialAction\":[{\"@type\":\"ReadAction\",\"target\":[\"https:\\\/\\\/www.old.valeriebarkowski.shop\\\/fr\\\/produit\\\/linge-bain-memba-broderies-casapiedra-lb01\\\/\"]}]},{\"@type\":\"ImageObject\",\"inLanguage\":\"fr-FR\",\"@id\":\"https:\\\/\\\/www.old.valeriebarkowski.shop\\\/fr\\\/produit\\\/linge-bain-memba-broderies-casapiedra-lb01\\\/#primaryimage\",\"url\":\"https:\\\/\\\/www.old.valeriebarkowski.shop\\\/wp-content\\\/uploads\\\/2017\\\/06\\\/linge-bain-memba-broderie-casapiedra.jpg\",\"contentUrl\":\"https:\\\/\\\/www.old.valeriebarkowski.shop\\\/wp-content\\\/uploads\\\/2017\\\/06\\\/linge-bain-memba-broderie-casapiedra.jpg\",\"width\":790,\"height\":790,\"caption\":\"Eponge brod\u00e9e \u00e0 la main\"},{\"@type\":\"BreadcrumbList\",\"@id\":\"https:\\\/\\\/www.old.valeriebarkowski.shop\\\/fr\\\/produit\\\/linge-bain-memba-broderies-casapiedra-lb01\\\/#breadcrumb\",\"itemListElement\":[{\"@type\":\"ListItem\",\"position\":1,\"name\":\"Home\",\"item\":\"https:\\\/\\\/www.old.valeriebarkowski.shop\\\/fr\\\/\"},{\"@type\":\"ListItem\",\"position\":2,\"name\":\"Boutique\",\"item\":\"https:\\\/\\\/www.old.valeriebarkowski.shop\\\/fr\\\/boutique\\\/\"},{\"@type\":\"ListItem\",\"position\":3,\"name\":\"Linge de bain LB01 MEMBA casapiedra\"}]},{\"@type\":\"WebSite\",\"@id\":\"https:\\\/\\\/www.old.valeriebarkowski.shop\\\/en\\\/#website\",\"url\":\"https:\\\/\\\/www.old.valeriebarkowski.shop\\\/en\\\/\",\"name\":\"The shop by Valerie Barkowski\",\"description\":\"\",\"publisher\":{\"@id\":\"https:\\\/\\\/www.old.valeriebarkowski.shop\\\/en\\\/#organization\"},\"potentialAction\":[{\"@type\":\"SearchAction\",\"target\":{\"@type\":\"EntryPoint\",\"urlTemplate\":\"https:\\\/\\\/www.old.valeriebarkowski.shop\\\/en\\\/?s={search_term_string}\"},\"query-input\":{\"@type\":\"PropertyValueSpecification\",\"valueRequired\":true,\"valueName\":\"search_term_string\"}}],\"inLanguage\":\"fr-FR\"},{\"@type\":\"Organization\",\"@id\":\"https:\\\/\\\/www.old.valeriebarkowski.shop\\\/en\\\/#organization\",\"name\":\"valerie barkowski\",\"url\":\"https:\\\/\\\/www.old.valeriebarkowski.shop\\\/en\\\/\",\"logo\":{\"@type\":\"ImageObject\",\"inLanguage\":\"fr-FR\",\"@id\":\"https:\\\/\\\/www.old.valeriebarkowski.shop\\\/en\\\/#\\\/schema\\\/logo\\\/image\\\/\",\"url\":\"https:\\\/\\\/www.old.valeriebarkowski.shop\\\/wp-content\\\/uploads\\\/2017\\\/02\\\/logo-vb-the-shop-4.png\",\"contentUrl\":\"https:\\\/\\\/www.old.valeriebarkowski.shop\\\/wp-content\\\/uploads\\\/2017\\\/02\\\/logo-vb-the-shop-4.png\",\"width\":437,\"height\":125,\"caption\":\"valerie barkowski\"},\"image\":{\"@id\":\"https:\\\/\\\/www.old.valeriebarkowski.shop\\\/en\\\/#\\\/schema\\\/logo\\\/image\\\/\"},\"sameAs\":[\"https:\\\/\\\/www.facebook.com\\\/valerie.barkowski\",\"https:\\\/\\\/www.instagram.com\\\/webbarkowski\\\/\",\"https:\\\/\\\/fr.pinterest.com\\\/vbarkowski\\\/\"]}]}<\/script>\n<!-- \/ Yoast SEO plugin. -->","yoast_head_json":{"title":"\u00e9ponge brod\u00e9e \u00e0 la main, finition Memba, broderie multicolore Casapiedra","description":"Eponge brod\u00e9e \u00e0 la main. Les serviettes de bain sont brod\u00e9es sur les quatre c\u00f4t\u00e9s de mani\u00e8re al\u00e9atoire avec des fils multicolores.","robots":{"index":"noindex","follow":"follow","max-snippet":"max-snippet:-1","max-image-preview":"max-image-preview:large","max-video-preview":"max-video-preview:-1"},"og_locale":"fr_FR","og_type":"article","og_title":"\u00e9ponge brod\u00e9e \u00e0 la main, finition Memba, broderie multicolore Casapiedra","og_description":"Eponge brod\u00e9e \u00e0 la main. Les serviettes de bain sont brod\u00e9es sur les quatre c\u00f4t\u00e9s de mani\u00e8re al\u00e9atoire avec des fils multicolores.","og_url":"https:\/\/www.old.valeriebarkowski.shop\/fr\/produit\/linge-bain-memba-broderies-casapiedra-lb01\/","og_site_name":"The shop by Valerie Barkowski","article_publisher":"https:\/\/www.facebook.com\/valerie.barkowski","article_modified_time":"2023-01-11T11:10:25+00:00","og_image":[{"width":790,"height":790,"url":"https:\/\/www.old.valeriebarkowski.shop\/wp-content\/uploads\/2017\/06\/linge-bain-memba-broderie-casapiedra.jpg","type":"image\/jpeg"}],"twitter_card":"summary_large_image","twitter_misc":{"Dur\u00e9e de lecture estim\u00e9e":"1 minute"},"schema":{"@context":"https:\/\/schema.org","@graph":[{"@type":"WebPage","@id":"https:\/\/www.old.valeriebarkowski.shop\/fr\/produit\/linge-bain-memba-broderies-casapiedra-lb01\/","url":"https:\/\/www.old.valeriebarkowski.shop\/fr\/produit\/linge-bain-memba-broderies-casapiedra-lb01\/","name":"\u00e9ponge brod\u00e9e \u00e0 la main, finition Memba, broderie multicolore Casapiedra","isPartOf":{"@id":"https:\/\/www.old.valeriebarkowski.shop\/en\/#website"},"primaryImageOfPage":{"@id":"https:\/\/www.old.valeriebarkowski.shop\/fr\/produit\/linge-bain-memba-broderies-casapiedra-lb01\/#primaryimage"},"image":{"@id":"https:\/\/www.old.valeriebarkowski.shop\/fr\/produit\/linge-bain-memba-broderies-casapiedra-lb01\/#primaryimage"},"thumbnailUrl":"https:\/\/www.old.valeriebarkowski.shop\/wp-content\/uploads\/2017\/06\/linge-bain-memba-broderie-casapiedra.jpg","datePublished":"2017-06-02T11:21:17+00:00","dateModified":"2023-01-11T11:10:25+00:00","description":"Eponge brod\u00e9e \u00e0 la main. Les serviettes de bain sont brod\u00e9es sur les quatre c\u00f4t\u00e9s de mani\u00e8re al\u00e9atoire avec des fils multicolores.","breadcrumb":{"@id":"https:\/\/www.old.valeriebarkowski.shop\/fr\/produit\/linge-bain-memba-broderies-casapiedra-lb01\/#breadcrumb"},"inLanguage":"fr-FR","potentialAction":[{"@type":"ReadAction","target":["https:\/\/www.old.valeriebarkowski.shop\/fr\/produit\/linge-bain-memba-broderies-casapiedra-lb01\/"]}]},{"@type":"ImageObject","inLanguage":"fr-FR","@id":"https:\/\/www.old.valeriebarkowski.shop\/fr\/produit\/linge-bain-memba-broderies-casapiedra-lb01\/#primaryimage","url":"https:\/\/www.old.valeriebarkowski.shop\/wp-content\/uploads\/2017\/06\/linge-bain-memba-broderie-casapiedra.jpg","contentUrl":"https:\/\/www.old.valeriebarkowski.shop\/wp-content\/uploads\/2017\/06\/linge-bain-memba-broderie-casapiedra.jpg","width":790,"height":790,"caption":"Eponge brod\u00e9e \u00e0 la main"},{"@type":"BreadcrumbList","@id":"https:\/\/www.old.valeriebarkowski.shop\/fr\/produit\/linge-bain-memba-broderies-casapiedra-lb01\/#breadcrumb","itemListElement":[{"@type":"ListItem","position":1,"name":"Home","item":"https:\/\/www.old.valeriebarkowski.shop\/fr\/"},{"@type":"ListItem","position":2,"name":"Boutique","item":"https:\/\/www.old.valeriebarkowski.shop\/fr\/boutique\/"},{"@type":"ListItem","position":3,"name":"Linge de bain LB01 MEMBA casapiedra"}]},{"@type":"WebSite","@id":"https:\/\/www.old.valeriebarkowski.shop\/en\/#website","url":"https:\/\/www.old.valeriebarkowski.shop\/en\/","name":"The shop by Valerie Barkowski","description":"","publisher":{"@id":"https:\/\/www.old.valeriebarkowski.shop\/en\/#organization"},"potentialAction":[{"@type":"SearchAction","target":{"@type":"EntryPoint","urlTemplate":"https:\/\/www.old.valeriebarkowski.shop\/en\/?s={search_term_string}"},"query-input":{"@type":"PropertyValueSpecification","valueRequired":true,"valueName":"search_term_string"}}],"inLanguage":"fr-FR"},{"@type":"Organization","@id":"https:\/\/www.old.valeriebarkowski.shop\/en\/#organization","name":"valerie barkowski","url":"https:\/\/www.old.valeriebarkowski.shop\/en\/","logo":{"@type":"ImageObject","inLanguage":"fr-FR","@id":"https:\/\/www.old.valeriebarkowski.shop\/en\/#\/schema\/logo\/image\/","url":"https:\/\/www.old.valeriebarkowski.shop\/wp-content\/uploads\/2017\/02\/logo-vb-the-shop-4.png","contentUrl":"https:\/\/www.old.valeriebarkowski.shop\/wp-content\/uploads\/2017\/02\/logo-vb-the-shop-4.png","width":437,"height":125,"caption":"valerie barkowski"},"image":{"@id":"https:\/\/www.old.valeriebarkowski.shop\/en\/#\/schema\/logo\/image\/"},"sameAs":["https:\/\/www.facebook.com\/valerie.barkowski","https:\/\/www.instagram.com\/webbarkowski\/","https:\/\/fr.pinterest.com\/vbarkowski\/"]}]}},"_links":{"self":[{"href":"https:\/\/www.old.valeriebarkowski.shop\/fr\/wp-json\/wp\/v2\/product\/979","targetHints":{"allow":["GET"]}}],"collection":[{"href":"https:\/\/www.old.valeriebarkowski.shop\/fr\/wp-json\/wp\/v2\/product"}],"about":[{"href":"https:\/\/www.old.valeriebarkowski.shop\/fr\/wp-json\/wp\/v2\/types\/product"}],"replies":[{"embeddable":true,"href":"https:\/\/www.old.valeriebarkowski.shop\/fr\/wp-json\/wp\/v2\/comments?post=979"}],"wp:featuredmedia":[{"embeddable":true,"href":"https:\/\/www.old.valeriebarkowski.shop\/fr\/wp-json\/wp\/v2\/media\/985"}],"wp:attachment":[{"href":"https:\/\/www.old.valeriebarkowski.shop\/fr\/wp-json\/wp\/v2\/media?parent=979"}],"wp:term":[{"taxonomy":"product_cat","embeddable":true,"href":"https:\/\/www.old.valeriebarkowski.shop\/fr\/wp-json\/wp\/v2\/product_cat?post=979"},{"taxonomy":"product_tag","embeddable":true,"href":"https:\/\/www.old.valeriebarkowski.shop\/fr\/wp-json\/wp\/v2\/product_tag?post=979"}],"curies":[{"name":"wp","href":"https:\/\/api.w.org\/{rel}","templated":true}]}}